{"id":76118,"date":"2019-05-19T00:54:47","date_gmt":"2019-05-18T22:54:47","guid":{"rendered":"https:\/\/krav-maga-on-line.com\/product\/acesso-vitalicio-10-pagamentos\/"},"modified":"2025-05-21T15:46:52","modified_gmt":"2025-05-21T13:46:52","slug":"acesso-vitalicio-10-pagamentos","status":"publish","type":"product","link":"https:\/\/krav-maga-on-line.com\/pt-br\/product\/acesso-vitalicio-10-pagamentos\/","title":{"rendered":"TUDO INCLUSO &#8211; 10 PAGAMENTOS"},"content":{"rendered":"<p class=\"p1\">Experimente nosso plano TUDO INCLUSO com apenas 10 pagamentos mensais de $237. Este plano permite que voc\u00ea usufrua de todos os benef\u00edcios listados abaixo em seu pr\u00f3prio ritmo, garantindo que voc\u00ea tenha tempo amplo para alcan\u00e7ar todos os seus objetivos e sonhos no Krav Maga. Inicie hoje e abrace uma jornada de crescimento e sucesso cont\u00ednuos!  <\/p>\n","protected":false},"excerpt":{"rendered":"<p>Experimente nosso plano TUDO INCLUSO com apenas 10 pagamentos mensais de $237. Este plano permite que voc\u00ea usufrua de todos os benef\u00edcios listados abaixo em seu pr\u00f3prio ritmo, garantindo que voc\u00ea tenha tempo amplo para alcan\u00e7ar todos os seus objetivos e sonhos no Krav Maga. Inicie hoje e abrace uma jornada de crescimento e sucesso [&hellip;]<\/p>\n","protected":false},"featured_media":78239,"template":"","meta":[],"product_brand":[],"product_cat":[171],"product_tag":[],"class_list":{"0":"post-76118","1":"product","2":"type-product","3":"status-publish","4":"has-post-thumbnail","6":"product_cat-nao-categorizado","8":"first","9":"instock","10":"sale","11":"downloadable","12":"virtual","13":"sold-individually","14":"purchasable","15":"product-type-simple"},"yoast_head":"<!-- This site is optimized with the Yoast SEO plugin v27.3 - https:\/\/yoast.com\/product\/yoast-seo-wordpress\/ -->\n<title>TUDO INCLUSO - 10 PAGAMENTOS - Krav Maga Online<\/title>\n<meta name=\"description\" content=\"Experimente nosso plano TUDO INCLUSO com apenas 10 pagamentos mensais de $237. Este plano permite que voc\u00ea usufrua de todos os benef\u00edcios listados abaixo em seu pr\u00f3prio ritmo, garantindo que voc\u00ea tenha tempo amplo para alcan\u00e7ar todos os seus objetivos e sonhos no Krav Maga. Inicie hoje e abrace uma jornada de crescimento e sucesso cont\u00ednuos!\" \/>\n<meta name=\"robots\" content=\"index, follow, max-snippet:-1, max-image-preview:large, max-video-preview:-1\" \/>\n<link rel=\"canonical\" href=\"https:\/\/krav-maga-on-line.com\/pt-br\/product\/acesso-vitalicio-10-pagamentos\/\" \/>\n<meta property=\"og:locale\" content=\"pt_BR\" \/>\n<meta property=\"og:type\" content=\"article\" \/>\n<meta property=\"og:title\" content=\"TUDO INCLUSO - 10 PAGAMENTOS - Krav Maga Online\" \/>\n<meta property=\"og:description\" content=\"Experimente nosso plano TUDO INCLUSO com apenas 10 pagamentos mensais de $237. Este plano permite que voc\u00ea usufrua de todos os benef\u00edcios listados abaixo em seu pr\u00f3prio ritmo, garantindo que voc\u00ea tenha tempo amplo para alcan\u00e7ar todos os seus objetivos e sonhos no Krav Maga. Inicie hoje e abrace uma jornada de crescimento e sucesso cont\u00ednuos!\" \/>\n<meta property=\"og:url\" content=\"https:\/\/krav-maga-on-line.com\/pt-br\/product\/acesso-vitalicio-10-pagamentos\/\" \/>\n<meta property=\"og:site_name\" content=\"Krav Maga Online\" \/>\n<meta property=\"article:publisher\" content=\"https:\/\/www.facebook.com\/expert.alain.cohen\/\" \/>\n<meta property=\"article:modified_time\" content=\"2025-05-21T13:46:52+00:00\" \/>\n<meta property=\"og:image\" content=\"https:\/\/krav-maga-on-line.com\/wp-content\/uploads\/2019\/05\/KRAV-MAGA-ONLINE-10.jpg\" \/>\n\t<meta property=\"og:image:width\" content=\"1137\" \/>\n\t<meta property=\"og:image:height\" content=\"828\" \/>\n\t<meta property=\"og:image:type\" content=\"image\/jpeg\" \/>\n<meta name=\"twitter:card\" content=\"summary_large_image\" \/>\n<meta name=\"twitter:site\" content=\"@KRAVSECURITY\" \/>\n<script type=\"application\/ld+json\" class=\"yoast-schema-graph\">{\"@context\":\"https:\\\/\\\/schema.org\",\"@graph\":[{\"@type\":\"WebPage\",\"@id\":\"https:\\\/\\\/krav-maga-on-line.com\\\/pt-br\\\/product\\\/acesso-vitalicio-10-pagamentos\\\/\",\"url\":\"https:\\\/\\\/krav-maga-on-line.com\\\/pt-br\\\/product\\\/acesso-vitalicio-10-pagamentos\\\/\",\"name\":\"TUDO INCLUSO - 10 PAGAMENTOS - Krav Maga Online\",\"isPartOf\":{\"@id\":\"https:\\\/\\\/krav-maga-on-line.com\\\/pt-br\\\/#website\"},\"primaryImageOfPage\":{\"@id\":\"https:\\\/\\\/krav-maga-on-line.com\\\/pt-br\\\/product\\\/acesso-vitalicio-10-pagamentos\\\/#primaryimage\"},\"image\":{\"@id\":\"https:\\\/\\\/krav-maga-on-line.com\\\/pt-br\\\/product\\\/acesso-vitalicio-10-pagamentos\\\/#primaryimage\"},\"thumbnailUrl\":\"https:\\\/\\\/krav-maga-on-line.com\\\/wp-content\\\/uploads\\\/2019\\\/05\\\/KRAV-MAGA-ONLINE-10.jpg\",\"datePublished\":\"2019-05-18T22:54:47+00:00\",\"dateModified\":\"2025-05-21T13:46:52+00:00\",\"description\":\"Experimente nosso plano TUDO INCLUSO com apenas 10 pagamentos mensais de $237. Este plano permite que voc\u00ea usufrua de todos os benef\u00edcios listados abaixo em seu pr\u00f3prio ritmo, garantindo que voc\u00ea tenha tempo amplo para alcan\u00e7ar todos os seus objetivos e sonhos no Krav Maga. Inicie hoje e abrace uma jornada de crescimento e sucesso cont\u00ednuos!\",\"breadcrumb\":{\"@id\":\"https:\\\/\\\/krav-maga-on-line.com\\\/pt-br\\\/product\\\/acesso-vitalicio-10-pagamentos\\\/#breadcrumb\"},\"inLanguage\":\"pt-BR\",\"potentialAction\":[{\"@type\":\"ReadAction\",\"target\":[\"https:\\\/\\\/krav-maga-on-line.com\\\/pt-br\\\/product\\\/acesso-vitalicio-10-pagamentos\\\/\"]}]},{\"@type\":\"ImageObject\",\"inLanguage\":\"pt-BR\",\"@id\":\"https:\\\/\\\/krav-maga-on-line.com\\\/pt-br\\\/product\\\/acesso-vitalicio-10-pagamentos\\\/#primaryimage\",\"url\":\"https:\\\/\\\/krav-maga-on-line.com\\\/wp-content\\\/uploads\\\/2019\\\/05\\\/KRAV-MAGA-ONLINE-10.jpg\",\"contentUrl\":\"https:\\\/\\\/krav-maga-on-line.com\\\/wp-content\\\/uploads\\\/2019\\\/05\\\/KRAV-MAGA-ONLINE-10.jpg\",\"width\":1137,\"height\":828},{\"@type\":\"BreadcrumbList\",\"@id\":\"https:\\\/\\\/krav-maga-on-line.com\\\/pt-br\\\/product\\\/acesso-vitalicio-10-pagamentos\\\/#breadcrumb\",\"itemListElement\":[{\"@type\":\"ListItem\",\"position\":1,\"name\":\"In\u00edcio\",\"item\":\"https:\\\/\\\/krav-maga-on-line.com\\\/pt-br\\\/\"},{\"@type\":\"ListItem\",\"position\":2,\"name\":\"Shop\",\"item\":\"https:\\\/\\\/krav-maga-on-line.com\\\/shop\\\/\"},{\"@type\":\"ListItem\",\"position\":3,\"name\":\"TUDO INCLUSO &#8211; 10 PAGAMENTOS\"}]},{\"@type\":\"WebSite\",\"@id\":\"https:\\\/\\\/krav-maga-on-line.com\\\/pt-br\\\/#website\",\"url\":\"https:\\\/\\\/krav-maga-on-line.com\\\/pt-br\\\/\",\"name\":\"Krav Maga Online Training Course: Learn Self Defense Online, Obtain Online Krav Maga Instructor Certification, and Earn Your Krav Maga Black Belt Online\",\"description\":\"Training Self Defense Video Courses\",\"publisher\":{\"@id\":\"https:\\\/\\\/krav-maga-on-line.com\\\/pt-br\\\/#organization\"},\"potentialAction\":[{\"@type\":\"SearchAction\",\"target\":{\"@type\":\"EntryPoint\",\"urlTemplate\":\"https:\\\/\\\/krav-maga-on-line.com\\\/pt-br\\\/?s={search_term_string}\"},\"query-input\":{\"@type\":\"PropertyValueSpecification\",\"valueRequired\":true,\"valueName\":\"search_term_string\"}}],\"inLanguage\":\"pt-BR\"},{\"@type\":\"Organization\",\"@id\":\"https:\\\/\\\/krav-maga-on-line.com\\\/pt-br\\\/#organization\",\"name\":\"Krav Maga Online Training Course: Learn Self Defense Online, Obtain Online Krav Maga Instructor Certification, and Earn Your Krav Maga Black Belt Online\",\"url\":\"https:\\\/\\\/krav-maga-on-line.com\\\/pt-br\\\/\",\"logo\":{\"@type\":\"ImageObject\",\"inLanguage\":\"pt-BR\",\"@id\":\"https:\\\/\\\/krav-maga-on-line.com\\\/pt-br\\\/#\\\/schema\\\/logo\\\/image\\\/\",\"url\":\"https:\\\/\\\/krav-maga-on-line.com\\\/wp-content\\\/uploads\\\/2024\\\/09\\\/cropped-Krav-Maga-Online-favicon.png\",\"contentUrl\":\"https:\\\/\\\/krav-maga-on-line.com\\\/wp-content\\\/uploads\\\/2024\\\/09\\\/cropped-Krav-Maga-Online-favicon.png\",\"width\":512,\"height\":512,\"caption\":\"Krav Maga Online Training Course: Learn Self Defense Online, Obtain Online Krav Maga Instructor Certification, and Earn Your Krav Maga Black Belt Online\"},\"image\":{\"@id\":\"https:\\\/\\\/krav-maga-on-line.com\\\/pt-br\\\/#\\\/schema\\\/logo\\\/image\\\/\"},\"sameAs\":[\"https:\\\/\\\/www.facebook.com\\\/expert.alain.cohen\\\/\",\"https:\\\/\\\/x.com\\\/KRAVSECURITY\",\"https:\\\/\\\/www.linkedin.com\\\/in\\\/kravmaga1\",\"https:\\\/\\\/www.instagram.com\\\/cohen_alain\\\/\",\"https:\\\/\\\/www.youtube.com\\\/c\\\/KRAVMAGA1?sub_confirmation=1\",\"https:\\\/\\\/www.tiktok.com\\\/@kravmagacohen\",\"https:\\\/\\\/www.snapchat.com\\\/add\\\/kravmagaonline\"]}]}<\/script>\n<!-- \/ Yoast SEO plugin. -->","yoast_head_json":{"title":"TUDO INCLUSO - 10 PAGAMENTOS - Krav Maga Online","description":"Experimente nosso plano TUDO INCLUSO com apenas 10 pagamentos mensais de $237. Este plano permite que voc\u00ea usufrua de todos os benef\u00edcios listados abaixo em seu pr\u00f3prio ritmo, garantindo que voc\u00ea tenha tempo amplo para alcan\u00e7ar todos os seus objetivos e sonhos no Krav Maga. Inicie hoje e abrace uma jornada de crescimento e sucesso cont\u00ednuos!","robots":{"index":"index","follow":"follow","max-snippet":"max-snippet:-1","max-image-preview":"max-image-preview:large","max-video-preview":"max-video-preview:-1"},"canonical":"https:\/\/krav-maga-on-line.com\/pt-br\/product\/acesso-vitalicio-10-pagamentos\/","og_locale":"pt_BR","og_type":"article","og_title":"TUDO INCLUSO - 10 PAGAMENTOS - Krav Maga Online","og_description":"Experimente nosso plano TUDO INCLUSO com apenas 10 pagamentos mensais de $237. Este plano permite que voc\u00ea usufrua de todos os benef\u00edcios listados abaixo em seu pr\u00f3prio ritmo, garantindo que voc\u00ea tenha tempo amplo para alcan\u00e7ar todos os seus objetivos e sonhos no Krav Maga. Inicie hoje e abrace uma jornada de crescimento e sucesso cont\u00ednuos!","og_url":"https:\/\/krav-maga-on-line.com\/pt-br\/product\/acesso-vitalicio-10-pagamentos\/","og_site_name":"Krav Maga Online","article_publisher":"https:\/\/www.facebook.com\/expert.alain.cohen\/","article_modified_time":"2025-05-21T13:46:52+00:00","og_image":[{"width":1137,"height":828,"url":"https:\/\/krav-maga-on-line.com\/wp-content\/uploads\/2019\/05\/KRAV-MAGA-ONLINE-10.jpg","type":"image\/jpeg"}],"twitter_card":"summary_large_image","twitter_site":"@KRAVSECURITY","schema":{"@context":"https:\/\/schema.org","@graph":[{"@type":"WebPage","@id":"https:\/\/krav-maga-on-line.com\/pt-br\/product\/acesso-vitalicio-10-pagamentos\/","url":"https:\/\/krav-maga-on-line.com\/pt-br\/product\/acesso-vitalicio-10-pagamentos\/","name":"TUDO INCLUSO - 10 PAGAMENTOS - Krav Maga Online","isPartOf":{"@id":"https:\/\/krav-maga-on-line.com\/pt-br\/#website"},"primaryImageOfPage":{"@id":"https:\/\/krav-maga-on-line.com\/pt-br\/product\/acesso-vitalicio-10-pagamentos\/#primaryimage"},"image":{"@id":"https:\/\/krav-maga-on-line.com\/pt-br\/product\/acesso-vitalicio-10-pagamentos\/#primaryimage"},"thumbnailUrl":"https:\/\/krav-maga-on-line.com\/wp-content\/uploads\/2019\/05\/KRAV-MAGA-ONLINE-10.jpg","datePublished":"2019-05-18T22:54:47+00:00","dateModified":"2025-05-21T13:46:52+00:00","description":"Experimente nosso plano TUDO INCLUSO com apenas 10 pagamentos mensais de $237. Este plano permite que voc\u00ea usufrua de todos os benef\u00edcios listados abaixo em seu pr\u00f3prio ritmo, garantindo que voc\u00ea tenha tempo amplo para alcan\u00e7ar todos os seus objetivos e sonhos no Krav Maga. Inicie hoje e abrace uma jornada de crescimento e sucesso cont\u00ednuos!","breadcrumb":{"@id":"https:\/\/krav-maga-on-line.com\/pt-br\/product\/acesso-vitalicio-10-pagamentos\/#breadcrumb"},"inLanguage":"pt-BR","potentialAction":[{"@type":"ReadAction","target":["https:\/\/krav-maga-on-line.com\/pt-br\/product\/acesso-vitalicio-10-pagamentos\/"]}]},{"@type":"ImageObject","inLanguage":"pt-BR","@id":"https:\/\/krav-maga-on-line.com\/pt-br\/product\/acesso-vitalicio-10-pagamentos\/#primaryimage","url":"https:\/\/krav-maga-on-line.com\/wp-content\/uploads\/2019\/05\/KRAV-MAGA-ONLINE-10.jpg","contentUrl":"https:\/\/krav-maga-on-line.com\/wp-content\/uploads\/2019\/05\/KRAV-MAGA-ONLINE-10.jpg","width":1137,"height":828},{"@type":"BreadcrumbList","@id":"https:\/\/krav-maga-on-line.com\/pt-br\/product\/acesso-vitalicio-10-pagamentos\/#breadcrumb","itemListElement":[{"@type":"ListItem","position":1,"name":"In\u00edcio","item":"https:\/\/krav-maga-on-line.com\/pt-br\/"},{"@type":"ListItem","position":2,"name":"Shop","item":"https:\/\/krav-maga-on-line.com\/shop\/"},{"@type":"ListItem","position":3,"name":"TUDO INCLUSO &#8211; 10 PAGAMENTOS"}]},{"@type":"WebSite","@id":"https:\/\/krav-maga-on-line.com\/pt-br\/#website","url":"https:\/\/krav-maga-on-line.com\/pt-br\/","name":"Krav Maga Online Training Course: Learn Self Defense Online, Obtain Online Krav Maga Instructor Certification, and Earn Your Krav Maga Black Belt Online","description":"Training Self Defense Video Courses","publisher":{"@id":"https:\/\/krav-maga-on-line.com\/pt-br\/#organization"},"potentialAction":[{"@type":"SearchAction","target":{"@type":"EntryPoint","urlTemplate":"https:\/\/krav-maga-on-line.com\/pt-br\/?s={search_term_string}"},"query-input":{"@type":"PropertyValueSpecification","valueRequired":true,"valueName":"search_term_string"}}],"inLanguage":"pt-BR"},{"@type":"Organization","@id":"https:\/\/krav-maga-on-line.com\/pt-br\/#organization","name":"Krav Maga Online Training Course: Learn Self Defense Online, Obtain Online Krav Maga Instructor Certification, and Earn Your Krav Maga Black Belt Online","url":"https:\/\/krav-maga-on-line.com\/pt-br\/","logo":{"@type":"ImageObject","inLanguage":"pt-BR","@id":"https:\/\/krav-maga-on-line.com\/pt-br\/#\/schema\/logo\/image\/","url":"https:\/\/krav-maga-on-line.com\/wp-content\/uploads\/2024\/09\/cropped-Krav-Maga-Online-favicon.png","contentUrl":"https:\/\/krav-maga-on-line.com\/wp-content\/uploads\/2024\/09\/cropped-Krav-Maga-Online-favicon.png","width":512,"height":512,"caption":"Krav Maga Online Training Course: Learn Self Defense Online, Obtain Online Krav Maga Instructor Certification, and Earn Your Krav Maga Black Belt Online"},"image":{"@id":"https:\/\/krav-maga-on-line.com\/pt-br\/#\/schema\/logo\/image\/"},"sameAs":["https:\/\/www.facebook.com\/expert.alain.cohen\/","https:\/\/x.com\/KRAVSECURITY","https:\/\/www.linkedin.com\/in\/kravmaga1","https:\/\/www.instagram.com\/cohen_alain\/","https:\/\/www.youtube.com\/c\/KRAVMAGA1?sub_confirmation=1","https:\/\/www.tiktok.com\/@kravmagacohen","https:\/\/www.snapchat.com\/add\/kravmagaonline"]}]}},"_links":{"self":[{"href":"https:\/\/krav-maga-on-line.com\/pt-br\/wp-json\/wp\/v2\/product\/76118","targetHints":{"allow":["GET"]}}],"collection":[{"href":"https:\/\/krav-maga-on-line.com\/pt-br\/wp-json\/wp\/v2\/product"}],"about":[{"href":"https:\/\/krav-maga-on-line.com\/pt-br\/wp-json\/wp\/v2\/types\/product"}],"version-history":[{"count":2,"href":"https:\/\/krav-maga-on-line.com\/pt-br\/wp-json\/wp\/v2\/product\/76118\/revisions"}],"predecessor-version":[{"id":78338,"href":"https:\/\/krav-maga-on-line.com\/pt-br\/wp-json\/wp\/v2\/product\/76118\/revisions\/78338"}],"wp:featuredmedia":[{"embeddable":true,"href":"https:\/\/krav-maga-on-line.com\/pt-br\/wp-json\/wp\/v2\/media\/78239"}],"wp:attachment":[{"href":"https:\/\/krav-maga-on-line.com\/pt-br\/wp-json\/wp\/v2\/media?parent=76118"}],"wp:term":[{"taxonomy":"product_brand","embeddable":true,"href":"https:\/\/krav-maga-on-line.com\/pt-br\/wp-json\/wp\/v2\/product_brand?post=76118"},{"taxonomy":"product_cat","embeddable":true,"href":"https:\/\/krav-maga-on-line.com\/pt-br\/wp-json\/wp\/v2\/product_cat?post=76118"},{"taxonomy":"product_tag","embeddable":true,"href":"https:\/\/krav-maga-on-line.com\/pt-br\/wp-json\/wp\/v2\/product_tag?post=76118"}],"curies":[{"name":"wp","href":"https:\/\/api.w.org\/{rel}","templated":true}]}}