{"id":76112,"date":"2020-05-18T09:48:08","date_gmt":"2020-05-18T07:48:08","guid":{"rendered":"https:\/\/krav-maga-on-line.com\/product\/plano-de-acesso-vitalicio-exclusivo-torne-se-faixa-preta-de-krav-maga-instrutor\/"},"modified":"2025-02-06T19:10:17","modified_gmt":"2025-02-06T18:10:17","slug":"plano-de-acesso-vitalicio-exclusivo-torne-se-faixa-preta-de-krav-maga-instrutor","status":"publish","type":"product","link":"https:\/\/krav-maga-on-line.com\/pt-br\/product\/plano-de-acesso-vitalicio-exclusivo-torne-se-faixa-preta-de-krav-maga-instrutor\/","title":{"rendered":"Plano de Acesso Vital\u00edcio Exclusivo: Torne-se Faixa Preta de Krav Maga &amp; Instrutor"},"content":{"rendered":"<p class=\"p1\"><strong><span style=\"color: #000000;\">Nossa melhor oferta, mas por tempo limitado: Plano de Acesso Vital\u00edcio Exclusivo: Acelere sua Jornada para a Faixa Preta<span class=\"Apple-converted-space\"> <\/span><\/span><\/strong><\/p>\n<p class=\"p1\"><strong><span style=\"color: #000000;\">1 \u00fanico pagamento de R$1999 = economize mais de 60% e obtenha ACESSO VITAL\u00cdCIO<\/span><\/strong><\/p>\n<p class=\"p1\"><strong><span style=\"color: #000000;\">N\u00e3o perca. Pague \u00e0 vista para economias m\u00e1ximas e acesso ao programa completo. <\/span><\/strong><\/p>\n<p class=\"p1\"><strong><span style=\"color: #000000;\">O Passe Universal de Cinto Preto: A sua chave para o sucesso e a poupan\u00e7a ao longo da vida<\/span><\/strong><\/p>\n<p class=\"p1\"><strong><span style=\"color: #000000;\">O nosso Universal Black Belt Pass \u00e9 a sua porta de entrada para o acesso vital\u00edcio, permitindo-lhe embarcar numa extraordin\u00e1ria viagem de Krav Maga sem quaisquer limita\u00e7\u00f5es de tempo. Quer seja um principiante \u00e0 procura de uma base s\u00f3lida, um praticante interm\u00e9dio ansioso por atingir novos patamares ou um estudante avan\u00e7ado pronto para ultrapassar os limites, este plano vai ao encontro das suas aspira\u00e7\u00f5es. Ao escolher nosso Plano de Acesso Vital\u00edcio, voc\u00ea n\u00e3o s\u00f3 economiza mais de 83%, mas tamb\u00e9m garante seu lugar em nosso programa para toda a vida.<\/span><\/strong><\/p>\n<p class=\"p1\"><strong><span style=\"color: #000000;\">Abrace a oportunidade, aproveite os benef\u00edcios e desbloqueie uma vida inteira de aprendizagem, progresso e realiza\u00e7\u00e3o no Krav Maga.<\/span><\/strong><\/p>\n<p class=\"p1\"><strong><span style=\"color: #000000;\">Inscreva-se hoje!<\/span><\/strong><\/p>\n","protected":false},"excerpt":{"rendered":"<p>Nossa melhor oferta, mas por tempo limitado: Plano de Acesso Vital\u00edcio Exclusivo: Acelere sua Jornada para a Faixa Preta 1 \u00fanico pagamento de R$1999 = economize mais de 60% e obtenha ACESSO VITAL\u00cdCIO N\u00e3o perca. Pague \u00e0 vista para economias m\u00e1ximas e acesso ao programa completo. O Passe Universal de Cinto Preto: A sua chave [&hellip;]<\/p>\n","protected":false},"featured_media":75268,"template":"","meta":[],"product_brand":[],"product_cat":[171],"product_tag":[],"class_list":{"0":"post-76112","1":"product","2":"type-product","3":"status-publish","4":"has-post-thumbnail","6":"product_cat-nao-categorizado","8":"first","9":"instock","10":"sale","11":"downloadable","12":"virtual","13":"purchasable","14":"product-type-simple"},"yoast_head":"<!-- This site is optimized with the Yoast SEO plugin v27.3 - https:\/\/yoast.com\/product\/yoast-seo-wordpress\/ -->\n<title>Plano de Acesso Vital\u00edcio Exclusivo: Torne-se Faixa Preta de Krav Maga &amp; Instrutor - Krav Maga Online<\/title>\n<meta name=\"description\" content=\"Descubra acesso ilimitado ao nosso abrangente treinamento de Krav Maga com nosso plano de pagamento \u00fanico na Krav Maga Online. Domine t\u00e9cnicas de autodefesa desde o n\u00edvel iniciante at\u00e9 o avan\u00e7ado com orienta\u00e7\u00e3o especializada. Junte-se hoje e capacite-se com as habilidades que realmente importam.\" \/>\n<meta name=\"robots\" content=\"index, follow, max-snippet:-1, max-image-preview:large, max-video-preview:-1\" \/>\n<link rel=\"canonical\" href=\"https:\/\/krav-maga-on-line.com\/pt-br\/product\/plano-de-acesso-vitalicio-exclusivo-torne-se-faixa-preta-de-krav-maga-instrutor\/\" \/>\n<meta property=\"og:locale\" content=\"pt_BR\" \/>\n<meta property=\"og:type\" content=\"article\" \/>\n<meta property=\"og:title\" content=\"Plano de Acesso Vital\u00edcio Exclusivo: Torne-se Faixa Preta de Krav Maga &amp; Instrutor - Krav Maga Online\" \/>\n<meta property=\"og:description\" content=\"Descubra acesso ilimitado ao nosso abrangente treinamento de Krav Maga com nosso plano de pagamento \u00fanico na Krav Maga Online. Domine t\u00e9cnicas de autodefesa desde o n\u00edvel iniciante at\u00e9 o avan\u00e7ado com orienta\u00e7\u00e3o especializada. Junte-se hoje e capacite-se com as habilidades que realmente importam.\" \/>\n<meta property=\"og:url\" content=\"https:\/\/krav-maga-on-line.com\/pt-br\/product\/plano-de-acesso-vitalicio-exclusivo-torne-se-faixa-preta-de-krav-maga-instrutor\/\" \/>\n<meta property=\"og:site_name\" content=\"Krav Maga Online\" \/>\n<meta property=\"article:publisher\" content=\"https:\/\/www.facebook.com\/expert.alain.cohen\/\" \/>\n<meta property=\"article:modified_time\" content=\"2025-02-06T18:10:17+00:00\" \/>\n<meta property=\"og:image\" content=\"https:\/\/krav-maga-on-line.com\/wp-content\/uploads\/2020\/05\/KRAV-MAGA-ONLINE-LIFETIME-ACCESS-1.jpeg\" \/>\n\t<meta property=\"og:image:width\" content=\"2051\" \/>\n\t<meta property=\"og:image:height\" content=\"1511\" \/>\n\t<meta property=\"og:image:type\" content=\"image\/jpeg\" \/>\n<meta name=\"twitter:card\" content=\"summary_large_image\" \/>\n<meta name=\"twitter:site\" content=\"@KRAVSECURITY\" \/>\n<meta name=\"twitter:label1\" content=\"Est. tempo de leitura\" \/>\n\t<meta name=\"twitter:data1\" content=\"1 minuto\" \/>\n<script type=\"application\/ld+json\" class=\"yoast-schema-graph\">{\"@context\":\"https:\\\/\\\/schema.org\",\"@graph\":[{\"@type\":\"WebPage\",\"@id\":\"https:\\\/\\\/krav-maga-on-line.com\\\/pt-br\\\/product\\\/plano-de-acesso-vitalicio-exclusivo-torne-se-faixa-preta-de-krav-maga-instrutor\\\/\",\"url\":\"https:\\\/\\\/krav-maga-on-line.com\\\/pt-br\\\/product\\\/plano-de-acesso-vitalicio-exclusivo-torne-se-faixa-preta-de-krav-maga-instrutor\\\/\",\"name\":\"Plano de Acesso Vital\u00edcio Exclusivo: Torne-se Faixa Preta de Krav Maga &amp; Instrutor - Krav Maga Online\",\"isPartOf\":{\"@id\":\"https:\\\/\\\/krav-maga-on-line.com\\\/pt-br\\\/#website\"},\"primaryImageOfPage\":{\"@id\":\"https:\\\/\\\/krav-maga-on-line.com\\\/pt-br\\\/product\\\/plano-de-acesso-vitalicio-exclusivo-torne-se-faixa-preta-de-krav-maga-instrutor\\\/#primaryimage\"},\"image\":{\"@id\":\"https:\\\/\\\/krav-maga-on-line.com\\\/pt-br\\\/product\\\/plano-de-acesso-vitalicio-exclusivo-torne-se-faixa-preta-de-krav-maga-instrutor\\\/#primaryimage\"},\"thumbnailUrl\":\"https:\\\/\\\/krav-maga-on-line.com\\\/wp-content\\\/uploads\\\/2020\\\/05\\\/KRAV-MAGA-ONLINE-LIFETIME-ACCESS-1.jpeg\",\"datePublished\":\"2020-05-18T07:48:08+00:00\",\"dateModified\":\"2025-02-06T18:10:17+00:00\",\"description\":\"Descubra acesso ilimitado ao nosso abrangente treinamento de Krav Maga com nosso plano de pagamento \u00fanico na Krav Maga Online. Domine t\u00e9cnicas de autodefesa desde o n\u00edvel iniciante at\u00e9 o avan\u00e7ado com orienta\u00e7\u00e3o especializada. Junte-se hoje e capacite-se com as habilidades que realmente importam.\",\"breadcrumb\":{\"@id\":\"https:\\\/\\\/krav-maga-on-line.com\\\/pt-br\\\/product\\\/plano-de-acesso-vitalicio-exclusivo-torne-se-faixa-preta-de-krav-maga-instrutor\\\/#breadcrumb\"},\"inLanguage\":\"pt-BR\",\"potentialAction\":[{\"@type\":\"ReadAction\",\"target\":[\"https:\\\/\\\/krav-maga-on-line.com\\\/pt-br\\\/product\\\/plano-de-acesso-vitalicio-exclusivo-torne-se-faixa-preta-de-krav-maga-instrutor\\\/\"]}]},{\"@type\":\"ImageObject\",\"inLanguage\":\"pt-BR\",\"@id\":\"https:\\\/\\\/krav-maga-on-line.com\\\/pt-br\\\/product\\\/plano-de-acesso-vitalicio-exclusivo-torne-se-faixa-preta-de-krav-maga-instrutor\\\/#primaryimage\",\"url\":\"https:\\\/\\\/krav-maga-on-line.com\\\/wp-content\\\/uploads\\\/2020\\\/05\\\/KRAV-MAGA-ONLINE-LIFETIME-ACCESS-1.jpeg\",\"contentUrl\":\"https:\\\/\\\/krav-maga-on-line.com\\\/wp-content\\\/uploads\\\/2020\\\/05\\\/KRAV-MAGA-ONLINE-LIFETIME-ACCESS-1.jpeg\",\"width\":2051,\"height\":1511},{\"@type\":\"BreadcrumbList\",\"@id\":\"https:\\\/\\\/krav-maga-on-line.com\\\/pt-br\\\/product\\\/plano-de-acesso-vitalicio-exclusivo-torne-se-faixa-preta-de-krav-maga-instrutor\\\/#breadcrumb\",\"itemListElement\":[{\"@type\":\"ListItem\",\"position\":1,\"name\":\"In\u00edcio\",\"item\":\"https:\\\/\\\/krav-maga-on-line.com\\\/pt-br\\\/\"},{\"@type\":\"ListItem\",\"position\":2,\"name\":\"Shop\",\"item\":\"https:\\\/\\\/krav-maga-on-line.com\\\/shop\\\/\"},{\"@type\":\"ListItem\",\"position\":3,\"name\":\"Plano de Acesso Vital\u00edcio Exclusivo: Torne-se Faixa Preta de Krav Maga &amp; Instrutor\"}]},{\"@type\":\"WebSite\",\"@id\":\"https:\\\/\\\/krav-maga-on-line.com\\\/pt-br\\\/#website\",\"url\":\"https:\\\/\\\/krav-maga-on-line.com\\\/pt-br\\\/\",\"name\":\"Krav Maga Online Training Course: Learn Self Defense Online, Obtain Online Krav Maga Instructor Certification, and Earn Your Krav Maga Black Belt Online\",\"description\":\"Training Self Defense Video Courses\",\"publisher\":{\"@id\":\"https:\\\/\\\/krav-maga-on-line.com\\\/pt-br\\\/#organization\"},\"potentialAction\":[{\"@type\":\"SearchAction\",\"target\":{\"@type\":\"EntryPoint\",\"urlTemplate\":\"https:\\\/\\\/krav-maga-on-line.com\\\/pt-br\\\/?s={search_term_string}\"},\"query-input\":{\"@type\":\"PropertyValueSpecification\",\"valueRequired\":true,\"valueName\":\"search_term_string\"}}],\"inLanguage\":\"pt-BR\"},{\"@type\":\"Organization\",\"@id\":\"https:\\\/\\\/krav-maga-on-line.com\\\/pt-br\\\/#organization\",\"name\":\"Krav Maga Online Training Course: Learn Self Defense Online, Obtain Online Krav Maga Instructor Certification, and Earn Your Krav Maga Black Belt Online\",\"url\":\"https:\\\/\\\/krav-maga-on-line.com\\\/pt-br\\\/\",\"logo\":{\"@type\":\"ImageObject\",\"inLanguage\":\"pt-BR\",\"@id\":\"https:\\\/\\\/krav-maga-on-line.com\\\/pt-br\\\/#\\\/schema\\\/logo\\\/image\\\/\",\"url\":\"https:\\\/\\\/krav-maga-on-line.com\\\/wp-content\\\/uploads\\\/2024\\\/09\\\/cropped-Krav-Maga-Online-favicon.png\",\"contentUrl\":\"https:\\\/\\\/krav-maga-on-line.com\\\/wp-content\\\/uploads\\\/2024\\\/09\\\/cropped-Krav-Maga-Online-favicon.png\",\"width\":512,\"height\":512,\"caption\":\"Krav Maga Online Training Course: Learn Self Defense Online, Obtain Online Krav Maga Instructor Certification, and Earn Your Krav Maga Black Belt Online\"},\"image\":{\"@id\":\"https:\\\/\\\/krav-maga-on-line.com\\\/pt-br\\\/#\\\/schema\\\/logo\\\/image\\\/\"},\"sameAs\":[\"https:\\\/\\\/www.facebook.com\\\/expert.alain.cohen\\\/\",\"https:\\\/\\\/x.com\\\/KRAVSECURITY\",\"https:\\\/\\\/www.linkedin.com\\\/in\\\/kravmaga1\",\"https:\\\/\\\/www.instagram.com\\\/cohen_alain\\\/\",\"https:\\\/\\\/www.youtube.com\\\/c\\\/KRAVMAGA1?sub_confirmation=1\",\"https:\\\/\\\/www.tiktok.com\\\/@kravmagacohen\",\"https:\\\/\\\/www.snapchat.com\\\/add\\\/kravmagaonline\"]}]}<\/script>\n<!-- \/ Yoast SEO plugin. -->","yoast_head_json":{"title":"Plano de Acesso Vital\u00edcio Exclusivo: Torne-se Faixa Preta de Krav Maga &amp; Instrutor - Krav Maga Online","description":"Descubra acesso ilimitado ao nosso abrangente treinamento de Krav Maga com nosso plano de pagamento \u00fanico na Krav Maga Online. Domine t\u00e9cnicas de autodefesa desde o n\u00edvel iniciante at\u00e9 o avan\u00e7ado com orienta\u00e7\u00e3o especializada. Junte-se hoje e capacite-se com as habilidades que realmente importam.","robots":{"index":"index","follow":"follow","max-snippet":"max-snippet:-1","max-image-preview":"max-image-preview:large","max-video-preview":"max-video-preview:-1"},"canonical":"https:\/\/krav-maga-on-line.com\/pt-br\/product\/plano-de-acesso-vitalicio-exclusivo-torne-se-faixa-preta-de-krav-maga-instrutor\/","og_locale":"pt_BR","og_type":"article","og_title":"Plano de Acesso Vital\u00edcio Exclusivo: Torne-se Faixa Preta de Krav Maga &amp; Instrutor - Krav Maga Online","og_description":"Descubra acesso ilimitado ao nosso abrangente treinamento de Krav Maga com nosso plano de pagamento \u00fanico na Krav Maga Online. Domine t\u00e9cnicas de autodefesa desde o n\u00edvel iniciante at\u00e9 o avan\u00e7ado com orienta\u00e7\u00e3o especializada. Junte-se hoje e capacite-se com as habilidades que realmente importam.","og_url":"https:\/\/krav-maga-on-line.com\/pt-br\/product\/plano-de-acesso-vitalicio-exclusivo-torne-se-faixa-preta-de-krav-maga-instrutor\/","og_site_name":"Krav Maga Online","article_publisher":"https:\/\/www.facebook.com\/expert.alain.cohen\/","article_modified_time":"2025-02-06T18:10:17+00:00","og_image":[{"width":2051,"height":1511,"url":"https:\/\/krav-maga-on-line.com\/wp-content\/uploads\/2020\/05\/KRAV-MAGA-ONLINE-LIFETIME-ACCESS-1.jpeg","type":"image\/jpeg"}],"twitter_card":"summary_large_image","twitter_site":"@KRAVSECURITY","twitter_misc":{"Est. tempo de leitura":"1 minuto"},"schema":{"@context":"https:\/\/schema.org","@graph":[{"@type":"WebPage","@id":"https:\/\/krav-maga-on-line.com\/pt-br\/product\/plano-de-acesso-vitalicio-exclusivo-torne-se-faixa-preta-de-krav-maga-instrutor\/","url":"https:\/\/krav-maga-on-line.com\/pt-br\/product\/plano-de-acesso-vitalicio-exclusivo-torne-se-faixa-preta-de-krav-maga-instrutor\/","name":"Plano de Acesso Vital\u00edcio Exclusivo: Torne-se Faixa Preta de Krav Maga &amp; Instrutor - Krav Maga Online","isPartOf":{"@id":"https:\/\/krav-maga-on-line.com\/pt-br\/#website"},"primaryImageOfPage":{"@id":"https:\/\/krav-maga-on-line.com\/pt-br\/product\/plano-de-acesso-vitalicio-exclusivo-torne-se-faixa-preta-de-krav-maga-instrutor\/#primaryimage"},"image":{"@id":"https:\/\/krav-maga-on-line.com\/pt-br\/product\/plano-de-acesso-vitalicio-exclusivo-torne-se-faixa-preta-de-krav-maga-instrutor\/#primaryimage"},"thumbnailUrl":"https:\/\/krav-maga-on-line.com\/wp-content\/uploads\/2020\/05\/KRAV-MAGA-ONLINE-LIFETIME-ACCESS-1.jpeg","datePublished":"2020-05-18T07:48:08+00:00","dateModified":"2025-02-06T18:10:17+00:00","description":"Descubra acesso ilimitado ao nosso abrangente treinamento de Krav Maga com nosso plano de pagamento \u00fanico na Krav Maga Online. Domine t\u00e9cnicas de autodefesa desde o n\u00edvel iniciante at\u00e9 o avan\u00e7ado com orienta\u00e7\u00e3o especializada. Junte-se hoje e capacite-se com as habilidades que realmente importam.","breadcrumb":{"@id":"https:\/\/krav-maga-on-line.com\/pt-br\/product\/plano-de-acesso-vitalicio-exclusivo-torne-se-faixa-preta-de-krav-maga-instrutor\/#breadcrumb"},"inLanguage":"pt-BR","potentialAction":[{"@type":"ReadAction","target":["https:\/\/krav-maga-on-line.com\/pt-br\/product\/plano-de-acesso-vitalicio-exclusivo-torne-se-faixa-preta-de-krav-maga-instrutor\/"]}]},{"@type":"ImageObject","inLanguage":"pt-BR","@id":"https:\/\/krav-maga-on-line.com\/pt-br\/product\/plano-de-acesso-vitalicio-exclusivo-torne-se-faixa-preta-de-krav-maga-instrutor\/#primaryimage","url":"https:\/\/krav-maga-on-line.com\/wp-content\/uploads\/2020\/05\/KRAV-MAGA-ONLINE-LIFETIME-ACCESS-1.jpeg","contentUrl":"https:\/\/krav-maga-on-line.com\/wp-content\/uploads\/2020\/05\/KRAV-MAGA-ONLINE-LIFETIME-ACCESS-1.jpeg","width":2051,"height":1511},{"@type":"BreadcrumbList","@id":"https:\/\/krav-maga-on-line.com\/pt-br\/product\/plano-de-acesso-vitalicio-exclusivo-torne-se-faixa-preta-de-krav-maga-instrutor\/#breadcrumb","itemListElement":[{"@type":"ListItem","position":1,"name":"In\u00edcio","item":"https:\/\/krav-maga-on-line.com\/pt-br\/"},{"@type":"ListItem","position":2,"name":"Shop","item":"https:\/\/krav-maga-on-line.com\/shop\/"},{"@type":"ListItem","position":3,"name":"Plano de Acesso Vital\u00edcio Exclusivo: Torne-se Faixa Preta de Krav Maga &amp; Instrutor"}]},{"@type":"WebSite","@id":"https:\/\/krav-maga-on-line.com\/pt-br\/#website","url":"https:\/\/krav-maga-on-line.com\/pt-br\/","name":"Krav Maga Online Training Course: Learn Self Defense Online, Obtain Online Krav Maga Instructor Certification, and Earn Your Krav Maga Black Belt Online","description":"Training Self Defense Video Courses","publisher":{"@id":"https:\/\/krav-maga-on-line.com\/pt-br\/#organization"},"potentialAction":[{"@type":"SearchAction","target":{"@type":"EntryPoint","urlTemplate":"https:\/\/krav-maga-on-line.com\/pt-br\/?s={search_term_string}"},"query-input":{"@type":"PropertyValueSpecification","valueRequired":true,"valueName":"search_term_string"}}],"inLanguage":"pt-BR"},{"@type":"Organization","@id":"https:\/\/krav-maga-on-line.com\/pt-br\/#organization","name":"Krav Maga Online Training Course: Learn Self Defense Online, Obtain Online Krav Maga Instructor Certification, and Earn Your Krav Maga Black Belt Online","url":"https:\/\/krav-maga-on-line.com\/pt-br\/","logo":{"@type":"ImageObject","inLanguage":"pt-BR","@id":"https:\/\/krav-maga-on-line.com\/pt-br\/#\/schema\/logo\/image\/","url":"https:\/\/krav-maga-on-line.com\/wp-content\/uploads\/2024\/09\/cropped-Krav-Maga-Online-favicon.png","contentUrl":"https:\/\/krav-maga-on-line.com\/wp-content\/uploads\/2024\/09\/cropped-Krav-Maga-Online-favicon.png","width":512,"height":512,"caption":"Krav Maga Online Training Course: Learn Self Defense Online, Obtain Online Krav Maga Instructor Certification, and Earn Your Krav Maga Black Belt Online"},"image":{"@id":"https:\/\/krav-maga-on-line.com\/pt-br\/#\/schema\/logo\/image\/"},"sameAs":["https:\/\/www.facebook.com\/expert.alain.cohen\/","https:\/\/x.com\/KRAVSECURITY","https:\/\/www.linkedin.com\/in\/kravmaga1","https:\/\/www.instagram.com\/cohen_alain\/","https:\/\/www.youtube.com\/c\/KRAVMAGA1?sub_confirmation=1","https:\/\/www.tiktok.com\/@kravmagacohen","https:\/\/www.snapchat.com\/add\/kravmagaonline"]}]}},"_links":{"self":[{"href":"https:\/\/krav-maga-on-line.com\/pt-br\/wp-json\/wp\/v2\/product\/76112","targetHints":{"allow":["GET"]}}],"collection":[{"href":"https:\/\/krav-maga-on-line.com\/pt-br\/wp-json\/wp\/v2\/product"}],"about":[{"href":"https:\/\/krav-maga-on-line.com\/pt-br\/wp-json\/wp\/v2\/types\/product"}],"version-history":[{"count":1,"href":"https:\/\/krav-maga-on-line.com\/pt-br\/wp-json\/wp\/v2\/product\/76112\/revisions"}],"predecessor-version":[{"id":76631,"href":"https:\/\/krav-maga-on-line.com\/pt-br\/wp-json\/wp\/v2\/product\/76112\/revisions\/76631"}],"wp:featuredmedia":[{"embeddable":true,"href":"https:\/\/krav-maga-on-line.com\/pt-br\/wp-json\/wp\/v2\/media\/75268"}],"wp:attachment":[{"href":"https:\/\/krav-maga-on-line.com\/pt-br\/wp-json\/wp\/v2\/media?parent=76112"}],"wp:term":[{"taxonomy":"product_brand","embeddable":true,"href":"https:\/\/krav-maga-on-line.com\/pt-br\/wp-json\/wp\/v2\/product_brand?post=76112"},{"taxonomy":"product_cat","embeddable":true,"href":"https:\/\/krav-maga-on-line.com\/pt-br\/wp-json\/wp\/v2\/product_cat?post=76112"},{"taxonomy":"product_tag","embeddable":true,"href":"https:\/\/krav-maga-on-line.com\/pt-br\/wp-json\/wp\/v2\/product_tag?post=76112"}],"curies":[{"name":"wp","href":"https:\/\/api.w.org\/{rel}","templated":true}]}}