{"id":45237,"date":"2020-06-05T13:47:13","date_gmt":"2020-06-05T11:47:13","guid":{"rendered":"https:\/\/krav-maga-on-line.com\/experiencia-de-krav-maga-online-e-realmente-possivel\/"},"modified":"2024-10-18T08:52:10","modified_gmt":"2024-10-18T06:52:10","slug":"experiencia-de-krav-maga-online-e-realmente-possivel","status":"publish","type":"page","link":"https:\/\/krav-maga-on-line.com\/pt-br\/experiencia-de-krav-maga-online-e-realmente-possivel\/","title":{"rendered":"Experi\u00eancia de Krav Maga Online &#8211; \u00c9 realmente poss\u00edvel?"},"content":{"rendered":"\t\t<div data-elementor-type=\"wp-page\" data-elementor-id=\"45237\" class=\"elementor elementor-45237 elementor-12627\" data-elementor-post-type=\"page\">\n\t\t\t\t\t\t<section class=\"elementor-section elementor-top-section elementor-element elementor-element-016f2ff elementor-section-boxed elementor-section-height-default elementor-section-height-default\" data-id=\"016f2ff\" data-element_type=\"section\" data-e-type=\"section\">\n\t\t\t\t\t\t<div class=\"elementor-container elementor-column-gap-default\">\n\t\t\t\t\t<div class=\"elementor-column elementor-col-100 elementor-top-column elementor-element elementor-element-046ae3e\" data-id=\"046ae3e\" data-element_type=\"column\" data-e-type=\"column\">\n\t\t\t<div class=\"elementor-widget-wrap elementor-element-populated\">\n\t\t\t\t\t\t<div class=\"elementor-element elementor-element-31fd3a6 elementor-widget elementor-widget-video\" data-id=\"31fd3a6\" data-element_type=\"widget\" data-e-type=\"widget\" data-settings=\"{&quot;video_type&quot;:&quot;vimeo&quot;}\" data-widget_type=\"video.default\">\n\t\t\t\t<div class=\"elementor-widget-container\">\n\t\t\t\t\t\t\t<div class=\"elementor-wrapper elementor-open-inline\">\n\t\t\t<iframe class=\"elementor-video-iframe\" allowfullscreen allow=\"clipboard-write\" title=\"Reprodutor de v\u00eddeo vimeo\" src=\"https:\/\/player.vimeo.com\/video\/309665216?color&amp;autopause=0&amp;loop=0&amp;muted=0&amp;title=1&amp;portrait=1&amp;byline=1#t=\"><\/iframe>\t\t<\/div>\n\t\t\t\t\t\t<\/div>\n\t\t\t\t<\/div>\n\t\t\t\t<div class=\"elementor-element elementor-element-69f5d5e elementor-widget__width-inherit elementor-widget elementor-widget-text-editor\" data-id=\"69f5d5e\" data-element_type=\"widget\" data-e-type=\"widget\" data-widget_type=\"text-editor.default\">\n\t\t\t\t<div class=\"elementor-widget-container\">\n\t\t\t\t\t\t\t\t\t<p class=\"p1\">D\u00e1 por si constantemente preocupado com a sua seguran\u00e7a ou com a seguran\u00e7a dos seus entes queridos? Est\u00e1 na altura de se libertar do medo e abra\u00e7ar os benef\u00edcios de mudan\u00e7a de vida do nosso programa online de Krav Maga. Com o nosso curr\u00edculo abrangente, aprender\u00e1 t\u00e9cnicas pr\u00e1ticas de auto-defesa que s\u00e3o testadas em combate e comprovadamente eficazes. Mas isso n\u00e3o \u00e9 tudo &#8211; o nosso programa vai para al\u00e9m do aspecto f\u00edsico, permitindo-lhe explorar a sua for\u00e7a interior e resili\u00eancia. Ganhar\u00e1 a confian\u00e7a necess\u00e1ria para enfrentar os desafios da vida com facilidade, sabendo que tem as compet\u00eancias necess\u00e1rias para se proteger a si e aos seus entes queridos. Junte-se \u00e0 nossa comunidade de pessoas que pensam da mesma forma e que j\u00e1 experimentaram o poder transformador do Krav Maga. Juntos, vamos criar um mundo mais seguro e mais capacitado.<\/p>\n\t\t\t\t\t\t\t\t<\/div>\n\t\t\t\t<\/div>\n\t\t\t\t<div class=\"elementor-element elementor-element-bcee438 elementor-align-center elementor-tablet-align-center elementor-widget elementor-widget-button\" data-id=\"bcee438\" data-element_type=\"widget\" data-e-type=\"widget\" data-widget_type=\"button.default\">\n\t\t\t\t<div class=\"elementor-widget-container\">\n\t\t\t\t\t\t\t\t\t<div class=\"elementor-button-wrapper\">\n\t\t\t\t\t<a class=\"elementor-button elementor-button-link elementor-size-sm\" href=\"https:\/\/krav-maga-on-line.com\/pt-br\/\">\n\t\t\t\t\t\t<span class=\"elementor-button-content-wrapper\">\n\t\t\t\t\t\t\t\t\t<span class=\"elementor-button-text\">Inscrever-se<\/span>\n\t\t\t\t\t<\/span>\n\t\t\t\t\t<\/a>\n\t\t\t\t<\/div>\n\t\t\t\t\t\t\t\t<\/div>\n\t\t\t\t<\/div>\n\t\t\t\t\t<\/div>\n\t\t<\/div>\n\t\t\t\t\t<\/div>\n\t\t<\/section>\n\t\t\t\t<\/div>\n\t\t","protected":false},"excerpt":{"rendered":"<p>https:\/\/vimeo.com\/309665216 D\u00e1 por si constantemente preocupado com a sua seguran\u00e7a ou com a seguran\u00e7a dos seus entes queridos? Est\u00e1 na altura de se libertar do medo e abra\u00e7ar os benef\u00edcios de mudan\u00e7a de vida do nosso programa online de Krav Maga. Com o nosso curr\u00edculo abrangente, aprender\u00e1 t\u00e9cnicas pr\u00e1ticas de auto-defesa que s\u00e3o testadas em [&hellip;]<\/p>\n","protected":false},"author":1,"featured_media":0,"parent":0,"menu_order":0,"comment_status":"closed","ping_status":"closed","template":"","meta":{"footnotes":""},"class_list":["post-45237","page","type-page","status-publish","hentry"],"yoast_head":"<!-- This site is optimized with the Yoast SEO plugin v27.3 - https:\/\/yoast.com\/product\/yoast-seo-wordpress\/ -->\n<title>Experi\u00eancia de Krav Maga Online - \u00c9 realmente poss\u00edvel? - Krav Maga Online<\/title>\n<meta name=\"robots\" content=\"index, follow, max-snippet:-1, max-image-preview:large, max-video-preview:-1\" \/>\n<link rel=\"canonical\" href=\"https:\/\/krav-maga-on-line.com\/pt-br\/experiencia-de-krav-maga-online-e-realmente-possivel\/\" \/>\n<meta property=\"og:locale\" content=\"pt_BR\" \/>\n<meta property=\"og:type\" content=\"article\" \/>\n<meta property=\"og:title\" content=\"Experi\u00eancia de Krav Maga Online - \u00c9 realmente poss\u00edvel? - Krav Maga Online\" \/>\n<meta property=\"og:description\" content=\"https:\/\/vimeo.com\/309665216 D\u00e1 por si constantemente preocupado com a sua seguran\u00e7a ou com a seguran\u00e7a dos seus entes queridos? Est\u00e1 na altura de se libertar do medo e abra\u00e7ar os benef\u00edcios de mudan\u00e7a de vida do nosso programa online de Krav Maga. Com o nosso curr\u00edculo abrangente, aprender\u00e1 t\u00e9cnicas pr\u00e1ticas de auto-defesa que s\u00e3o testadas em [&hellip;]\" \/>\n<meta property=\"og:url\" content=\"https:\/\/krav-maga-on-line.com\/pt-br\/experiencia-de-krav-maga-online-e-realmente-possivel\/\" \/>\n<meta property=\"og:site_name\" content=\"Krav Maga Online\" \/>\n<meta property=\"article:publisher\" content=\"https:\/\/www.facebook.com\/expert.alain.cohen\/\" \/>\n<meta property=\"article:modified_time\" content=\"2024-10-18T06:52:10+00:00\" \/>\n<meta property=\"og:image\" content=\"https:\/\/krav-maga-on-line.com\/wp-content\/uploads\/2023\/05\/PRICES-KM-ONLINE.003-min.jpeg\" \/>\n<meta name=\"twitter:card\" content=\"summary_large_image\" \/>\n<meta name=\"twitter:site\" content=\"@KRAVSECURITY\" \/>\n<meta name=\"twitter:label1\" content=\"Est. tempo de leitura\" \/>\n\t<meta name=\"twitter:data1\" content=\"1 minuto\" \/>\n<script type=\"application\/ld+json\" class=\"yoast-schema-graph\">{\"@context\":\"https:\\\/\\\/schema.org\",\"@graph\":[{\"@type\":\"WebPage\",\"@id\":\"https:\\\/\\\/krav-maga-on-line.com\\\/pt-br\\\/experiencia-de-krav-maga-online-e-realmente-possivel\\\/\",\"url\":\"https:\\\/\\\/krav-maga-on-line.com\\\/pt-br\\\/experiencia-de-krav-maga-online-e-realmente-possivel\\\/\",\"name\":\"Experi\u00eancia de Krav Maga Online - \u00c9 realmente poss\u00edvel? - Krav Maga Online\",\"isPartOf\":{\"@id\":\"https:\\\/\\\/krav-maga-on-line.com\\\/pt-br\\\/#website\"},\"datePublished\":\"2020-06-05T11:47:13+00:00\",\"dateModified\":\"2024-10-18T06:52:10+00:00\",\"breadcrumb\":{\"@id\":\"https:\\\/\\\/krav-maga-on-line.com\\\/pt-br\\\/experiencia-de-krav-maga-online-e-realmente-possivel\\\/#breadcrumb\"},\"inLanguage\":\"pt-BR\",\"potentialAction\":[{\"@type\":\"ReadAction\",\"target\":[\"https:\\\/\\\/krav-maga-on-line.com\\\/pt-br\\\/experiencia-de-krav-maga-online-e-realmente-possivel\\\/\"]}]},{\"@type\":\"BreadcrumbList\",\"@id\":\"https:\\\/\\\/krav-maga-on-line.com\\\/pt-br\\\/experiencia-de-krav-maga-online-e-realmente-possivel\\\/#breadcrumb\",\"itemListElement\":[{\"@type\":\"ListItem\",\"position\":1,\"name\":\"In\u00edcio\",\"item\":\"https:\\\/\\\/krav-maga-on-line.com\\\/pt-br\\\/\"},{\"@type\":\"ListItem\",\"position\":2,\"name\":\"Experi\u00eancia de Krav Maga Online &#8211; \u00c9 realmente poss\u00edvel?\"}]},{\"@type\":\"WebSite\",\"@id\":\"https:\\\/\\\/krav-maga-on-line.com\\\/pt-br\\\/#website\",\"url\":\"https:\\\/\\\/krav-maga-on-line.com\\\/pt-br\\\/\",\"name\":\"Krav Maga Online Training Course: Learn Self Defense Online, Obtain Online Krav Maga Instructor Certification, and Earn Your Krav Maga Black Belt Online\",\"description\":\"Training Self Defense Video Courses\",\"publisher\":{\"@id\":\"https:\\\/\\\/krav-maga-on-line.com\\\/pt-br\\\/#organization\"},\"potentialAction\":[{\"@type\":\"SearchAction\",\"target\":{\"@type\":\"EntryPoint\",\"urlTemplate\":\"https:\\\/\\\/krav-maga-on-line.com\\\/pt-br\\\/?s={search_term_string}\"},\"query-input\":{\"@type\":\"PropertyValueSpecification\",\"valueRequired\":true,\"valueName\":\"search_term_string\"}}],\"inLanguage\":\"pt-BR\"},{\"@type\":\"Organization\",\"@id\":\"https:\\\/\\\/krav-maga-on-line.com\\\/pt-br\\\/#organization\",\"name\":\"Krav Maga Online Training Course: Learn Self Defense Online, Obtain Online Krav Maga Instructor Certification, and Earn Your Krav Maga Black Belt Online\",\"url\":\"https:\\\/\\\/krav-maga-on-line.com\\\/pt-br\\\/\",\"logo\":{\"@type\":\"ImageObject\",\"inLanguage\":\"pt-BR\",\"@id\":\"https:\\\/\\\/krav-maga-on-line.com\\\/pt-br\\\/#\\\/schema\\\/logo\\\/image\\\/\",\"url\":\"https:\\\/\\\/krav-maga-on-line.com\\\/wp-content\\\/uploads\\\/2024\\\/09\\\/cropped-Krav-Maga-Online-favicon.png\",\"contentUrl\":\"https:\\\/\\\/krav-maga-on-line.com\\\/wp-content\\\/uploads\\\/2024\\\/09\\\/cropped-Krav-Maga-Online-favicon.png\",\"width\":512,\"height\":512,\"caption\":\"Krav Maga Online Training Course: Learn Self Defense Online, Obtain Online Krav Maga Instructor Certification, and Earn Your Krav Maga Black Belt Online\"},\"image\":{\"@id\":\"https:\\\/\\\/krav-maga-on-line.com\\\/pt-br\\\/#\\\/schema\\\/logo\\\/image\\\/\"},\"sameAs\":[\"https:\\\/\\\/www.facebook.com\\\/expert.alain.cohen\\\/\",\"https:\\\/\\\/x.com\\\/KRAVSECURITY\",\"https:\\\/\\\/www.linkedin.com\\\/in\\\/kravmaga1\",\"https:\\\/\\\/www.instagram.com\\\/cohen_alain\\\/\",\"https:\\\/\\\/www.youtube.com\\\/c\\\/KRAVMAGA1?sub_confirmation=1\",\"https:\\\/\\\/www.tiktok.com\\\/@kravmagacohen\",\"https:\\\/\\\/www.snapchat.com\\\/add\\\/kravmagaonline\"]}]}<\/script>\n<!-- \/ Yoast SEO plugin. -->","yoast_head_json":{"title":"Experi\u00eancia de Krav Maga Online - \u00c9 realmente poss\u00edvel? - Krav Maga Online","robots":{"index":"index","follow":"follow","max-snippet":"max-snippet:-1","max-image-preview":"max-image-preview:large","max-video-preview":"max-video-preview:-1"},"canonical":"https:\/\/krav-maga-on-line.com\/pt-br\/experiencia-de-krav-maga-online-e-realmente-possivel\/","og_locale":"pt_BR","og_type":"article","og_title":"Experi\u00eancia de Krav Maga Online - \u00c9 realmente poss\u00edvel? - Krav Maga Online","og_description":"https:\/\/vimeo.com\/309665216 D\u00e1 por si constantemente preocupado com a sua seguran\u00e7a ou com a seguran\u00e7a dos seus entes queridos? Est\u00e1 na altura de se libertar do medo e abra\u00e7ar os benef\u00edcios de mudan\u00e7a de vida do nosso programa online de Krav Maga. Com o nosso curr\u00edculo abrangente, aprender\u00e1 t\u00e9cnicas pr\u00e1ticas de auto-defesa que s\u00e3o testadas em [&hellip;]","og_url":"https:\/\/krav-maga-on-line.com\/pt-br\/experiencia-de-krav-maga-online-e-realmente-possivel\/","og_site_name":"Krav Maga Online","article_publisher":"https:\/\/www.facebook.com\/expert.alain.cohen\/","article_modified_time":"2024-10-18T06:52:10+00:00","og_image":[{"url":"https:\/\/krav-maga-on-line.com\/wp-content\/uploads\/2023\/05\/PRICES-KM-ONLINE.003-min.jpeg","type":"","width":"","height":""}],"twitter_card":"summary_large_image","twitter_site":"@KRAVSECURITY","twitter_misc":{"Est. tempo de leitura":"1 minuto"},"schema":{"@context":"https:\/\/schema.org","@graph":[{"@type":"WebPage","@id":"https:\/\/krav-maga-on-line.com\/pt-br\/experiencia-de-krav-maga-online-e-realmente-possivel\/","url":"https:\/\/krav-maga-on-line.com\/pt-br\/experiencia-de-krav-maga-online-e-realmente-possivel\/","name":"Experi\u00eancia de Krav Maga Online - \u00c9 realmente poss\u00edvel? - Krav Maga Online","isPartOf":{"@id":"https:\/\/krav-maga-on-line.com\/pt-br\/#website"},"datePublished":"2020-06-05T11:47:13+00:00","dateModified":"2024-10-18T06:52:10+00:00","breadcrumb":{"@id":"https:\/\/krav-maga-on-line.com\/pt-br\/experiencia-de-krav-maga-online-e-realmente-possivel\/#breadcrumb"},"inLanguage":"pt-BR","potentialAction":[{"@type":"ReadAction","target":["https:\/\/krav-maga-on-line.com\/pt-br\/experiencia-de-krav-maga-online-e-realmente-possivel\/"]}]},{"@type":"BreadcrumbList","@id":"https:\/\/krav-maga-on-line.com\/pt-br\/experiencia-de-krav-maga-online-e-realmente-possivel\/#breadcrumb","itemListElement":[{"@type":"ListItem","position":1,"name":"In\u00edcio","item":"https:\/\/krav-maga-on-line.com\/pt-br\/"},{"@type":"ListItem","position":2,"name":"Experi\u00eancia de Krav Maga Online &#8211; \u00c9 realmente poss\u00edvel?"}]},{"@type":"WebSite","@id":"https:\/\/krav-maga-on-line.com\/pt-br\/#website","url":"https:\/\/krav-maga-on-line.com\/pt-br\/","name":"Krav Maga Online Training Course: Learn Self Defense Online, Obtain Online Krav Maga Instructor Certification, and Earn Your Krav Maga Black Belt Online","description":"Training Self Defense Video Courses","publisher":{"@id":"https:\/\/krav-maga-on-line.com\/pt-br\/#organization"},"potentialAction":[{"@type":"SearchAction","target":{"@type":"EntryPoint","urlTemplate":"https:\/\/krav-maga-on-line.com\/pt-br\/?s={search_term_string}"},"query-input":{"@type":"PropertyValueSpecification","valueRequired":true,"valueName":"search_term_string"}}],"inLanguage":"pt-BR"},{"@type":"Organization","@id":"https:\/\/krav-maga-on-line.com\/pt-br\/#organization","name":"Krav Maga Online Training Course: Learn Self Defense Online, Obtain Online Krav Maga Instructor Certification, and Earn Your Krav Maga Black Belt Online","url":"https:\/\/krav-maga-on-line.com\/pt-br\/","logo":{"@type":"ImageObject","inLanguage":"pt-BR","@id":"https:\/\/krav-maga-on-line.com\/pt-br\/#\/schema\/logo\/image\/","url":"https:\/\/krav-maga-on-line.com\/wp-content\/uploads\/2024\/09\/cropped-Krav-Maga-Online-favicon.png","contentUrl":"https:\/\/krav-maga-on-line.com\/wp-content\/uploads\/2024\/09\/cropped-Krav-Maga-Online-favicon.png","width":512,"height":512,"caption":"Krav Maga Online Training Course: Learn Self Defense Online, Obtain Online Krav Maga Instructor Certification, and Earn Your Krav Maga Black Belt Online"},"image":{"@id":"https:\/\/krav-maga-on-line.com\/pt-br\/#\/schema\/logo\/image\/"},"sameAs":["https:\/\/www.facebook.com\/expert.alain.cohen\/","https:\/\/x.com\/KRAVSECURITY","https:\/\/www.linkedin.com\/in\/kravmaga1","https:\/\/www.instagram.com\/cohen_alain\/","https:\/\/www.youtube.com\/c\/KRAVMAGA1?sub_confirmation=1","https:\/\/www.tiktok.com\/@kravmagacohen","https:\/\/www.snapchat.com\/add\/kravmagaonline"]}]}},"_links":{"self":[{"href":"https:\/\/krav-maga-on-line.com\/pt-br\/wp-json\/wp\/v2\/pages\/45237","targetHints":{"allow":["GET"]}}],"collection":[{"href":"https:\/\/krav-maga-on-line.com\/pt-br\/wp-json\/wp\/v2\/pages"}],"about":[{"href":"https:\/\/krav-maga-on-line.com\/pt-br\/wp-json\/wp\/v2\/types\/page"}],"author":[{"embeddable":true,"href":"https:\/\/krav-maga-on-line.com\/pt-br\/wp-json\/wp\/v2\/users\/1"}],"replies":[{"embeddable":true,"href":"https:\/\/krav-maga-on-line.com\/pt-br\/wp-json\/wp\/v2\/comments?post=45237"}],"version-history":[{"count":0,"href":"https:\/\/krav-maga-on-line.com\/pt-br\/wp-json\/wp\/v2\/pages\/45237\/revisions"}],"wp:attachment":[{"href":"https:\/\/krav-maga-on-line.com\/pt-br\/wp-json\/wp\/v2\/media?parent=45237"}],"curies":[{"name":"wp","href":"https:\/\/api.w.org\/{rel}","templated":true}]}}