{"id":45170,"date":"2021-11-10T12:04:07","date_gmt":"2021-11-10T11:04:07","guid":{"rendered":"https:\/\/krav-maga-on-line.com\/e-tao-comodo\/"},"modified":"2024-10-18T08:51:57","modified_gmt":"2024-10-18T06:51:57","slug":"e-tao-comodo","status":"publish","type":"page","link":"https:\/\/krav-maga-on-line.com\/pt-br\/e-tao-comodo\/","title":{"rendered":"\u00c9 T\u00c3O C\u00d3MODO"},"content":{"rendered":"\t\t<div data-elementor-type=\"wp-page\" data-elementor-id=\"45170\" class=\"elementor elementor-45170 elementor-21898\" data-elementor-post-type=\"page\">\n\t\t\t\t\t\t<section class=\"elementor-section elementor-top-section elementor-element elementor-element-1be0fe9 elementor-section-content-middle elementor-section-stretched elementor-section-boxed elementor-section-height-default elementor-section-height-default\" data-id=\"1be0fe9\" data-element_type=\"section\" data-e-type=\"section\" data-settings=\"{&quot;stretch_section&quot;:&quot;section-stretched&quot;}\">\n\t\t\t\t\t\t<div class=\"elementor-container elementor-column-gap-default\">\n\t\t\t\t\t<div class=\"elementor-column elementor-col-100 elementor-top-column elementor-element elementor-element-66978ad\" data-id=\"66978ad\" data-element_type=\"column\" data-e-type=\"column\">\n\t\t\t<div class=\"elementor-widget-wrap elementor-element-populated\">\n\t\t\t\t\t\t<div class=\"elementor-element elementor-element-50a15a5 elementor-widget elementor-widget-video\" data-id=\"50a15a5\" data-element_type=\"widget\" data-e-type=\"widget\" data-settings=\"{&quot;video_type&quot;:&quot;vimeo&quot;}\" data-widget_type=\"video.default\">\n\t\t\t\t<div class=\"elementor-widget-container\">\n\t\t\t\t\t\t\t<div class=\"elementor-wrapper elementor-open-inline\">\n\t\t\t<iframe class=\"elementor-video-iframe\" allowfullscreen allow=\"clipboard-write\" title=\"Reprodutor de v\u00eddeo vimeo\" src=\"https:\/\/player.vimeo.com\/video\/644292413?color&amp;autopause=0&amp;loop=0&amp;muted=0&amp;title=1&amp;portrait=1&amp;byline=1#t=\"><\/iframe>\t\t<\/div>\n\t\t\t\t\t\t<\/div>\n\t\t\t\t<\/div>\n\t\t\t\t<div class=\"elementor-element elementor-element-16e1833 elementor-widget__width-inherit elementor-widget elementor-widget-text-editor\" data-id=\"16e1833\" data-element_type=\"widget\" data-e-type=\"widget\" data-widget_type=\"text-editor.default\">\n\t\t\t\t<div class=\"elementor-widget-container\">\n\t\t\t\t\t\t\t\t\t<p>Para aqueles que j\u00e1 experimentaram a dura realidade da agress\u00e3o nas ruas, entendemos o impacto profundo que isso pode ter em todos os aspectos da sua vida. O medo, o trauma e a sensa\u00e7\u00e3o de vulnerabilidade podem persistir, afetando sua confian\u00e7a, seus relacionamentos e seu bem-estar geral. Mas aqui est\u00e1 a not\u00edcia incr\u00edvel: voc\u00ea tem dentro de si o poder de retomar sua vida, enfrentar seus medos de frente e emergir mais forte do que nunca.  <\/p>\n<p>Nosso programa online de Krav Maga \u00e9 especificamente projetado para capacitar indiv\u00edduos como voc\u00ea que passaram por agress\u00f5es reais. N\u00e3o se trata apenas de aprender t\u00e9cnicas de autodefesa; trata-se de retomar o controle, reconstruir sua autoestima e encontrar a for\u00e7a para viver sua vida nos seus pr\u00f3prios termos. <\/p>\n<p>Com nosso programa, voc\u00ea ser\u00e1 guiado por instrutores especialistas que dedicaram suas vidas a ajudar sobreviventes como voc\u00ea a superar seus traumas. N\u00f3s forneceremos um ambiente seguro e de apoio para voc\u00ea aprender as t\u00e9cnicas de autodefesa mais eficazes, adaptadas a cen\u00e1rios da vida real. Voc\u00ea ganhar\u00e1 habilidades para se defender, aumentar sua confian\u00e7a e recuperar um senso de seguran\u00e7a pessoal.  <\/p>\n<p>Mas n\u00e3o se fica por aqui. Nosso programa vai al\u00e9m do treinamento f\u00edsico. Entendemos que a cura e a recupera\u00e7\u00e3o envolvem a mente, o corpo e o esp\u00edrito. Atrav\u00e9s do nosso curr\u00edculo abrangente, voc\u00ea aprender\u00e1 valiosas estrat\u00e9gias de resili\u00eancia mental, t\u00e9cnicas de autocuidado e suporte emocional para ajud\u00e1-lo a reconstruir sua vida e encontrar um renovado senso de empoderamento.  <\/p>\n<p>Junte-se \u00e0 nossa comunidade de sobreviventes que encontraram consolo, for\u00e7a e transforma\u00e7\u00e3o atrav\u00e9s do Krav Maga. Juntos, enfrentaremos seus medos, quebraremos as correntes do vitimismo e emergiremos como indiv\u00edduos poderosos prontos para retomar suas vidas. <\/p>\n<p>Lembre-se, voc\u00ea n\u00e3o est\u00e1 sozinho nesta jornada. Nosso programa oferece uma rede de apoio de indiv\u00edduos que entendem suas lutas e ir\u00e3o apoi\u00e1-lo a cada passo do caminho. Juntos, superaremos o passado e construiremos um futuro mais brilhante.  <\/p>\n<p>\u00c9 hora de retomar seu poder, desafiar seus medos e provar a si mesmo que voc\u00ea \u00e9 mais forte do que qualquer coisa que a vida lhe apresente. Nosso programa online de Krav Maga est\u00e1 aqui para apoi\u00e1-lo nesta jornada de recupera\u00e7\u00e3o, empoderamento e crescimento pessoal. Inscreva-se hoje e deixe-nos ajud\u00e1-lo a reescrever sua hist\u00f3ria. Voc\u00ea merece viver uma vida livre do medo e cheia de for\u00e7a.   <\/p>\n\t\t\t\t\t\t\t\t<\/div>\n\t\t\t\t<\/div>\n\t\t\t\t<div class=\"elementor-element elementor-element-758dfa7 elementor-align-center elementor-tablet-align-center elementor-widget elementor-widget-button\" data-id=\"758dfa7\" data-element_type=\"widget\" data-e-type=\"widget\" data-widget_type=\"button.default\">\n\t\t\t\t<div class=\"elementor-widget-container\">\n\t\t\t\t\t\t\t\t\t<div class=\"elementor-button-wrapper\">\n\t\t\t\t\t<a class=\"elementor-button elementor-button-link elementor-size-sm\" href=\"https:\/\/krav-maga-on-line.com\/pt-br\/\">\n\t\t\t\t\t\t<span class=\"elementor-button-content-wrapper\">\n\t\t\t\t\t\t<span class=\"elementor-button-icon\">\n\t\t\t\t<svg aria-hidden=\"true\" class=\"e-font-icon-svg e-fas-arrow-right\" viewBox=\"0 0 448 512\" xmlns=\"http:\/\/www.w3.org\/2000\/svg\"><path d=\"M190.5 66.9l22.2-22.2c9.4-9.4 24.6-9.4 33.9 0L441 239c9.4 9.4 9.4 24.6 0 33.9L246.6 467.3c-9.4 9.4-24.6 9.4-33.9 0l-22.2-22.2c-9.5-9.5-9.3-25 .4-34.3L311.4 296H24c-13.3 0-24-10.7-24-24v-32c0-13.3 10.7-24 24-24h287.4L190.9 101.2c-9.8-9.3-10-24.8-.4-34.3z\"><\/path><\/svg>\t\t\t<\/span>\n\t\t\t\t\t\t\t\t\t<span class=\"elementor-button-text\">Inscrever-se<\/span>\n\t\t\t\t\t<\/span>\n\t\t\t\t\t<\/a>\n\t\t\t\t<\/div>\n\t\t\t\t\t\t\t\t<\/div>\n\t\t\t\t<\/div>\n\t\t\t\t\t<\/div>\n\t\t<\/div>\n\t\t\t\t\t<\/div>\n\t\t<\/section>\n\t\t\t\t<\/div>\n\t\t","protected":false},"excerpt":{"rendered":"<p>https:\/\/vimeo.com\/644292413 Para aqueles que j\u00e1 experimentaram a dura realidade da agress\u00e3o nas ruas, entendemos o impacto profundo que isso pode ter em todos os aspectos da sua vida. O medo, o trauma e a sensa\u00e7\u00e3o de vulnerabilidade podem persistir, afetando sua confian\u00e7a, seus relacionamentos e seu bem-estar geral. Mas aqui est\u00e1 a not\u00edcia incr\u00edvel: voc\u00ea [&hellip;]<\/p>\n","protected":false},"author":1,"featured_media":0,"parent":0,"menu_order":0,"comment_status":"closed","ping_status":"closed","template":"","meta":{"footnotes":""},"class_list":["post-45170","page","type-page","status-publish","hentry"],"yoast_head":"<!-- This site is optimized with the Yoast SEO plugin v27.5 - https:\/\/yoast.com\/product\/yoast-seo-wordpress\/ -->\n<title>\u00c9 T\u00c3O C\u00d3MODO - Krav Maga Online<\/title>\n<meta name=\"robots\" content=\"index, follow, max-snippet:-1, max-image-preview:large, max-video-preview:-1\" \/>\n<link rel=\"canonical\" href=\"https:\/\/krav-maga-on-line.com\/pt-br\/e-tao-comodo\/\" \/>\n<meta property=\"og:locale\" content=\"pt_BR\" \/>\n<meta property=\"og:type\" content=\"article\" \/>\n<meta property=\"og:title\" content=\"\u00c9 T\u00c3O C\u00d3MODO - Krav Maga Online\" \/>\n<meta property=\"og:description\" content=\"https:\/\/vimeo.com\/644292413 Para aqueles que j\u00e1 experimentaram a dura realidade da agress\u00e3o nas ruas, entendemos o impacto profundo que isso pode ter em todos os aspectos da sua vida. O medo, o trauma e a sensa\u00e7\u00e3o de vulnerabilidade podem persistir, afetando sua confian\u00e7a, seus relacionamentos e seu bem-estar geral. Mas aqui est\u00e1 a not\u00edcia incr\u00edvel: voc\u00ea [&hellip;]\" \/>\n<meta property=\"og:url\" content=\"https:\/\/krav-maga-on-line.com\/pt-br\/e-tao-comodo\/\" \/>\n<meta property=\"og:site_name\" content=\"Krav Maga Online\" \/>\n<meta property=\"article:publisher\" content=\"https:\/\/www.facebook.com\/expert.alain.cohen\/\" \/>\n<meta property=\"article:modified_time\" content=\"2024-10-18T06:51:57+00:00\" \/>\n<meta property=\"og:image\" content=\"https:\/\/krav-maga-on-line.com\/wp-content\/uploads\/2023\/05\/PRICES-KM-ONLINE.003-min-1024x768.jpeg\" \/>\n<meta name=\"twitter:card\" content=\"summary_large_image\" \/>\n<meta name=\"twitter:site\" content=\"@KRAVSECURITY\" \/>\n<meta name=\"twitter:label1\" content=\"Est. tempo de leitura\" \/>\n\t<meta name=\"twitter:data1\" content=\"2 minutos\" \/>\n<script type=\"application\/ld+json\" class=\"yoast-schema-graph\">{\"@context\":\"https:\\\/\\\/schema.org\",\"@graph\":[{\"@type\":\"WebPage\",\"@id\":\"https:\\\/\\\/krav-maga-on-line.com\\\/pt-br\\\/e-tao-comodo\\\/\",\"url\":\"https:\\\/\\\/krav-maga-on-line.com\\\/pt-br\\\/e-tao-comodo\\\/\",\"name\":\"\u00c9 T\u00c3O C\u00d3MODO - Krav Maga Online\",\"isPartOf\":{\"@id\":\"https:\\\/\\\/krav-maga-on-line.com\\\/pt-br\\\/#website\"},\"datePublished\":\"2021-11-10T11:04:07+00:00\",\"dateModified\":\"2024-10-18T06:51:57+00:00\",\"breadcrumb\":{\"@id\":\"https:\\\/\\\/krav-maga-on-line.com\\\/pt-br\\\/e-tao-comodo\\\/#breadcrumb\"},\"inLanguage\":\"pt-BR\",\"potentialAction\":[{\"@type\":\"ReadAction\",\"target\":[\"https:\\\/\\\/krav-maga-on-line.com\\\/pt-br\\\/e-tao-comodo\\\/\"]}]},{\"@type\":\"BreadcrumbList\",\"@id\":\"https:\\\/\\\/krav-maga-on-line.com\\\/pt-br\\\/e-tao-comodo\\\/#breadcrumb\",\"itemListElement\":[{\"@type\":\"ListItem\",\"position\":1,\"name\":\"In\u00edcio\",\"item\":\"https:\\\/\\\/krav-maga-on-line.com\\\/pt-br\\\/\"},{\"@type\":\"ListItem\",\"position\":2,\"name\":\"\u00c9 T\u00c3O C\u00d3MODO\"}]},{\"@type\":\"WebSite\",\"@id\":\"https:\\\/\\\/krav-maga-on-line.com\\\/pt-br\\\/#website\",\"url\":\"https:\\\/\\\/krav-maga-on-line.com\\\/pt-br\\\/\",\"name\":\"Krav Maga Online Training Course: Learn Self Defense Online, Obtain Online Krav Maga Instructor Certification, and Earn Your Krav Maga Black Belt Online\",\"description\":\"Training Self Defense Video Courses\",\"publisher\":{\"@id\":\"https:\\\/\\\/krav-maga-on-line.com\\\/pt-br\\\/#organization\"},\"potentialAction\":[{\"@type\":\"SearchAction\",\"target\":{\"@type\":\"EntryPoint\",\"urlTemplate\":\"https:\\\/\\\/krav-maga-on-line.com\\\/pt-br\\\/?s={search_term_string}\"},\"query-input\":{\"@type\":\"PropertyValueSpecification\",\"valueRequired\":true,\"valueName\":\"search_term_string\"}}],\"inLanguage\":\"pt-BR\"},{\"@type\":\"Organization\",\"@id\":\"https:\\\/\\\/krav-maga-on-line.com\\\/pt-br\\\/#organization\",\"name\":\"Krav Maga Online Training Course: Learn Self Defense Online, Obtain Online Krav Maga Instructor Certification, and Earn Your Krav Maga Black Belt Online\",\"url\":\"https:\\\/\\\/krav-maga-on-line.com\\\/pt-br\\\/\",\"logo\":{\"@type\":\"ImageObject\",\"inLanguage\":\"pt-BR\",\"@id\":\"https:\\\/\\\/krav-maga-on-line.com\\\/pt-br\\\/#\\\/schema\\\/logo\\\/image\\\/\",\"url\":\"https:\\\/\\\/krav-maga-on-line.com\\\/wp-content\\\/uploads\\\/2024\\\/09\\\/cropped-Krav-Maga-Online-favicon.png\",\"contentUrl\":\"https:\\\/\\\/krav-maga-on-line.com\\\/wp-content\\\/uploads\\\/2024\\\/09\\\/cropped-Krav-Maga-Online-favicon.png\",\"width\":512,\"height\":512,\"caption\":\"Krav Maga Online Training Course: Learn Self Defense Online, Obtain Online Krav Maga Instructor Certification, and Earn Your Krav Maga Black Belt Online\"},\"image\":{\"@id\":\"https:\\\/\\\/krav-maga-on-line.com\\\/pt-br\\\/#\\\/schema\\\/logo\\\/image\\\/\"},\"sameAs\":[\"https:\\\/\\\/www.facebook.com\\\/expert.alain.cohen\\\/\",\"https:\\\/\\\/x.com\\\/KRAVSECURITY\",\"https:\\\/\\\/www.linkedin.com\\\/in\\\/kravmaga1\",\"https:\\\/\\\/www.instagram.com\\\/cohen_alain\\\/\",\"https:\\\/\\\/www.youtube.com\\\/c\\\/KRAVMAGA1?sub_confirmation=1\",\"https:\\\/\\\/www.tiktok.com\\\/@kravmagacohen\",\"https:\\\/\\\/www.snapchat.com\\\/add\\\/kravmagaonline\"]}]}<\/script>\n<!-- \/ Yoast SEO plugin. -->","yoast_head_json":{"title":"\u00c9 T\u00c3O C\u00d3MODO - Krav Maga Online","robots":{"index":"index","follow":"follow","max-snippet":"max-snippet:-1","max-image-preview":"max-image-preview:large","max-video-preview":"max-video-preview:-1"},"canonical":"https:\/\/krav-maga-on-line.com\/pt-br\/e-tao-comodo\/","og_locale":"pt_BR","og_type":"article","og_title":"\u00c9 T\u00c3O C\u00d3MODO - Krav Maga Online","og_description":"https:\/\/vimeo.com\/644292413 Para aqueles que j\u00e1 experimentaram a dura realidade da agress\u00e3o nas ruas, entendemos o impacto profundo que isso pode ter em todos os aspectos da sua vida. O medo, o trauma e a sensa\u00e7\u00e3o de vulnerabilidade podem persistir, afetando sua confian\u00e7a, seus relacionamentos e seu bem-estar geral. Mas aqui est\u00e1 a not\u00edcia incr\u00edvel: voc\u00ea [&hellip;]","og_url":"https:\/\/krav-maga-on-line.com\/pt-br\/e-tao-comodo\/","og_site_name":"Krav Maga Online","article_publisher":"https:\/\/www.facebook.com\/expert.alain.cohen\/","article_modified_time":"2024-10-18T06:51:57+00:00","og_image":[{"url":"https:\/\/krav-maga-on-line.com\/wp-content\/uploads\/2023\/05\/PRICES-KM-ONLINE.003-min-1024x768.jpeg","type":"","width":"","height":""}],"twitter_card":"summary_large_image","twitter_site":"@KRAVSECURITY","twitter_misc":{"Est. tempo de leitura":"2 minutos"},"schema":{"@context":"https:\/\/schema.org","@graph":[{"@type":"WebPage","@id":"https:\/\/krav-maga-on-line.com\/pt-br\/e-tao-comodo\/","url":"https:\/\/krav-maga-on-line.com\/pt-br\/e-tao-comodo\/","name":"\u00c9 T\u00c3O C\u00d3MODO - Krav Maga Online","isPartOf":{"@id":"https:\/\/krav-maga-on-line.com\/pt-br\/#website"},"datePublished":"2021-11-10T11:04:07+00:00","dateModified":"2024-10-18T06:51:57+00:00","breadcrumb":{"@id":"https:\/\/krav-maga-on-line.com\/pt-br\/e-tao-comodo\/#breadcrumb"},"inLanguage":"pt-BR","potentialAction":[{"@type":"ReadAction","target":["https:\/\/krav-maga-on-line.com\/pt-br\/e-tao-comodo\/"]}]},{"@type":"BreadcrumbList","@id":"https:\/\/krav-maga-on-line.com\/pt-br\/e-tao-comodo\/#breadcrumb","itemListElement":[{"@type":"ListItem","position":1,"name":"In\u00edcio","item":"https:\/\/krav-maga-on-line.com\/pt-br\/"},{"@type":"ListItem","position":2,"name":"\u00c9 T\u00c3O C\u00d3MODO"}]},{"@type":"WebSite","@id":"https:\/\/krav-maga-on-line.com\/pt-br\/#website","url":"https:\/\/krav-maga-on-line.com\/pt-br\/","name":"Krav Maga Online Training Course: Learn Self Defense Online, Obtain Online Krav Maga Instructor Certification, and Earn Your Krav Maga Black Belt Online","description":"Training Self Defense Video Courses","publisher":{"@id":"https:\/\/krav-maga-on-line.com\/pt-br\/#organization"},"potentialAction":[{"@type":"SearchAction","target":{"@type":"EntryPoint","urlTemplate":"https:\/\/krav-maga-on-line.com\/pt-br\/?s={search_term_string}"},"query-input":{"@type":"PropertyValueSpecification","valueRequired":true,"valueName":"search_term_string"}}],"inLanguage":"pt-BR"},{"@type":"Organization","@id":"https:\/\/krav-maga-on-line.com\/pt-br\/#organization","name":"Krav Maga Online Training Course: Learn Self Defense Online, Obtain Online Krav Maga Instructor Certification, and Earn Your Krav Maga Black Belt Online","url":"https:\/\/krav-maga-on-line.com\/pt-br\/","logo":{"@type":"ImageObject","inLanguage":"pt-BR","@id":"https:\/\/krav-maga-on-line.com\/pt-br\/#\/schema\/logo\/image\/","url":"https:\/\/krav-maga-on-line.com\/wp-content\/uploads\/2024\/09\/cropped-Krav-Maga-Online-favicon.png","contentUrl":"https:\/\/krav-maga-on-line.com\/wp-content\/uploads\/2024\/09\/cropped-Krav-Maga-Online-favicon.png","width":512,"height":512,"caption":"Krav Maga Online Training Course: Learn Self Defense Online, Obtain Online Krav Maga Instructor Certification, and Earn Your Krav Maga Black Belt Online"},"image":{"@id":"https:\/\/krav-maga-on-line.com\/pt-br\/#\/schema\/logo\/image\/"},"sameAs":["https:\/\/www.facebook.com\/expert.alain.cohen\/","https:\/\/x.com\/KRAVSECURITY","https:\/\/www.linkedin.com\/in\/kravmaga1","https:\/\/www.instagram.com\/cohen_alain\/","https:\/\/www.youtube.com\/c\/KRAVMAGA1?sub_confirmation=1","https:\/\/www.tiktok.com\/@kravmagacohen","https:\/\/www.snapchat.com\/add\/kravmagaonline"]}]}},"_links":{"self":[{"href":"https:\/\/krav-maga-on-line.com\/pt-br\/wp-json\/wp\/v2\/pages\/45170","targetHints":{"allow":["GET"]}}],"collection":[{"href":"https:\/\/krav-maga-on-line.com\/pt-br\/wp-json\/wp\/v2\/pages"}],"about":[{"href":"https:\/\/krav-maga-on-line.com\/pt-br\/wp-json\/wp\/v2\/types\/page"}],"author":[{"embeddable":true,"href":"https:\/\/krav-maga-on-line.com\/pt-br\/wp-json\/wp\/v2\/users\/1"}],"replies":[{"embeddable":true,"href":"https:\/\/krav-maga-on-line.com\/pt-br\/wp-json\/wp\/v2\/comments?post=45170"}],"version-history":[{"count":0,"href":"https:\/\/krav-maga-on-line.com\/pt-br\/wp-json\/wp\/v2\/pages\/45170\/revisions"}],"wp:attachment":[{"href":"https:\/\/krav-maga-on-line.com\/pt-br\/wp-json\/wp\/v2\/media?parent=45170"}],"curies":[{"name":"wp","href":"https:\/\/api.w.org\/{rel}","templated":true}]}}