{"id":45252,"date":"2020-06-05T13:47:13","date_gmt":"2020-06-05T11:47:13","guid":{"rendered":"https:\/\/krav-maga-on-line.com\/esperienza-di-krav-maga-online-e-davvero-possibile\/"},"modified":"2024-10-18T08:52:10","modified_gmt":"2024-10-18T06:52:10","slug":"esperienza-di-krav-maga-online-e-davvero-possibile","status":"publish","type":"page","link":"https:\/\/krav-maga-on-line.com\/it\/esperienza-di-krav-maga-online-e-davvero-possibile\/","title":{"rendered":"Esperienza di Krav Maga online: \u00e8 davvero possibile?"},"content":{"rendered":"\t\t<div data-elementor-type=\"wp-page\" data-elementor-id=\"45252\" class=\"elementor elementor-45252 elementor-12627\" data-elementor-post-type=\"page\">\n\t\t\t\t\t\t<section class=\"elementor-section elementor-top-section elementor-element elementor-element-016f2ff elementor-section-boxed elementor-section-height-default elementor-section-height-default\" data-id=\"016f2ff\" data-element_type=\"section\" data-e-type=\"section\">\n\t\t\t\t\t\t<div class=\"elementor-container elementor-column-gap-default\">\n\t\t\t\t\t<div class=\"elementor-column elementor-col-100 elementor-top-column elementor-element elementor-element-046ae3e\" data-id=\"046ae3e\" data-element_type=\"column\" data-e-type=\"column\">\n\t\t\t<div class=\"elementor-widget-wrap elementor-element-populated\">\n\t\t\t\t\t\t<div class=\"elementor-element elementor-element-31fd3a6 elementor-widget elementor-widget-video\" data-id=\"31fd3a6\" data-element_type=\"widget\" data-e-type=\"widget\" data-settings=\"{&quot;video_type&quot;:&quot;vimeo&quot;}\" data-widget_type=\"video.default\">\n\t\t\t\t<div class=\"elementor-widget-container\">\n\t\t\t\t\t\t\t<div class=\"elementor-wrapper elementor-open-inline\">\n\t\t\t<iframe class=\"elementor-video-iframe\" allowfullscreen allow=\"clipboard-write\" title=\"vimeo Video Player\" src=\"https:\/\/player.vimeo.com\/video\/309665216?color&amp;autopause=0&amp;loop=0&amp;muted=0&amp;title=1&amp;portrait=1&amp;byline=1#t=\"><\/iframe>\t\t<\/div>\n\t\t\t\t\t\t<\/div>\n\t\t\t\t<\/div>\n\t\t\t\t<div class=\"elementor-element elementor-element-69f5d5e elementor-widget__width-inherit elementor-widget elementor-widget-text-editor\" data-id=\"69f5d5e\" data-element_type=\"widget\" data-e-type=\"widget\" data-widget_type=\"text-editor.default\">\n\t\t\t\t<div class=\"elementor-widget-container\">\n\t\t\t\t\t\t\t\t\t<p class=\"p1\">Siete costantemente preoccupati per la vostra sicurezza o per quella dei vostri cari? \u00c8 il momento di liberarsi dalla paura e di abbracciare i benefici che cambiano la vita del nostro programma online di Krav Maga. Con il nostro programma completo, imparerete tecniche di autodifesa pratiche, testate in battaglia e di provata efficacia. Ma non \u00e8 tutto: il nostro programma va oltre la fisicit\u00e0, consentendovi di attingere alla vostra forza interiore e alla vostra resilienza. Acquisterete la fiducia necessaria per affrontare le sfide della vita con facilit\u00e0, sapendo di avere le competenze necessarie per proteggere voi stessi e i vostri cari. Unisciti alla nostra comunit\u00e0 di persone che la pensano come te e che hanno gi\u00e0 sperimentato il potere trasformativo del Krav Maga. Insieme, creeremo un mondo pi\u00f9 sicuro e pi\u00f9 ricco di risorse.<\/p>\n\t\t\t\t\t\t\t\t<\/div>\n\t\t\t\t<\/div>\n\t\t\t\t<div class=\"elementor-element elementor-element-bcee438 elementor-align-center elementor-tablet-align-center elementor-widget elementor-widget-button\" data-id=\"bcee438\" data-element_type=\"widget\" data-e-type=\"widget\" data-widget_type=\"button.default\">\n\t\t\t\t<div class=\"elementor-widget-container\">\n\t\t\t\t\t\t\t\t\t<div class=\"elementor-button-wrapper\">\n\t\t\t\t\t<a class=\"elementor-button elementor-button-link elementor-size-sm\" href=\"https:\/\/krav-maga-on-line.com\/it\/\">\n\t\t\t\t\t\t<span class=\"elementor-button-content-wrapper\">\n\t\t\t\t\t\t\t\t\t<span class=\"elementor-button-text\">Iscriviti<\/span>\n\t\t\t\t\t<\/span>\n\t\t\t\t\t<\/a>\n\t\t\t\t<\/div>\n\t\t\t\t\t\t\t\t<\/div>\n\t\t\t\t<\/div>\n\t\t\t\t\t<\/div>\n\t\t<\/div>\n\t\t\t\t\t<\/div>\n\t\t<\/section>\n\t\t\t\t<\/div>\n\t\t","protected":false},"excerpt":{"rendered":"<p>https:\/\/vimeo.com\/309665216 Siete costantemente preoccupati per la vostra sicurezza o per quella dei vostri cari? \u00c8 il momento di liberarsi dalla paura e di abbracciare i benefici che cambiano la vita del nostro programma online di Krav Maga. Con il nostro programma completo, imparerete tecniche di autodifesa pratiche, testate in battaglia e di provata efficacia. Ma [&hellip;]<\/p>\n","protected":false},"author":1,"featured_media":0,"parent":0,"menu_order":0,"comment_status":"closed","ping_status":"closed","template":"","meta":{"footnotes":""},"class_list":["post-45252","page","type-page","status-publish","hentry"],"yoast_head":"<!-- This site is optimized with the Yoast SEO plugin v27.5 - https:\/\/yoast.com\/product\/yoast-seo-wordpress\/ -->\n<title>Esperienza di Krav Maga online: \u00e8 davvero possibile? - Krav Maga Online<\/title>\n<meta name=\"robots\" content=\"index, follow, max-snippet:-1, max-image-preview:large, max-video-preview:-1\" \/>\n<link rel=\"canonical\" href=\"https:\/\/krav-maga-on-line.com\/it\/esperienza-di-krav-maga-online-e-davvero-possibile\/\" \/>\n<meta property=\"og:locale\" content=\"it_IT\" \/>\n<meta property=\"og:type\" content=\"article\" \/>\n<meta property=\"og:title\" content=\"Esperienza di Krav Maga online: \u00e8 davvero possibile? - Krav Maga Online\" \/>\n<meta property=\"og:description\" content=\"https:\/\/vimeo.com\/309665216 Siete costantemente preoccupati per la vostra sicurezza o per quella dei vostri cari? \u00c8 il momento di liberarsi dalla paura e di abbracciare i benefici che cambiano la vita del nostro programma online di Krav Maga. Con il nostro programma completo, imparerete tecniche di autodifesa pratiche, testate in battaglia e di provata efficacia. Ma [&hellip;]\" \/>\n<meta property=\"og:url\" content=\"https:\/\/krav-maga-on-line.com\/it\/esperienza-di-krav-maga-online-e-davvero-possibile\/\" \/>\n<meta property=\"og:site_name\" content=\"Krav Maga Online\" \/>\n<meta property=\"article:publisher\" content=\"https:\/\/www.facebook.com\/expert.alain.cohen\/\" \/>\n<meta property=\"article:modified_time\" content=\"2024-10-18T06:52:10+00:00\" \/>\n<meta property=\"og:image\" content=\"https:\/\/krav-maga-on-line.com\/wp-content\/uploads\/2023\/05\/PRICES-KM-ONLINE.003-min.jpeg\" \/>\n<meta name=\"twitter:card\" content=\"summary_large_image\" \/>\n<meta name=\"twitter:site\" content=\"@KRAVSECURITY\" \/>\n<meta name=\"twitter:label1\" content=\"Tempo di lettura stimato\" \/>\n\t<meta name=\"twitter:data1\" content=\"1 minuto\" \/>\n<script type=\"application\/ld+json\" class=\"yoast-schema-graph\">{\"@context\":\"https:\\\/\\\/schema.org\",\"@graph\":[{\"@type\":\"WebPage\",\"@id\":\"https:\\\/\\\/krav-maga-on-line.com\\\/it\\\/esperienza-di-krav-maga-online-e-davvero-possibile\\\/\",\"url\":\"https:\\\/\\\/krav-maga-on-line.com\\\/it\\\/esperienza-di-krav-maga-online-e-davvero-possibile\\\/\",\"name\":\"Esperienza di Krav Maga online: \u00e8 davvero possibile? - Krav Maga Online\",\"isPartOf\":{\"@id\":\"https:\\\/\\\/krav-maga-on-line.com\\\/it\\\/#website\"},\"datePublished\":\"2020-06-05T11:47:13+00:00\",\"dateModified\":\"2024-10-18T06:52:10+00:00\",\"breadcrumb\":{\"@id\":\"https:\\\/\\\/krav-maga-on-line.com\\\/it\\\/esperienza-di-krav-maga-online-e-davvero-possibile\\\/#breadcrumb\"},\"inLanguage\":\"it-IT\",\"potentialAction\":[{\"@type\":\"ReadAction\",\"target\":[\"https:\\\/\\\/krav-maga-on-line.com\\\/it\\\/esperienza-di-krav-maga-online-e-davvero-possibile\\\/\"]}]},{\"@type\":\"BreadcrumbList\",\"@id\":\"https:\\\/\\\/krav-maga-on-line.com\\\/it\\\/esperienza-di-krav-maga-online-e-davvero-possibile\\\/#breadcrumb\",\"itemListElement\":[{\"@type\":\"ListItem\",\"position\":1,\"name\":\"Casa\",\"item\":\"https:\\\/\\\/krav-maga-on-line.com\\\/it\\\/\"},{\"@type\":\"ListItem\",\"position\":2,\"name\":\"Esperienza di Krav Maga online: \u00e8 davvero possibile?\"}]},{\"@type\":\"WebSite\",\"@id\":\"https:\\\/\\\/krav-maga-on-line.com\\\/it\\\/#website\",\"url\":\"https:\\\/\\\/krav-maga-on-line.com\\\/it\\\/\",\"name\":\"Krav Maga Online Training Course: Learn Self Defense Online, Obtain Online Krav Maga Instructor Certification, and Earn Your Krav Maga Black Belt Online\",\"description\":\"Training Self Defense Video Courses\",\"publisher\":{\"@id\":\"https:\\\/\\\/krav-maga-on-line.com\\\/it\\\/#organization\"},\"potentialAction\":[{\"@type\":\"SearchAction\",\"target\":{\"@type\":\"EntryPoint\",\"urlTemplate\":\"https:\\\/\\\/krav-maga-on-line.com\\\/it\\\/?s={search_term_string}\"},\"query-input\":{\"@type\":\"PropertyValueSpecification\",\"valueRequired\":true,\"valueName\":\"search_term_string\"}}],\"inLanguage\":\"it-IT\"},{\"@type\":\"Organization\",\"@id\":\"https:\\\/\\\/krav-maga-on-line.com\\\/it\\\/#organization\",\"name\":\"Krav Maga Online Training Course: Learn Self Defense Online, Obtain Online Krav Maga Instructor Certification, and Earn Your Krav Maga Black Belt Online\",\"url\":\"https:\\\/\\\/krav-maga-on-line.com\\\/it\\\/\",\"logo\":{\"@type\":\"ImageObject\",\"inLanguage\":\"it-IT\",\"@id\":\"https:\\\/\\\/krav-maga-on-line.com\\\/it\\\/#\\\/schema\\\/logo\\\/image\\\/\",\"url\":\"https:\\\/\\\/krav-maga-on-line.com\\\/wp-content\\\/uploads\\\/2024\\\/09\\\/cropped-Krav-Maga-Online-favicon.png\",\"contentUrl\":\"https:\\\/\\\/krav-maga-on-line.com\\\/wp-content\\\/uploads\\\/2024\\\/09\\\/cropped-Krav-Maga-Online-favicon.png\",\"width\":512,\"height\":512,\"caption\":\"Krav Maga Online Training Course: Learn Self Defense Online, Obtain Online Krav Maga Instructor Certification, and Earn Your Krav Maga Black Belt Online\"},\"image\":{\"@id\":\"https:\\\/\\\/krav-maga-on-line.com\\\/it\\\/#\\\/schema\\\/logo\\\/image\\\/\"},\"sameAs\":[\"https:\\\/\\\/www.facebook.com\\\/expert.alain.cohen\\\/\",\"https:\\\/\\\/x.com\\\/KRAVSECURITY\",\"https:\\\/\\\/www.linkedin.com\\\/in\\\/kravmaga1\",\"https:\\\/\\\/www.instagram.com\\\/cohen_alain\\\/\",\"https:\\\/\\\/www.youtube.com\\\/c\\\/KRAVMAGA1?sub_confirmation=1\",\"https:\\\/\\\/www.tiktok.com\\\/@kravmagacohen\",\"https:\\\/\\\/www.snapchat.com\\\/add\\\/kravmagaonline\"]}]}<\/script>\n<!-- \/ Yoast SEO plugin. -->","yoast_head_json":{"title":"Esperienza di Krav Maga online: \u00e8 davvero possibile? - Krav Maga Online","robots":{"index":"index","follow":"follow","max-snippet":"max-snippet:-1","max-image-preview":"max-image-preview:large","max-video-preview":"max-video-preview:-1"},"canonical":"https:\/\/krav-maga-on-line.com\/it\/esperienza-di-krav-maga-online-e-davvero-possibile\/","og_locale":"it_IT","og_type":"article","og_title":"Esperienza di Krav Maga online: \u00e8 davvero possibile? - Krav Maga Online","og_description":"https:\/\/vimeo.com\/309665216 Siete costantemente preoccupati per la vostra sicurezza o per quella dei vostri cari? \u00c8 il momento di liberarsi dalla paura e di abbracciare i benefici che cambiano la vita del nostro programma online di Krav Maga. Con il nostro programma completo, imparerete tecniche di autodifesa pratiche, testate in battaglia e di provata efficacia. Ma [&hellip;]","og_url":"https:\/\/krav-maga-on-line.com\/it\/esperienza-di-krav-maga-online-e-davvero-possibile\/","og_site_name":"Krav Maga Online","article_publisher":"https:\/\/www.facebook.com\/expert.alain.cohen\/","article_modified_time":"2024-10-18T06:52:10+00:00","og_image":[{"url":"https:\/\/krav-maga-on-line.com\/wp-content\/uploads\/2023\/05\/PRICES-KM-ONLINE.003-min.jpeg","type":"","width":"","height":""}],"twitter_card":"summary_large_image","twitter_site":"@KRAVSECURITY","twitter_misc":{"Tempo di lettura stimato":"1 minuto"},"schema":{"@context":"https:\/\/schema.org","@graph":[{"@type":"WebPage","@id":"https:\/\/krav-maga-on-line.com\/it\/esperienza-di-krav-maga-online-e-davvero-possibile\/","url":"https:\/\/krav-maga-on-line.com\/it\/esperienza-di-krav-maga-online-e-davvero-possibile\/","name":"Esperienza di Krav Maga online: \u00e8 davvero possibile? - Krav Maga Online","isPartOf":{"@id":"https:\/\/krav-maga-on-line.com\/it\/#website"},"datePublished":"2020-06-05T11:47:13+00:00","dateModified":"2024-10-18T06:52:10+00:00","breadcrumb":{"@id":"https:\/\/krav-maga-on-line.com\/it\/esperienza-di-krav-maga-online-e-davvero-possibile\/#breadcrumb"},"inLanguage":"it-IT","potentialAction":[{"@type":"ReadAction","target":["https:\/\/krav-maga-on-line.com\/it\/esperienza-di-krav-maga-online-e-davvero-possibile\/"]}]},{"@type":"BreadcrumbList","@id":"https:\/\/krav-maga-on-line.com\/it\/esperienza-di-krav-maga-online-e-davvero-possibile\/#breadcrumb","itemListElement":[{"@type":"ListItem","position":1,"name":"Casa","item":"https:\/\/krav-maga-on-line.com\/it\/"},{"@type":"ListItem","position":2,"name":"Esperienza di Krav Maga online: \u00e8 davvero possibile?"}]},{"@type":"WebSite","@id":"https:\/\/krav-maga-on-line.com\/it\/#website","url":"https:\/\/krav-maga-on-line.com\/it\/","name":"Krav Maga Online Training Course: Learn Self Defense Online, Obtain Online Krav Maga Instructor Certification, and Earn Your Krav Maga Black Belt Online","description":"Training Self Defense Video Courses","publisher":{"@id":"https:\/\/krav-maga-on-line.com\/it\/#organization"},"potentialAction":[{"@type":"SearchAction","target":{"@type":"EntryPoint","urlTemplate":"https:\/\/krav-maga-on-line.com\/it\/?s={search_term_string}"},"query-input":{"@type":"PropertyValueSpecification","valueRequired":true,"valueName":"search_term_string"}}],"inLanguage":"it-IT"},{"@type":"Organization","@id":"https:\/\/krav-maga-on-line.com\/it\/#organization","name":"Krav Maga Online Training Course: Learn Self Defense Online, Obtain Online Krav Maga Instructor Certification, and Earn Your Krav Maga Black Belt Online","url":"https:\/\/krav-maga-on-line.com\/it\/","logo":{"@type":"ImageObject","inLanguage":"it-IT","@id":"https:\/\/krav-maga-on-line.com\/it\/#\/schema\/logo\/image\/","url":"https:\/\/krav-maga-on-line.com\/wp-content\/uploads\/2024\/09\/cropped-Krav-Maga-Online-favicon.png","contentUrl":"https:\/\/krav-maga-on-line.com\/wp-content\/uploads\/2024\/09\/cropped-Krav-Maga-Online-favicon.png","width":512,"height":512,"caption":"Krav Maga Online Training Course: Learn Self Defense Online, Obtain Online Krav Maga Instructor Certification, and Earn Your Krav Maga Black Belt Online"},"image":{"@id":"https:\/\/krav-maga-on-line.com\/it\/#\/schema\/logo\/image\/"},"sameAs":["https:\/\/www.facebook.com\/expert.alain.cohen\/","https:\/\/x.com\/KRAVSECURITY","https:\/\/www.linkedin.com\/in\/kravmaga1","https:\/\/www.instagram.com\/cohen_alain\/","https:\/\/www.youtube.com\/c\/KRAVMAGA1?sub_confirmation=1","https:\/\/www.tiktok.com\/@kravmagacohen","https:\/\/www.snapchat.com\/add\/kravmagaonline"]}]}},"_links":{"self":[{"href":"https:\/\/krav-maga-on-line.com\/it\/wp-json\/wp\/v2\/pages\/45252","targetHints":{"allow":["GET"]}}],"collection":[{"href":"https:\/\/krav-maga-on-line.com\/it\/wp-json\/wp\/v2\/pages"}],"about":[{"href":"https:\/\/krav-maga-on-line.com\/it\/wp-json\/wp\/v2\/types\/page"}],"author":[{"embeddable":true,"href":"https:\/\/krav-maga-on-line.com\/it\/wp-json\/wp\/v2\/users\/1"}],"replies":[{"embeddable":true,"href":"https:\/\/krav-maga-on-line.com\/it\/wp-json\/wp\/v2\/comments?post=45252"}],"version-history":[{"count":0,"href":"https:\/\/krav-maga-on-line.com\/it\/wp-json\/wp\/v2\/pages\/45252\/revisions"}],"wp:attachment":[{"href":"https:\/\/krav-maga-on-line.com\/it\/wp-json\/wp\/v2\/media?parent=45252"}],"curies":[{"name":"wp","href":"https:\/\/api.w.org\/{rel}","templated":true}]}}