{"id":34822,"date":"2020-06-05T15:30:23","date_gmt":"2020-06-05T13:30:23","guid":{"rendered":"https:\/\/krav-maga-on-line.com\/premio-krav-maga\/"},"modified":"2024-10-18T08:51:58","modified_gmt":"2024-10-18T06:51:58","slug":"premio-krav-maga","status":"publish","type":"page","link":"https:\/\/krav-maga-on-line.com\/it\/premio-krav-maga\/","title":{"rendered":"Premio Krav Maga"},"content":{"rendered":"\t\t<div data-elementor-type=\"wp-page\" data-elementor-id=\"34822\" class=\"elementor elementor-34822 elementor-12654\" data-elementor-post-type=\"page\">\n\t\t\t\t\t\t<section class=\"elementor-section elementor-top-section elementor-element elementor-element-ef061fd elementor-section-boxed elementor-section-height-default elementor-section-height-default\" data-id=\"ef061fd\" data-element_type=\"section\" data-e-type=\"section\">\n\t\t\t\t\t\t<div class=\"elementor-container elementor-column-gap-default\">\n\t\t\t\t\t<div class=\"elementor-column elementor-col-100 elementor-top-column elementor-element elementor-element-e1eb9fc\" data-id=\"e1eb9fc\" data-element_type=\"column\" data-e-type=\"column\">\n\t\t\t<div class=\"elementor-widget-wrap elementor-element-populated\">\n\t\t\t\t\t\t<div class=\"elementor-element elementor-element-c9d1600 elementor-widget elementor-widget-heading\" data-id=\"c9d1600\" data-element_type=\"widget\" data-e-type=\"widget\" data-widget_type=\"heading.default\">\n\t\t\t\t<div class=\"elementor-widget-container\">\n\t\t\t\t\t<h2 class=\"elementor-heading-title elementor-size-default\">Liberate il vostro pieno potenziale con il Krav Maga Online - La soluzione alle vostre frustrazioni!<\/h2>\t\t\t\t<\/div>\n\t\t\t\t<\/div>\n\t\t\t\t<div class=\"elementor-element elementor-element-e6016e5 elementor-widget elementor-widget-spacer\" data-id=\"e6016e5\" data-element_type=\"widget\" data-e-type=\"widget\" data-widget_type=\"spacer.default\">\n\t\t\t\t<div class=\"elementor-widget-container\">\n\t\t\t\t\t\t\t<div class=\"elementor-spacer\">\n\t\t\t<div class=\"elementor-spacer-inner\"><\/div>\n\t\t<\/div>\n\t\t\t\t\t\t<\/div>\n\t\t\t\t<\/div>\n\t\t\t\t<div class=\"elementor-element elementor-element-36d3227 elementor-invisible elementor-widget elementor-widget-video\" data-id=\"36d3227\" data-element_type=\"widget\" data-e-type=\"widget\" data-settings=\"{&quot;video_type&quot;:&quot;vimeo&quot;,&quot;autoplay&quot;:&quot;yes&quot;,&quot;_animation&quot;:&quot;zoomInDown&quot;}\" data-widget_type=\"video.default\">\n\t\t\t\t<div class=\"elementor-widget-container\">\n\t\t\t\t\t\t\t<div class=\"elementor-wrapper elementor-open-inline\">\n\t\t\t<iframe class=\"elementor-video-iframe\" allowfullscreen allow=\"autoplay\" title=\"vimeo Video Player\" src=\"https:\/\/player.vimeo.com\/video\/309070909?autoplay=1&amp;color&amp;autopause=0&amp;loop=0&amp;muted=0&amp;title=1&amp;portrait=1&amp;byline=1#t=\"><\/iframe>\t\t<\/div>\n\t\t\t\t\t\t<\/div>\n\t\t\t\t<\/div>\n\t\t\t\t<div class=\"elementor-element elementor-element-dfa39ba elementor-widget elementor-widget-spacer\" data-id=\"dfa39ba\" data-element_type=\"widget\" data-e-type=\"widget\" data-widget_type=\"spacer.default\">\n\t\t\t\t<div class=\"elementor-widget-container\">\n\t\t\t\t\t\t\t<div class=\"elementor-spacer\">\n\t\t\t<div class=\"elementor-spacer-inner\"><\/div>\n\t\t<\/div>\n\t\t\t\t\t\t<\/div>\n\t\t\t\t<\/div>\n\t\t\t\t<div class=\"elementor-element elementor-element-fe45bff elementor-widget__width-inherit elementor-widget elementor-widget-text-editor\" data-id=\"fe45bff\" data-element_type=\"widget\" data-e-type=\"widget\" data-widget_type=\"text-editor.default\">\n\t\t\t\t<div class=\"elementor-widget-container\">\n\t\t\t\t\t\t\t\t\t<p class=\"p1\">Siete stanchi della lotta costante e dei sacrifici che dovete fare solo per perseguire la vostra passione per il Krav Maga? \u00c8 ora di liberarsi dalle limitazioni imposte dalla distanza e di abbracciare una nuova era dell&#8217;allenamento. Abbiamo la soluzione miracolosa che stavate cercando. Dite addio alle lunghe ore di guida, alla frustrazione di arrivare in ritardo a lezione e al senso di colpa per aver lasciato indietro la vostra famiglia. Con il nostro programma di Krav Maga online, il vostro sogno di diventare cintura nera \u00e8 a portata di mano e non dovrete pi\u00f9 compromettere il vostro prezioso tempo con i vostri cari. Immaginate la comodit\u00e0 di allenarvi quando volete, senza preoccuparvi del traffico o della cancellazione delle lezioni. Il nostro programma \u00e8 disponibile 24 ore su 24, 7 giorni su 7, a portata di mano. Dalla comodit\u00e0 di casa vostra, ora potete accedere a lezioni di esperti, sessioni interattive e risorse complete che alimenteranno i vostri progressi e manterranno viva la vostra passione. Niente pi\u00f9 battute d&#8217;arresto, niente pi\u00f9 limitazioni. Abbracciate la libert\u00e0 e la flessibilit\u00e0 che il nostro programma online vi offre e guardate come le vostre capacit\u00e0 salgono a nuove altezze. Il vostro viaggio per diventare Cintura Nera inizia ora. Non lasciate che la distanza vi ostacoli ulteriormente. Unisciti a noi e sperimenta il potere trasformativo del Krav Maga, mentre sei presente per coloro che contano di pi\u00f9 nella tua vita. \u00c8 il momento di recuperare il vostro tempo, liberare il vostro potenziale e riscrivere la vostra storia del Krav Maga. Iscriviti al nostro programma online oggi e lascia che la magia si sveli!<\/p>\n\t\t\t\t\t\t\t\t<\/div>\n\t\t\t\t<\/div>\n\t\t\t\t<div class=\"elementor-element elementor-element-0382038 elementor-align-center elementor-tablet-align-center elementor-widget elementor-widget-button\" data-id=\"0382038\" data-element_type=\"widget\" data-e-type=\"widget\" data-widget_type=\"button.default\">\n\t\t\t\t<div class=\"elementor-widget-container\">\n\t\t\t\t\t\t\t\t\t<div class=\"elementor-button-wrapper\">\n\t\t\t\t\t<a class=\"elementor-button elementor-button-link elementor-size-sm\" href=\"https:\/\/krav-maga-on-line.com\/it\/\">\n\t\t\t\t\t\t<span class=\"elementor-button-content-wrapper\">\n\t\t\t\t\t\t<span class=\"elementor-button-icon\">\n\t\t\t\t<svg aria-hidden=\"true\" class=\"e-font-icon-svg e-fas-arrow-right\" viewBox=\"0 0 448 512\" xmlns=\"http:\/\/www.w3.org\/2000\/svg\"><path d=\"M190.5 66.9l22.2-22.2c9.4-9.4 24.6-9.4 33.9 0L441 239c9.4 9.4 9.4 24.6 0 33.9L246.6 467.3c-9.4 9.4-24.6 9.4-33.9 0l-22.2-22.2c-9.5-9.5-9.3-25 .4-34.3L311.4 296H24c-13.3 0-24-10.7-24-24v-32c0-13.3 10.7-24 24-24h287.4L190.9 101.2c-9.8-9.3-10-24.8-.4-34.3z\"><\/path><\/svg>\t\t\t<\/span>\n\t\t\t\t\t\t\t\t\t<span class=\"elementor-button-text\">Iscriviti<\/span>\n\t\t\t\t\t<\/span>\n\t\t\t\t\t<\/a>\n\t\t\t\t<\/div>\n\t\t\t\t\t\t\t\t<\/div>\n\t\t\t\t<\/div>\n\t\t\t\t<div class=\"elementor-element elementor-element-7118103 elementor-widget__width-inherit elementor-widget elementor-widget-text-editor\" data-id=\"7118103\" data-element_type=\"widget\" data-e-type=\"widget\" data-widget_type=\"text-editor.default\">\n\t\t\t\t<div class=\"elementor-widget-container\">\n\t\t\t\t\t\t\t\t\t<p>\n            <strong>Siete stanchi delle sfide e delle frustrazioni che derivano dal frequentare un corso di Krav Maga di persona? Comprendiamo quanto possa essere difficile destreggiarsi con un&#8217;agenda fitta di impegni, percorrere lunghe distanze e arrivare in ritardo alle lezioni, per poi perdere parti cruciali della formazione.<\/strong>\n          <\/p>\n<\/p>\n<div class=\"flex-1 overflow-hidden\">\n<div class=\"react-scroll-to-bottom--css-goimj-79elbk h-full dark:bg-gray-800\">\n<div class=\"react-scroll-to-bottom--css-goimj-1n7m0yu\">\n<div class=\"flex flex-col items-center text-sm dark:bg-gray-800\">\n<div class=\"group w-full text-gray-800 dark:text-gray-100 border-b border-black\/10 dark:border-gray-900\/50 bg-gray-50 dark:bg-[#444654]\">\n<div class=\"flex p-4 gap-4 text-base md:gap-6 md:max-w-2xl lg:max-w-xl xl:max-w-3xl md:py-6 lg:px-0 m-auto\">\n<div class=\"relative flex flex-col w-[calc(100%-50px)] gap-1 md:gap-3 lg:w-[calc(100%-115px)]\">\n<div class=\"flex flex-grow flex-col gap-3\">\n<div class=\"min-h-[20px] flex flex-col items-start gap-4 whitespace-pre-wrap break-words\">\n<div class=\"markdown prose w-full break-words dark:prose-invert light\">\n<ol>\n<li>\n<p>\n                                    <strong>Convenienza: Non dovrete pi\u00f9 passare ore in macchina per raggiungere una scuola di Krav Maga, lasciando indietro la vostra famiglia, per poi arrivare in ritardo e perdere tempo prezioso per l&#8217;allenamento. Con il nostro programma online, potete accedere a video didattici di alta qualit\u00e0 in qualsiasi momento e in qualsiasi luogo. Che sia dal comfort di casa vostra o in viaggio, avete la flessibilit\u00e0 di allenarvi secondo i vostri ritmi e la vostra convenienza.<\/strong>\n                                  <\/p>\n<\/li>\n<li>\n<p>\n                                    <strong>Curriculum completo: Il nostro programma offre un curriculum completo che copre tutti gli aspetti del Krav Maga. Dalle tecniche di base alle strategie avanzate, avrete accesso a un&#8217;ampia gamma di conoscenze e risorse formative. Ogni aspetto del percorso \u00e8 studiato con attenzione per aiutarvi a progredire in modo efficiente ed efficace.<\/strong>\n                                  <\/p>\n<\/li>\n<li>\n<p>\n                                    <strong>Progressione pi\u00f9 rapida: Con il nostro programma online, la progressione \u00e8 accelerata. Non dovrete pi\u00f9 aspettare un orario specifico o essere limitati dal ritmo di un gruppo. Avete la libert\u00e0 di concentrarvi sulle aree che richiedono maggiore attenzione, consentendovi di avanzare pi\u00f9 rapidamente e di raggiungere prima i vostri obiettivi.<\/strong>\n                                  <\/p>\n<\/li>\n<li>\n<p>\n                                    <strong>Gradi e certificazioni delle cinture: Prendiamo sul serio i vostri progressi. Il nostro programma online offre un percorso di apprendimento strutturato che consente di ottenere gradi e certificazioni di cintura. Avrete l&#8217;opportunit\u00e0 di dimostrare le vostre capacit\u00e0 e di ricevere un riconoscimento per il vostro duro lavoro e la vostra dedizione. I vostri progressi saranno monitorati e celebrati in ogni fase del percorso.<\/strong>\n                                  <\/p>\n<\/li>\n<li>\n<p>\n                                    <strong>Assistenza continua: Crediamo che il successo derivi da un supporto e una guida continui. Ecco perch\u00e9 il nostro programma prevede l&#8217;accesso a una comunit\u00e0 di sostegno composta da colleghi praticanti e istruttori esperti. Avrete l&#8217;opportunit\u00e0 di connettervi, condividere esperienze e ricevere feedback per assicurarvi di essere sempre sulla strada giusta.<\/strong>\n                                  <\/p>\n<\/li>\n<\/ol>\n<p>\n                                <strong>Non lasciate che le limitazioni geografiche e di tempo vi impediscano di raggiungere i vostri obiettivi nel Krav Maga. Il nostro programma di Krav Maga Online \u00e8 stato progettato per offrirvi un&#8217;esperienza di allenamento all&#8217;avanguardia, portando l&#8217;esperienza e le conoscenze dei migliori istruttori direttamente a voi.<\/strong>\n                              <\/p>\n<p>\n                                <strong>Prendete il controllo della vostra formazione, eliminate le frustrazioni e intraprendete un viaggio di trasformazione e potenziamento. Iscrivetevi oggi stesso al nostro programma di Krav Maga Online e scoprite un mondo di possibilit\u00e0.<\/strong>\n                              <\/p>\n<p>\n                                <strong>Cliccate sul link sottostante per saperne di pi\u00f9 e iniziare il vostro viaggio nel Krav Maga con noi:<\/strong>\n                              <\/p>\n<p>\n                                <strong>Non vediamo l&#8217;ora di vedervi prosperare e raggiungere nuovi traguardi con il Krav Maga Online.<\/strong>\n                              <\/p>\n<\/p><\/div>\n<\/p><\/div>\n<\/p><\/div>\n<\/p><\/div>\n<\/p><\/div>\n<\/p><\/div>\n<\/p><\/div>\n<\/p><\/div>\n<\/p><\/div>\n<\/p><\/div>\n\t\t\t\t\t\t\t\t<\/div>\n\t\t\t\t<\/div>\n\t\t\t\t<div class=\"elementor-element elementor-element-6643819 elementor-align-center elementor-tablet-align-center elementor-widget elementor-widget-button\" data-id=\"6643819\" data-element_type=\"widget\" data-e-type=\"widget\" data-widget_type=\"button.default\">\n\t\t\t\t<div class=\"elementor-widget-container\">\n\t\t\t\t\t\t\t\t\t<div class=\"elementor-button-wrapper\">\n\t\t\t\t\t<a class=\"elementor-button elementor-button-link elementor-size-sm\" href=\"https:\/\/krav-maga-on-line.com\/it\/\">\n\t\t\t\t\t\t<span class=\"elementor-button-content-wrapper\">\n\t\t\t\t\t\t<span class=\"elementor-button-icon\">\n\t\t\t\t<svg aria-hidden=\"true\" class=\"e-font-icon-svg e-fas-arrow-right\" viewBox=\"0 0 448 512\" xmlns=\"http:\/\/www.w3.org\/2000\/svg\"><path d=\"M190.5 66.9l22.2-22.2c9.4-9.4 24.6-9.4 33.9 0L441 239c9.4 9.4 9.4 24.6 0 33.9L246.6 467.3c-9.4 9.4-24.6 9.4-33.9 0l-22.2-22.2c-9.5-9.5-9.3-25 .4-34.3L311.4 296H24c-13.3 0-24-10.7-24-24v-32c0-13.3 10.7-24 24-24h287.4L190.9 101.2c-9.8-9.3-10-24.8-.4-34.3z\"><\/path><\/svg>\t\t\t<\/span>\n\t\t\t\t\t\t\t\t\t<span class=\"elementor-button-text\">Clicca qui<\/span>\n\t\t\t\t\t<\/span>\n\t\t\t\t\t<\/a>\n\t\t\t\t<\/div>\n\t\t\t\t\t\t\t\t<\/div>\n\t\t\t\t<\/div>\n\t\t\t\t\t<\/div>\n\t\t<\/div>\n\t\t\t\t\t<\/div>\n\t\t<\/section>\n\t\t\t\t<\/div>\n\t\t","protected":false},"excerpt":{"rendered":"<p>Liberate il vostro pieno potenziale con il Krav Maga Online &#8211; La soluzione alle vostre frustrazioni! Siete stanchi della lotta costante e dei sacrifici che dovete fare solo per perseguire la vostra passione per il Krav Maga? \u00c8 ora di liberarsi dalle limitazioni imposte dalla distanza e di abbracciare una nuova era dell&#8217;allenamento. Abbiamo la [&hellip;]<\/p>\n","protected":false},"author":1,"featured_media":0,"parent":0,"menu_order":0,"comment_status":"closed","ping_status":"closed","template":"","meta":{"footnotes":""},"class_list":["post-34822","page","type-page","status-publish","hentry"],"yoast_head":"<!-- This site is optimized with the Yoast SEO plugin v27.5 - https:\/\/yoast.com\/product\/yoast-seo-wordpress\/ -->\n<title>Premio Krav Maga - Krav Maga Online<\/title>\n<meta name=\"robots\" content=\"index, follow, max-snippet:-1, max-image-preview:large, max-video-preview:-1\" \/>\n<link rel=\"canonical\" href=\"https:\/\/krav-maga-on-line.com\/it\/premio-krav-maga\/\" \/>\n<meta property=\"og:locale\" content=\"it_IT\" \/>\n<meta property=\"og:type\" content=\"article\" \/>\n<meta property=\"og:title\" content=\"Premio Krav Maga - Krav Maga Online\" \/>\n<meta property=\"og:description\" content=\"Liberate il vostro pieno potenziale con il Krav Maga Online &#8211; La soluzione alle vostre frustrazioni! Siete stanchi della lotta costante e dei sacrifici che dovete fare solo per perseguire la vostra passione per il Krav Maga? \u00c8 ora di liberarsi dalle limitazioni imposte dalla distanza e di abbracciare una nuova era dell&#8217;allenamento. Abbiamo la [&hellip;]\" \/>\n<meta property=\"og:url\" content=\"https:\/\/krav-maga-on-line.com\/it\/premio-krav-maga\/\" \/>\n<meta property=\"og:site_name\" content=\"Krav Maga Online\" \/>\n<meta property=\"article:publisher\" content=\"https:\/\/www.facebook.com\/expert.alain.cohen\/\" \/>\n<meta property=\"article:modified_time\" content=\"2024-10-18T06:51:58+00:00\" \/>\n<meta property=\"og:image\" content=\"https:\/\/krav-maga-on-line.com\/wp-content\/uploads\/2023\/05\/PRICES-KM-ONLINE.003-min-1024x768.jpeg\" \/>\n<meta name=\"twitter:card\" content=\"summary_large_image\" \/>\n<meta name=\"twitter:site\" content=\"@KRAVSECURITY\" \/>\n<meta name=\"twitter:label1\" content=\"Tempo di lettura stimato\" \/>\n\t<meta name=\"twitter:data1\" content=\"4 minuti\" \/>\n<script type=\"application\/ld+json\" class=\"yoast-schema-graph\">{\"@context\":\"https:\\\/\\\/schema.org\",\"@graph\":[{\"@type\":\"WebPage\",\"@id\":\"https:\\\/\\\/krav-maga-on-line.com\\\/it\\\/premio-krav-maga\\\/\",\"url\":\"https:\\\/\\\/krav-maga-on-line.com\\\/it\\\/premio-krav-maga\\\/\",\"name\":\"Premio Krav Maga - Krav Maga Online\",\"isPartOf\":{\"@id\":\"https:\\\/\\\/krav-maga-on-line.com\\\/it\\\/#website\"},\"datePublished\":\"2020-06-05T13:30:23+00:00\",\"dateModified\":\"2024-10-18T06:51:58+00:00\",\"breadcrumb\":{\"@id\":\"https:\\\/\\\/krav-maga-on-line.com\\\/it\\\/premio-krav-maga\\\/#breadcrumb\"},\"inLanguage\":\"it-IT\",\"potentialAction\":[{\"@type\":\"ReadAction\",\"target\":[\"https:\\\/\\\/krav-maga-on-line.com\\\/it\\\/premio-krav-maga\\\/\"]}]},{\"@type\":\"BreadcrumbList\",\"@id\":\"https:\\\/\\\/krav-maga-on-line.com\\\/it\\\/premio-krav-maga\\\/#breadcrumb\",\"itemListElement\":[{\"@type\":\"ListItem\",\"position\":1,\"name\":\"Casa\",\"item\":\"https:\\\/\\\/krav-maga-on-line.com\\\/it\\\/\"},{\"@type\":\"ListItem\",\"position\":2,\"name\":\"Premio Krav Maga\"}]},{\"@type\":\"WebSite\",\"@id\":\"https:\\\/\\\/krav-maga-on-line.com\\\/it\\\/#website\",\"url\":\"https:\\\/\\\/krav-maga-on-line.com\\\/it\\\/\",\"name\":\"Krav Maga Online Training Course: Learn Self Defense Online, Obtain Online Krav Maga Instructor Certification, and Earn Your Krav Maga Black Belt Online\",\"description\":\"Training Self Defense Video Courses\",\"publisher\":{\"@id\":\"https:\\\/\\\/krav-maga-on-line.com\\\/it\\\/#organization\"},\"potentialAction\":[{\"@type\":\"SearchAction\",\"target\":{\"@type\":\"EntryPoint\",\"urlTemplate\":\"https:\\\/\\\/krav-maga-on-line.com\\\/it\\\/?s={search_term_string}\"},\"query-input\":{\"@type\":\"PropertyValueSpecification\",\"valueRequired\":true,\"valueName\":\"search_term_string\"}}],\"inLanguage\":\"it-IT\"},{\"@type\":\"Organization\",\"@id\":\"https:\\\/\\\/krav-maga-on-line.com\\\/it\\\/#organization\",\"name\":\"Krav Maga Online Training Course: Learn Self Defense Online, Obtain Online Krav Maga Instructor Certification, and Earn Your Krav Maga Black Belt Online\",\"url\":\"https:\\\/\\\/krav-maga-on-line.com\\\/it\\\/\",\"logo\":{\"@type\":\"ImageObject\",\"inLanguage\":\"it-IT\",\"@id\":\"https:\\\/\\\/krav-maga-on-line.com\\\/it\\\/#\\\/schema\\\/logo\\\/image\\\/\",\"url\":\"https:\\\/\\\/krav-maga-on-line.com\\\/wp-content\\\/uploads\\\/2024\\\/09\\\/cropped-Krav-Maga-Online-favicon.png\",\"contentUrl\":\"https:\\\/\\\/krav-maga-on-line.com\\\/wp-content\\\/uploads\\\/2024\\\/09\\\/cropped-Krav-Maga-Online-favicon.png\",\"width\":512,\"height\":512,\"caption\":\"Krav Maga Online Training Course: Learn Self Defense Online, Obtain Online Krav Maga Instructor Certification, and Earn Your Krav Maga Black Belt Online\"},\"image\":{\"@id\":\"https:\\\/\\\/krav-maga-on-line.com\\\/it\\\/#\\\/schema\\\/logo\\\/image\\\/\"},\"sameAs\":[\"https:\\\/\\\/www.facebook.com\\\/expert.alain.cohen\\\/\",\"https:\\\/\\\/x.com\\\/KRAVSECURITY\",\"https:\\\/\\\/www.linkedin.com\\\/in\\\/kravmaga1\",\"https:\\\/\\\/www.instagram.com\\\/cohen_alain\\\/\",\"https:\\\/\\\/www.youtube.com\\\/c\\\/KRAVMAGA1?sub_confirmation=1\",\"https:\\\/\\\/www.tiktok.com\\\/@kravmagacohen\",\"https:\\\/\\\/www.snapchat.com\\\/add\\\/kravmagaonline\"]}]}<\/script>\n<!-- \/ Yoast SEO plugin. -->","yoast_head_json":{"title":"Premio Krav Maga - Krav Maga Online","robots":{"index":"index","follow":"follow","max-snippet":"max-snippet:-1","max-image-preview":"max-image-preview:large","max-video-preview":"max-video-preview:-1"},"canonical":"https:\/\/krav-maga-on-line.com\/it\/premio-krav-maga\/","og_locale":"it_IT","og_type":"article","og_title":"Premio Krav Maga - Krav Maga Online","og_description":"Liberate il vostro pieno potenziale con il Krav Maga Online &#8211; La soluzione alle vostre frustrazioni! Siete stanchi della lotta costante e dei sacrifici che dovete fare solo per perseguire la vostra passione per il Krav Maga? \u00c8 ora di liberarsi dalle limitazioni imposte dalla distanza e di abbracciare una nuova era dell&#8217;allenamento. Abbiamo la [&hellip;]","og_url":"https:\/\/krav-maga-on-line.com\/it\/premio-krav-maga\/","og_site_name":"Krav Maga Online","article_publisher":"https:\/\/www.facebook.com\/expert.alain.cohen\/","article_modified_time":"2024-10-18T06:51:58+00:00","og_image":[{"url":"https:\/\/krav-maga-on-line.com\/wp-content\/uploads\/2023\/05\/PRICES-KM-ONLINE.003-min-1024x768.jpeg","type":"","width":"","height":""}],"twitter_card":"summary_large_image","twitter_site":"@KRAVSECURITY","twitter_misc":{"Tempo di lettura stimato":"4 minuti"},"schema":{"@context":"https:\/\/schema.org","@graph":[{"@type":"WebPage","@id":"https:\/\/krav-maga-on-line.com\/it\/premio-krav-maga\/","url":"https:\/\/krav-maga-on-line.com\/it\/premio-krav-maga\/","name":"Premio Krav Maga - Krav Maga Online","isPartOf":{"@id":"https:\/\/krav-maga-on-line.com\/it\/#website"},"datePublished":"2020-06-05T13:30:23+00:00","dateModified":"2024-10-18T06:51:58+00:00","breadcrumb":{"@id":"https:\/\/krav-maga-on-line.com\/it\/premio-krav-maga\/#breadcrumb"},"inLanguage":"it-IT","potentialAction":[{"@type":"ReadAction","target":["https:\/\/krav-maga-on-line.com\/it\/premio-krav-maga\/"]}]},{"@type":"BreadcrumbList","@id":"https:\/\/krav-maga-on-line.com\/it\/premio-krav-maga\/#breadcrumb","itemListElement":[{"@type":"ListItem","position":1,"name":"Casa","item":"https:\/\/krav-maga-on-line.com\/it\/"},{"@type":"ListItem","position":2,"name":"Premio Krav Maga"}]},{"@type":"WebSite","@id":"https:\/\/krav-maga-on-line.com\/it\/#website","url":"https:\/\/krav-maga-on-line.com\/it\/","name":"Krav Maga Online Training Course: Learn Self Defense Online, Obtain Online Krav Maga Instructor Certification, and Earn Your Krav Maga Black Belt Online","description":"Training Self Defense Video Courses","publisher":{"@id":"https:\/\/krav-maga-on-line.com\/it\/#organization"},"potentialAction":[{"@type":"SearchAction","target":{"@type":"EntryPoint","urlTemplate":"https:\/\/krav-maga-on-line.com\/it\/?s={search_term_string}"},"query-input":{"@type":"PropertyValueSpecification","valueRequired":true,"valueName":"search_term_string"}}],"inLanguage":"it-IT"},{"@type":"Organization","@id":"https:\/\/krav-maga-on-line.com\/it\/#organization","name":"Krav Maga Online Training Course: Learn Self Defense Online, Obtain Online Krav Maga Instructor Certification, and Earn Your Krav Maga Black Belt Online","url":"https:\/\/krav-maga-on-line.com\/it\/","logo":{"@type":"ImageObject","inLanguage":"it-IT","@id":"https:\/\/krav-maga-on-line.com\/it\/#\/schema\/logo\/image\/","url":"https:\/\/krav-maga-on-line.com\/wp-content\/uploads\/2024\/09\/cropped-Krav-Maga-Online-favicon.png","contentUrl":"https:\/\/krav-maga-on-line.com\/wp-content\/uploads\/2024\/09\/cropped-Krav-Maga-Online-favicon.png","width":512,"height":512,"caption":"Krav Maga Online Training Course: Learn Self Defense Online, Obtain Online Krav Maga Instructor Certification, and Earn Your Krav Maga Black Belt Online"},"image":{"@id":"https:\/\/krav-maga-on-line.com\/it\/#\/schema\/logo\/image\/"},"sameAs":["https:\/\/www.facebook.com\/expert.alain.cohen\/","https:\/\/x.com\/KRAVSECURITY","https:\/\/www.linkedin.com\/in\/kravmaga1","https:\/\/www.instagram.com\/cohen_alain\/","https:\/\/www.youtube.com\/c\/KRAVMAGA1?sub_confirmation=1","https:\/\/www.tiktok.com\/@kravmagacohen","https:\/\/www.snapchat.com\/add\/kravmagaonline"]}]}},"_links":{"self":[{"href":"https:\/\/krav-maga-on-line.com\/it\/wp-json\/wp\/v2\/pages\/34822","targetHints":{"allow":["GET"]}}],"collection":[{"href":"https:\/\/krav-maga-on-line.com\/it\/wp-json\/wp\/v2\/pages"}],"about":[{"href":"https:\/\/krav-maga-on-line.com\/it\/wp-json\/wp\/v2\/types\/page"}],"author":[{"embeddable":true,"href":"https:\/\/krav-maga-on-line.com\/it\/wp-json\/wp\/v2\/users\/1"}],"replies":[{"embeddable":true,"href":"https:\/\/krav-maga-on-line.com\/it\/wp-json\/wp\/v2\/comments?post=34822"}],"version-history":[{"count":0,"href":"https:\/\/krav-maga-on-line.com\/it\/wp-json\/wp\/v2\/pages\/34822\/revisions"}],"wp:attachment":[{"href":"https:\/\/krav-maga-on-line.com\/it\/wp-json\/wp\/v2\/media?parent=34822"}],"curies":[{"name":"wp","href":"https:\/\/api.w.org\/{rel}","templated":true}]}}