{"id":34584,"date":"2020-06-05T13:45:05","date_gmt":"2020-06-05T11:45:05","guid":{"rendered":"https:\/\/krav-maga-on-line.com\/non-e-mai-troppo-tardi-per-iniziare-il-krav-maga\/"},"modified":"2024-10-18T08:52:14","modified_gmt":"2024-10-18T06:52:14","slug":"non-e-mai-troppo-tardi-per-iniziare-il-krav-maga","status":"publish","type":"page","link":"https:\/\/krav-maga-on-line.com\/it\/non-e-mai-troppo-tardi-per-iniziare-il-krav-maga\/","title":{"rendered":"Non \u00e8 mai troppo tardi per iniziare il Krav Maga"},"content":{"rendered":"\t\t<div data-elementor-type=\"wp-page\" data-elementor-id=\"34584\" class=\"elementor elementor-34584 elementor-12625\" data-elementor-post-type=\"page\">\n\t\t\t\t\t\t<section class=\"elementor-section elementor-top-section elementor-element elementor-element-4ceb544 elementor-section-boxed elementor-section-height-default elementor-section-height-default\" data-id=\"4ceb544\" data-element_type=\"section\" data-e-type=\"section\">\n\t\t\t\t\t\t<div class=\"elementor-container elementor-column-gap-default\">\n\t\t\t\t\t<div class=\"elementor-column elementor-col-100 elementor-top-column elementor-element elementor-element-f6cc63b\" data-id=\"f6cc63b\" data-element_type=\"column\" data-e-type=\"column\">\n\t\t\t<div class=\"elementor-widget-wrap elementor-element-populated\">\n\t\t\t\t\t\t<div class=\"elementor-element elementor-element-94df765 elementor-widget elementor-widget-video\" data-id=\"94df765\" data-element_type=\"widget\" data-e-type=\"widget\" data-settings=\"{&quot;video_type&quot;:&quot;vimeo&quot;}\" data-widget_type=\"video.default\">\n\t\t\t\t<div class=\"elementor-widget-container\">\n\t\t\t\t\t\t\t<div class=\"elementor-wrapper elementor-open-inline\">\n\t\t\t<iframe class=\"elementor-video-iframe\" allowfullscreen allow=\"clipboard-write\" title=\"vimeo Video Player\" src=\"https:\/\/player.vimeo.com\/video\/329991371?color&amp;autopause=0&amp;loop=0&amp;muted=0&amp;title=1&amp;portrait=1&amp;byline=1#t=\"><\/iframe>\t\t<\/div>\n\t\t\t\t\t\t<\/div>\n\t\t\t\t<\/div>\n\t\t\t\t<div class=\"elementor-element elementor-element-512742b elementor-widget__width-inherit elementor-widget elementor-widget-text-editor\" data-id=\"512742b\" data-element_type=\"widget\" data-e-type=\"widget\" data-widget_type=\"text-editor.default\">\n\t\t\t\t<div class=\"elementor-widget-container\">\n\t\t\t\t\t\t\t\t\t<p>Siete stanchi di pensare che il tempo stia scivolando via e che sia troppo tardi per cambiare la vostra vita? Lasciate che vi dica una cosa: non \u00e8 mai troppo tardi. Potete anche avere pi\u00f9 di 40 anni, ma il potenziale che avete dentro non conosce limiti di et\u00e0. Il nostro programma di Krav Maga online \u00e8 qui per accendere una scintilla nella vostra anima e mettervi in grado di abbracciare una vita piena di forza, fiducia e scopo. Non si tratta solo di imparare tecniche di autodifesa; si tratta di recuperare la propria vitalit\u00e0, riscoprire la propria resilienza e liberare una nuova passione per la vita. Immaginate la gioia di sentirvi fisicamente capaci, mentalmente acuti e spiritualmente rinvigoriti. Non lasciate che i dubbi o la paura vi frenino. Unitevi al nostro programma e dimostrate al mondo che l&#8217;et\u00e0 \u00e8 solo un numero e che siete pronti a prosperare come mai prima d&#8217;ora. \u00c8 il momento di liberarsi dalle catene dei limiti autoimposti e di abbracciare la trasformazione che vi attende. Il vostro viaggio inizia ora. Abbraccia l&#8217;eccezionale e unisciti al nostro programma online oggi stesso<\/p>\n\t\t\t\t\t\t\t\t<\/div>\n\t\t\t\t<\/div>\n\t\t\t\t<div class=\"elementor-element elementor-element-2df300d elementor-align-center elementor-tablet-align-center elementor-widget elementor-widget-button\" data-id=\"2df300d\" data-element_type=\"widget\" data-e-type=\"widget\" data-widget_type=\"button.default\">\n\t\t\t\t<div class=\"elementor-widget-container\">\n\t\t\t\t\t\t\t\t\t<div class=\"elementor-button-wrapper\">\n\t\t\t\t\t<a class=\"elementor-button elementor-button-link elementor-size-sm\" href=\"https:\/\/krav-maga-on-line.com\/it\/\">\n\t\t\t\t\t\t<span class=\"elementor-button-content-wrapper\">\n\t\t\t\t\t\t<span class=\"elementor-button-icon\">\n\t\t\t\t<svg aria-hidden=\"true\" class=\"e-font-icon-svg e-fas-arrow-right\" viewBox=\"0 0 448 512\" xmlns=\"http:\/\/www.w3.org\/2000\/svg\"><path d=\"M190.5 66.9l22.2-22.2c9.4-9.4 24.6-9.4 33.9 0L441 239c9.4 9.4 9.4 24.6 0 33.9L246.6 467.3c-9.4 9.4-24.6 9.4-33.9 0l-22.2-22.2c-9.5-9.5-9.3-25 .4-34.3L311.4 296H24c-13.3 0-24-10.7-24-24v-32c0-13.3 10.7-24 24-24h287.4L190.9 101.2c-9.8-9.3-10-24.8-.4-34.3z\"><\/path><\/svg>\t\t\t<\/span>\n\t\t\t\t\t\t\t\t\t<span class=\"elementor-button-text\">Iscriviti<\/span>\n\t\t\t\t\t<\/span>\n\t\t\t\t\t<\/a>\n\t\t\t\t<\/div>\n\t\t\t\t\t\t\t\t<\/div>\n\t\t\t\t<\/div>\n\t\t\t\t\t<\/div>\n\t\t<\/div>\n\t\t\t\t\t<\/div>\n\t\t<\/section>\n\t\t\t\t<\/div>\n\t\t","protected":false},"excerpt":{"rendered":"<p>https:\/\/vimeo.com\/329991371 Siete stanchi di pensare che il tempo stia scivolando via e che sia troppo tardi per cambiare la vostra vita? Lasciate che vi dica una cosa: non \u00e8 mai troppo tardi. Potete anche avere pi\u00f9 di 40 anni, ma il potenziale che avete dentro non conosce limiti di et\u00e0. Il nostro programma di Krav [&hellip;]<\/p>\n","protected":false},"author":1,"featured_media":0,"parent":0,"menu_order":0,"comment_status":"closed","ping_status":"closed","template":"","meta":{"footnotes":""},"class_list":["post-34584","page","type-page","status-publish","hentry"],"yoast_head":"<!-- This site is optimized with the Yoast SEO plugin v27.5 - https:\/\/yoast.com\/product\/yoast-seo-wordpress\/ -->\n<title>Non \u00e8 mai troppo tardi per iniziare il Krav Maga - Krav Maga Online<\/title>\n<meta name=\"robots\" content=\"index, follow, max-snippet:-1, max-image-preview:large, max-video-preview:-1\" \/>\n<link rel=\"canonical\" href=\"https:\/\/krav-maga-on-line.com\/it\/non-e-mai-troppo-tardi-per-iniziare-il-krav-maga\/\" \/>\n<meta property=\"og:locale\" content=\"it_IT\" \/>\n<meta property=\"og:type\" content=\"article\" \/>\n<meta property=\"og:title\" content=\"Non \u00e8 mai troppo tardi per iniziare il Krav Maga - Krav Maga Online\" \/>\n<meta property=\"og:description\" content=\"https:\/\/vimeo.com\/329991371 Siete stanchi di pensare che il tempo stia scivolando via e che sia troppo tardi per cambiare la vostra vita? Lasciate che vi dica una cosa: non \u00e8 mai troppo tardi. Potete anche avere pi\u00f9 di 40 anni, ma il potenziale che avete dentro non conosce limiti di et\u00e0. Il nostro programma di Krav [&hellip;]\" \/>\n<meta property=\"og:url\" content=\"https:\/\/krav-maga-on-line.com\/it\/non-e-mai-troppo-tardi-per-iniziare-il-krav-maga\/\" \/>\n<meta property=\"og:site_name\" content=\"Krav Maga Online\" \/>\n<meta property=\"article:publisher\" content=\"https:\/\/www.facebook.com\/expert.alain.cohen\/\" \/>\n<meta property=\"article:modified_time\" content=\"2024-10-18T06:52:14+00:00\" \/>\n<meta property=\"og:image\" content=\"https:\/\/krav-maga-on-line.com\/wp-content\/uploads\/2023\/05\/PRICES-KM-ONLINE.003-min-1024x768.jpeg\" \/>\n<meta name=\"twitter:card\" content=\"summary_large_image\" \/>\n<meta name=\"twitter:site\" content=\"@KRAVSECURITY\" \/>\n<meta name=\"twitter:label1\" content=\"Tempo di lettura stimato\" \/>\n\t<meta name=\"twitter:data1\" content=\"1 minuto\" \/>\n<script type=\"application\/ld+json\" class=\"yoast-schema-graph\">{\"@context\":\"https:\\\/\\\/schema.org\",\"@graph\":[{\"@type\":\"WebPage\",\"@id\":\"https:\\\/\\\/krav-maga-on-line.com\\\/it\\\/non-e-mai-troppo-tardi-per-iniziare-il-krav-maga\\\/\",\"url\":\"https:\\\/\\\/krav-maga-on-line.com\\\/it\\\/non-e-mai-troppo-tardi-per-iniziare-il-krav-maga\\\/\",\"name\":\"Non \u00e8 mai troppo tardi per iniziare il Krav Maga - Krav Maga Online\",\"isPartOf\":{\"@id\":\"https:\\\/\\\/krav-maga-on-line.com\\\/it\\\/#website\"},\"datePublished\":\"2020-06-05T11:45:05+00:00\",\"dateModified\":\"2024-10-18T06:52:14+00:00\",\"breadcrumb\":{\"@id\":\"https:\\\/\\\/krav-maga-on-line.com\\\/it\\\/non-e-mai-troppo-tardi-per-iniziare-il-krav-maga\\\/#breadcrumb\"},\"inLanguage\":\"it-IT\",\"potentialAction\":[{\"@type\":\"ReadAction\",\"target\":[\"https:\\\/\\\/krav-maga-on-line.com\\\/it\\\/non-e-mai-troppo-tardi-per-iniziare-il-krav-maga\\\/\"]}]},{\"@type\":\"BreadcrumbList\",\"@id\":\"https:\\\/\\\/krav-maga-on-line.com\\\/it\\\/non-e-mai-troppo-tardi-per-iniziare-il-krav-maga\\\/#breadcrumb\",\"itemListElement\":[{\"@type\":\"ListItem\",\"position\":1,\"name\":\"Casa\",\"item\":\"https:\\\/\\\/krav-maga-on-line.com\\\/it\\\/\"},{\"@type\":\"ListItem\",\"position\":2,\"name\":\"Non \u00e8 mai troppo tardi per iniziare il Krav Maga\"}]},{\"@type\":\"WebSite\",\"@id\":\"https:\\\/\\\/krav-maga-on-line.com\\\/it\\\/#website\",\"url\":\"https:\\\/\\\/krav-maga-on-line.com\\\/it\\\/\",\"name\":\"Krav Maga Online Training Course: Learn Self Defense Online, Obtain Online Krav Maga Instructor Certification, and Earn Your Krav Maga Black Belt Online\",\"description\":\"Training Self Defense Video Courses\",\"publisher\":{\"@id\":\"https:\\\/\\\/krav-maga-on-line.com\\\/it\\\/#organization\"},\"potentialAction\":[{\"@type\":\"SearchAction\",\"target\":{\"@type\":\"EntryPoint\",\"urlTemplate\":\"https:\\\/\\\/krav-maga-on-line.com\\\/it\\\/?s={search_term_string}\"},\"query-input\":{\"@type\":\"PropertyValueSpecification\",\"valueRequired\":true,\"valueName\":\"search_term_string\"}}],\"inLanguage\":\"it-IT\"},{\"@type\":\"Organization\",\"@id\":\"https:\\\/\\\/krav-maga-on-line.com\\\/it\\\/#organization\",\"name\":\"Krav Maga Online Training Course: Learn Self Defense Online, Obtain Online Krav Maga Instructor Certification, and Earn Your Krav Maga Black Belt Online\",\"url\":\"https:\\\/\\\/krav-maga-on-line.com\\\/it\\\/\",\"logo\":{\"@type\":\"ImageObject\",\"inLanguage\":\"it-IT\",\"@id\":\"https:\\\/\\\/krav-maga-on-line.com\\\/it\\\/#\\\/schema\\\/logo\\\/image\\\/\",\"url\":\"https:\\\/\\\/krav-maga-on-line.com\\\/wp-content\\\/uploads\\\/2024\\\/09\\\/cropped-Krav-Maga-Online-favicon.png\",\"contentUrl\":\"https:\\\/\\\/krav-maga-on-line.com\\\/wp-content\\\/uploads\\\/2024\\\/09\\\/cropped-Krav-Maga-Online-favicon.png\",\"width\":512,\"height\":512,\"caption\":\"Krav Maga Online Training Course: Learn Self Defense Online, Obtain Online Krav Maga Instructor Certification, and Earn Your Krav Maga Black Belt Online\"},\"image\":{\"@id\":\"https:\\\/\\\/krav-maga-on-line.com\\\/it\\\/#\\\/schema\\\/logo\\\/image\\\/\"},\"sameAs\":[\"https:\\\/\\\/www.facebook.com\\\/expert.alain.cohen\\\/\",\"https:\\\/\\\/x.com\\\/KRAVSECURITY\",\"https:\\\/\\\/www.linkedin.com\\\/in\\\/kravmaga1\",\"https:\\\/\\\/www.instagram.com\\\/cohen_alain\\\/\",\"https:\\\/\\\/www.youtube.com\\\/c\\\/KRAVMAGA1?sub_confirmation=1\",\"https:\\\/\\\/www.tiktok.com\\\/@kravmagacohen\",\"https:\\\/\\\/www.snapchat.com\\\/add\\\/kravmagaonline\"]}]}<\/script>\n<!-- \/ Yoast SEO plugin. -->","yoast_head_json":{"title":"Non \u00e8 mai troppo tardi per iniziare il Krav Maga - Krav Maga Online","robots":{"index":"index","follow":"follow","max-snippet":"max-snippet:-1","max-image-preview":"max-image-preview:large","max-video-preview":"max-video-preview:-1"},"canonical":"https:\/\/krav-maga-on-line.com\/it\/non-e-mai-troppo-tardi-per-iniziare-il-krav-maga\/","og_locale":"it_IT","og_type":"article","og_title":"Non \u00e8 mai troppo tardi per iniziare il Krav Maga - Krav Maga Online","og_description":"https:\/\/vimeo.com\/329991371 Siete stanchi di pensare che il tempo stia scivolando via e che sia troppo tardi per cambiare la vostra vita? Lasciate che vi dica una cosa: non \u00e8 mai troppo tardi. Potete anche avere pi\u00f9 di 40 anni, ma il potenziale che avete dentro non conosce limiti di et\u00e0. Il nostro programma di Krav [&hellip;]","og_url":"https:\/\/krav-maga-on-line.com\/it\/non-e-mai-troppo-tardi-per-iniziare-il-krav-maga\/","og_site_name":"Krav Maga Online","article_publisher":"https:\/\/www.facebook.com\/expert.alain.cohen\/","article_modified_time":"2024-10-18T06:52:14+00:00","og_image":[{"url":"https:\/\/krav-maga-on-line.com\/wp-content\/uploads\/2023\/05\/PRICES-KM-ONLINE.003-min-1024x768.jpeg","type":"","width":"","height":""}],"twitter_card":"summary_large_image","twitter_site":"@KRAVSECURITY","twitter_misc":{"Tempo di lettura stimato":"1 minuto"},"schema":{"@context":"https:\/\/schema.org","@graph":[{"@type":"WebPage","@id":"https:\/\/krav-maga-on-line.com\/it\/non-e-mai-troppo-tardi-per-iniziare-il-krav-maga\/","url":"https:\/\/krav-maga-on-line.com\/it\/non-e-mai-troppo-tardi-per-iniziare-il-krav-maga\/","name":"Non \u00e8 mai troppo tardi per iniziare il Krav Maga - Krav Maga Online","isPartOf":{"@id":"https:\/\/krav-maga-on-line.com\/it\/#website"},"datePublished":"2020-06-05T11:45:05+00:00","dateModified":"2024-10-18T06:52:14+00:00","breadcrumb":{"@id":"https:\/\/krav-maga-on-line.com\/it\/non-e-mai-troppo-tardi-per-iniziare-il-krav-maga\/#breadcrumb"},"inLanguage":"it-IT","potentialAction":[{"@type":"ReadAction","target":["https:\/\/krav-maga-on-line.com\/it\/non-e-mai-troppo-tardi-per-iniziare-il-krav-maga\/"]}]},{"@type":"BreadcrumbList","@id":"https:\/\/krav-maga-on-line.com\/it\/non-e-mai-troppo-tardi-per-iniziare-il-krav-maga\/#breadcrumb","itemListElement":[{"@type":"ListItem","position":1,"name":"Casa","item":"https:\/\/krav-maga-on-line.com\/it\/"},{"@type":"ListItem","position":2,"name":"Non \u00e8 mai troppo tardi per iniziare il Krav Maga"}]},{"@type":"WebSite","@id":"https:\/\/krav-maga-on-line.com\/it\/#website","url":"https:\/\/krav-maga-on-line.com\/it\/","name":"Krav Maga Online Training Course: Learn Self Defense Online, Obtain Online Krav Maga Instructor Certification, and Earn Your Krav Maga Black Belt Online","description":"Training Self Defense Video Courses","publisher":{"@id":"https:\/\/krav-maga-on-line.com\/it\/#organization"},"potentialAction":[{"@type":"SearchAction","target":{"@type":"EntryPoint","urlTemplate":"https:\/\/krav-maga-on-line.com\/it\/?s={search_term_string}"},"query-input":{"@type":"PropertyValueSpecification","valueRequired":true,"valueName":"search_term_string"}}],"inLanguage":"it-IT"},{"@type":"Organization","@id":"https:\/\/krav-maga-on-line.com\/it\/#organization","name":"Krav Maga Online Training Course: Learn Self Defense Online, Obtain Online Krav Maga Instructor Certification, and Earn Your Krav Maga Black Belt Online","url":"https:\/\/krav-maga-on-line.com\/it\/","logo":{"@type":"ImageObject","inLanguage":"it-IT","@id":"https:\/\/krav-maga-on-line.com\/it\/#\/schema\/logo\/image\/","url":"https:\/\/krav-maga-on-line.com\/wp-content\/uploads\/2024\/09\/cropped-Krav-Maga-Online-favicon.png","contentUrl":"https:\/\/krav-maga-on-line.com\/wp-content\/uploads\/2024\/09\/cropped-Krav-Maga-Online-favicon.png","width":512,"height":512,"caption":"Krav Maga Online Training Course: Learn Self Defense Online, Obtain Online Krav Maga Instructor Certification, and Earn Your Krav Maga Black Belt Online"},"image":{"@id":"https:\/\/krav-maga-on-line.com\/it\/#\/schema\/logo\/image\/"},"sameAs":["https:\/\/www.facebook.com\/expert.alain.cohen\/","https:\/\/x.com\/KRAVSECURITY","https:\/\/www.linkedin.com\/in\/kravmaga1","https:\/\/www.instagram.com\/cohen_alain\/","https:\/\/www.youtube.com\/c\/KRAVMAGA1?sub_confirmation=1","https:\/\/www.tiktok.com\/@kravmagacohen","https:\/\/www.snapchat.com\/add\/kravmagaonline"]}]}},"_links":{"self":[{"href":"https:\/\/krav-maga-on-line.com\/it\/wp-json\/wp\/v2\/pages\/34584","targetHints":{"allow":["GET"]}}],"collection":[{"href":"https:\/\/krav-maga-on-line.com\/it\/wp-json\/wp\/v2\/pages"}],"about":[{"href":"https:\/\/krav-maga-on-line.com\/it\/wp-json\/wp\/v2\/types\/page"}],"author":[{"embeddable":true,"href":"https:\/\/krav-maga-on-line.com\/it\/wp-json\/wp\/v2\/users\/1"}],"replies":[{"embeddable":true,"href":"https:\/\/krav-maga-on-line.com\/it\/wp-json\/wp\/v2\/comments?post=34584"}],"version-history":[{"count":0,"href":"https:\/\/krav-maga-on-line.com\/it\/wp-json\/wp\/v2\/pages\/34584\/revisions"}],"wp:attachment":[{"href":"https:\/\/krav-maga-on-line.com\/it\/wp-json\/wp\/v2\/media?parent=34584"}],"curies":[{"name":"wp","href":"https:\/\/api.w.org\/{rel}","templated":true}]}}