{"id":33217,"date":"2018-01-07T01:03:40","date_gmt":"2018-01-07T00:03:40","guid":{"rendered":"https:\/\/krav-maga-on-line.com\/krav-maga-ebook\/"},"modified":"2025-05-21T15:44:55","modified_gmt":"2025-05-21T13:44:55","slug":"krav-maga-ebook","status":"publish","type":"page","link":"https:\/\/krav-maga-on-line.com\/it\/krav-maga-ebook\/","title":{"rendered":"KRAV MAGA EBOOK"},"content":{"rendered":"\t\t<div data-elementor-type=\"wp-page\" data-elementor-id=\"33217\" class=\"elementor elementor-33217 elementor-1832\" data-elementor-post-type=\"page\">\n\t\t\t\t\t\t<section class=\"elementor-section elementor-top-section elementor-element elementor-element-616f9951 elementor-section-boxed elementor-section-height-default elementor-section-height-default\" data-id=\"616f9951\" data-element_type=\"section\" data-e-type=\"section\">\n\t\t\t\t\t\t<div class=\"elementor-container elementor-column-gap-default\">\n\t\t\t\t\t<div class=\"elementor-column elementor-col-100 elementor-top-column elementor-element elementor-element-2814d6ac\" data-id=\"2814d6ac\" data-element_type=\"column\" data-e-type=\"column\">\n\t\t\t<div class=\"elementor-widget-wrap elementor-element-populated\">\n\t\t\t\t\t\t<section class=\"elementor-section elementor-inner-section elementor-element elementor-element-775fc85 elementor-section-boxed elementor-section-height-default elementor-section-height-default\" data-id=\"775fc85\" data-element_type=\"section\" data-e-type=\"section\">\n\t\t\t\t\t\t<div class=\"elementor-container elementor-column-gap-default\">\n\t\t\t\t\t<div class=\"elementor-column elementor-col-50 elementor-inner-column elementor-element elementor-element-018c425\" data-id=\"018c425\" data-element_type=\"column\" data-e-type=\"column\">\n\t\t\t<div class=\"elementor-widget-wrap elementor-element-populated\">\n\t\t\t\t\t\t<div class=\"elementor-element elementor-element-3908780 elementor-invisible elementor-widget elementor-widget-image\" data-id=\"3908780\" data-element_type=\"widget\" data-e-type=\"widget\" data-settings=\"{&quot;_animation&quot;:&quot;bounceInRight&quot;}\" data-widget_type=\"image.default\">\n\t\t\t\t<div class=\"elementor-widget-container\">\n\t\t\t\t\t\t\t\t\t\t\t\t\t\t\t\t<a href=\"https:\/\/drive.google.com\/uc?export=download&#038;id=1u1VyNO8fOvUeg4FsM9WecBVSzqbTzkkT\">\n\t\t\t\t\t\t\t<img fetchpriority=\"high\" decoding=\"async\" width=\"700\" height=\"1024\" src=\"https:\/\/krav-maga-on-line.com\/wp-content\/uploads\/2023\/05\/COFFRET-DVD.001-700x1024.png\" class=\"attachment-large size-large wp-image-32387\" alt=\"Krav Maga ebook\" srcset=\"https:\/\/krav-maga-on-line.com\/wp-content\/uploads\/2023\/05\/COFFRET-DVD.001-700x1024.png 700w, https:\/\/krav-maga-on-line.com\/wp-content\/uploads\/2023\/05\/COFFRET-DVD.001-205x300.png 205w, https:\/\/krav-maga-on-line.com\/wp-content\/uploads\/2023\/05\/COFFRET-DVD.001-768x1124.png 768w, https:\/\/krav-maga-on-line.com\/wp-content\/uploads\/2023\/05\/COFFRET-DVD.001-1050x1536.png 1050w, https:\/\/krav-maga-on-line.com\/wp-content\/uploads\/2023\/05\/COFFRET-DVD.001-1399x2048.png 1399w, https:\/\/krav-maga-on-line.com\/wp-content\/uploads\/2023\/05\/COFFRET-DVD.001-300x439.png 300w, https:\/\/krav-maga-on-line.com\/wp-content\/uploads\/2023\/05\/COFFRET-DVD.001-512x749.png 512w, https:\/\/krav-maga-on-line.com\/wp-content\/uploads\/2023\/05\/COFFRET-DVD.001.png 1093w\" sizes=\"(max-width: 700px) 100vw, 700px\" \/>\t\t\t\t\t\t\t\t<\/a>\n\t\t\t\t\t\t\t\t\t\t\t\t\t\t\t<\/div>\n\t\t\t\t<\/div>\n\t\t\t\t<div class=\"elementor-element elementor-element-a507dc8 elementor-align-center elementor-tablet-align-center elementor-widget elementor-widget-button\" data-id=\"a507dc8\" data-element_type=\"widget\" data-e-type=\"widget\" data-widget_type=\"button.default\">\n\t\t\t\t<div class=\"elementor-widget-container\">\n\t\t\t\t\t\t\t\t\t<div class=\"elementor-button-wrapper\">\n\t\t\t\t\t<a class=\"elementor-button elementor-button-link elementor-size-sm\" href=\"https:\/\/drive.google.com\/uc?export=download&#038;id=1u1VyNO8fOvUeg4FsM9WecBVSzqbTzkkT\">\n\t\t\t\t\t\t<span class=\"elementor-button-content-wrapper\">\n\t\t\t\t\t\t\t\t\t<span class=\"elementor-button-text\">Clicca qui per scaricare il tuo libro<\/span>\n\t\t\t\t\t<\/span>\n\t\t\t\t\t<\/a>\n\t\t\t\t<\/div>\n\t\t\t\t\t\t\t\t<\/div>\n\t\t\t\t<\/div>\n\t\t\t\t\t<\/div>\n\t\t<\/div>\n\t\t\t\t<div class=\"elementor-column elementor-col-50 elementor-inner-column elementor-element elementor-element-4592bb5\" data-id=\"4592bb5\" data-element_type=\"column\" data-e-type=\"column\">\n\t\t\t<div class=\"elementor-widget-wrap elementor-element-populated\">\n\t\t\t\t\t\t<div class=\"elementor-element elementor-element-ddac3fd elementor-widget elementor-widget-video\" data-id=\"ddac3fd\" data-element_type=\"widget\" data-e-type=\"widget\" data-settings=\"{&quot;video_type&quot;:&quot;vimeo&quot;}\" data-widget_type=\"video.default\">\n\t\t\t\t<div class=\"elementor-widget-container\">\n\t\t\t\t\t\t\t<div class=\"elementor-wrapper elementor-open-inline\">\n\t\t\t<iframe class=\"elementor-video-iframe\" allowfullscreen allow=\"clipboard-write\" title=\"vimeo Video Player\" src=\"https:\/\/player.vimeo.com\/video\/542980562?color&amp;autopause=0&amp;loop=0&amp;muted=0&amp;title=1&amp;portrait=1&amp;byline=1#t=\"><\/iframe>\t\t<\/div>\n\t\t\t\t\t\t<\/div>\n\t\t\t\t<\/div>\n\t\t\t\t\t<\/div>\n\t\t<\/div>\n\t\t\t\t\t<\/div>\n\t\t<\/section>\n\t\t\t\t<div class=\"elementor-element elementor-element-121e137 elementor-widget__width-inherit elementor-widget elementor-widget-text-editor\" data-id=\"121e137\" data-element_type=\"widget\" data-e-type=\"widget\" data-widget_type=\"text-editor.default\">\n\t\t\t\t<div class=\"elementor-widget-container\">\n\t\t\t\t\t\t\t\t\t<p><strong>Sono felice che abbiate apprezzato il libro e il seminario gratuito sul Krav Maga! Ma aspettate, l&#8217;eccitazione non finisce qui. Preparatevi a una settimana incredibile, perch\u00e9 vi invier\u00f2 ancora pi\u00f9 contenuti di valore. Preparatevi a 10 lezioni di Krav Maga assolutamente fondamentali per migliorare le vostre abilit\u00e0!<\/strong><\/p><p><strong>L&#8217;appartenenza alla nostra comunit\u00e0 consente di accedere a una serie di contenuti esclusivi e gratuiti. Per non perdervi nulla, salvate il mio indirizzo e-mail tra i vostri contatti. In questo modo, non rischierete di perdere i preziosi contenuti gratuiti che vi arrivano perch\u00e9 finiscono per errore nella cartella dello spam.<\/strong><\/p><p><strong>Preparatevi a portare il vostro viaggio nel Krav Maga a nuovi livelli con queste prossime lezioni. Restate sintonizzati e preparatevi a una settimana esaltante di allenamento e crescita!<\/strong><\/p>\t\t\t\t\t\t\t\t<\/div>\n\t\t\t\t<\/div>\n\t\t\t\t\t<\/div>\n\t\t<\/div>\n\t\t\t\t\t<\/div>\n\t\t<\/section>\n\t\t\t\t<\/div>\n\t\t","protected":false},"excerpt":{"rendered":"<p>Clicca qui per scaricare il tuo libro https:\/\/vimeo.com\/542980562 Sono felice che abbiate apprezzato il libro e il seminario gratuito sul Krav Maga! Ma aspettate, l&#8217;eccitazione non finisce qui. Preparatevi a una settimana incredibile, perch\u00e9 vi invier\u00f2 ancora pi\u00f9 contenuti di valore. Preparatevi a 10 lezioni di Krav Maga assolutamente fondamentali per migliorare le vostre abilit\u00e0! [&hellip;]<\/p>\n","protected":false},"author":1,"featured_media":0,"parent":0,"menu_order":0,"comment_status":"closed","ping_status":"closed","template":"","meta":{"footnotes":""},"class_list":["post-33217","page","type-page","status-publish","hentry"],"yoast_head":"<!-- This site is optimized with the Yoast SEO plugin v27.4 - https:\/\/yoast.com\/product\/yoast-seo-wordpress\/ -->\n<title>KRAV MAGA EBOOK - Krav Maga Online<\/title>\n<meta name=\"robots\" content=\"index, follow, max-snippet:-1, max-image-preview:large, max-video-preview:-1\" \/>\n<link rel=\"canonical\" href=\"https:\/\/krav-maga-on-line.com\/it\/krav-maga-ebook\/\" \/>\n<meta property=\"og:locale\" content=\"it_IT\" \/>\n<meta property=\"og:type\" content=\"article\" \/>\n<meta property=\"og:title\" content=\"KRAV MAGA EBOOK - Krav Maga Online\" \/>\n<meta property=\"og:description\" content=\"Clicca qui per scaricare il tuo libro https:\/\/vimeo.com\/542980562 Sono felice che abbiate apprezzato il libro e il seminario gratuito sul Krav Maga! Ma aspettate, l&#8217;eccitazione non finisce qui. Preparatevi a una settimana incredibile, perch\u00e9 vi invier\u00f2 ancora pi\u00f9 contenuti di valore. Preparatevi a 10 lezioni di Krav Maga assolutamente fondamentali per migliorare le vostre abilit\u00e0! [&hellip;]\" \/>\n<meta property=\"og:url\" content=\"https:\/\/krav-maga-on-line.com\/it\/krav-maga-ebook\/\" \/>\n<meta property=\"og:site_name\" content=\"Krav Maga Online\" \/>\n<meta property=\"article:publisher\" content=\"https:\/\/www.facebook.com\/expert.alain.cohen\/\" \/>\n<meta property=\"article:modified_time\" content=\"2025-05-21T13:44:55+00:00\" \/>\n<meta property=\"og:image\" content=\"https:\/\/krav-maga-on-line.com\/wp-content\/uploads\/2023\/05\/COFFRET-DVD.001.png\" \/>\n\t<meta property=\"og:image:width\" content=\"1093\" \/>\n\t<meta property=\"og:image:height\" content=\"1600\" \/>\n\t<meta property=\"og:image:type\" content=\"image\/png\" \/>\n<meta name=\"twitter:card\" content=\"summary_large_image\" \/>\n<meta name=\"twitter:site\" content=\"@KRAVSECURITY\" \/>\n<meta name=\"twitter:label1\" content=\"Tempo di lettura stimato\" \/>\n\t<meta name=\"twitter:data1\" content=\"1 minuto\" \/>\n<script type=\"application\/ld+json\" class=\"yoast-schema-graph\">{\"@context\":\"https:\\\/\\\/schema.org\",\"@graph\":[{\"@type\":\"WebPage\",\"@id\":\"https:\\\/\\\/krav-maga-on-line.com\\\/it\\\/krav-maga-ebook\\\/\",\"url\":\"https:\\\/\\\/krav-maga-on-line.com\\\/it\\\/krav-maga-ebook\\\/\",\"name\":\"KRAV MAGA EBOOK - Krav Maga Online\",\"isPartOf\":{\"@id\":\"https:\\\/\\\/krav-maga-on-line.com\\\/it\\\/#website\"},\"primaryImageOfPage\":{\"@id\":\"https:\\\/\\\/krav-maga-on-line.com\\\/it\\\/krav-maga-ebook\\\/#primaryimage\"},\"image\":{\"@id\":\"https:\\\/\\\/krav-maga-on-line.com\\\/it\\\/krav-maga-ebook\\\/#primaryimage\"},\"thumbnailUrl\":\"https:\\\/\\\/krav-maga-on-line.com\\\/wp-content\\\/uploads\\\/2023\\\/05\\\/COFFRET-DVD.001-700x1024.png\",\"datePublished\":\"2018-01-07T00:03:40+00:00\",\"dateModified\":\"2025-05-21T13:44:55+00:00\",\"breadcrumb\":{\"@id\":\"https:\\\/\\\/krav-maga-on-line.com\\\/it\\\/krav-maga-ebook\\\/#breadcrumb\"},\"inLanguage\":\"it-IT\",\"potentialAction\":[{\"@type\":\"ReadAction\",\"target\":[\"https:\\\/\\\/krav-maga-on-line.com\\\/it\\\/krav-maga-ebook\\\/\"]}]},{\"@type\":\"ImageObject\",\"inLanguage\":\"it-IT\",\"@id\":\"https:\\\/\\\/krav-maga-on-line.com\\\/it\\\/krav-maga-ebook\\\/#primaryimage\",\"url\":\"https:\\\/\\\/krav-maga-on-line.com\\\/wp-content\\\/uploads\\\/2023\\\/05\\\/COFFRET-DVD.001-700x1024.png\",\"contentUrl\":\"https:\\\/\\\/krav-maga-on-line.com\\\/wp-content\\\/uploads\\\/2023\\\/05\\\/COFFRET-DVD.001-700x1024.png\"},{\"@type\":\"BreadcrumbList\",\"@id\":\"https:\\\/\\\/krav-maga-on-line.com\\\/it\\\/krav-maga-ebook\\\/#breadcrumb\",\"itemListElement\":[{\"@type\":\"ListItem\",\"position\":1,\"name\":\"Casa\",\"item\":\"https:\\\/\\\/krav-maga-on-line.com\\\/it\\\/\"},{\"@type\":\"ListItem\",\"position\":2,\"name\":\"KRAV MAGA EBOOK\"}]},{\"@type\":\"WebSite\",\"@id\":\"https:\\\/\\\/krav-maga-on-line.com\\\/it\\\/#website\",\"url\":\"https:\\\/\\\/krav-maga-on-line.com\\\/it\\\/\",\"name\":\"Krav Maga Online Training Course: Learn Self Defense Online, Obtain Online Krav Maga Instructor Certification, and Earn Your Krav Maga Black Belt Online\",\"description\":\"Training Self Defense Video Courses\",\"publisher\":{\"@id\":\"https:\\\/\\\/krav-maga-on-line.com\\\/it\\\/#organization\"},\"potentialAction\":[{\"@type\":\"SearchAction\",\"target\":{\"@type\":\"EntryPoint\",\"urlTemplate\":\"https:\\\/\\\/krav-maga-on-line.com\\\/it\\\/?s={search_term_string}\"},\"query-input\":{\"@type\":\"PropertyValueSpecification\",\"valueRequired\":true,\"valueName\":\"search_term_string\"}}],\"inLanguage\":\"it-IT\"},{\"@type\":\"Organization\",\"@id\":\"https:\\\/\\\/krav-maga-on-line.com\\\/it\\\/#organization\",\"name\":\"Krav Maga Online Training Course: Learn Self Defense Online, Obtain Online Krav Maga Instructor Certification, and Earn Your Krav Maga Black Belt Online\",\"url\":\"https:\\\/\\\/krav-maga-on-line.com\\\/it\\\/\",\"logo\":{\"@type\":\"ImageObject\",\"inLanguage\":\"it-IT\",\"@id\":\"https:\\\/\\\/krav-maga-on-line.com\\\/it\\\/#\\\/schema\\\/logo\\\/image\\\/\",\"url\":\"https:\\\/\\\/krav-maga-on-line.com\\\/wp-content\\\/uploads\\\/2024\\\/09\\\/cropped-Krav-Maga-Online-favicon.png\",\"contentUrl\":\"https:\\\/\\\/krav-maga-on-line.com\\\/wp-content\\\/uploads\\\/2024\\\/09\\\/cropped-Krav-Maga-Online-favicon.png\",\"width\":512,\"height\":512,\"caption\":\"Krav Maga Online Training Course: Learn Self Defense Online, Obtain Online Krav Maga Instructor Certification, and Earn Your Krav Maga Black Belt Online\"},\"image\":{\"@id\":\"https:\\\/\\\/krav-maga-on-line.com\\\/it\\\/#\\\/schema\\\/logo\\\/image\\\/\"},\"sameAs\":[\"https:\\\/\\\/www.facebook.com\\\/expert.alain.cohen\\\/\",\"https:\\\/\\\/x.com\\\/KRAVSECURITY\",\"https:\\\/\\\/www.linkedin.com\\\/in\\\/kravmaga1\",\"https:\\\/\\\/www.instagram.com\\\/cohen_alain\\\/\",\"https:\\\/\\\/www.youtube.com\\\/c\\\/KRAVMAGA1?sub_confirmation=1\",\"https:\\\/\\\/www.tiktok.com\\\/@kravmagacohen\",\"https:\\\/\\\/www.snapchat.com\\\/add\\\/kravmagaonline\"]}]}<\/script>\n<!-- \/ Yoast SEO plugin. -->","yoast_head_json":{"title":"KRAV MAGA EBOOK - Krav Maga Online","robots":{"index":"index","follow":"follow","max-snippet":"max-snippet:-1","max-image-preview":"max-image-preview:large","max-video-preview":"max-video-preview:-1"},"canonical":"https:\/\/krav-maga-on-line.com\/it\/krav-maga-ebook\/","og_locale":"it_IT","og_type":"article","og_title":"KRAV MAGA EBOOK - Krav Maga Online","og_description":"Clicca qui per scaricare il tuo libro https:\/\/vimeo.com\/542980562 Sono felice che abbiate apprezzato il libro e il seminario gratuito sul Krav Maga! Ma aspettate, l&#8217;eccitazione non finisce qui. Preparatevi a una settimana incredibile, perch\u00e9 vi invier\u00f2 ancora pi\u00f9 contenuti di valore. Preparatevi a 10 lezioni di Krav Maga assolutamente fondamentali per migliorare le vostre abilit\u00e0! [&hellip;]","og_url":"https:\/\/krav-maga-on-line.com\/it\/krav-maga-ebook\/","og_site_name":"Krav Maga Online","article_publisher":"https:\/\/www.facebook.com\/expert.alain.cohen\/","article_modified_time":"2025-05-21T13:44:55+00:00","og_image":[{"width":1093,"height":1600,"url":"https:\/\/krav-maga-on-line.com\/wp-content\/uploads\/2023\/05\/COFFRET-DVD.001.png","type":"image\/png"}],"twitter_card":"summary_large_image","twitter_site":"@KRAVSECURITY","twitter_misc":{"Tempo di lettura stimato":"1 minuto"},"schema":{"@context":"https:\/\/schema.org","@graph":[{"@type":"WebPage","@id":"https:\/\/krav-maga-on-line.com\/it\/krav-maga-ebook\/","url":"https:\/\/krav-maga-on-line.com\/it\/krav-maga-ebook\/","name":"KRAV MAGA EBOOK - Krav Maga Online","isPartOf":{"@id":"https:\/\/krav-maga-on-line.com\/it\/#website"},"primaryImageOfPage":{"@id":"https:\/\/krav-maga-on-line.com\/it\/krav-maga-ebook\/#primaryimage"},"image":{"@id":"https:\/\/krav-maga-on-line.com\/it\/krav-maga-ebook\/#primaryimage"},"thumbnailUrl":"https:\/\/krav-maga-on-line.com\/wp-content\/uploads\/2023\/05\/COFFRET-DVD.001-700x1024.png","datePublished":"2018-01-07T00:03:40+00:00","dateModified":"2025-05-21T13:44:55+00:00","breadcrumb":{"@id":"https:\/\/krav-maga-on-line.com\/it\/krav-maga-ebook\/#breadcrumb"},"inLanguage":"it-IT","potentialAction":[{"@type":"ReadAction","target":["https:\/\/krav-maga-on-line.com\/it\/krav-maga-ebook\/"]}]},{"@type":"ImageObject","inLanguage":"it-IT","@id":"https:\/\/krav-maga-on-line.com\/it\/krav-maga-ebook\/#primaryimage","url":"https:\/\/krav-maga-on-line.com\/wp-content\/uploads\/2023\/05\/COFFRET-DVD.001-700x1024.png","contentUrl":"https:\/\/krav-maga-on-line.com\/wp-content\/uploads\/2023\/05\/COFFRET-DVD.001-700x1024.png"},{"@type":"BreadcrumbList","@id":"https:\/\/krav-maga-on-line.com\/it\/krav-maga-ebook\/#breadcrumb","itemListElement":[{"@type":"ListItem","position":1,"name":"Casa","item":"https:\/\/krav-maga-on-line.com\/it\/"},{"@type":"ListItem","position":2,"name":"KRAV MAGA EBOOK"}]},{"@type":"WebSite","@id":"https:\/\/krav-maga-on-line.com\/it\/#website","url":"https:\/\/krav-maga-on-line.com\/it\/","name":"Krav Maga Online Training Course: Learn Self Defense Online, Obtain Online Krav Maga Instructor Certification, and Earn Your Krav Maga Black Belt Online","description":"Training Self Defense Video Courses","publisher":{"@id":"https:\/\/krav-maga-on-line.com\/it\/#organization"},"potentialAction":[{"@type":"SearchAction","target":{"@type":"EntryPoint","urlTemplate":"https:\/\/krav-maga-on-line.com\/it\/?s={search_term_string}"},"query-input":{"@type":"PropertyValueSpecification","valueRequired":true,"valueName":"search_term_string"}}],"inLanguage":"it-IT"},{"@type":"Organization","@id":"https:\/\/krav-maga-on-line.com\/it\/#organization","name":"Krav Maga Online Training Course: Learn Self Defense Online, Obtain Online Krav Maga Instructor Certification, and Earn Your Krav Maga Black Belt Online","url":"https:\/\/krav-maga-on-line.com\/it\/","logo":{"@type":"ImageObject","inLanguage":"it-IT","@id":"https:\/\/krav-maga-on-line.com\/it\/#\/schema\/logo\/image\/","url":"https:\/\/krav-maga-on-line.com\/wp-content\/uploads\/2024\/09\/cropped-Krav-Maga-Online-favicon.png","contentUrl":"https:\/\/krav-maga-on-line.com\/wp-content\/uploads\/2024\/09\/cropped-Krav-Maga-Online-favicon.png","width":512,"height":512,"caption":"Krav Maga Online Training Course: Learn Self Defense Online, Obtain Online Krav Maga Instructor Certification, and Earn Your Krav Maga Black Belt Online"},"image":{"@id":"https:\/\/krav-maga-on-line.com\/it\/#\/schema\/logo\/image\/"},"sameAs":["https:\/\/www.facebook.com\/expert.alain.cohen\/","https:\/\/x.com\/KRAVSECURITY","https:\/\/www.linkedin.com\/in\/kravmaga1","https:\/\/www.instagram.com\/cohen_alain\/","https:\/\/www.youtube.com\/c\/KRAVMAGA1?sub_confirmation=1","https:\/\/www.tiktok.com\/@kravmagacohen","https:\/\/www.snapchat.com\/add\/kravmagaonline"]}]}},"_links":{"self":[{"href":"https:\/\/krav-maga-on-line.com\/it\/wp-json\/wp\/v2\/pages\/33217","targetHints":{"allow":["GET"]}}],"collection":[{"href":"https:\/\/krav-maga-on-line.com\/it\/wp-json\/wp\/v2\/pages"}],"about":[{"href":"https:\/\/krav-maga-on-line.com\/it\/wp-json\/wp\/v2\/types\/page"}],"author":[{"embeddable":true,"href":"https:\/\/krav-maga-on-line.com\/it\/wp-json\/wp\/v2\/users\/1"}],"replies":[{"embeddable":true,"href":"https:\/\/krav-maga-on-line.com\/it\/wp-json\/wp\/v2\/comments?post=33217"}],"version-history":[{"count":2,"href":"https:\/\/krav-maga-on-line.com\/it\/wp-json\/wp\/v2\/pages\/33217\/revisions"}],"predecessor-version":[{"id":78313,"href":"https:\/\/krav-maga-on-line.com\/it\/wp-json\/wp\/v2\/pages\/33217\/revisions\/78313"}],"wp:attachment":[{"href":"https:\/\/krav-maga-on-line.com\/it\/wp-json\/wp\/v2\/media?parent=33217"}],"curies":[{"name":"wp","href":"https:\/\/api.w.org\/{rel}","templated":true}]}}