{"id":76109,"date":"2020-05-18T09:48:08","date_gmt":"2020-05-18T07:48:08","guid":{"rendered":"https:\/\/krav-maga-on-line.com\/product\/plan-dacces-exclusif-a-vie-devenez-ceinture-noire-de-krav-maga-instructeur\/"},"modified":"2025-02-06T19:10:16","modified_gmt":"2025-02-06T18:10:16","slug":"plan-dacces-exclusif-a-vie-devenez-ceinture-noire-de-krav-maga-instructeur","status":"publish","type":"product","link":"https:\/\/krav-maga-on-line.com\/fr\/product\/plan-dacces-exclusif-a-vie-devenez-ceinture-noire-de-krav-maga-instructeur\/","title":{"rendered":"Plan d&rsquo;acc\u00e8s exclusif \u00e0 vie : Devenez ceinture noire de Krav Maga &amp; instructeur"},"content":{"rendered":"<p class=\"p1\"><strong><span style=\"color: #000000;\">Notre meilleure offre mais pour une dur\u00e9e limit\u00e9e : Plan d&rsquo;acc\u00e8s \u00e0 vie exclusif : Acc\u00e9l\u00e9rez votre parcours vers la ceinture noire<span class=\"Apple-converted-space\"> <\/span><\/span><\/strong><\/p>\n<p class=\"p1\"><strong><span style=\"color: #000000;\">1 seul paiement de 1999 $ = \u00e9conomisez plus de 60 % et obtenez un ACC\u00c8S \u00c0 VIE<\/span><\/strong><\/p>\n<p class=\"p1\"><strong><span style=\"color: #000000;\">Ne manquez pas cette opportunit\u00e9. Payez en totalit\u00e9 pour des \u00e9conomies ultimes et un acc\u00e8s \u00e0 l&rsquo;ensemble du programme. <\/span><\/strong><\/p>\n<p class=\"p1\"><strong><span style=\"color: #000000;\">Le Passeport universel pour ceintures noires : Votre cl\u00e9 pour r\u00e9ussir et \u00e9conomiser tout au long de votre vie<\/span><\/strong><\/p>\n<p class=\"p1\"><strong><span style=\"color: #000000;\">Notre Pass Universel Ceinture Noire est votre porte d&rsquo;entr\u00e9e pour un acc\u00e8s \u00e0 vie, vous permettant de vous embarquer dans un voyage Krav Maga extraordinaire sans aucune limite de temps. Que vous soyez un d\u00e9butant \u00e0 la recherche d&rsquo;une base solide, un pratiquant interm\u00e9diaire d\u00e9sireux d&rsquo;atteindre de nouveaux sommets ou un \u00e9tudiant avanc\u00e9 pr\u00eat \u00e0 se d\u00e9passer, ce plan r\u00e9pond \u00e0 vos aspirations. En choisissant notre Plan d&rsquo;acc\u00e8s \u00e0 vie, vous \u00e9conomisez non seulement plus de 83 %, mais vous assurez \u00e9galement votre place dans notre programme \u00e0 vie.<\/span><\/strong><\/p>\n<p class=\"p1\"><strong><span style=\"color: #000000;\">Saisissez l&rsquo;opportunit\u00e9, profitez des avantages et d\u00e9bloquez une vie d&rsquo;apprentissage, de progr\u00e8s et d&rsquo;accomplissement dans le Krav Maga.<\/span><\/strong><\/p>\n<p class=\"p1\"><strong><span style=\"color: #000000;\">Inscrivez-vous d\u00e8s aujourd&rsquo;hui !<\/span><\/strong><\/p>\n","protected":false},"excerpt":{"rendered":"<p>Notre meilleure offre mais pour une dur\u00e9e limit\u00e9e : Plan d&rsquo;acc\u00e8s \u00e0 vie exclusif : Acc\u00e9l\u00e9rez votre parcours vers la ceinture noire 1 seul paiement de 1999 $ = \u00e9conomisez plus de 60 % et obtenez un ACC\u00c8S \u00c0 VIE Ne manquez pas cette opportunit\u00e9. Payez en totalit\u00e9 pour des \u00e9conomies ultimes et un acc\u00e8s [&hellip;]<\/p>\n","protected":false},"featured_media":75264,"template":"","meta":[],"product_brand":[],"product_cat":[162],"product_tag":[],"class_list":{"0":"post-76109","1":"product","2":"type-product","3":"status-publish","4":"has-post-thumbnail","6":"product_cat-non-classifiee","8":"first","9":"instock","10":"sale","11":"downloadable","12":"virtual","13":"purchasable","14":"product-type-simple"},"yoast_head":"<!-- This site is optimized with the Yoast SEO plugin v27.4 - https:\/\/yoast.com\/product\/yoast-seo-wordpress\/ -->\n<title>Plan d&#039;acc\u00e8s exclusif \u00e0 vie : Devenez ceinture noire de Krav Maga &amp; instructeur - Krav Maga Online<\/title>\n<meta name=\"description\" content=\"D\u00e9couvrez un acc\u00e8s illimit\u00e9 \u00e0 notre formation compl\u00e8te de Krav Maga gr\u00e2ce \u00e0 notre forfait \u00e0 paiement unique chez Krav Maga Online. Ma\u00eetrisez les techniques d&#039;autod\u00e9fense du niveau d\u00e9butant au niveau avanc\u00e9 avec les conseils d&#039;experts. Rejoignez-nous d\u00e8s aujourd&#039;hui et d\u00e9veloppez vos comp\u00e9tences essentielles.\" \/>\n<meta name=\"robots\" content=\"index, follow, max-snippet:-1, max-image-preview:large, max-video-preview:-1\" \/>\n<link rel=\"canonical\" href=\"https:\/\/krav-maga-on-line.com\/fr\/product\/plan-dacces-exclusif-a-vie-devenez-ceinture-noire-de-krav-maga-instructeur\/\" \/>\n<meta property=\"og:locale\" content=\"fr_FR\" \/>\n<meta property=\"og:type\" content=\"article\" \/>\n<meta property=\"og:title\" content=\"Plan d&#039;acc\u00e8s exclusif \u00e0 vie : Devenez ceinture noire de Krav Maga &amp; instructeur - Krav Maga Online\" \/>\n<meta property=\"og:description\" content=\"D\u00e9couvrez un acc\u00e8s illimit\u00e9 \u00e0 notre formation compl\u00e8te de Krav Maga gr\u00e2ce \u00e0 notre forfait \u00e0 paiement unique chez Krav Maga Online. Ma\u00eetrisez les techniques d&#039;autod\u00e9fense du niveau d\u00e9butant au niveau avanc\u00e9 avec les conseils d&#039;experts. Rejoignez-nous d\u00e8s aujourd&#039;hui et d\u00e9veloppez vos comp\u00e9tences essentielles.\" \/>\n<meta property=\"og:url\" content=\"https:\/\/krav-maga-on-line.com\/fr\/product\/plan-dacces-exclusif-a-vie-devenez-ceinture-noire-de-krav-maga-instructeur\/\" \/>\n<meta property=\"og:site_name\" content=\"Krav Maga Online\" \/>\n<meta property=\"article:publisher\" content=\"https:\/\/www.facebook.com\/expert.alain.cohen\/\" \/>\n<meta property=\"article:modified_time\" content=\"2025-02-06T18:10:16+00:00\" \/>\n<meta property=\"og:image\" content=\"https:\/\/krav-maga-on-line.com\/wp-content\/uploads\/2020\/05\/KRAV-MAGA-ONLINE-LIFETIME-ACCESS-1.jpeg\" \/>\n\t<meta property=\"og:image:width\" content=\"2051\" \/>\n\t<meta property=\"og:image:height\" content=\"1511\" \/>\n\t<meta property=\"og:image:type\" content=\"image\/jpeg\" \/>\n<meta name=\"twitter:card\" content=\"summary_large_image\" \/>\n<meta name=\"twitter:site\" content=\"@KRAVSECURITY\" \/>\n<meta name=\"twitter:label1\" content=\"Dur\u00e9e de lecture estim\u00e9e\" \/>\n\t<meta name=\"twitter:data1\" content=\"1 minute\" \/>\n<script type=\"application\/ld+json\" class=\"yoast-schema-graph\">{\"@context\":\"https:\\\/\\\/schema.org\",\"@graph\":[{\"@type\":\"WebPage\",\"@id\":\"https:\\\/\\\/krav-maga-on-line.com\\\/fr\\\/product\\\/plan-dacces-exclusif-a-vie-devenez-ceinture-noire-de-krav-maga-instructeur\\\/\",\"url\":\"https:\\\/\\\/krav-maga-on-line.com\\\/fr\\\/product\\\/plan-dacces-exclusif-a-vie-devenez-ceinture-noire-de-krav-maga-instructeur\\\/\",\"name\":\"Plan d'acc\u00e8s exclusif \u00e0 vie : Devenez ceinture noire de Krav Maga &amp; instructeur - Krav Maga Online\",\"isPartOf\":{\"@id\":\"https:\\\/\\\/krav-maga-on-line.com\\\/fr\\\/#website\"},\"primaryImageOfPage\":{\"@id\":\"https:\\\/\\\/krav-maga-on-line.com\\\/fr\\\/product\\\/plan-dacces-exclusif-a-vie-devenez-ceinture-noire-de-krav-maga-instructeur\\\/#primaryimage\"},\"image\":{\"@id\":\"https:\\\/\\\/krav-maga-on-line.com\\\/fr\\\/product\\\/plan-dacces-exclusif-a-vie-devenez-ceinture-noire-de-krav-maga-instructeur\\\/#primaryimage\"},\"thumbnailUrl\":\"https:\\\/\\\/krav-maga-on-line.com\\\/wp-content\\\/uploads\\\/2020\\\/05\\\/KRAV-MAGA-ONLINE-LIFETIME-ACCESS-1.jpeg\",\"datePublished\":\"2020-05-18T07:48:08+00:00\",\"dateModified\":\"2025-02-06T18:10:16+00:00\",\"description\":\"D\u00e9couvrez un acc\u00e8s illimit\u00e9 \u00e0 notre formation compl\u00e8te de Krav Maga gr\u00e2ce \u00e0 notre forfait \u00e0 paiement unique chez Krav Maga Online. Ma\u00eetrisez les techniques d'autod\u00e9fense du niveau d\u00e9butant au niveau avanc\u00e9 avec les conseils d'experts. Rejoignez-nous d\u00e8s aujourd'hui et d\u00e9veloppez vos comp\u00e9tences essentielles.\",\"breadcrumb\":{\"@id\":\"https:\\\/\\\/krav-maga-on-line.com\\\/fr\\\/product\\\/plan-dacces-exclusif-a-vie-devenez-ceinture-noire-de-krav-maga-instructeur\\\/#breadcrumb\"},\"inLanguage\":\"fr-FR\",\"potentialAction\":[{\"@type\":\"ReadAction\",\"target\":[\"https:\\\/\\\/krav-maga-on-line.com\\\/fr\\\/product\\\/plan-dacces-exclusif-a-vie-devenez-ceinture-noire-de-krav-maga-instructeur\\\/\"]}]},{\"@type\":\"ImageObject\",\"inLanguage\":\"fr-FR\",\"@id\":\"https:\\\/\\\/krav-maga-on-line.com\\\/fr\\\/product\\\/plan-dacces-exclusif-a-vie-devenez-ceinture-noire-de-krav-maga-instructeur\\\/#primaryimage\",\"url\":\"https:\\\/\\\/krav-maga-on-line.com\\\/wp-content\\\/uploads\\\/2020\\\/05\\\/KRAV-MAGA-ONLINE-LIFETIME-ACCESS-1.jpeg\",\"contentUrl\":\"https:\\\/\\\/krav-maga-on-line.com\\\/wp-content\\\/uploads\\\/2020\\\/05\\\/KRAV-MAGA-ONLINE-LIFETIME-ACCESS-1.jpeg\",\"width\":2051,\"height\":1511},{\"@type\":\"BreadcrumbList\",\"@id\":\"https:\\\/\\\/krav-maga-on-line.com\\\/fr\\\/product\\\/plan-dacces-exclusif-a-vie-devenez-ceinture-noire-de-krav-maga-instructeur\\\/#breadcrumb\",\"itemListElement\":[{\"@type\":\"ListItem\",\"position\":1,\"name\":\"Accueil\",\"item\":\"https:\\\/\\\/krav-maga-on-line.com\\\/fr\\\/\"},{\"@type\":\"ListItem\",\"position\":2,\"name\":\"Shop\",\"item\":\"https:\\\/\\\/krav-maga-on-line.com\\\/shop\\\/\"},{\"@type\":\"ListItem\",\"position\":3,\"name\":\"Plan d&#8217;acc\u00e8s exclusif \u00e0 vie : Devenez ceinture noire de Krav Maga &amp; instructeur\"}]},{\"@type\":\"WebSite\",\"@id\":\"https:\\\/\\\/krav-maga-on-line.com\\\/fr\\\/#website\",\"url\":\"https:\\\/\\\/krav-maga-on-line.com\\\/fr\\\/\",\"name\":\"Krav Maga Online Training Course: Learn Self Defense Online, Obtain Online Krav Maga Instructor Certification, and Earn Your Krav Maga Black Belt Online\",\"description\":\"Training Self Defense Video Courses\",\"publisher\":{\"@id\":\"https:\\\/\\\/krav-maga-on-line.com\\\/fr\\\/#organization\"},\"potentialAction\":[{\"@type\":\"SearchAction\",\"target\":{\"@type\":\"EntryPoint\",\"urlTemplate\":\"https:\\\/\\\/krav-maga-on-line.com\\\/fr\\\/?s={search_term_string}\"},\"query-input\":{\"@type\":\"PropertyValueSpecification\",\"valueRequired\":true,\"valueName\":\"search_term_string\"}}],\"inLanguage\":\"fr-FR\"},{\"@type\":\"Organization\",\"@id\":\"https:\\\/\\\/krav-maga-on-line.com\\\/fr\\\/#organization\",\"name\":\"Krav Maga Online Training Course: Learn Self Defense Online, Obtain Online Krav Maga Instructor Certification, and Earn Your Krav Maga Black Belt Online\",\"url\":\"https:\\\/\\\/krav-maga-on-line.com\\\/fr\\\/\",\"logo\":{\"@type\":\"ImageObject\",\"inLanguage\":\"fr-FR\",\"@id\":\"https:\\\/\\\/krav-maga-on-line.com\\\/fr\\\/#\\\/schema\\\/logo\\\/image\\\/\",\"url\":\"https:\\\/\\\/krav-maga-on-line.com\\\/wp-content\\\/uploads\\\/2024\\\/09\\\/cropped-Krav-Maga-Online-favicon.png\",\"contentUrl\":\"https:\\\/\\\/krav-maga-on-line.com\\\/wp-content\\\/uploads\\\/2024\\\/09\\\/cropped-Krav-Maga-Online-favicon.png\",\"width\":512,\"height\":512,\"caption\":\"Krav Maga Online Training Course: Learn Self Defense Online, Obtain Online Krav Maga Instructor Certification, and Earn Your Krav Maga Black Belt Online\"},\"image\":{\"@id\":\"https:\\\/\\\/krav-maga-on-line.com\\\/fr\\\/#\\\/schema\\\/logo\\\/image\\\/\"},\"sameAs\":[\"https:\\\/\\\/www.facebook.com\\\/expert.alain.cohen\\\/\",\"https:\\\/\\\/x.com\\\/KRAVSECURITY\",\"https:\\\/\\\/www.linkedin.com\\\/in\\\/kravmaga1\",\"https:\\\/\\\/www.instagram.com\\\/cohen_alain\\\/\",\"https:\\\/\\\/www.youtube.com\\\/c\\\/KRAVMAGA1?sub_confirmation=1\",\"https:\\\/\\\/www.tiktok.com\\\/@kravmagacohen\",\"https:\\\/\\\/www.snapchat.com\\\/add\\\/kravmagaonline\"]}]}<\/script>\n<!-- \/ Yoast SEO plugin. -->","yoast_head_json":{"title":"Plan d'acc\u00e8s exclusif \u00e0 vie : Devenez ceinture noire de Krav Maga &amp; instructeur - Krav Maga Online","description":"D\u00e9couvrez un acc\u00e8s illimit\u00e9 \u00e0 notre formation compl\u00e8te de Krav Maga gr\u00e2ce \u00e0 notre forfait \u00e0 paiement unique chez Krav Maga Online. Ma\u00eetrisez les techniques d'autod\u00e9fense du niveau d\u00e9butant au niveau avanc\u00e9 avec les conseils d'experts. Rejoignez-nous d\u00e8s aujourd'hui et d\u00e9veloppez vos comp\u00e9tences essentielles.","robots":{"index":"index","follow":"follow","max-snippet":"max-snippet:-1","max-image-preview":"max-image-preview:large","max-video-preview":"max-video-preview:-1"},"canonical":"https:\/\/krav-maga-on-line.com\/fr\/product\/plan-dacces-exclusif-a-vie-devenez-ceinture-noire-de-krav-maga-instructeur\/","og_locale":"fr_FR","og_type":"article","og_title":"Plan d'acc\u00e8s exclusif \u00e0 vie : Devenez ceinture noire de Krav Maga &amp; instructeur - Krav Maga Online","og_description":"D\u00e9couvrez un acc\u00e8s illimit\u00e9 \u00e0 notre formation compl\u00e8te de Krav Maga gr\u00e2ce \u00e0 notre forfait \u00e0 paiement unique chez Krav Maga Online. Ma\u00eetrisez les techniques d'autod\u00e9fense du niveau d\u00e9butant au niveau avanc\u00e9 avec les conseils d'experts. Rejoignez-nous d\u00e8s aujourd'hui et d\u00e9veloppez vos comp\u00e9tences essentielles.","og_url":"https:\/\/krav-maga-on-line.com\/fr\/product\/plan-dacces-exclusif-a-vie-devenez-ceinture-noire-de-krav-maga-instructeur\/","og_site_name":"Krav Maga Online","article_publisher":"https:\/\/www.facebook.com\/expert.alain.cohen\/","article_modified_time":"2025-02-06T18:10:16+00:00","og_image":[{"width":2051,"height":1511,"url":"https:\/\/krav-maga-on-line.com\/wp-content\/uploads\/2020\/05\/KRAV-MAGA-ONLINE-LIFETIME-ACCESS-1.jpeg","type":"image\/jpeg"}],"twitter_card":"summary_large_image","twitter_site":"@KRAVSECURITY","twitter_misc":{"Dur\u00e9e de lecture estim\u00e9e":"1 minute"},"schema":{"@context":"https:\/\/schema.org","@graph":[{"@type":"WebPage","@id":"https:\/\/krav-maga-on-line.com\/fr\/product\/plan-dacces-exclusif-a-vie-devenez-ceinture-noire-de-krav-maga-instructeur\/","url":"https:\/\/krav-maga-on-line.com\/fr\/product\/plan-dacces-exclusif-a-vie-devenez-ceinture-noire-de-krav-maga-instructeur\/","name":"Plan d'acc\u00e8s exclusif \u00e0 vie : Devenez ceinture noire de Krav Maga &amp; instructeur - Krav Maga Online","isPartOf":{"@id":"https:\/\/krav-maga-on-line.com\/fr\/#website"},"primaryImageOfPage":{"@id":"https:\/\/krav-maga-on-line.com\/fr\/product\/plan-dacces-exclusif-a-vie-devenez-ceinture-noire-de-krav-maga-instructeur\/#primaryimage"},"image":{"@id":"https:\/\/krav-maga-on-line.com\/fr\/product\/plan-dacces-exclusif-a-vie-devenez-ceinture-noire-de-krav-maga-instructeur\/#primaryimage"},"thumbnailUrl":"https:\/\/krav-maga-on-line.com\/wp-content\/uploads\/2020\/05\/KRAV-MAGA-ONLINE-LIFETIME-ACCESS-1.jpeg","datePublished":"2020-05-18T07:48:08+00:00","dateModified":"2025-02-06T18:10:16+00:00","description":"D\u00e9couvrez un acc\u00e8s illimit\u00e9 \u00e0 notre formation compl\u00e8te de Krav Maga gr\u00e2ce \u00e0 notre forfait \u00e0 paiement unique chez Krav Maga Online. Ma\u00eetrisez les techniques d'autod\u00e9fense du niveau d\u00e9butant au niveau avanc\u00e9 avec les conseils d'experts. Rejoignez-nous d\u00e8s aujourd'hui et d\u00e9veloppez vos comp\u00e9tences essentielles.","breadcrumb":{"@id":"https:\/\/krav-maga-on-line.com\/fr\/product\/plan-dacces-exclusif-a-vie-devenez-ceinture-noire-de-krav-maga-instructeur\/#breadcrumb"},"inLanguage":"fr-FR","potentialAction":[{"@type":"ReadAction","target":["https:\/\/krav-maga-on-line.com\/fr\/product\/plan-dacces-exclusif-a-vie-devenez-ceinture-noire-de-krav-maga-instructeur\/"]}]},{"@type":"ImageObject","inLanguage":"fr-FR","@id":"https:\/\/krav-maga-on-line.com\/fr\/product\/plan-dacces-exclusif-a-vie-devenez-ceinture-noire-de-krav-maga-instructeur\/#primaryimage","url":"https:\/\/krav-maga-on-line.com\/wp-content\/uploads\/2020\/05\/KRAV-MAGA-ONLINE-LIFETIME-ACCESS-1.jpeg","contentUrl":"https:\/\/krav-maga-on-line.com\/wp-content\/uploads\/2020\/05\/KRAV-MAGA-ONLINE-LIFETIME-ACCESS-1.jpeg","width":2051,"height":1511},{"@type":"BreadcrumbList","@id":"https:\/\/krav-maga-on-line.com\/fr\/product\/plan-dacces-exclusif-a-vie-devenez-ceinture-noire-de-krav-maga-instructeur\/#breadcrumb","itemListElement":[{"@type":"ListItem","position":1,"name":"Accueil","item":"https:\/\/krav-maga-on-line.com\/fr\/"},{"@type":"ListItem","position":2,"name":"Shop","item":"https:\/\/krav-maga-on-line.com\/shop\/"},{"@type":"ListItem","position":3,"name":"Plan d&#8217;acc\u00e8s exclusif \u00e0 vie : Devenez ceinture noire de Krav Maga &amp; instructeur"}]},{"@type":"WebSite","@id":"https:\/\/krav-maga-on-line.com\/fr\/#website","url":"https:\/\/krav-maga-on-line.com\/fr\/","name":"Krav Maga Online Training Course: Learn Self Defense Online, Obtain Online Krav Maga Instructor Certification, and Earn Your Krav Maga Black Belt Online","description":"Training Self Defense Video Courses","publisher":{"@id":"https:\/\/krav-maga-on-line.com\/fr\/#organization"},"potentialAction":[{"@type":"SearchAction","target":{"@type":"EntryPoint","urlTemplate":"https:\/\/krav-maga-on-line.com\/fr\/?s={search_term_string}"},"query-input":{"@type":"PropertyValueSpecification","valueRequired":true,"valueName":"search_term_string"}}],"inLanguage":"fr-FR"},{"@type":"Organization","@id":"https:\/\/krav-maga-on-line.com\/fr\/#organization","name":"Krav Maga Online Training Course: Learn Self Defense Online, Obtain Online Krav Maga Instructor Certification, and Earn Your Krav Maga Black Belt Online","url":"https:\/\/krav-maga-on-line.com\/fr\/","logo":{"@type":"ImageObject","inLanguage":"fr-FR","@id":"https:\/\/krav-maga-on-line.com\/fr\/#\/schema\/logo\/image\/","url":"https:\/\/krav-maga-on-line.com\/wp-content\/uploads\/2024\/09\/cropped-Krav-Maga-Online-favicon.png","contentUrl":"https:\/\/krav-maga-on-line.com\/wp-content\/uploads\/2024\/09\/cropped-Krav-Maga-Online-favicon.png","width":512,"height":512,"caption":"Krav Maga Online Training Course: Learn Self Defense Online, Obtain Online Krav Maga Instructor Certification, and Earn Your Krav Maga Black Belt Online"},"image":{"@id":"https:\/\/krav-maga-on-line.com\/fr\/#\/schema\/logo\/image\/"},"sameAs":["https:\/\/www.facebook.com\/expert.alain.cohen\/","https:\/\/x.com\/KRAVSECURITY","https:\/\/www.linkedin.com\/in\/kravmaga1","https:\/\/www.instagram.com\/cohen_alain\/","https:\/\/www.youtube.com\/c\/KRAVMAGA1?sub_confirmation=1","https:\/\/www.tiktok.com\/@kravmagacohen","https:\/\/www.snapchat.com\/add\/kravmagaonline"]}]}},"_links":{"self":[{"href":"https:\/\/krav-maga-on-line.com\/fr\/wp-json\/wp\/v2\/product\/76109","targetHints":{"allow":["GET"]}}],"collection":[{"href":"https:\/\/krav-maga-on-line.com\/fr\/wp-json\/wp\/v2\/product"}],"about":[{"href":"https:\/\/krav-maga-on-line.com\/fr\/wp-json\/wp\/v2\/types\/product"}],"version-history":[{"count":1,"href":"https:\/\/krav-maga-on-line.com\/fr\/wp-json\/wp\/v2\/product\/76109\/revisions"}],"predecessor-version":[{"id":76628,"href":"https:\/\/krav-maga-on-line.com\/fr\/wp-json\/wp\/v2\/product\/76109\/revisions\/76628"}],"wp:featuredmedia":[{"embeddable":true,"href":"https:\/\/krav-maga-on-line.com\/fr\/wp-json\/wp\/v2\/media\/75264"}],"wp:attachment":[{"href":"https:\/\/krav-maga-on-line.com\/fr\/wp-json\/wp\/v2\/media?parent=76109"}],"wp:term":[{"taxonomy":"product_brand","embeddable":true,"href":"https:\/\/krav-maga-on-line.com\/fr\/wp-json\/wp\/v2\/product_brand?post=76109"},{"taxonomy":"product_cat","embeddable":true,"href":"https:\/\/krav-maga-on-line.com\/fr\/wp-json\/wp\/v2\/product_cat?post=76109"},{"taxonomy":"product_tag","embeddable":true,"href":"https:\/\/krav-maga-on-line.com\/fr\/wp-json\/wp\/v2\/product_tag?post=76109"}],"curies":[{"name":"wp","href":"https:\/\/api.w.org\/{rel}","templated":true}]}}