{"id":76034,"date":"2019-05-19T00:54:47","date_gmt":"2019-05-18T22:54:47","guid":{"rendered":"https:\/\/krav-maga-on-line.com\/product\/acces-a-vie-10-paiements\/"},"modified":"2025-05-21T15:47:42","modified_gmt":"2025-05-21T13:47:42","slug":"acces-a-vie-10-paiements","status":"publish","type":"product","link":"https:\/\/krav-maga-on-line.com\/fr\/product\/acces-a-vie-10-paiements\/","title":{"rendered":"TOUT COMPRIS &#8211; 10 VERSEMENTS"},"content":{"rendered":"<p class=\"p1\">Profitez de notre formule TOUT COMPRIS avec seulement 10 versements mensuels de 237 $. Ce plan vous permet de b\u00e9n\u00e9ficier de tous les avantages \u00e9num\u00e9r\u00e9s ci-dessous \u00e0 votre propre rythme, vous garantissant ainsi un temps suffisant pour atteindre tous vos objectifs et r\u00e9aliser vos aspirations en Krav Maga. Commencez d\u00e8s aujourd&rsquo;hui et embarquez pour un voyage de croissance et de r\u00e9ussite continue !  <\/p>\n","protected":false},"excerpt":{"rendered":"<p>Profitez de notre formule TOUT COMPRIS avec seulement 10 versements mensuels de 237 $. Ce plan vous permet de b\u00e9n\u00e9ficier de tous les avantages \u00e9num\u00e9r\u00e9s ci-dessous \u00e0 votre propre rythme, vous garantissant ainsi un temps suffisant pour atteindre tous vos objectifs et r\u00e9aliser vos aspirations en Krav Maga. Commencez d\u00e8s aujourd&rsquo;hui et embarquez pour un [&hellip;]<\/p>\n","protected":false},"featured_media":78235,"template":"","meta":[],"product_brand":[],"product_cat":[162],"product_tag":[],"class_list":{"0":"post-76034","1":"product","2":"type-product","3":"status-publish","4":"has-post-thumbnail","6":"product_cat-non-classifiee","8":"first","9":"instock","10":"sale","11":"downloadable","12":"virtual","13":"sold-individually","14":"purchasable","15":"product-type-simple"},"yoast_head":"<!-- This site is optimized with the Yoast SEO plugin v27.4 - https:\/\/yoast.com\/product\/yoast-seo-wordpress\/ -->\n<title>TOUT COMPRIS - 10 VERSEMENTS - Krav Maga Online<\/title>\n<meta name=\"description\" content=\"Profitez de notre formule TOUT COMPRIS avec seulement 10 versements mensuels de 237 $. Ce plan vous permet de b\u00e9n\u00e9ficier de tous les avantages \u00e9num\u00e9r\u00e9s ci-dessous \u00e0 votre propre rythme, vous garantissant ainsi un temps suffisant pour atteindre tous vos objectifs et r\u00e9aliser vos aspirations en Krav Maga. Commencez d\u00e8s aujourd&#039;hui et embarquez pour un voyage de croissance et de r\u00e9ussite continue !\" \/>\n<meta name=\"robots\" content=\"index, follow, max-snippet:-1, max-image-preview:large, max-video-preview:-1\" \/>\n<link rel=\"canonical\" href=\"https:\/\/krav-maga-on-line.com\/fr\/product\/acces-a-vie-10-paiements\/\" \/>\n<meta property=\"og:locale\" content=\"fr_FR\" \/>\n<meta property=\"og:type\" content=\"article\" \/>\n<meta property=\"og:title\" content=\"TOUT COMPRIS - 10 VERSEMENTS - Krav Maga Online\" \/>\n<meta property=\"og:description\" content=\"Profitez de notre formule TOUT COMPRIS avec seulement 10 versements mensuels de 237 $. Ce plan vous permet de b\u00e9n\u00e9ficier de tous les avantages \u00e9num\u00e9r\u00e9s ci-dessous \u00e0 votre propre rythme, vous garantissant ainsi un temps suffisant pour atteindre tous vos objectifs et r\u00e9aliser vos aspirations en Krav Maga. Commencez d\u00e8s aujourd&#039;hui et embarquez pour un voyage de croissance et de r\u00e9ussite continue !\" \/>\n<meta property=\"og:url\" content=\"https:\/\/krav-maga-on-line.com\/fr\/product\/acces-a-vie-10-paiements\/\" \/>\n<meta property=\"og:site_name\" content=\"Krav Maga Online\" \/>\n<meta property=\"article:publisher\" content=\"https:\/\/www.facebook.com\/expert.alain.cohen\/\" \/>\n<meta property=\"article:modified_time\" content=\"2025-05-21T13:47:42+00:00\" \/>\n<meta property=\"og:image\" content=\"https:\/\/krav-maga-on-line.com\/wp-content\/uploads\/2019\/05\/KRAV-MAGA-ONLINE-10.jpg\" \/>\n\t<meta property=\"og:image:width\" content=\"1137\" \/>\n\t<meta property=\"og:image:height\" content=\"828\" \/>\n\t<meta property=\"og:image:type\" content=\"image\/jpeg\" \/>\n<meta name=\"twitter:card\" content=\"summary_large_image\" \/>\n<meta name=\"twitter:site\" content=\"@KRAVSECURITY\" \/>\n<script type=\"application\/ld+json\" class=\"yoast-schema-graph\">{\"@context\":\"https:\\\/\\\/schema.org\",\"@graph\":[{\"@type\":\"WebPage\",\"@id\":\"https:\\\/\\\/krav-maga-on-line.com\\\/fr\\\/product\\\/acces-a-vie-10-paiements\\\/\",\"url\":\"https:\\\/\\\/krav-maga-on-line.com\\\/fr\\\/product\\\/acces-a-vie-10-paiements\\\/\",\"name\":\"TOUT COMPRIS - 10 VERSEMENTS - Krav Maga Online\",\"isPartOf\":{\"@id\":\"https:\\\/\\\/krav-maga-on-line.com\\\/fr\\\/#website\"},\"primaryImageOfPage\":{\"@id\":\"https:\\\/\\\/krav-maga-on-line.com\\\/fr\\\/product\\\/acces-a-vie-10-paiements\\\/#primaryimage\"},\"image\":{\"@id\":\"https:\\\/\\\/krav-maga-on-line.com\\\/fr\\\/product\\\/acces-a-vie-10-paiements\\\/#primaryimage\"},\"thumbnailUrl\":\"https:\\\/\\\/krav-maga-on-line.com\\\/wp-content\\\/uploads\\\/2019\\\/05\\\/KRAV-MAGA-ONLINE-10.jpg\",\"datePublished\":\"2019-05-18T22:54:47+00:00\",\"dateModified\":\"2025-05-21T13:47:42+00:00\",\"description\":\"Profitez de notre formule TOUT COMPRIS avec seulement 10 versements mensuels de 237 $. Ce plan vous permet de b\u00e9n\u00e9ficier de tous les avantages \u00e9num\u00e9r\u00e9s ci-dessous \u00e0 votre propre rythme, vous garantissant ainsi un temps suffisant pour atteindre tous vos objectifs et r\u00e9aliser vos aspirations en Krav Maga. Commencez d\u00e8s aujourd'hui et embarquez pour un voyage de croissance et de r\u00e9ussite continue !\",\"breadcrumb\":{\"@id\":\"https:\\\/\\\/krav-maga-on-line.com\\\/fr\\\/product\\\/acces-a-vie-10-paiements\\\/#breadcrumb\"},\"inLanguage\":\"fr-FR\",\"potentialAction\":[{\"@type\":\"ReadAction\",\"target\":[\"https:\\\/\\\/krav-maga-on-line.com\\\/fr\\\/product\\\/acces-a-vie-10-paiements\\\/\"]}]},{\"@type\":\"ImageObject\",\"inLanguage\":\"fr-FR\",\"@id\":\"https:\\\/\\\/krav-maga-on-line.com\\\/fr\\\/product\\\/acces-a-vie-10-paiements\\\/#primaryimage\",\"url\":\"https:\\\/\\\/krav-maga-on-line.com\\\/wp-content\\\/uploads\\\/2019\\\/05\\\/KRAV-MAGA-ONLINE-10.jpg\",\"contentUrl\":\"https:\\\/\\\/krav-maga-on-line.com\\\/wp-content\\\/uploads\\\/2019\\\/05\\\/KRAV-MAGA-ONLINE-10.jpg\",\"width\":1137,\"height\":828},{\"@type\":\"BreadcrumbList\",\"@id\":\"https:\\\/\\\/krav-maga-on-line.com\\\/fr\\\/product\\\/acces-a-vie-10-paiements\\\/#breadcrumb\",\"itemListElement\":[{\"@type\":\"ListItem\",\"position\":1,\"name\":\"Accueil\",\"item\":\"https:\\\/\\\/krav-maga-on-line.com\\\/fr\\\/\"},{\"@type\":\"ListItem\",\"position\":2,\"name\":\"Shop\",\"item\":\"https:\\\/\\\/krav-maga-on-line.com\\\/shop\\\/\"},{\"@type\":\"ListItem\",\"position\":3,\"name\":\"TOUT COMPRIS &#8211; 10 VERSEMENTS\"}]},{\"@type\":\"WebSite\",\"@id\":\"https:\\\/\\\/krav-maga-on-line.com\\\/fr\\\/#website\",\"url\":\"https:\\\/\\\/krav-maga-on-line.com\\\/fr\\\/\",\"name\":\"Krav Maga Online Training Course: Learn Self Defense Online, Obtain Online Krav Maga Instructor Certification, and Earn Your Krav Maga Black Belt Online\",\"description\":\"Training Self Defense Video Courses\",\"publisher\":{\"@id\":\"https:\\\/\\\/krav-maga-on-line.com\\\/fr\\\/#organization\"},\"potentialAction\":[{\"@type\":\"SearchAction\",\"target\":{\"@type\":\"EntryPoint\",\"urlTemplate\":\"https:\\\/\\\/krav-maga-on-line.com\\\/fr\\\/?s={search_term_string}\"},\"query-input\":{\"@type\":\"PropertyValueSpecification\",\"valueRequired\":true,\"valueName\":\"search_term_string\"}}],\"inLanguage\":\"fr-FR\"},{\"@type\":\"Organization\",\"@id\":\"https:\\\/\\\/krav-maga-on-line.com\\\/fr\\\/#organization\",\"name\":\"Krav Maga Online Training Course: Learn Self Defense Online, Obtain Online Krav Maga Instructor Certification, and Earn Your Krav Maga Black Belt Online\",\"url\":\"https:\\\/\\\/krav-maga-on-line.com\\\/fr\\\/\",\"logo\":{\"@type\":\"ImageObject\",\"inLanguage\":\"fr-FR\",\"@id\":\"https:\\\/\\\/krav-maga-on-line.com\\\/fr\\\/#\\\/schema\\\/logo\\\/image\\\/\",\"url\":\"https:\\\/\\\/krav-maga-on-line.com\\\/wp-content\\\/uploads\\\/2024\\\/09\\\/cropped-Krav-Maga-Online-favicon.png\",\"contentUrl\":\"https:\\\/\\\/krav-maga-on-line.com\\\/wp-content\\\/uploads\\\/2024\\\/09\\\/cropped-Krav-Maga-Online-favicon.png\",\"width\":512,\"height\":512,\"caption\":\"Krav Maga Online Training Course: Learn Self Defense Online, Obtain Online Krav Maga Instructor Certification, and Earn Your Krav Maga Black Belt Online\"},\"image\":{\"@id\":\"https:\\\/\\\/krav-maga-on-line.com\\\/fr\\\/#\\\/schema\\\/logo\\\/image\\\/\"},\"sameAs\":[\"https:\\\/\\\/www.facebook.com\\\/expert.alain.cohen\\\/\",\"https:\\\/\\\/x.com\\\/KRAVSECURITY\",\"https:\\\/\\\/www.linkedin.com\\\/in\\\/kravmaga1\",\"https:\\\/\\\/www.instagram.com\\\/cohen_alain\\\/\",\"https:\\\/\\\/www.youtube.com\\\/c\\\/KRAVMAGA1?sub_confirmation=1\",\"https:\\\/\\\/www.tiktok.com\\\/@kravmagacohen\",\"https:\\\/\\\/www.snapchat.com\\\/add\\\/kravmagaonline\"]}]}<\/script>\n<!-- \/ Yoast SEO plugin. -->","yoast_head_json":{"title":"TOUT COMPRIS - 10 VERSEMENTS - Krav Maga Online","description":"Profitez de notre formule TOUT COMPRIS avec seulement 10 versements mensuels de 237 $. Ce plan vous permet de b\u00e9n\u00e9ficier de tous les avantages \u00e9num\u00e9r\u00e9s ci-dessous \u00e0 votre propre rythme, vous garantissant ainsi un temps suffisant pour atteindre tous vos objectifs et r\u00e9aliser vos aspirations en Krav Maga. Commencez d\u00e8s aujourd'hui et embarquez pour un voyage de croissance et de r\u00e9ussite continue !","robots":{"index":"index","follow":"follow","max-snippet":"max-snippet:-1","max-image-preview":"max-image-preview:large","max-video-preview":"max-video-preview:-1"},"canonical":"https:\/\/krav-maga-on-line.com\/fr\/product\/acces-a-vie-10-paiements\/","og_locale":"fr_FR","og_type":"article","og_title":"TOUT COMPRIS - 10 VERSEMENTS - Krav Maga Online","og_description":"Profitez de notre formule TOUT COMPRIS avec seulement 10 versements mensuels de 237 $. Ce plan vous permet de b\u00e9n\u00e9ficier de tous les avantages \u00e9num\u00e9r\u00e9s ci-dessous \u00e0 votre propre rythme, vous garantissant ainsi un temps suffisant pour atteindre tous vos objectifs et r\u00e9aliser vos aspirations en Krav Maga. Commencez d\u00e8s aujourd'hui et embarquez pour un voyage de croissance et de r\u00e9ussite continue !","og_url":"https:\/\/krav-maga-on-line.com\/fr\/product\/acces-a-vie-10-paiements\/","og_site_name":"Krav Maga Online","article_publisher":"https:\/\/www.facebook.com\/expert.alain.cohen\/","article_modified_time":"2025-05-21T13:47:42+00:00","og_image":[{"width":1137,"height":828,"url":"https:\/\/krav-maga-on-line.com\/wp-content\/uploads\/2019\/05\/KRAV-MAGA-ONLINE-10.jpg","type":"image\/jpeg"}],"twitter_card":"summary_large_image","twitter_site":"@KRAVSECURITY","schema":{"@context":"https:\/\/schema.org","@graph":[{"@type":"WebPage","@id":"https:\/\/krav-maga-on-line.com\/fr\/product\/acces-a-vie-10-paiements\/","url":"https:\/\/krav-maga-on-line.com\/fr\/product\/acces-a-vie-10-paiements\/","name":"TOUT COMPRIS - 10 VERSEMENTS - Krav Maga Online","isPartOf":{"@id":"https:\/\/krav-maga-on-line.com\/fr\/#website"},"primaryImageOfPage":{"@id":"https:\/\/krav-maga-on-line.com\/fr\/product\/acces-a-vie-10-paiements\/#primaryimage"},"image":{"@id":"https:\/\/krav-maga-on-line.com\/fr\/product\/acces-a-vie-10-paiements\/#primaryimage"},"thumbnailUrl":"https:\/\/krav-maga-on-line.com\/wp-content\/uploads\/2019\/05\/KRAV-MAGA-ONLINE-10.jpg","datePublished":"2019-05-18T22:54:47+00:00","dateModified":"2025-05-21T13:47:42+00:00","description":"Profitez de notre formule TOUT COMPRIS avec seulement 10 versements mensuels de 237 $. Ce plan vous permet de b\u00e9n\u00e9ficier de tous les avantages \u00e9num\u00e9r\u00e9s ci-dessous \u00e0 votre propre rythme, vous garantissant ainsi un temps suffisant pour atteindre tous vos objectifs et r\u00e9aliser vos aspirations en Krav Maga. Commencez d\u00e8s aujourd'hui et embarquez pour un voyage de croissance et de r\u00e9ussite continue !","breadcrumb":{"@id":"https:\/\/krav-maga-on-line.com\/fr\/product\/acces-a-vie-10-paiements\/#breadcrumb"},"inLanguage":"fr-FR","potentialAction":[{"@type":"ReadAction","target":["https:\/\/krav-maga-on-line.com\/fr\/product\/acces-a-vie-10-paiements\/"]}]},{"@type":"ImageObject","inLanguage":"fr-FR","@id":"https:\/\/krav-maga-on-line.com\/fr\/product\/acces-a-vie-10-paiements\/#primaryimage","url":"https:\/\/krav-maga-on-line.com\/wp-content\/uploads\/2019\/05\/KRAV-MAGA-ONLINE-10.jpg","contentUrl":"https:\/\/krav-maga-on-line.com\/wp-content\/uploads\/2019\/05\/KRAV-MAGA-ONLINE-10.jpg","width":1137,"height":828},{"@type":"BreadcrumbList","@id":"https:\/\/krav-maga-on-line.com\/fr\/product\/acces-a-vie-10-paiements\/#breadcrumb","itemListElement":[{"@type":"ListItem","position":1,"name":"Accueil","item":"https:\/\/krav-maga-on-line.com\/fr\/"},{"@type":"ListItem","position":2,"name":"Shop","item":"https:\/\/krav-maga-on-line.com\/shop\/"},{"@type":"ListItem","position":3,"name":"TOUT COMPRIS &#8211; 10 VERSEMENTS"}]},{"@type":"WebSite","@id":"https:\/\/krav-maga-on-line.com\/fr\/#website","url":"https:\/\/krav-maga-on-line.com\/fr\/","name":"Krav Maga Online Training Course: Learn Self Defense Online, Obtain Online Krav Maga Instructor Certification, and Earn Your Krav Maga Black Belt Online","description":"Training Self Defense Video Courses","publisher":{"@id":"https:\/\/krav-maga-on-line.com\/fr\/#organization"},"potentialAction":[{"@type":"SearchAction","target":{"@type":"EntryPoint","urlTemplate":"https:\/\/krav-maga-on-line.com\/fr\/?s={search_term_string}"},"query-input":{"@type":"PropertyValueSpecification","valueRequired":true,"valueName":"search_term_string"}}],"inLanguage":"fr-FR"},{"@type":"Organization","@id":"https:\/\/krav-maga-on-line.com\/fr\/#organization","name":"Krav Maga Online Training Course: Learn Self Defense Online, Obtain Online Krav Maga Instructor Certification, and Earn Your Krav Maga Black Belt Online","url":"https:\/\/krav-maga-on-line.com\/fr\/","logo":{"@type":"ImageObject","inLanguage":"fr-FR","@id":"https:\/\/krav-maga-on-line.com\/fr\/#\/schema\/logo\/image\/","url":"https:\/\/krav-maga-on-line.com\/wp-content\/uploads\/2024\/09\/cropped-Krav-Maga-Online-favicon.png","contentUrl":"https:\/\/krav-maga-on-line.com\/wp-content\/uploads\/2024\/09\/cropped-Krav-Maga-Online-favicon.png","width":512,"height":512,"caption":"Krav Maga Online Training Course: Learn Self Defense Online, Obtain Online Krav Maga Instructor Certification, and Earn Your Krav Maga Black Belt Online"},"image":{"@id":"https:\/\/krav-maga-on-line.com\/fr\/#\/schema\/logo\/image\/"},"sameAs":["https:\/\/www.facebook.com\/expert.alain.cohen\/","https:\/\/x.com\/KRAVSECURITY","https:\/\/www.linkedin.com\/in\/kravmaga1","https:\/\/www.instagram.com\/cohen_alain\/","https:\/\/www.youtube.com\/c\/KRAVMAGA1?sub_confirmation=1","https:\/\/www.tiktok.com\/@kravmagacohen","https:\/\/www.snapchat.com\/add\/kravmagaonline"]}]}},"_links":{"self":[{"href":"https:\/\/krav-maga-on-line.com\/fr\/wp-json\/wp\/v2\/product\/76034","targetHints":{"allow":["GET"]}}],"collection":[{"href":"https:\/\/krav-maga-on-line.com\/fr\/wp-json\/wp\/v2\/product"}],"about":[{"href":"https:\/\/krav-maga-on-line.com\/fr\/wp-json\/wp\/v2\/types\/product"}],"version-history":[{"count":2,"href":"https:\/\/krav-maga-on-line.com\/fr\/wp-json\/wp\/v2\/product\/76034\/revisions"}],"predecessor-version":[{"id":78368,"href":"https:\/\/krav-maga-on-line.com\/fr\/wp-json\/wp\/v2\/product\/76034\/revisions\/78368"}],"wp:featuredmedia":[{"embeddable":true,"href":"https:\/\/krav-maga-on-line.com\/fr\/wp-json\/wp\/v2\/media\/78235"}],"wp:attachment":[{"href":"https:\/\/krav-maga-on-line.com\/fr\/wp-json\/wp\/v2\/media?parent=76034"}],"wp:term":[{"taxonomy":"product_brand","embeddable":true,"href":"https:\/\/krav-maga-on-line.com\/fr\/wp-json\/wp\/v2\/product_brand?post=76034"},{"taxonomy":"product_cat","embeddable":true,"href":"https:\/\/krav-maga-on-line.com\/fr\/wp-json\/wp\/v2\/product_cat?post=76034"},{"taxonomy":"product_tag","embeddable":true,"href":"https:\/\/krav-maga-on-line.com\/fr\/wp-json\/wp\/v2\/product_tag?post=76034"}],"curies":[{"name":"wp","href":"https:\/\/api.w.org\/{rel}","templated":true}]}}