{"id":75969,"date":"2020-06-05T13:47:52","date_gmt":"2020-06-05T11:47:52","guid":{"rendered":"https:\/\/krav-maga-on-line.com\/krav-maga-online-temoignages\/"},"modified":"2024-10-28T11:26:52","modified_gmt":"2024-10-28T10:26:52","slug":"krav-maga-online-temoignages","status":"publish","type":"page","link":"https:\/\/krav-maga-on-line.com\/fr\/krav-maga-online-temoignages\/","title":{"rendered":"Krav Maga Online T\u00e9moignages"},"content":{"rendered":"\t\t<div data-elementor-type=\"wp-page\" data-elementor-id=\"75969\" class=\"elementor elementor-75969 elementor-12628\" data-elementor-post-type=\"page\">\n\t\t\t\t\t\t<section class=\"elementor-section elementor-top-section elementor-element elementor-element-0b26ff5 elementor-section-boxed elementor-section-height-default elementor-section-height-default\" data-id=\"0b26ff5\" data-element_type=\"section\" data-e-type=\"section\">\n\t\t\t\t\t\t<div class=\"elementor-container elementor-column-gap-default\">\n\t\t\t\t\t<div class=\"elementor-column elementor-col-100 elementor-top-column elementor-element elementor-element-d295e1d\" data-id=\"d295e1d\" data-element_type=\"column\" data-e-type=\"column\">\n\t\t\t<div class=\"elementor-widget-wrap elementor-element-populated\">\n\t\t\t\t\t\t<div class=\"elementor-element elementor-element-9252e89 elementor-widget elementor-widget-video\" data-id=\"9252e89\" data-element_type=\"widget\" data-e-type=\"widget\" data-settings=\"{&quot;video_type&quot;:&quot;vimeo&quot;}\" data-widget_type=\"video.default\">\n\t\t\t\t<div class=\"elementor-widget-container\">\n\t\t\t\t\t\t\t<div class=\"elementor-wrapper elementor-open-inline\">\n\t\t\t<iframe class=\"elementor-video-iframe\" allowfullscreen allow=\"clipboard-write\" title=\"Lecteur vid\u00e9o vimeo\" src=\"https:\/\/player.vimeo.com\/video\/309121806?color&amp;autopause=0&amp;loop=0&amp;muted=0&amp;title=1&amp;portrait=1&amp;byline=1#t=\"><\/iframe>\t\t<\/div>\n\t\t\t\t\t\t<\/div>\n\t\t\t\t<\/div>\n\t\t\t\t<div class=\"elementor-element elementor-element-0a284d3 elementor-widget__width-inherit elementor-widget elementor-widget-text-editor\" data-id=\"0a284d3\" data-element_type=\"widget\" data-e-type=\"widget\" data-widget_type=\"text-editor.default\">\n\t\t\t\t<div class=\"elementor-widget-container\">\n\t\t\t\t\t\t\t\t\t<p class=\"p1\">Et si je vous disais que vous poss\u00e9dez en vous un potentiel inexploit\u00e9 ? Notre programme Krav Maga en ligne est l\u00e0 pour vous aider \u00e0 lib\u00e9rer ce potentiel et \u00e0 d\u00e9couvrir les capacit\u00e9s extraordinaires que vous ne soup\u00e7onniez pas. Gr\u00e2ce \u00e0 notre formation compl\u00e8te, vous d\u00e9velopperez votre force physique, votre agilit\u00e9 et vos comp\u00e9tences de combat, ce qui vous donnera un avantage significatif dans n&rsquo;importe quel sc\u00e9nario d&rsquo;autod\u00e9fense. Mais cela ne s&rsquo;arr\u00eate pas l\u00e0 &#8211; notre programme se concentre \u00e9galement sur le d\u00e9veloppement personnel et le d\u00e9veloppement de l&rsquo;\u00e9tat d&rsquo;esprit. Vous apprendrez \u00e0 surmonter les obstacles, \u00e0 relever les d\u00e9fis et \u00e0 d\u00e9velopper une r\u00e9sistance mentale in\u00e9branlable. Ne vous contentez pas de la m\u00e9diocrit\u00e9 quand vous pouvez devenir exceptionnel. Rejoignez notre programme Krav Maga en ligne d\u00e8s aujourd&rsquo;hui et embarquez pour un voyage qui changera votre vie \u00e0 jamais.<\/p>\n\t\t\t\t\t\t\t\t<\/div>\n\t\t\t\t<\/div>\n\t\t\t\t<div class=\"elementor-element elementor-element-22d9ad0 elementor-align-center elementor-tablet-align-center elementor-widget elementor-widget-button\" data-id=\"22d9ad0\" data-element_type=\"widget\" data-e-type=\"widget\" data-widget_type=\"button.default\">\n\t\t\t\t<div class=\"elementor-widget-container\">\n\t\t\t\t\t\t\t\t\t<div class=\"elementor-button-wrapper\">\n\t\t\t\t\t<a class=\"elementor-button elementor-button-link elementor-size-sm\" href=\"https:\/\/krav-maga-on-line.com\/fr\/\">\n\t\t\t\t\t\t<span class=\"elementor-button-content-wrapper\">\n\t\t\t\t\t\t<span class=\"elementor-button-icon\">\n\t\t\t\t<svg aria-hidden=\"true\" class=\"e-font-icon-svg e-fas-arrow-right\" viewBox=\"0 0 448 512\" xmlns=\"http:\/\/www.w3.org\/2000\/svg\"><path d=\"M190.5 66.9l22.2-22.2c9.4-9.4 24.6-9.4 33.9 0L441 239c9.4 9.4 9.4 24.6 0 33.9L246.6 467.3c-9.4 9.4-24.6 9.4-33.9 0l-22.2-22.2c-9.5-9.5-9.3-25 .4-34.3L311.4 296H24c-13.3 0-24-10.7-24-24v-32c0-13.3 10.7-24 24-24h287.4L190.9 101.2c-9.8-9.3-10-24.8-.4-34.3z\"><\/path><\/svg>\t\t\t<\/span>\n\t\t\t\t\t\t\t\t\t<span class=\"elementor-button-text\">S'inscrire<\/span>\n\t\t\t\t\t<\/span>\n\t\t\t\t\t<\/a>\n\t\t\t\t<\/div>\n\t\t\t\t\t\t\t\t<\/div>\n\t\t\t\t<\/div>\n\t\t\t\t\t<\/div>\n\t\t<\/div>\n\t\t\t\t\t<\/div>\n\t\t<\/section>\n\t\t\t\t<\/div>\n\t\t","protected":false},"excerpt":{"rendered":"<p>https:\/\/vimeo.com\/309121806 Et si je vous disais que vous poss\u00e9dez en vous un potentiel inexploit\u00e9 ? Notre programme Krav Maga en ligne est l\u00e0 pour vous aider \u00e0 lib\u00e9rer ce potentiel et \u00e0 d\u00e9couvrir les capacit\u00e9s extraordinaires que vous ne soup\u00e7onniez pas. Gr\u00e2ce \u00e0 notre formation compl\u00e8te, vous d\u00e9velopperez votre force physique, votre agilit\u00e9 et vos [&hellip;]<\/p>\n","protected":false},"author":1,"featured_media":0,"parent":0,"menu_order":0,"comment_status":"closed","ping_status":"closed","template":"","meta":{"footnotes":""},"class_list":["post-75969","page","type-page","status-publish","hentry"],"yoast_head":"<!-- This site is optimized with the Yoast SEO plugin v27.5 - https:\/\/yoast.com\/product\/yoast-seo-wordpress\/ -->\n<title>Krav Maga Online T\u00e9moignages - Krav Maga Online<\/title>\n<meta name=\"robots\" content=\"index, follow, max-snippet:-1, max-image-preview:large, max-video-preview:-1\" \/>\n<link rel=\"canonical\" href=\"https:\/\/krav-maga-on-line.com\/fr\/krav-maga-online-temoignages\/\" \/>\n<meta property=\"og:locale\" content=\"fr_FR\" \/>\n<meta property=\"og:type\" content=\"article\" \/>\n<meta property=\"og:title\" content=\"Krav Maga Online T\u00e9moignages - Krav Maga Online\" \/>\n<meta property=\"og:description\" content=\"https:\/\/vimeo.com\/309121806 Et si je vous disais que vous poss\u00e9dez en vous un potentiel inexploit\u00e9 ? Notre programme Krav Maga en ligne est l\u00e0 pour vous aider \u00e0 lib\u00e9rer ce potentiel et \u00e0 d\u00e9couvrir les capacit\u00e9s extraordinaires que vous ne soup\u00e7onniez pas. Gr\u00e2ce \u00e0 notre formation compl\u00e8te, vous d\u00e9velopperez votre force physique, votre agilit\u00e9 et vos [&hellip;]\" \/>\n<meta property=\"og:url\" content=\"https:\/\/krav-maga-on-line.com\/fr\/krav-maga-online-temoignages\/\" \/>\n<meta property=\"og:site_name\" content=\"Krav Maga Online\" \/>\n<meta property=\"article:publisher\" content=\"https:\/\/www.facebook.com\/expert.alain.cohen\/\" \/>\n<meta property=\"article:modified_time\" content=\"2024-10-28T10:26:52+00:00\" \/>\n<meta property=\"og:image\" content=\"https:\/\/krav-maga-on-line.com\/wp-content\/uploads\/2024\/10\/IMG_4475-scaled-1.jpeg\" \/>\n\t<meta property=\"og:image:width\" content=\"2560\" \/>\n\t<meta property=\"og:image:height\" content=\"876\" \/>\n\t<meta property=\"og:image:type\" content=\"image\/jpeg\" \/>\n<meta name=\"twitter:card\" content=\"summary_large_image\" \/>\n<meta name=\"twitter:site\" content=\"@KRAVSECURITY\" \/>\n<meta name=\"twitter:label1\" content=\"Dur\u00e9e de lecture estim\u00e9e\" \/>\n\t<meta name=\"twitter:data1\" content=\"1 minute\" \/>\n<script type=\"application\/ld+json\" class=\"yoast-schema-graph\">{\"@context\":\"https:\\\/\\\/schema.org\",\"@graph\":[{\"@type\":\"WebPage\",\"@id\":\"https:\\\/\\\/krav-maga-on-line.com\\\/fr\\\/krav-maga-online-temoignages\\\/\",\"url\":\"https:\\\/\\\/krav-maga-on-line.com\\\/fr\\\/krav-maga-online-temoignages\\\/\",\"name\":\"Krav Maga Online T\u00e9moignages - Krav Maga Online\",\"isPartOf\":{\"@id\":\"https:\\\/\\\/krav-maga-on-line.com\\\/fr\\\/#website\"},\"datePublished\":\"2020-06-05T11:47:52+00:00\",\"dateModified\":\"2024-10-28T10:26:52+00:00\",\"breadcrumb\":{\"@id\":\"https:\\\/\\\/krav-maga-on-line.com\\\/fr\\\/krav-maga-online-temoignages\\\/#breadcrumb\"},\"inLanguage\":\"fr-FR\",\"potentialAction\":[{\"@type\":\"ReadAction\",\"target\":[\"https:\\\/\\\/krav-maga-on-line.com\\\/fr\\\/krav-maga-online-temoignages\\\/\"]}]},{\"@type\":\"BreadcrumbList\",\"@id\":\"https:\\\/\\\/krav-maga-on-line.com\\\/fr\\\/krav-maga-online-temoignages\\\/#breadcrumb\",\"itemListElement\":[{\"@type\":\"ListItem\",\"position\":1,\"name\":\"Accueil\",\"item\":\"https:\\\/\\\/krav-maga-on-line.com\\\/fr\\\/\"},{\"@type\":\"ListItem\",\"position\":2,\"name\":\"Krav Maga Online T\u00e9moignages\"}]},{\"@type\":\"WebSite\",\"@id\":\"https:\\\/\\\/krav-maga-on-line.com\\\/fr\\\/#website\",\"url\":\"https:\\\/\\\/krav-maga-on-line.com\\\/fr\\\/\",\"name\":\"Krav Maga Online Training Course: Learn Self Defense Online, Obtain Online Krav Maga Instructor Certification, and Earn Your Krav Maga Black Belt Online\",\"description\":\"Training Self Defense Video Courses\",\"publisher\":{\"@id\":\"https:\\\/\\\/krav-maga-on-line.com\\\/fr\\\/#organization\"},\"potentialAction\":[{\"@type\":\"SearchAction\",\"target\":{\"@type\":\"EntryPoint\",\"urlTemplate\":\"https:\\\/\\\/krav-maga-on-line.com\\\/fr\\\/?s={search_term_string}\"},\"query-input\":{\"@type\":\"PropertyValueSpecification\",\"valueRequired\":true,\"valueName\":\"search_term_string\"}}],\"inLanguage\":\"fr-FR\"},{\"@type\":\"Organization\",\"@id\":\"https:\\\/\\\/krav-maga-on-line.com\\\/fr\\\/#organization\",\"name\":\"Krav Maga Online Training Course: Learn Self Defense Online, Obtain Online Krav Maga Instructor Certification, and Earn Your Krav Maga Black Belt Online\",\"url\":\"https:\\\/\\\/krav-maga-on-line.com\\\/fr\\\/\",\"logo\":{\"@type\":\"ImageObject\",\"inLanguage\":\"fr-FR\",\"@id\":\"https:\\\/\\\/krav-maga-on-line.com\\\/fr\\\/#\\\/schema\\\/logo\\\/image\\\/\",\"url\":\"https:\\\/\\\/krav-maga-on-line.com\\\/wp-content\\\/uploads\\\/2024\\\/09\\\/cropped-Krav-Maga-Online-favicon.png\",\"contentUrl\":\"https:\\\/\\\/krav-maga-on-line.com\\\/wp-content\\\/uploads\\\/2024\\\/09\\\/cropped-Krav-Maga-Online-favicon.png\",\"width\":512,\"height\":512,\"caption\":\"Krav Maga Online Training Course: Learn Self Defense Online, Obtain Online Krav Maga Instructor Certification, and Earn Your Krav Maga Black Belt Online\"},\"image\":{\"@id\":\"https:\\\/\\\/krav-maga-on-line.com\\\/fr\\\/#\\\/schema\\\/logo\\\/image\\\/\"},\"sameAs\":[\"https:\\\/\\\/www.facebook.com\\\/expert.alain.cohen\\\/\",\"https:\\\/\\\/x.com\\\/KRAVSECURITY\",\"https:\\\/\\\/www.linkedin.com\\\/in\\\/kravmaga1\",\"https:\\\/\\\/www.instagram.com\\\/cohen_alain\\\/\",\"https:\\\/\\\/www.youtube.com\\\/c\\\/KRAVMAGA1?sub_confirmation=1\",\"https:\\\/\\\/www.tiktok.com\\\/@kravmagacohen\",\"https:\\\/\\\/www.snapchat.com\\\/add\\\/kravmagaonline\"]}]}<\/script>\n<!-- \/ Yoast SEO plugin. -->","yoast_head_json":{"title":"Krav Maga Online T\u00e9moignages - Krav Maga Online","robots":{"index":"index","follow":"follow","max-snippet":"max-snippet:-1","max-image-preview":"max-image-preview:large","max-video-preview":"max-video-preview:-1"},"canonical":"https:\/\/krav-maga-on-line.com\/fr\/krav-maga-online-temoignages\/","og_locale":"fr_FR","og_type":"article","og_title":"Krav Maga Online T\u00e9moignages - Krav Maga Online","og_description":"https:\/\/vimeo.com\/309121806 Et si je vous disais que vous poss\u00e9dez en vous un potentiel inexploit\u00e9 ? Notre programme Krav Maga en ligne est l\u00e0 pour vous aider \u00e0 lib\u00e9rer ce potentiel et \u00e0 d\u00e9couvrir les capacit\u00e9s extraordinaires que vous ne soup\u00e7onniez pas. Gr\u00e2ce \u00e0 notre formation compl\u00e8te, vous d\u00e9velopperez votre force physique, votre agilit\u00e9 et vos [&hellip;]","og_url":"https:\/\/krav-maga-on-line.com\/fr\/krav-maga-online-temoignages\/","og_site_name":"Krav Maga Online","article_publisher":"https:\/\/www.facebook.com\/expert.alain.cohen\/","article_modified_time":"2024-10-28T10:26:52+00:00","og_image":[{"width":2560,"height":876,"url":"https:\/\/krav-maga-on-line.com\/wp-content\/uploads\/2024\/10\/IMG_4475-scaled-1.jpeg","type":"image\/jpeg"}],"twitter_card":"summary_large_image","twitter_site":"@KRAVSECURITY","twitter_misc":{"Dur\u00e9e de lecture estim\u00e9e":"1 minute"},"schema":{"@context":"https:\/\/schema.org","@graph":[{"@type":"WebPage","@id":"https:\/\/krav-maga-on-line.com\/fr\/krav-maga-online-temoignages\/","url":"https:\/\/krav-maga-on-line.com\/fr\/krav-maga-online-temoignages\/","name":"Krav Maga Online T\u00e9moignages - Krav Maga Online","isPartOf":{"@id":"https:\/\/krav-maga-on-line.com\/fr\/#website"},"datePublished":"2020-06-05T11:47:52+00:00","dateModified":"2024-10-28T10:26:52+00:00","breadcrumb":{"@id":"https:\/\/krav-maga-on-line.com\/fr\/krav-maga-online-temoignages\/#breadcrumb"},"inLanguage":"fr-FR","potentialAction":[{"@type":"ReadAction","target":["https:\/\/krav-maga-on-line.com\/fr\/krav-maga-online-temoignages\/"]}]},{"@type":"BreadcrumbList","@id":"https:\/\/krav-maga-on-line.com\/fr\/krav-maga-online-temoignages\/#breadcrumb","itemListElement":[{"@type":"ListItem","position":1,"name":"Accueil","item":"https:\/\/krav-maga-on-line.com\/fr\/"},{"@type":"ListItem","position":2,"name":"Krav Maga Online T\u00e9moignages"}]},{"@type":"WebSite","@id":"https:\/\/krav-maga-on-line.com\/fr\/#website","url":"https:\/\/krav-maga-on-line.com\/fr\/","name":"Krav Maga Online Training Course: Learn Self Defense Online, Obtain Online Krav Maga Instructor Certification, and Earn Your Krav Maga Black Belt Online","description":"Training Self Defense Video Courses","publisher":{"@id":"https:\/\/krav-maga-on-line.com\/fr\/#organization"},"potentialAction":[{"@type":"SearchAction","target":{"@type":"EntryPoint","urlTemplate":"https:\/\/krav-maga-on-line.com\/fr\/?s={search_term_string}"},"query-input":{"@type":"PropertyValueSpecification","valueRequired":true,"valueName":"search_term_string"}}],"inLanguage":"fr-FR"},{"@type":"Organization","@id":"https:\/\/krav-maga-on-line.com\/fr\/#organization","name":"Krav Maga Online Training Course: Learn Self Defense Online, Obtain Online Krav Maga Instructor Certification, and Earn Your Krav Maga Black Belt Online","url":"https:\/\/krav-maga-on-line.com\/fr\/","logo":{"@type":"ImageObject","inLanguage":"fr-FR","@id":"https:\/\/krav-maga-on-line.com\/fr\/#\/schema\/logo\/image\/","url":"https:\/\/krav-maga-on-line.com\/wp-content\/uploads\/2024\/09\/cropped-Krav-Maga-Online-favicon.png","contentUrl":"https:\/\/krav-maga-on-line.com\/wp-content\/uploads\/2024\/09\/cropped-Krav-Maga-Online-favicon.png","width":512,"height":512,"caption":"Krav Maga Online Training Course: Learn Self Defense Online, Obtain Online Krav Maga Instructor Certification, and Earn Your Krav Maga Black Belt Online"},"image":{"@id":"https:\/\/krav-maga-on-line.com\/fr\/#\/schema\/logo\/image\/"},"sameAs":["https:\/\/www.facebook.com\/expert.alain.cohen\/","https:\/\/x.com\/KRAVSECURITY","https:\/\/www.linkedin.com\/in\/kravmaga1","https:\/\/www.instagram.com\/cohen_alain\/","https:\/\/www.youtube.com\/c\/KRAVMAGA1?sub_confirmation=1","https:\/\/www.tiktok.com\/@kravmagacohen","https:\/\/www.snapchat.com\/add\/kravmagaonline"]}]}},"_links":{"self":[{"href":"https:\/\/krav-maga-on-line.com\/fr\/wp-json\/wp\/v2\/pages\/75969","targetHints":{"allow":["GET"]}}],"collection":[{"href":"https:\/\/krav-maga-on-line.com\/fr\/wp-json\/wp\/v2\/pages"}],"about":[{"href":"https:\/\/krav-maga-on-line.com\/fr\/wp-json\/wp\/v2\/types\/page"}],"author":[{"embeddable":true,"href":"https:\/\/krav-maga-on-line.com\/fr\/wp-json\/wp\/v2\/users\/1"}],"replies":[{"embeddable":true,"href":"https:\/\/krav-maga-on-line.com\/fr\/wp-json\/wp\/v2\/comments?post=75969"}],"version-history":[{"count":0,"href":"https:\/\/krav-maga-on-line.com\/fr\/wp-json\/wp\/v2\/pages\/75969\/revisions"}],"wp:attachment":[{"href":"https:\/\/krav-maga-on-line.com\/fr\/wp-json\/wp\/v2\/media?parent=75969"}],"curies":[{"name":"wp","href":"https:\/\/api.w.org\/{rel}","templated":true}]}}