{"id":75965,"date":"2021-11-10T12:04:07","date_gmt":"2021-11-10T11:04:07","guid":{"rendered":"https:\/\/krav-maga-on-line.com\/cest-tellement-pratique\/"},"modified":"2024-10-28T11:26:47","modified_gmt":"2024-10-28T10:26:47","slug":"cest-tellement-pratique","status":"publish","type":"page","link":"https:\/\/krav-maga-on-line.com\/fr\/cest-tellement-pratique\/","title":{"rendered":"C&rsquo;EST TELLEMENT PRATIQUE"},"content":{"rendered":"\t\t<div data-elementor-type=\"wp-page\" data-elementor-id=\"75965\" class=\"elementor elementor-75965 elementor-21898\" data-elementor-post-type=\"page\">\n\t\t\t\t\t\t<section class=\"elementor-section elementor-top-section elementor-element elementor-element-1be0fe9 elementor-section-content-middle elementor-section-stretched elementor-section-boxed elementor-section-height-default elementor-section-height-default\" data-id=\"1be0fe9\" data-element_type=\"section\" data-e-type=\"section\" data-settings=\"{&quot;stretch_section&quot;:&quot;section-stretched&quot;}\">\n\t\t\t\t\t\t<div class=\"elementor-container elementor-column-gap-default\">\n\t\t\t\t\t<div class=\"elementor-column elementor-col-100 elementor-top-column elementor-element elementor-element-66978ad\" data-id=\"66978ad\" data-element_type=\"column\" data-e-type=\"column\">\n\t\t\t<div class=\"elementor-widget-wrap elementor-element-populated\">\n\t\t\t\t\t\t<div class=\"elementor-element elementor-element-50a15a5 elementor-widget elementor-widget-video\" data-id=\"50a15a5\" data-element_type=\"widget\" data-e-type=\"widget\" data-settings=\"{&quot;video_type&quot;:&quot;vimeo&quot;}\" data-widget_type=\"video.default\">\n\t\t\t\t<div class=\"elementor-widget-container\">\n\t\t\t\t\t\t\t<div class=\"elementor-wrapper elementor-open-inline\">\n\t\t\t<iframe class=\"elementor-video-iframe\" allowfullscreen allow=\"clipboard-write\" title=\"Lecteur vid\u00e9o vimeo\" src=\"https:\/\/player.vimeo.com\/video\/644292413?color&amp;autopause=0&amp;loop=0&amp;muted=0&amp;title=1&amp;portrait=1&amp;byline=1#t=\"><\/iframe>\t\t<\/div>\n\t\t\t\t\t\t<\/div>\n\t\t\t\t<\/div>\n\t\t\t\t<div class=\"elementor-element elementor-element-16e1833 elementor-widget__width-inherit elementor-widget elementor-widget-text-editor\" data-id=\"16e1833\" data-element_type=\"widget\" data-e-type=\"widget\" data-widget_type=\"text-editor.default\">\n\t\t\t\t<div class=\"elementor-widget-container\">\n\t\t\t\t\t\t\t\t\t<p>Pour ceux qui ont v\u00e9cu la dure r\u00e9alit\u00e9 de l&rsquo;agression de rue, nous comprenons l&rsquo;impact profond que cela peut avoir sur tous les aspects de votre vie. La peur, le traumatisme et le sentiment de vuln\u00e9rabilit\u00e9 peuvent persister, affectant votre confiance, vos relations et votre bien-\u00eatre g\u00e9n\u00e9ral. Mais voici la nouvelle incroyable : vous avez en vous le pouvoir de reprendre votre vie en main, d&rsquo;affronter vos peurs de front et d&rsquo;en sortir plus fort que jamais.  <\/p>\n<p>Notre programme en ligne de Krav Maga est sp\u00e9cialement con\u00e7u pour autonomiser les personnes comme vous qui ont travers\u00e9 de r\u00e9elles agressions. Il ne s&rsquo;agit pas seulement d&rsquo;apprendre des techniques d&rsquo;autod\u00e9fense ; il s&rsquo;agit de reprendre le contr\u00f4le, de reconstruire votre estime de soi et de trouver la force de vivre votre vie selon vos propres termes. <\/p>\n<p>Avec notre programme, vous serez guid\u00e9 par des instructeurs experts qui ont consacr\u00e9 leur vie \u00e0 aider des survivants comme vous \u00e0 surmonter leur traumatisme. Nous vous fournirons un environnement s\u00fbr et solidaire pour apprendre les techniques d&rsquo;autod\u00e9fense les plus efficaces, adapt\u00e9es \u00e0 des sc\u00e9narios r\u00e9els. Vous acquerrez les comp\u00e9tences pour vous d\u00e9fendre, renforcer votre confiance et retrouver un sentiment de s\u00e9curit\u00e9 personnelle.  <\/p>\n<p>Mais cela ne s&rsquo;arr\u00eate pas l\u00e0. Notre programme va au-del\u00e0 de l&rsquo;entra\u00eenement physique. Nous comprenons que la gu\u00e9rison et la r\u00e9cup\u00e9ration impliquent l&rsquo;esprit, le corps et l&rsquo;esprit. Gr\u00e2ce \u00e0 notre programme complet, vous apprendrez des strat\u00e9gies pr\u00e9cieuses de r\u00e9silience mentale, des techniques de soins personnels et un soutien \u00e9motionnel pour vous aider \u00e0 reconstruire votre vie et \u00e0 trouver un nouveau sens de l&rsquo;autonomisation.  <\/p>\n<p>Rejoignez notre communaut\u00e9 de survivants qui ont trouv\u00e9 du r\u00e9confort, de la force et une transformation gr\u00e2ce au Krav Maga. Ensemble, nous affronterons vos peurs, briserons les cha\u00eenes de la victimisation et \u00e9mergerons en tant qu&rsquo;individus puissants pr\u00eats \u00e0 reprendre leur vie en main. <\/p>\n<p>Rappelez-vous, vous n&rsquo;\u00eates pas seul dans ce voyage. Notre programme offre un r\u00e9seau de soutien d&rsquo;individus qui comprennent vos luttes et vous soutiendront \u00e0 chaque \u00e9tape. Ensemble, nous surmonterons le pass\u00e9 et construirons un avenir meilleur.  <\/p>\n<p>Il est temps de reprendre votre pouvoir, de d\u00e9fier vos peurs et de vous prouver que vous \u00eates plus fort que tout ce que la vie vous r\u00e9serve. Notre programme en ligne de Krav Maga est l\u00e0 pour vous soutenir dans ce voyage de r\u00e9cup\u00e9ration, d&rsquo;autonomisation et de croissance personnelle. Inscrivez-vous d\u00e8s aujourd&rsquo;hui et laissez-nous vous aider \u00e0 r\u00e9\u00e9crire votre histoire. Vous m\u00e9ritez de vivre une vie sans peur et pleine de force.   <\/p>\n\t\t\t\t\t\t\t\t<\/div>\n\t\t\t\t<\/div>\n\t\t\t\t<div class=\"elementor-element elementor-element-758dfa7 elementor-align-center elementor-tablet-align-center elementor-widget elementor-widget-button\" data-id=\"758dfa7\" data-element_type=\"widget\" data-e-type=\"widget\" data-widget_type=\"button.default\">\n\t\t\t\t<div class=\"elementor-widget-container\">\n\t\t\t\t\t\t\t\t\t<div class=\"elementor-button-wrapper\">\n\t\t\t\t\t<a class=\"elementor-button elementor-button-link elementor-size-sm\" href=\"https:\/\/krav-maga-on-line.com\/fr\/\">\n\t\t\t\t\t\t<span class=\"elementor-button-content-wrapper\">\n\t\t\t\t\t\t<span class=\"elementor-button-icon\">\n\t\t\t\t<svg aria-hidden=\"true\" class=\"e-font-icon-svg e-fas-arrow-right\" viewBox=\"0 0 448 512\" xmlns=\"http:\/\/www.w3.org\/2000\/svg\"><path d=\"M190.5 66.9l22.2-22.2c9.4-9.4 24.6-9.4 33.9 0L441 239c9.4 9.4 9.4 24.6 0 33.9L246.6 467.3c-9.4 9.4-24.6 9.4-33.9 0l-22.2-22.2c-9.5-9.5-9.3-25 .4-34.3L311.4 296H24c-13.3 0-24-10.7-24-24v-32c0-13.3 10.7-24 24-24h287.4L190.9 101.2c-9.8-9.3-10-24.8-.4-34.3z\"><\/path><\/svg>\t\t\t<\/span>\n\t\t\t\t\t\t\t\t\t<span class=\"elementor-button-text\">S'inscrire<\/span>\n\t\t\t\t\t<\/span>\n\t\t\t\t\t<\/a>\n\t\t\t\t<\/div>\n\t\t\t\t\t\t\t\t<\/div>\n\t\t\t\t<\/div>\n\t\t\t\t\t<\/div>\n\t\t<\/div>\n\t\t\t\t\t<\/div>\n\t\t<\/section>\n\t\t\t\t<\/div>\n\t\t","protected":false},"excerpt":{"rendered":"<p>https:\/\/vimeo.com\/644292413 Pour ceux qui ont v\u00e9cu la dure r\u00e9alit\u00e9 de l&rsquo;agression de rue, nous comprenons l&rsquo;impact profond que cela peut avoir sur tous les aspects de votre vie. La peur, le traumatisme et le sentiment de vuln\u00e9rabilit\u00e9 peuvent persister, affectant votre confiance, vos relations et votre bien-\u00eatre g\u00e9n\u00e9ral. Mais voici la nouvelle incroyable : vous [&hellip;]<\/p>\n","protected":false},"author":1,"featured_media":0,"parent":0,"menu_order":0,"comment_status":"closed","ping_status":"closed","template":"","meta":{"footnotes":""},"class_list":["post-75965","page","type-page","status-publish","hentry"],"yoast_head":"<!-- This site is optimized with the Yoast SEO plugin v27.6 - https:\/\/yoast.com\/product\/yoast-seo-wordpress\/ -->\n<title>C&#039;EST TELLEMENT PRATIQUE - Krav Maga Online<\/title>\n<meta name=\"robots\" content=\"index, follow, max-snippet:-1, max-image-preview:large, max-video-preview:-1\" \/>\n<link rel=\"canonical\" href=\"https:\/\/krav-maga-on-line.com\/fr\/cest-tellement-pratique\/\" \/>\n<meta property=\"og:locale\" content=\"fr_FR\" \/>\n<meta property=\"og:type\" content=\"article\" \/>\n<meta property=\"og:title\" content=\"C&#039;EST TELLEMENT PRATIQUE - Krav Maga Online\" \/>\n<meta property=\"og:description\" content=\"https:\/\/vimeo.com\/644292413 Pour ceux qui ont v\u00e9cu la dure r\u00e9alit\u00e9 de l&rsquo;agression de rue, nous comprenons l&rsquo;impact profond que cela peut avoir sur tous les aspects de votre vie. La peur, le traumatisme et le sentiment de vuln\u00e9rabilit\u00e9 peuvent persister, affectant votre confiance, vos relations et votre bien-\u00eatre g\u00e9n\u00e9ral. Mais voici la nouvelle incroyable : vous [&hellip;]\" \/>\n<meta property=\"og:url\" content=\"https:\/\/krav-maga-on-line.com\/fr\/cest-tellement-pratique\/\" \/>\n<meta property=\"og:site_name\" content=\"Krav Maga Online\" \/>\n<meta property=\"article:publisher\" content=\"https:\/\/www.facebook.com\/expert.alain.cohen\/\" \/>\n<meta property=\"article:modified_time\" content=\"2024-10-28T10:26:47+00:00\" \/>\n<meta property=\"og:image\" content=\"https:\/\/krav-maga-on-line.com\/wp-content\/uploads\/2024\/10\/IMG_4475-scaled-1.jpeg\" \/>\n\t<meta property=\"og:image:width\" content=\"2560\" \/>\n\t<meta property=\"og:image:height\" content=\"876\" \/>\n\t<meta property=\"og:image:type\" content=\"image\/jpeg\" \/>\n<meta name=\"twitter:card\" content=\"summary_large_image\" \/>\n<meta name=\"twitter:site\" content=\"@KRAVSECURITY\" \/>\n<meta name=\"twitter:label1\" content=\"Dur\u00e9e de lecture estim\u00e9e\" \/>\n\t<meta name=\"twitter:data1\" content=\"2 minutes\" \/>\n<script type=\"application\/ld+json\" class=\"yoast-schema-graph\">{\"@context\":\"https:\\\/\\\/schema.org\",\"@graph\":[{\"@type\":\"WebPage\",\"@id\":\"https:\\\/\\\/krav-maga-on-line.com\\\/fr\\\/cest-tellement-pratique\\\/\",\"url\":\"https:\\\/\\\/krav-maga-on-line.com\\\/fr\\\/cest-tellement-pratique\\\/\",\"name\":\"C'EST TELLEMENT PRATIQUE - Krav Maga Online\",\"isPartOf\":{\"@id\":\"https:\\\/\\\/krav-maga-on-line.com\\\/fr\\\/#website\"},\"datePublished\":\"2021-11-10T11:04:07+00:00\",\"dateModified\":\"2024-10-28T10:26:47+00:00\",\"breadcrumb\":{\"@id\":\"https:\\\/\\\/krav-maga-on-line.com\\\/fr\\\/cest-tellement-pratique\\\/#breadcrumb\"},\"inLanguage\":\"fr-FR\",\"potentialAction\":[{\"@type\":\"ReadAction\",\"target\":[\"https:\\\/\\\/krav-maga-on-line.com\\\/fr\\\/cest-tellement-pratique\\\/\"]}]},{\"@type\":\"BreadcrumbList\",\"@id\":\"https:\\\/\\\/krav-maga-on-line.com\\\/fr\\\/cest-tellement-pratique\\\/#breadcrumb\",\"itemListElement\":[{\"@type\":\"ListItem\",\"position\":1,\"name\":\"Accueil\",\"item\":\"https:\\\/\\\/krav-maga-on-line.com\\\/fr\\\/\"},{\"@type\":\"ListItem\",\"position\":2,\"name\":\"C'EST TELLEMENT PRATIQUE\"}]},{\"@type\":\"WebSite\",\"@id\":\"https:\\\/\\\/krav-maga-on-line.com\\\/fr\\\/#website\",\"url\":\"https:\\\/\\\/krav-maga-on-line.com\\\/fr\\\/\",\"name\":\"Krav Maga Online Training Course: Learn Self Defense Online, Obtain Online Krav Maga Instructor Certification, and Earn Your Krav Maga Black Belt Online\",\"description\":\"Training Self Defense Video Courses\",\"publisher\":{\"@id\":\"https:\\\/\\\/krav-maga-on-line.com\\\/fr\\\/#organization\"},\"potentialAction\":[{\"@type\":\"SearchAction\",\"target\":{\"@type\":\"EntryPoint\",\"urlTemplate\":\"https:\\\/\\\/krav-maga-on-line.com\\\/fr\\\/?s={search_term_string}\"},\"query-input\":{\"@type\":\"PropertyValueSpecification\",\"valueRequired\":true,\"valueName\":\"search_term_string\"}}],\"inLanguage\":\"fr-FR\"},{\"@type\":\"Organization\",\"@id\":\"https:\\\/\\\/krav-maga-on-line.com\\\/fr\\\/#organization\",\"name\":\"Krav Maga Online Training Course: Learn Self Defense Online, Obtain Online Krav Maga Instructor Certification, and Earn Your Krav Maga Black Belt Online\",\"url\":\"https:\\\/\\\/krav-maga-on-line.com\\\/fr\\\/\",\"logo\":{\"@type\":\"ImageObject\",\"inLanguage\":\"fr-FR\",\"@id\":\"https:\\\/\\\/krav-maga-on-line.com\\\/fr\\\/#\\\/schema\\\/logo\\\/image\\\/\",\"url\":\"https:\\\/\\\/krav-maga-on-line.com\\\/wp-content\\\/uploads\\\/2024\\\/09\\\/cropped-Krav-Maga-Online-favicon.png\",\"contentUrl\":\"https:\\\/\\\/krav-maga-on-line.com\\\/wp-content\\\/uploads\\\/2024\\\/09\\\/cropped-Krav-Maga-Online-favicon.png\",\"width\":512,\"height\":512,\"caption\":\"Krav Maga Online Training Course: Learn Self Defense Online, Obtain Online Krav Maga Instructor Certification, and Earn Your Krav Maga Black Belt Online\"},\"image\":{\"@id\":\"https:\\\/\\\/krav-maga-on-line.com\\\/fr\\\/#\\\/schema\\\/logo\\\/image\\\/\"},\"sameAs\":[\"https:\\\/\\\/www.facebook.com\\\/expert.alain.cohen\\\/\",\"https:\\\/\\\/x.com\\\/KRAVSECURITY\",\"https:\\\/\\\/www.linkedin.com\\\/in\\\/kravmaga1\",\"https:\\\/\\\/www.instagram.com\\\/cohen_alain\\\/\",\"https:\\\/\\\/www.youtube.com\\\/c\\\/KRAVMAGA1?sub_confirmation=1\",\"https:\\\/\\\/www.tiktok.com\\\/@kravmagacohen\",\"https:\\\/\\\/www.snapchat.com\\\/add\\\/kravmagaonline\"]}]}<\/script>\n<!-- \/ Yoast SEO plugin. -->","yoast_head_json":{"title":"C'EST TELLEMENT PRATIQUE - Krav Maga Online","robots":{"index":"index","follow":"follow","max-snippet":"max-snippet:-1","max-image-preview":"max-image-preview:large","max-video-preview":"max-video-preview:-1"},"canonical":"https:\/\/krav-maga-on-line.com\/fr\/cest-tellement-pratique\/","og_locale":"fr_FR","og_type":"article","og_title":"C'EST TELLEMENT PRATIQUE - Krav Maga Online","og_description":"https:\/\/vimeo.com\/644292413 Pour ceux qui ont v\u00e9cu la dure r\u00e9alit\u00e9 de l&rsquo;agression de rue, nous comprenons l&rsquo;impact profond que cela peut avoir sur tous les aspects de votre vie. La peur, le traumatisme et le sentiment de vuln\u00e9rabilit\u00e9 peuvent persister, affectant votre confiance, vos relations et votre bien-\u00eatre g\u00e9n\u00e9ral. Mais voici la nouvelle incroyable : vous [&hellip;]","og_url":"https:\/\/krav-maga-on-line.com\/fr\/cest-tellement-pratique\/","og_site_name":"Krav Maga Online","article_publisher":"https:\/\/www.facebook.com\/expert.alain.cohen\/","article_modified_time":"2024-10-28T10:26:47+00:00","og_image":[{"width":2560,"height":876,"url":"https:\/\/krav-maga-on-line.com\/wp-content\/uploads\/2024\/10\/IMG_4475-scaled-1.jpeg","type":"image\/jpeg"}],"twitter_card":"summary_large_image","twitter_site":"@KRAVSECURITY","twitter_misc":{"Dur\u00e9e de lecture estim\u00e9e":"2 minutes"},"schema":{"@context":"https:\/\/schema.org","@graph":[{"@type":"WebPage","@id":"https:\/\/krav-maga-on-line.com\/fr\/cest-tellement-pratique\/","url":"https:\/\/krav-maga-on-line.com\/fr\/cest-tellement-pratique\/","name":"C'EST TELLEMENT PRATIQUE - Krav Maga Online","isPartOf":{"@id":"https:\/\/krav-maga-on-line.com\/fr\/#website"},"datePublished":"2021-11-10T11:04:07+00:00","dateModified":"2024-10-28T10:26:47+00:00","breadcrumb":{"@id":"https:\/\/krav-maga-on-line.com\/fr\/cest-tellement-pratique\/#breadcrumb"},"inLanguage":"fr-FR","potentialAction":[{"@type":"ReadAction","target":["https:\/\/krav-maga-on-line.com\/fr\/cest-tellement-pratique\/"]}]},{"@type":"BreadcrumbList","@id":"https:\/\/krav-maga-on-line.com\/fr\/cest-tellement-pratique\/#breadcrumb","itemListElement":[{"@type":"ListItem","position":1,"name":"Accueil","item":"https:\/\/krav-maga-on-line.com\/fr\/"},{"@type":"ListItem","position":2,"name":"C'EST TELLEMENT PRATIQUE"}]},{"@type":"WebSite","@id":"https:\/\/krav-maga-on-line.com\/fr\/#website","url":"https:\/\/krav-maga-on-line.com\/fr\/","name":"Krav Maga Online Training Course: Learn Self Defense Online, Obtain Online Krav Maga Instructor Certification, and Earn Your Krav Maga Black Belt Online","description":"Training Self Defense Video Courses","publisher":{"@id":"https:\/\/krav-maga-on-line.com\/fr\/#organization"},"potentialAction":[{"@type":"SearchAction","target":{"@type":"EntryPoint","urlTemplate":"https:\/\/krav-maga-on-line.com\/fr\/?s={search_term_string}"},"query-input":{"@type":"PropertyValueSpecification","valueRequired":true,"valueName":"search_term_string"}}],"inLanguage":"fr-FR"},{"@type":"Organization","@id":"https:\/\/krav-maga-on-line.com\/fr\/#organization","name":"Krav Maga Online Training Course: Learn Self Defense Online, Obtain Online Krav Maga Instructor Certification, and Earn Your Krav Maga Black Belt Online","url":"https:\/\/krav-maga-on-line.com\/fr\/","logo":{"@type":"ImageObject","inLanguage":"fr-FR","@id":"https:\/\/krav-maga-on-line.com\/fr\/#\/schema\/logo\/image\/","url":"https:\/\/krav-maga-on-line.com\/wp-content\/uploads\/2024\/09\/cropped-Krav-Maga-Online-favicon.png","contentUrl":"https:\/\/krav-maga-on-line.com\/wp-content\/uploads\/2024\/09\/cropped-Krav-Maga-Online-favicon.png","width":512,"height":512,"caption":"Krav Maga Online Training Course: Learn Self Defense Online, Obtain Online Krav Maga Instructor Certification, and Earn Your Krav Maga Black Belt Online"},"image":{"@id":"https:\/\/krav-maga-on-line.com\/fr\/#\/schema\/logo\/image\/"},"sameAs":["https:\/\/www.facebook.com\/expert.alain.cohen\/","https:\/\/x.com\/KRAVSECURITY","https:\/\/www.linkedin.com\/in\/kravmaga1","https:\/\/www.instagram.com\/cohen_alain\/","https:\/\/www.youtube.com\/c\/KRAVMAGA1?sub_confirmation=1","https:\/\/www.tiktok.com\/@kravmagacohen","https:\/\/www.snapchat.com\/add\/kravmagaonline"]}]}},"_links":{"self":[{"href":"https:\/\/krav-maga-on-line.com\/fr\/wp-json\/wp\/v2\/pages\/75965","targetHints":{"allow":["GET"]}}],"collection":[{"href":"https:\/\/krav-maga-on-line.com\/fr\/wp-json\/wp\/v2\/pages"}],"about":[{"href":"https:\/\/krav-maga-on-line.com\/fr\/wp-json\/wp\/v2\/types\/page"}],"author":[{"embeddable":true,"href":"https:\/\/krav-maga-on-line.com\/fr\/wp-json\/wp\/v2\/users\/1"}],"replies":[{"embeddable":true,"href":"https:\/\/krav-maga-on-line.com\/fr\/wp-json\/wp\/v2\/comments?post=75965"}],"version-history":[{"count":0,"href":"https:\/\/krav-maga-on-line.com\/fr\/wp-json\/wp\/v2\/pages\/75965\/revisions"}],"wp:attachment":[{"href":"https:\/\/krav-maga-on-line.com\/fr\/wp-json\/wp\/v2\/media?parent=75965"}],"curies":[{"name":"wp","href":"https:\/\/api.w.org\/{rel}","templated":true}]}}