{"id":75953,"date":"2024-10-20T09:39:56","date_gmt":"2024-10-20T07:39:56","guid":{"rendered":"https:\/\/krav-maga-on-line.com\/passer-a-la-caisse\/"},"modified":"2025-05-21T15:48:01","modified_gmt":"2025-05-21T13:48:01","slug":"passer-a-la-caisse","status":"publish","type":"page","link":"https:\/\/krav-maga-on-line.com\/fr\/passer-a-la-caisse\/","title":{"rendered":"Passer \u00e0 la caisse"},"content":{"rendered":"\t\t<div data-elementor-type=\"wp-page\" data-elementor-id=\"75953\" class=\"elementor elementor-75953 elementor-75103\" data-elementor-post-type=\"page\">\n\t\t\t\t<div class=\"elementor-element elementor-element-3906f1e1 e-flex e-con-boxed e-con e-parent\" data-id=\"3906f1e1\" data-element_type=\"container\" data-e-type=\"container\">\n\t\t\t\t\t<div class=\"e-con-inner\">\n\t\t<div class=\"elementor-element elementor-element-6d448b1a e-con-full e-flex e-con e-child\" data-id=\"6d448b1a\" data-element_type=\"container\" data-e-type=\"container\">\n\t\t\t\t<div class=\"elementor-element elementor-element-117c693f e-checkout-layout-one-column elementor-widget elementor-widget-woocommerce-checkout-page\" data-id=\"117c693f\" data-element_type=\"widget\" data-e-type=\"widget\" data-widget_type=\"woocommerce-checkout-page.default\">\n\t\t\t\t<div class=\"elementor-widget-container\">\n\t\t\t\t\t<div class=\"woocommerce\"><\/div>\t\t\t\t<\/div>\n\t\t\t\t<\/div>\n\t\t\t\t<\/div>\n\t\t<div class=\"elementor-element elementor-element-27649c9d e-con-full e-flex e-con e-child\" data-id=\"27649c9d\" data-element_type=\"container\" data-e-type=\"container\">\n\t\t\t\t<div class=\"elementor-element elementor-element-283555fb elementor-position-left elementor-vertical-align-middle elementor-widget elementor-widget-image-box\" data-id=\"283555fb\" data-element_type=\"widget\" data-e-type=\"widget\" data-widget_type=\"image-box.default\">\n\t\t\t\t<div class=\"elementor-widget-container\">\n\t\t\t\t\t<div class=\"elementor-image-box-wrapper\"><figure class=\"elementor-image-box-img\"><img fetchpriority=\"high\" decoding=\"async\" width=\"1616\" height=\"899\" src=\"https:\/\/krav-maga-on-line.com\/wp-content\/uploads\/2025\/01\/Krav-Maga-Online-Learn-From-home.png\" class=\"attachment-full size-full wp-image-77895\" alt=\"\" srcset=\"https:\/\/krav-maga-on-line.com\/wp-content\/uploads\/2025\/01\/Krav-Maga-Online-Learn-From-home.png 1616w, https:\/\/krav-maga-on-line.com\/wp-content\/uploads\/2025\/01\/Krav-Maga-Online-Learn-From-home-300x167.png 300w, https:\/\/krav-maga-on-line.com\/wp-content\/uploads\/2025\/01\/Krav-Maga-Online-Learn-From-home-1024x570.png 1024w, https:\/\/krav-maga-on-line.com\/wp-content\/uploads\/2025\/01\/Krav-Maga-Online-Learn-From-home-768x427.png 768w, https:\/\/krav-maga-on-line.com\/wp-content\/uploads\/2025\/01\/Krav-Maga-Online-Learn-From-home-1536x854.png 1536w\" sizes=\"(max-width: 1616px) 100vw, 1616px\" \/><\/figure><\/div>\t\t\t\t<\/div>\n\t\t\t\t<\/div>\n\t\t\t\t<div class=\"elementor-element elementor-element-551ccd30 elementor-widget-divider--view-line elementor-widget elementor-widget-divider\" data-id=\"551ccd30\" data-element_type=\"widget\" data-e-type=\"widget\" data-widget_type=\"divider.default\">\n\t\t\t\t<div class=\"elementor-widget-container\">\n\t\t\t\t\t\t\t<div class=\"elementor-divider\">\n\t\t\t<span class=\"elementor-divider-separator\">\n\t\t\t\t\t\t<\/span>\n\t\t<\/div>\n\t\t\t\t\t\t<\/div>\n\t\t\t\t<\/div>\n\t\t\t\t<div class=\"elementor-element elementor-element-1bd7189 elementor-widget elementor-widget-heading\" data-id=\"1bd7189\" data-element_type=\"widget\" data-e-type=\"widget\" data-widget_type=\"heading.default\">\n\t\t\t\t<div class=\"elementor-widget-container\">\n\t\t\t\t\t<h2 class=\"elementor-heading-title elementor-size-default\">ACC\u00c8S \u00c0 VIE<\/h2>\t\t\t\t<\/div>\n\t\t\t\t<\/div>\n\t\t<div class=\"elementor-element elementor-element-2e7d39de e-con-full animated-slow e-flex elementor-invisible e-con e-child\" data-id=\"2e7d39de\" data-element_type=\"container\" data-e-type=\"container\" data-settings=\"{&quot;animation&quot;:&quot;fadeInRight&quot;,&quot;background_background&quot;:&quot;classic&quot;}\">\n\t\t\t\t<div class=\"elementor-element elementor-element-74faed39 elementor-widget elementor-widget-heading\" data-id=\"74faed39\" data-element_type=\"widget\" data-e-type=\"widget\" data-widget_type=\"heading.default\">\n\t\t\t\t<div class=\"elementor-widget-container\">\n\t\t\t\t\t<h2 class=\"elementor-heading-title elementor-size-default\">Satisfaction garantie \u00e0 100<\/h2>\t\t\t\t<\/div>\n\t\t\t\t<\/div>\n\t\t\t\t<div class=\"elementor-element elementor-element-53f76de elementor-widget elementor-widget-image\" data-id=\"53f76de\" data-element_type=\"widget\" data-e-type=\"widget\" data-widget_type=\"image.default\">\n\t\t\t\t<div class=\"elementor-widget-container\">\n\t\t\t\t\t\t\t\t\t\t\t\t\t\t\t<img decoding=\"async\" width=\"396\" height=\"543\" src=\"https:\/\/krav-maga-on-line.com\/wp-content\/uploads\/2025\/01\/alain-cohen-krav-maga.png\" class=\"attachment-large size-large wp-image-77909\" alt=\"\" srcset=\"https:\/\/krav-maga-on-line.com\/wp-content\/uploads\/2025\/01\/alain-cohen-krav-maga.png 396w, https:\/\/krav-maga-on-line.com\/wp-content\/uploads\/2025\/01\/alain-cohen-krav-maga-219x300.png 219w\" sizes=\"(max-width: 396px) 100vw, 396px\" \/>\t\t\t\t\t\t\t\t\t\t\t\t\t\t\t<\/div>\n\t\t\t\t<\/div>\n\t\t\t\t<div class=\"elementor-element elementor-element-665a70ea elementor-position-left elementor-vertical-align-bottom elementor-widget elementor-widget-image-box\" data-id=\"665a70ea\" data-element_type=\"widget\" data-e-type=\"widget\" data-widget_type=\"image-box.default\">\n\t\t\t\t<div class=\"elementor-widget-container\">\n\t\t\t\t\t<div class=\"elementor-image-box-wrapper\"><figure class=\"elementor-image-box-img\"><img decoding=\"async\" width=\"400\" height=\"240\" src=\"https:\/\/krav-maga-on-line.com\/wp-content\/uploads\/2024\/10\/Krav-Maga-online-alain-cohen-guaranty-1-1.png\" class=\"attachment-full size-full wp-image-75130\" alt=\"\" srcset=\"https:\/\/krav-maga-on-line.com\/wp-content\/uploads\/2024\/10\/Krav-Maga-online-alain-cohen-guaranty-1-1.png 400w, https:\/\/krav-maga-on-line.com\/wp-content\/uploads\/2024\/10\/Krav-Maga-online-alain-cohen-guaranty-1-1-300x180.png 300w\" sizes=\"(max-width: 400px) 100vw, 400px\" \/><\/figure><div class=\"elementor-image-box-content\"><h3 class=\"elementor-image-box-title\">Alain Cohen<\/h3><\/div><\/div>\t\t\t\t<\/div>\n\t\t\t\t<\/div>\n\t\t\t\t<div class=\"elementor-element elementor-element-15665d0f elementor-widget elementor-widget-text-editor\" data-id=\"15665d0f\" data-element_type=\"widget\" data-e-type=\"widget\" data-widget_type=\"text-editor.default\">\n\t\t\t\t<div class=\"elementor-widget-container\">\n\t\t\t\t\t\t\t\t\t<p>Vous franchissez la premi\u00e8re \u00e9tape pour transformer votre vie.<br>Aujourd&rsquo;hui, vous avez choisi un parcours qui r\u00e9v\u00e9lera votre v\u00e9ritable potentiel. Avec des ann\u00e9es d&rsquo;exp\u00e9rience r\u00e9elle en formation de Krav Maga dans cette \u00e9cole en ligne compl\u00e8te, vous faites d\u00e9sormais partie d&rsquo;un cheminement unique vers la croissance et la ma\u00eetrise. Embrassez-le \u2014 votre avenir commence maintenant !  <\/p>\t\t\t\t\t\t\t\t<\/div>\n\t\t\t\t<\/div>\n\t\t\t\t<\/div>\n\t\t\t\t<\/div>\n\t\t\t\t\t<\/div>\n\t\t\t\t<\/div>\n\t\t<div class=\"elementor-element elementor-element-2586d5f0 e-con-full e-flex e-con e-parent\" data-id=\"2586d5f0\" data-element_type=\"container\" data-e-type=\"container\">\n\t\t\t\t<div class=\"elementor-element elementor-element-2dca5339 elementor-widget elementor-widget-spacer\" data-id=\"2dca5339\" data-element_type=\"widget\" data-e-type=\"widget\" data-widget_type=\"spacer.default\">\n\t\t\t\t<div class=\"elementor-widget-container\">\n\t\t\t\t\t\t\t<div class=\"elementor-spacer\">\n\t\t\t<div class=\"elementor-spacer-inner\"><\/div>\n\t\t<\/div>\n\t\t\t\t\t\t<\/div>\n\t\t\t\t<\/div>\n\t\t\t\t<div class=\"elementor-element elementor-element-2d3d47bd elementor-widget__width-inherit elementor-widget elementor-widget-text-editor\" data-id=\"2d3d47bd\" data-element_type=\"widget\" data-e-type=\"widget\" data-widget_type=\"text-editor.default\">\n\t\t\t\t<div class=\"elementor-widget-container\">\n\t\t\t\t\t\t\t\t\t<p style=\"text-align: center;\"><strong>Veuillez \u00e9galement vous assurer de mettre nos adresses e-mail sur liste blanche,<\/strong><\/p><p style=\"text-align: center;\"><strong><a rel=\"noopener\">info@krav-security.com<\/a> et <a rel=\"noopener\">kmf@krav-security.com<\/a><\/strong><\/p><p style=\"text-align: center;\"><strong>pour \u00e9viter que nos e-mails ne soient envoy\u00e9s dans votre dossier spam.<\/strong><\/p>\t\t\t\t\t\t\t\t<\/div>\n\t\t\t\t<\/div>\n\t\t\t\t<\/div>\n\t\t\t\t<\/div>\n\t\t","protected":false},"excerpt":{"rendered":"<p>ACC\u00c8S \u00c0 VIE Satisfaction garantie \u00e0 100 Alain Cohen Vous franchissez la premi\u00e8re \u00e9tape pour transformer votre vie.Aujourd&rsquo;hui, vous avez choisi un parcours qui r\u00e9v\u00e9lera votre v\u00e9ritable potentiel. Avec des ann\u00e9es d&rsquo;exp\u00e9rience r\u00e9elle en formation de Krav Maga dans cette \u00e9cole en ligne compl\u00e8te, vous faites d\u00e9sormais partie d&rsquo;un cheminement unique vers la croissance et [&hellip;]<\/p>\n","protected":false},"author":1,"featured_media":0,"parent":0,"menu_order":0,"comment_status":"closed","ping_status":"closed","template":"","meta":{"footnotes":""},"class_list":["post-75953","page","type-page","status-publish","hentry"],"yoast_head":"<!-- This site is optimized with the Yoast SEO plugin v27.4 - https:\/\/yoast.com\/product\/yoast-seo-wordpress\/ -->\n<title>Passer \u00e0 la caisse - Krav Maga Online<\/title>\n<meta name=\"robots\" content=\"index, follow, max-snippet:-1, max-image-preview:large, max-video-preview:-1\" \/>\n<link rel=\"canonical\" href=\"https:\/\/krav-maga-on-line.com\/fr\/passer-a-la-caisse\/\" \/>\n<meta property=\"og:locale\" content=\"fr_FR\" \/>\n<meta property=\"og:type\" content=\"article\" \/>\n<meta property=\"og:title\" content=\"Passer \u00e0 la caisse - Krav Maga Online\" \/>\n<meta property=\"og:description\" content=\"ACC\u00c8S \u00c0 VIE Satisfaction garantie \u00e0 100 Alain Cohen Vous franchissez la premi\u00e8re \u00e9tape pour transformer votre vie.Aujourd&rsquo;hui, vous avez choisi un parcours qui r\u00e9v\u00e9lera votre v\u00e9ritable potentiel. Avec des ann\u00e9es d&rsquo;exp\u00e9rience r\u00e9elle en formation de Krav Maga dans cette \u00e9cole en ligne compl\u00e8te, vous faites d\u00e9sormais partie d&rsquo;un cheminement unique vers la croissance et [&hellip;]\" \/>\n<meta property=\"og:url\" content=\"https:\/\/krav-maga-on-line.com\/fr\/passer-a-la-caisse\/\" \/>\n<meta property=\"og:site_name\" content=\"Krav Maga Online\" \/>\n<meta property=\"article:publisher\" content=\"https:\/\/www.facebook.com\/expert.alain.cohen\/\" \/>\n<meta property=\"article:modified_time\" content=\"2025-05-21T13:48:01+00:00\" \/>\n<meta property=\"og:image\" content=\"https:\/\/krav-maga-on-line.com\/wp-content\/uploads\/2025\/01\/Krav-Maga-Online-Learn-From-home.png\" \/>\n\t<meta property=\"og:image:width\" content=\"1616\" \/>\n\t<meta property=\"og:image:height\" content=\"899\" \/>\n\t<meta property=\"og:image:type\" content=\"image\/png\" \/>\n<meta name=\"twitter:card\" content=\"summary_large_image\" \/>\n<meta name=\"twitter:site\" content=\"@KRAVSECURITY\" \/>\n<meta name=\"twitter:label1\" content=\"Dur\u00e9e de lecture estim\u00e9e\" \/>\n\t<meta name=\"twitter:data1\" content=\"1 minute\" \/>\n<script type=\"application\/ld+json\" class=\"yoast-schema-graph\">{\"@context\":\"https:\\\/\\\/schema.org\",\"@graph\":[{\"@type\":\"WebPage\",\"@id\":\"https:\\\/\\\/krav-maga-on-line.com\\\/fr\\\/passer-a-la-caisse\\\/\",\"url\":\"https:\\\/\\\/krav-maga-on-line.com\\\/fr\\\/passer-a-la-caisse\\\/\",\"name\":\"Passer \u00e0 la caisse - Krav Maga Online\",\"isPartOf\":{\"@id\":\"https:\\\/\\\/krav-maga-on-line.com\\\/fr\\\/#website\"},\"primaryImageOfPage\":{\"@id\":\"https:\\\/\\\/krav-maga-on-line.com\\\/fr\\\/passer-a-la-caisse\\\/#primaryimage\"},\"image\":{\"@id\":\"https:\\\/\\\/krav-maga-on-line.com\\\/fr\\\/passer-a-la-caisse\\\/#primaryimage\"},\"thumbnailUrl\":\"https:\\\/\\\/krav-maga-on-line.com\\\/wp-content\\\/uploads\\\/2025\\\/01\\\/Krav-Maga-Online-Learn-From-home.png\",\"datePublished\":\"2024-10-20T07:39:56+00:00\",\"dateModified\":\"2025-05-21T13:48:01+00:00\",\"breadcrumb\":{\"@id\":\"https:\\\/\\\/krav-maga-on-line.com\\\/fr\\\/passer-a-la-caisse\\\/#breadcrumb\"},\"inLanguage\":\"fr-FR\",\"potentialAction\":[{\"@type\":\"ReadAction\",\"target\":[\"https:\\\/\\\/krav-maga-on-line.com\\\/fr\\\/passer-a-la-caisse\\\/\"]}]},{\"@type\":\"ImageObject\",\"inLanguage\":\"fr-FR\",\"@id\":\"https:\\\/\\\/krav-maga-on-line.com\\\/fr\\\/passer-a-la-caisse\\\/#primaryimage\",\"url\":\"https:\\\/\\\/krav-maga-on-line.com\\\/wp-content\\\/uploads\\\/2025\\\/01\\\/Krav-Maga-Online-Learn-From-home.png\",\"contentUrl\":\"https:\\\/\\\/krav-maga-on-line.com\\\/wp-content\\\/uploads\\\/2025\\\/01\\\/Krav-Maga-Online-Learn-From-home.png\"},{\"@type\":\"BreadcrumbList\",\"@id\":\"https:\\\/\\\/krav-maga-on-line.com\\\/fr\\\/passer-a-la-caisse\\\/#breadcrumb\",\"itemListElement\":[{\"@type\":\"ListItem\",\"position\":1,\"name\":\"Accueil\",\"item\":\"https:\\\/\\\/krav-maga-on-line.com\\\/fr\\\/\"},{\"@type\":\"ListItem\",\"position\":2,\"name\":\"Passer \u00e0 la caisse\"}]},{\"@type\":\"WebSite\",\"@id\":\"https:\\\/\\\/krav-maga-on-line.com\\\/fr\\\/#website\",\"url\":\"https:\\\/\\\/krav-maga-on-line.com\\\/fr\\\/\",\"name\":\"Krav Maga Online Training Course: Learn Self Defense Online, Obtain Online Krav Maga Instructor Certification, and Earn Your Krav Maga Black Belt Online\",\"description\":\"Training Self Defense Video Courses\",\"publisher\":{\"@id\":\"https:\\\/\\\/krav-maga-on-line.com\\\/fr\\\/#organization\"},\"potentialAction\":[{\"@type\":\"SearchAction\",\"target\":{\"@type\":\"EntryPoint\",\"urlTemplate\":\"https:\\\/\\\/krav-maga-on-line.com\\\/fr\\\/?s={search_term_string}\"},\"query-input\":{\"@type\":\"PropertyValueSpecification\",\"valueRequired\":true,\"valueName\":\"search_term_string\"}}],\"inLanguage\":\"fr-FR\"},{\"@type\":\"Organization\",\"@id\":\"https:\\\/\\\/krav-maga-on-line.com\\\/fr\\\/#organization\",\"name\":\"Krav Maga Online Training Course: Learn Self Defense Online, Obtain Online Krav Maga Instructor Certification, and Earn Your Krav Maga Black Belt Online\",\"url\":\"https:\\\/\\\/krav-maga-on-line.com\\\/fr\\\/\",\"logo\":{\"@type\":\"ImageObject\",\"inLanguage\":\"fr-FR\",\"@id\":\"https:\\\/\\\/krav-maga-on-line.com\\\/fr\\\/#\\\/schema\\\/logo\\\/image\\\/\",\"url\":\"https:\\\/\\\/krav-maga-on-line.com\\\/wp-content\\\/uploads\\\/2024\\\/09\\\/cropped-Krav-Maga-Online-favicon.png\",\"contentUrl\":\"https:\\\/\\\/krav-maga-on-line.com\\\/wp-content\\\/uploads\\\/2024\\\/09\\\/cropped-Krav-Maga-Online-favicon.png\",\"width\":512,\"height\":512,\"caption\":\"Krav Maga Online Training Course: Learn Self Defense Online, Obtain Online Krav Maga Instructor Certification, and Earn Your Krav Maga Black Belt Online\"},\"image\":{\"@id\":\"https:\\\/\\\/krav-maga-on-line.com\\\/fr\\\/#\\\/schema\\\/logo\\\/image\\\/\"},\"sameAs\":[\"https:\\\/\\\/www.facebook.com\\\/expert.alain.cohen\\\/\",\"https:\\\/\\\/x.com\\\/KRAVSECURITY\",\"https:\\\/\\\/www.linkedin.com\\\/in\\\/kravmaga1\",\"https:\\\/\\\/www.instagram.com\\\/cohen_alain\\\/\",\"https:\\\/\\\/www.youtube.com\\\/c\\\/KRAVMAGA1?sub_confirmation=1\",\"https:\\\/\\\/www.tiktok.com\\\/@kravmagacohen\",\"https:\\\/\\\/www.snapchat.com\\\/add\\\/kravmagaonline\"]}]}<\/script>\n<!-- \/ Yoast SEO plugin. -->","yoast_head_json":{"title":"Passer \u00e0 la caisse - Krav Maga Online","robots":{"index":"index","follow":"follow","max-snippet":"max-snippet:-1","max-image-preview":"max-image-preview:large","max-video-preview":"max-video-preview:-1"},"canonical":"https:\/\/krav-maga-on-line.com\/fr\/passer-a-la-caisse\/","og_locale":"fr_FR","og_type":"article","og_title":"Passer \u00e0 la caisse - Krav Maga Online","og_description":"ACC\u00c8S \u00c0 VIE Satisfaction garantie \u00e0 100 Alain Cohen Vous franchissez la premi\u00e8re \u00e9tape pour transformer votre vie.Aujourd&rsquo;hui, vous avez choisi un parcours qui r\u00e9v\u00e9lera votre v\u00e9ritable potentiel. Avec des ann\u00e9es d&rsquo;exp\u00e9rience r\u00e9elle en formation de Krav Maga dans cette \u00e9cole en ligne compl\u00e8te, vous faites d\u00e9sormais partie d&rsquo;un cheminement unique vers la croissance et [&hellip;]","og_url":"https:\/\/krav-maga-on-line.com\/fr\/passer-a-la-caisse\/","og_site_name":"Krav Maga Online","article_publisher":"https:\/\/www.facebook.com\/expert.alain.cohen\/","article_modified_time":"2025-05-21T13:48:01+00:00","og_image":[{"width":1616,"height":899,"url":"https:\/\/krav-maga-on-line.com\/wp-content\/uploads\/2025\/01\/Krav-Maga-Online-Learn-From-home.png","type":"image\/png"}],"twitter_card":"summary_large_image","twitter_site":"@KRAVSECURITY","twitter_misc":{"Dur\u00e9e de lecture estim\u00e9e":"1 minute"},"schema":{"@context":"https:\/\/schema.org","@graph":[{"@type":"WebPage","@id":"https:\/\/krav-maga-on-line.com\/fr\/passer-a-la-caisse\/","url":"https:\/\/krav-maga-on-line.com\/fr\/passer-a-la-caisse\/","name":"Passer \u00e0 la caisse - Krav Maga Online","isPartOf":{"@id":"https:\/\/krav-maga-on-line.com\/fr\/#website"},"primaryImageOfPage":{"@id":"https:\/\/krav-maga-on-line.com\/fr\/passer-a-la-caisse\/#primaryimage"},"image":{"@id":"https:\/\/krav-maga-on-line.com\/fr\/passer-a-la-caisse\/#primaryimage"},"thumbnailUrl":"https:\/\/krav-maga-on-line.com\/wp-content\/uploads\/2025\/01\/Krav-Maga-Online-Learn-From-home.png","datePublished":"2024-10-20T07:39:56+00:00","dateModified":"2025-05-21T13:48:01+00:00","breadcrumb":{"@id":"https:\/\/krav-maga-on-line.com\/fr\/passer-a-la-caisse\/#breadcrumb"},"inLanguage":"fr-FR","potentialAction":[{"@type":"ReadAction","target":["https:\/\/krav-maga-on-line.com\/fr\/passer-a-la-caisse\/"]}]},{"@type":"ImageObject","inLanguage":"fr-FR","@id":"https:\/\/krav-maga-on-line.com\/fr\/passer-a-la-caisse\/#primaryimage","url":"https:\/\/krav-maga-on-line.com\/wp-content\/uploads\/2025\/01\/Krav-Maga-Online-Learn-From-home.png","contentUrl":"https:\/\/krav-maga-on-line.com\/wp-content\/uploads\/2025\/01\/Krav-Maga-Online-Learn-From-home.png"},{"@type":"BreadcrumbList","@id":"https:\/\/krav-maga-on-line.com\/fr\/passer-a-la-caisse\/#breadcrumb","itemListElement":[{"@type":"ListItem","position":1,"name":"Accueil","item":"https:\/\/krav-maga-on-line.com\/fr\/"},{"@type":"ListItem","position":2,"name":"Passer \u00e0 la caisse"}]},{"@type":"WebSite","@id":"https:\/\/krav-maga-on-line.com\/fr\/#website","url":"https:\/\/krav-maga-on-line.com\/fr\/","name":"Krav Maga Online Training Course: Learn Self Defense Online, Obtain Online Krav Maga Instructor Certification, and Earn Your Krav Maga Black Belt Online","description":"Training Self Defense Video Courses","publisher":{"@id":"https:\/\/krav-maga-on-line.com\/fr\/#organization"},"potentialAction":[{"@type":"SearchAction","target":{"@type":"EntryPoint","urlTemplate":"https:\/\/krav-maga-on-line.com\/fr\/?s={search_term_string}"},"query-input":{"@type":"PropertyValueSpecification","valueRequired":true,"valueName":"search_term_string"}}],"inLanguage":"fr-FR"},{"@type":"Organization","@id":"https:\/\/krav-maga-on-line.com\/fr\/#organization","name":"Krav Maga Online Training Course: Learn Self Defense Online, Obtain Online Krav Maga Instructor Certification, and Earn Your Krav Maga Black Belt Online","url":"https:\/\/krav-maga-on-line.com\/fr\/","logo":{"@type":"ImageObject","inLanguage":"fr-FR","@id":"https:\/\/krav-maga-on-line.com\/fr\/#\/schema\/logo\/image\/","url":"https:\/\/krav-maga-on-line.com\/wp-content\/uploads\/2024\/09\/cropped-Krav-Maga-Online-favicon.png","contentUrl":"https:\/\/krav-maga-on-line.com\/wp-content\/uploads\/2024\/09\/cropped-Krav-Maga-Online-favicon.png","width":512,"height":512,"caption":"Krav Maga Online Training Course: Learn Self Defense Online, Obtain Online Krav Maga Instructor Certification, and Earn Your Krav Maga Black Belt Online"},"image":{"@id":"https:\/\/krav-maga-on-line.com\/fr\/#\/schema\/logo\/image\/"},"sameAs":["https:\/\/www.facebook.com\/expert.alain.cohen\/","https:\/\/x.com\/KRAVSECURITY","https:\/\/www.linkedin.com\/in\/kravmaga1","https:\/\/www.instagram.com\/cohen_alain\/","https:\/\/www.youtube.com\/c\/KRAVMAGA1?sub_confirmation=1","https:\/\/www.tiktok.com\/@kravmagacohen","https:\/\/www.snapchat.com\/add\/kravmagaonline"]}]}},"_links":{"self":[{"href":"https:\/\/krav-maga-on-line.com\/fr\/wp-json\/wp\/v2\/pages\/75953","targetHints":{"allow":["GET"]}}],"collection":[{"href":"https:\/\/krav-maga-on-line.com\/fr\/wp-json\/wp\/v2\/pages"}],"about":[{"href":"https:\/\/krav-maga-on-line.com\/fr\/wp-json\/wp\/v2\/types\/page"}],"author":[{"embeddable":true,"href":"https:\/\/krav-maga-on-line.com\/fr\/wp-json\/wp\/v2\/users\/1"}],"replies":[{"embeddable":true,"href":"https:\/\/krav-maga-on-line.com\/fr\/wp-json\/wp\/v2\/comments?post=75953"}],"version-history":[{"count":2,"href":"https:\/\/krav-maga-on-line.com\/fr\/wp-json\/wp\/v2\/pages\/75953\/revisions"}],"predecessor-version":[{"id":78376,"href":"https:\/\/krav-maga-on-line.com\/fr\/wp-json\/wp\/v2\/pages\/75953\/revisions\/78376"}],"wp:attachment":[{"href":"https:\/\/krav-maga-on-line.com\/fr\/wp-json\/wp\/v2\/media?parent=75953"}],"curies":[{"name":"wp","href":"https:\/\/api.w.org\/{rel}","templated":true}]}}