{"id":74055,"date":"2024-08-29T14:13:09","date_gmt":"2024-08-29T12:13:09","guid":{"rendered":"https:\/\/krav-maga-on-line.com\/connexion\/"},"modified":"2024-10-30T08:04:46","modified_gmt":"2024-10-30T07:04:46","slug":"connexion","status":"publish","type":"page","link":"https:\/\/krav-maga-on-line.com\/fr\/connexion\/","title":{"rendered":"Connexion"},"content":{"rendered":"\t\t<div data-elementor-type=\"wp-page\" data-elementor-id=\"74055\" class=\"elementor elementor-74055 elementor-68330\" data-elementor-post-type=\"page\">\n\t\t\t\t<div class=\"elementor-element elementor-element-7d2240fd e-flex e-con-boxed e-con e-parent\" data-id=\"7d2240fd\" data-element_type=\"container\" data-e-type=\"container\" data-settings=\"{&quot;background_background&quot;:&quot;classic&quot;}\">\n\t\t\t\t\t<div class=\"e-con-inner\">\n\t\t<div class=\"elementor-element elementor-element-6de731ff e-flex e-con-boxed e-con e-child\" data-id=\"6de731ff\" data-element_type=\"container\" data-e-type=\"container\">\n\t\t\t\t\t<div class=\"e-con-inner\">\n\t\t\t\t<div class=\"elementor-element elementor-element-1007bd44 elementor-widget-divider--view-line_text elementor-widget-divider--element-align-right elementor-widget elementor-widget-divider\" data-id=\"1007bd44\" data-element_type=\"widget\" data-e-type=\"widget\" data-widget_type=\"divider.default\">\n\t\t\t\t<div class=\"elementor-widget-container\">\n\t\t\t\t\t\t\t<div class=\"elementor-divider\">\n\t\t\t<span class=\"elementor-divider-separator\">\n\t\t\t\t\t\t\t<span class=\"elementor-divider__text elementor-divider__element\">\n\t\t\t\tConnectez-vous \u00e0 Krav Maga Online\t\t\t\t<\/span>\n\t\t\t\t\t\t<\/span>\n\t\t<\/div>\n\t\t\t\t\t\t<\/div>\n\t\t\t\t<\/div>\n\t\t\t\t\t<\/div>\n\t\t\t\t<\/div>\n\t\t\t\t\t<\/div>\n\t\t\t\t<\/div>\n\t\t<div class=\"elementor-element elementor-element-43b75766 e-flex e-con-boxed e-con e-parent\" data-id=\"43b75766\" data-element_type=\"container\" data-e-type=\"container\">\n\t\t\t\t\t<div class=\"e-con-inner\">\n\t\t<div class=\"elementor-element elementor-element-46686ff9 e-con-full e-flex e-con e-child\" data-id=\"46686ff9\" data-element_type=\"container\" data-e-type=\"container\">\n\t\t\t\t<div class=\"elementor-element elementor-element-1e8d651 elementor-widget elementor-widget-heading\" data-id=\"1e8d651\" data-element_type=\"widget\" data-e-type=\"widget\" data-widget_type=\"heading.default\">\n\t\t\t\t<div class=\"elementor-widget-container\">\n\t\t\t\t\t<h2 class=\"elementor-heading-title elementor-size-default\">COMMENT ACC\u00c9DER \u00c0 VOS COURS EN LIGNE ?\n<\/h2>\t\t\t\t<\/div>\n\t\t\t\t<\/div>\n\t\t\t\t<div class=\"elementor-element elementor-element-3085dd9d elementor-widget elementor-widget-text-editor\" data-id=\"3085dd9d\" data-element_type=\"widget\" data-e-type=\"widget\" data-widget_type=\"text-editor.default\">\n\t\t\t\t<div class=\"elementor-widget-container\">\n\t\t\t\t\t\t\t\t\t<p>Pour acc\u00e9der aux cours vid\u00e9o, assurez-vous d&rsquo;\u00eatre connect\u00e9.<\/p>\n<p>Pour vous connecter, veuillez suivre les \u00e9tapes suivantes :<\/p>\n\t\t\t\t\t\t\t\t<\/div>\n\t\t\t\t<\/div>\n\t\t\t\t<div class=\"elementor-element elementor-element-1c4b832a elementor-align-start elementor-icon-list--layout-traditional elementor-list-item-link-full_width elementor-widget elementor-widget-icon-list\" data-id=\"1c4b832a\" data-element_type=\"widget\" data-e-type=\"widget\" data-widget_type=\"icon-list.default\">\n\t\t\t\t<div class=\"elementor-widget-container\">\n\t\t\t\t\t\t\t<ul class=\"elementor-icon-list-items\">\n\t\t\t\t\t\t\t<li class=\"elementor-icon-list-item\">\n\t\t\t\t\t\t\t\t\t\t\t<span class=\"elementor-icon-list-icon\">\n\t\t\t\t\t\t\t<i aria-hidden=\"true\" class=\"icon icon-chevron-right-circle\"><\/i>\t\t\t\t\t\t<\/span>\n\t\t\t\t\t\t\t\t\t\t<span class=\"elementor-icon-list-text\">1 ) Saisissez les identifiants de connexion (nom d'utilisateur et mot de passe) qui vous ont \u00e9t\u00e9 communiqu\u00e9s par courrier \u00e9lectronique.<\/span>\n\t\t\t\t\t\t\t\t\t<\/li>\n\t\t\t\t\t\t\t\t<li class=\"elementor-icon-list-item\">\n\t\t\t\t\t\t\t\t\t\t\t<span class=\"elementor-icon-list-icon\">\n\t\t\t\t\t\t\t<i aria-hidden=\"true\" class=\"icon icon-chevron-right-circle\"><\/i>\t\t\t\t\t\t<\/span>\n\t\t\t\t\t\t\t\t\t\t<span class=\"elementor-icon-list-text\">2 ) Cliquez sur le bouton Login.<\/span>\n\t\t\t\t\t\t\t\t\t<\/li>\n\t\t\t\t\t\t\t\t<li class=\"elementor-icon-list-item\">\n\t\t\t\t\t\t\t\t\t\t\t<span class=\"elementor-icon-list-icon\">\n\t\t\t\t\t\t\t<i aria-hidden=\"true\" class=\"icon icon-chevron-right-circle\"><\/i>\t\t\t\t\t\t<\/span>\n\t\t\t\t\t\t\t\t\t\t<span class=\"elementor-icon-list-text\">3) Une fois connect\u00e9 avec succ\u00e8s, vous pouvez acc\u00e9der \u00e0 tous les cours en cliquant sur le bouton rouge : \u00ab D\u00c9J\u00c0 CONNECT\u00c9 \u2013 ACC\u00c8S \u00c0 MES COURS EN LIGNE \u00bb<\/span>\n\t\t\t\t\t\t\t\t\t<\/li>\n\t\t\t\t\t\t<\/ul>\n\t\t\t\t\t\t<\/div>\n\t\t\t\t<\/div>\n\t\t\t\t<\/div>\n\t\t<div class=\"elementor-element elementor-element-10600a1e e-flex e-con-boxed e-con e-child\" data-id=\"10600a1e\" data-element_type=\"container\" data-e-type=\"container\">\n\t\t\t\t\t<div class=\"e-con-inner\">\n\t\t\t\t<div class=\"elementor-element elementor-element-25cd5d8 elementor-button-align-center elementor-widget elementor-widget-login\" data-id=\"25cd5d8\" data-element_type=\"widget\" data-e-type=\"widget\" data-widget_type=\"login.default\">\n\t\t\t\t<div class=\"elementor-widget-container\">\n\t\t\t\t\t\t\t<form class=\"elementor-login elementor-form\" method=\"post\" action=\"https:\/\/krav-maga-on-line.com\/fr\/login\/\" aria-label=\"Login form\">\n\t\t\t<input type=\"hidden\" name=\"redirect_to\" value=\"https:\/\/krav-maga-on-line.com\/my-account\/\">\n\t\t\t<div class=\"elementor-form-fields-wrapper\">\n\t\t\t\t<div class=\"elementor-field-type-text elementor-field-group elementor-column elementor-col-100 elementor-field-required\">\n\t\t\t\t\t<label for=\"user-25cd5d8\" class=\"elementor-field-label\">Nom d'utilisateur ou adresse \u00e9lectronique<\/label>\n\t\t\t\t\t<input size=\"1\" type=\"text\" name=\"log\" id=\"user-25cd5d8\" placeholder=\"\" class=\"elementor-field elementor-field-textual elementor-size-lg\">\n\t\t\t\t<\/div>\n\t\t\t\t<div class=\"elementor-field-type-text elementor-field-group elementor-column elementor-col-100 elementor-field-required\">\n\t\t\t\t\t<label for=\"password-25cd5d8\" class=\"elementor-field-label\">Mot de passe<\/label>\n\t\t\t\t\t<input size=\"1\" type=\"password\" name=\"pwd\" id=\"password-25cd5d8\" placeholder=\"\" class=\"elementor-field elementor-field-textual elementor-size-lg\">\n\t\t\t\t<\/div>\n\n\t\t\t\t\t\t\t\t\t<div class=\"elementor-field-type-checkbox elementor-field-group elementor-column elementor-col-100 elementor-remember-me\">\n\t\t\t\t\t\t<label for=\"elementor-login-remember-me\">\n\t\t\t\t\t\t\t<input type=\"checkbox\" id=\"elementor-login-remember-me\" name=\"rememberme\" value=\"forever\">\n\t\t\t\t\t\t\tSe souvenir de moi\t\t\t\t\t\t<\/label>\n\t\t\t\t\t<\/div>\n\t\t\t\t\n\t\t\t\t<div class=\"elementor-field-group elementor-column elementor-field-type-submit elementor-col-100\">\n\t\t\t\t\t<button type=\"submit\" class=\"elementor-size-sm elementor-button\" name=\"wp-submit\">\n\t\t\t\t\t\t\t\t\t\t\t\t\t\t\t<span class=\"elementor-button-text\">Connectez-vous<\/span>\n\t\t\t\t\t\t\t\t\t\t\t\t<\/button>\n\t\t\t\t<\/div>\n\n\t\t\t\t\t\t\t<\/div>\n\t\t<\/form>\n\t\t\t\t\t\t<\/div>\n\t\t\t\t<\/div>\n\t\t\t\t<div class=\"elementor-element elementor-element-6dd0162 elementor-align-center elementor-widget elementor-widget-button\" data-id=\"6dd0162\" data-element_type=\"widget\" data-e-type=\"widget\" data-widget_type=\"button.default\">\n\t\t\t\t<div class=\"elementor-widget-container\">\n\t\t\t\t\t\t\t\t\t<div class=\"elementor-button-wrapper\">\n\t\t\t\t\t<a class=\"elementor-button elementor-button-link elementor-size-sm elementor-animation-pulse\" href=\"https:\/\/krav-maga-on-line.com\/lost-password\/\">\n\t\t\t\t\t\t<span class=\"elementor-button-content-wrapper\">\n\t\t\t\t\t\t\t\t\t<span class=\"elementor-button-text\">Mot de passe oubli\u00e9 ? Cliquez ici <\/span>\n\t\t\t\t\t<\/span>\n\t\t\t\t\t<\/a>\n\t\t\t\t<\/div>\n\t\t\t\t\t\t\t\t<\/div>\n\t\t\t\t<\/div>\n\t\t\t\t\t<\/div>\n\t\t\t\t<\/div>\n\t\t\t\t\t<\/div>\n\t\t\t\t<\/div>\n\t\t<div class=\"elementor-element elementor-element-bd42291 e-flex e-con-boxed e-con e-parent\" data-id=\"bd42291\" data-element_type=\"container\" data-e-type=\"container\" data-settings=\"{&quot;background_background&quot;:&quot;classic&quot;}\">\n\t\t\t\t\t<div class=\"e-con-inner\">\n\t\t<div class=\"elementor-element elementor-element-7cee187 e-con-full animated-slow e-flex elementor-invisible e-con e-child\" data-id=\"7cee187\" data-element_type=\"container\" data-e-type=\"container\" data-settings=\"{&quot;animation&quot;:&quot;fadeInRight&quot;}\">\n\t\t\t\t<div class=\"elementor-element elementor-element-0b55eb9 elementor-widget elementor-widget-heading\" data-id=\"0b55eb9\" data-element_type=\"widget\" data-e-type=\"widget\" data-widget_type=\"heading.default\">\n\t\t\t\t<div class=\"elementor-widget-container\">\n\t\t\t\t\t<h2 class=\"elementor-heading-title elementor-size-default\">Satisfaction garantie \u00e0 100<\/h2>\t\t\t\t<\/div>\n\t\t\t\t<\/div>\n\t\t\t\t<div class=\"elementor-element elementor-element-539b8e4 elementor-widget elementor-widget-text-editor\" data-id=\"539b8e4\" data-element_type=\"widget\" data-e-type=\"widget\" data-widget_type=\"text-editor.default\">\n\t\t\t\t<div class=\"elementor-widget-container\">\n\t\t\t\t\t\t\t\t\t<p>J&rsquo;ai pris mes ann\u00e9es d&rsquo;exp\u00e9rience dans la formation : civils, forces de l&rsquo;ordre, militaires, unit\u00e9s sp\u00e9ciales et cours mondiaux et j&rsquo;ai cr\u00e9\u00e9 la premi\u00e8re v\u00e9ritable \u00e9cole de Krav Maga en ligne qui permet r\u00e9ellement aux \u00e9tudiants de toutes les parties du monde d&rsquo;acc\u00e9der \u00e0 une connaissance compl\u00e8te et originale du Krav Maga.<br \/>\nRien n&rsquo;a \u00e9t\u00e9 oubli\u00e9. &nbsp;<\/p>\n\t\t\t\t\t\t\t\t<\/div>\n\t\t\t\t<\/div>\n\t\t\t\t<div class=\"elementor-element elementor-element-84ea2fb elementor-position-left elementor-vertical-align-bottom elementor-widget__width-initial elementor-widget elementor-widget-image-box\" data-id=\"84ea2fb\" data-element_type=\"widget\" data-e-type=\"widget\" data-widget_type=\"image-box.default\">\n\t\t\t\t<div class=\"elementor-widget-container\">\n\t\t\t\t\t<div class=\"elementor-image-box-wrapper\"><figure class=\"elementor-image-box-img\"><img fetchpriority=\"high\" decoding=\"async\" width=\"400\" height=\"240\" src=\"https:\/\/krav-maga-on-line.com\/wp-content\/uploads\/2024\/10\/Krav-Maga-online-alain-cohen-guaranty.png\" class=\"attachment-full size-full wp-image-73161\" alt=\"\" srcset=\"https:\/\/krav-maga-on-line.com\/wp-content\/uploads\/2024\/10\/Krav-Maga-online-alain-cohen-guaranty.png 400w, https:\/\/krav-maga-on-line.com\/wp-content\/uploads\/2024\/10\/Krav-Maga-online-alain-cohen-guaranty-300x180.png 300w\" sizes=\"(max-width: 400px) 100vw, 400px\" \/><\/figure><div class=\"elementor-image-box-content\"><h3 class=\"elementor-image-box-title\">Alain Cohen<\/h3><\/div><\/div>\t\t\t\t<\/div>\n\t\t\t\t<\/div>\n\t\t\t\t<\/div>\n\t\t<div class=\"elementor-element elementor-element-11e3758 e-flex e-con-boxed e-con e-child\" data-id=\"11e3758\" data-element_type=\"container\" data-e-type=\"container\">\n\t\t\t\t\t<div class=\"e-con-inner\">\n\t\t\t\t<div class=\"elementor-element elementor-element-ddd68a9 elementor-widget elementor-widget-image\" data-id=\"ddd68a9\" data-element_type=\"widget\" data-e-type=\"widget\" data-widget_type=\"image.default\">\n\t\t\t\t<div class=\"elementor-widget-container\">\n\t\t\t\t\t\t\t\t\t\t\t\t\t\t\t<img decoding=\"async\" width=\"969\" height=\"949\" src=\"https:\/\/krav-maga-on-line.com\/wp-content\/uploads\/2024\/08\/KMF-AC-cadeau-alain-1.png\" class=\"attachment-full size-full wp-image-68403\" alt=\"\" srcset=\"https:\/\/krav-maga-on-line.com\/wp-content\/uploads\/2024\/08\/KMF-AC-cadeau-alain-1.png 969w, https:\/\/krav-maga-on-line.com\/wp-content\/uploads\/2024\/08\/KMF-AC-cadeau-alain-1-300x294.png 300w, https:\/\/krav-maga-on-line.com\/wp-content\/uploads\/2024\/08\/KMF-AC-cadeau-alain-1-768x752.png 768w, https:\/\/krav-maga-on-line.com\/wp-content\/uploads\/2024\/08\/KMF-AC-cadeau-alain-1-512x501.png 512w\" sizes=\"(max-width: 969px) 100vw, 969px\" \/>\t\t\t\t\t\t\t\t\t\t\t\t\t\t\t<\/div>\n\t\t\t\t<\/div>\n\t\t\t\t\t<\/div>\n\t\t\t\t<\/div>\n\t\t\t\t\t<\/div>\n\t\t\t\t<\/div>\n\t\t<div class=\"elementor-element elementor-element-3b18d8d e-flex e-con-boxed e-con e-parent\" data-id=\"3b18d8d\" data-element_type=\"container\" data-e-type=\"container\">\n\t\t\t\t\t<div class=\"e-con-inner\">\n\t\t\t\t\t<\/div>\n\t\t\t\t<\/div>\n\t\t\t\t<\/div>\n\t\t","protected":false},"excerpt":{"rendered":"<p>Connectez-vous \u00e0 Krav Maga Online COMMENT ACC\u00c9DER \u00c0 VOS COURS EN LIGNE ? Pour acc\u00e9der aux cours vid\u00e9o, assurez-vous d&rsquo;\u00eatre connect\u00e9. Pour vous connecter, veuillez suivre les \u00e9tapes suivantes : 1 ) Saisissez les identifiants de connexion (nom d&rsquo;utilisateur et mot de passe) qui vous ont \u00e9t\u00e9 communiqu\u00e9s par courrier \u00e9lectronique. 2 ) Cliquez sur [&hellip;]<\/p>\n","protected":false},"author":1,"featured_media":0,"parent":0,"menu_order":0,"comment_status":"closed","ping_status":"closed","template":"elementor_header_footer","meta":{"footnotes":""},"class_list":["post-74055","page","type-page","status-publish","hentry"],"yoast_head":"<!-- This site is optimized with the Yoast SEO plugin v27.4 - https:\/\/yoast.com\/product\/yoast-seo-wordpress\/ -->\n<title>Connexion - Krav Maga Online<\/title>\n<meta name=\"robots\" content=\"index, follow, max-snippet:-1, max-image-preview:large, max-video-preview:-1\" \/>\n<link rel=\"canonical\" href=\"https:\/\/krav-maga-on-line.com\/fr\/connexion\/\" \/>\n<meta property=\"og:locale\" content=\"fr_FR\" \/>\n<meta property=\"og:type\" content=\"article\" \/>\n<meta property=\"og:title\" content=\"Connexion - Krav Maga Online\" \/>\n<meta property=\"og:description\" content=\"Connectez-vous \u00e0 Krav Maga Online COMMENT ACC\u00c9DER \u00c0 VOS COURS EN LIGNE ? Pour acc\u00e9der aux cours vid\u00e9o, assurez-vous d&rsquo;\u00eatre connect\u00e9. Pour vous connecter, veuillez suivre les \u00e9tapes suivantes : 1 ) Saisissez les identifiants de connexion (nom d&rsquo;utilisateur et mot de passe) qui vous ont \u00e9t\u00e9 communiqu\u00e9s par courrier \u00e9lectronique. 2 ) Cliquez sur [&hellip;]\" \/>\n<meta property=\"og:url\" content=\"https:\/\/krav-maga-on-line.com\/fr\/connexion\/\" \/>\n<meta property=\"og:site_name\" content=\"Krav Maga Online\" \/>\n<meta property=\"article:publisher\" content=\"https:\/\/www.facebook.com\/expert.alain.cohen\/\" \/>\n<meta property=\"article:modified_time\" content=\"2024-10-30T07:04:46+00:00\" \/>\n<meta property=\"og:image\" content=\"https:\/\/krav-maga-on-line.com\/wp-content\/uploads\/2024\/10\/Krav-Maga-online-alain-cohen-guaranty.png\" \/>\n<meta name=\"twitter:card\" content=\"summary_large_image\" \/>\n<meta name=\"twitter:site\" content=\"@KRAVSECURITY\" \/>\n<meta name=\"twitter:label1\" content=\"Dur\u00e9e de lecture estim\u00e9e\" \/>\n\t<meta name=\"twitter:data1\" content=\"2 minutes\" \/>\n<script type=\"application\/ld+json\" class=\"yoast-schema-graph\">{\"@context\":\"https:\\\/\\\/schema.org\",\"@graph\":[{\"@type\":\"WebPage\",\"@id\":\"https:\\\/\\\/krav-maga-on-line.com\\\/fr\\\/connexion\\\/\",\"url\":\"https:\\\/\\\/krav-maga-on-line.com\\\/fr\\\/connexion\\\/\",\"name\":\"Connexion - Krav Maga Online\",\"isPartOf\":{\"@id\":\"https:\\\/\\\/krav-maga-on-line.com\\\/fr\\\/#website\"},\"primaryImageOfPage\":{\"@id\":\"https:\\\/\\\/krav-maga-on-line.com\\\/fr\\\/connexion\\\/#primaryimage\"},\"image\":{\"@id\":\"https:\\\/\\\/krav-maga-on-line.com\\\/fr\\\/connexion\\\/#primaryimage\"},\"thumbnailUrl\":\"https:\\\/\\\/krav-maga-on-line.com\\\/wp-content\\\/uploads\\\/2024\\\/10\\\/Krav-Maga-online-alain-cohen-guaranty.png\",\"datePublished\":\"2024-08-29T12:13:09+00:00\",\"dateModified\":\"2024-10-30T07:04:46+00:00\",\"breadcrumb\":{\"@id\":\"https:\\\/\\\/krav-maga-on-line.com\\\/fr\\\/connexion\\\/#breadcrumb\"},\"inLanguage\":\"fr-FR\",\"potentialAction\":[{\"@type\":\"ReadAction\",\"target\":[\"https:\\\/\\\/krav-maga-on-line.com\\\/fr\\\/connexion\\\/\"]}]},{\"@type\":\"ImageObject\",\"inLanguage\":\"fr-FR\",\"@id\":\"https:\\\/\\\/krav-maga-on-line.com\\\/fr\\\/connexion\\\/#primaryimage\",\"url\":\"https:\\\/\\\/krav-maga-on-line.com\\\/wp-content\\\/uploads\\\/2024\\\/10\\\/Krav-Maga-online-alain-cohen-guaranty.png\",\"contentUrl\":\"https:\\\/\\\/krav-maga-on-line.com\\\/wp-content\\\/uploads\\\/2024\\\/10\\\/Krav-Maga-online-alain-cohen-guaranty.png\"},{\"@type\":\"BreadcrumbList\",\"@id\":\"https:\\\/\\\/krav-maga-on-line.com\\\/fr\\\/connexion\\\/#breadcrumb\",\"itemListElement\":[{\"@type\":\"ListItem\",\"position\":1,\"name\":\"Accueil\",\"item\":\"https:\\\/\\\/krav-maga-on-line.com\\\/fr\\\/\"},{\"@type\":\"ListItem\",\"position\":2,\"name\":\"Connexion\"}]},{\"@type\":\"WebSite\",\"@id\":\"https:\\\/\\\/krav-maga-on-line.com\\\/fr\\\/#website\",\"url\":\"https:\\\/\\\/krav-maga-on-line.com\\\/fr\\\/\",\"name\":\"Krav Maga Online Training Course: Learn Self Defense Online, Obtain Online Krav Maga Instructor Certification, and Earn Your Krav Maga Black Belt Online\",\"description\":\"Training Self Defense Video Courses\",\"publisher\":{\"@id\":\"https:\\\/\\\/krav-maga-on-line.com\\\/fr\\\/#organization\"},\"potentialAction\":[{\"@type\":\"SearchAction\",\"target\":{\"@type\":\"EntryPoint\",\"urlTemplate\":\"https:\\\/\\\/krav-maga-on-line.com\\\/fr\\\/?s={search_term_string}\"},\"query-input\":{\"@type\":\"PropertyValueSpecification\",\"valueRequired\":true,\"valueName\":\"search_term_string\"}}],\"inLanguage\":\"fr-FR\"},{\"@type\":\"Organization\",\"@id\":\"https:\\\/\\\/krav-maga-on-line.com\\\/fr\\\/#organization\",\"name\":\"Krav Maga Online Training Course: Learn Self Defense Online, Obtain Online Krav Maga Instructor Certification, and Earn Your Krav Maga Black Belt Online\",\"url\":\"https:\\\/\\\/krav-maga-on-line.com\\\/fr\\\/\",\"logo\":{\"@type\":\"ImageObject\",\"inLanguage\":\"fr-FR\",\"@id\":\"https:\\\/\\\/krav-maga-on-line.com\\\/fr\\\/#\\\/schema\\\/logo\\\/image\\\/\",\"url\":\"https:\\\/\\\/krav-maga-on-line.com\\\/wp-content\\\/uploads\\\/2024\\\/09\\\/cropped-Krav-Maga-Online-favicon.png\",\"contentUrl\":\"https:\\\/\\\/krav-maga-on-line.com\\\/wp-content\\\/uploads\\\/2024\\\/09\\\/cropped-Krav-Maga-Online-favicon.png\",\"width\":512,\"height\":512,\"caption\":\"Krav Maga Online Training Course: Learn Self Defense Online, Obtain Online Krav Maga Instructor Certification, and Earn Your Krav Maga Black Belt Online\"},\"image\":{\"@id\":\"https:\\\/\\\/krav-maga-on-line.com\\\/fr\\\/#\\\/schema\\\/logo\\\/image\\\/\"},\"sameAs\":[\"https:\\\/\\\/www.facebook.com\\\/expert.alain.cohen\\\/\",\"https:\\\/\\\/x.com\\\/KRAVSECURITY\",\"https:\\\/\\\/www.linkedin.com\\\/in\\\/kravmaga1\",\"https:\\\/\\\/www.instagram.com\\\/cohen_alain\\\/\",\"https:\\\/\\\/www.youtube.com\\\/c\\\/KRAVMAGA1?sub_confirmation=1\",\"https:\\\/\\\/www.tiktok.com\\\/@kravmagacohen\",\"https:\\\/\\\/www.snapchat.com\\\/add\\\/kravmagaonline\"]}]}<\/script>\n<!-- \/ Yoast SEO plugin. -->","yoast_head_json":{"title":"Connexion - Krav Maga Online","robots":{"index":"index","follow":"follow","max-snippet":"max-snippet:-1","max-image-preview":"max-image-preview:large","max-video-preview":"max-video-preview:-1"},"canonical":"https:\/\/krav-maga-on-line.com\/fr\/connexion\/","og_locale":"fr_FR","og_type":"article","og_title":"Connexion - Krav Maga Online","og_description":"Connectez-vous \u00e0 Krav Maga Online COMMENT ACC\u00c9DER \u00c0 VOS COURS EN LIGNE ? Pour acc\u00e9der aux cours vid\u00e9o, assurez-vous d&rsquo;\u00eatre connect\u00e9. Pour vous connecter, veuillez suivre les \u00e9tapes suivantes : 1 ) Saisissez les identifiants de connexion (nom d&rsquo;utilisateur et mot de passe) qui vous ont \u00e9t\u00e9 communiqu\u00e9s par courrier \u00e9lectronique. 2 ) Cliquez sur [&hellip;]","og_url":"https:\/\/krav-maga-on-line.com\/fr\/connexion\/","og_site_name":"Krav Maga Online","article_publisher":"https:\/\/www.facebook.com\/expert.alain.cohen\/","article_modified_time":"2024-10-30T07:04:46+00:00","og_image":[{"url":"https:\/\/krav-maga-on-line.com\/wp-content\/uploads\/2024\/10\/Krav-Maga-online-alain-cohen-guaranty.png","type":"","width":"","height":""}],"twitter_card":"summary_large_image","twitter_site":"@KRAVSECURITY","twitter_misc":{"Dur\u00e9e de lecture estim\u00e9e":"2 minutes"},"schema":{"@context":"https:\/\/schema.org","@graph":[{"@type":"WebPage","@id":"https:\/\/krav-maga-on-line.com\/fr\/connexion\/","url":"https:\/\/krav-maga-on-line.com\/fr\/connexion\/","name":"Connexion - Krav Maga Online","isPartOf":{"@id":"https:\/\/krav-maga-on-line.com\/fr\/#website"},"primaryImageOfPage":{"@id":"https:\/\/krav-maga-on-line.com\/fr\/connexion\/#primaryimage"},"image":{"@id":"https:\/\/krav-maga-on-line.com\/fr\/connexion\/#primaryimage"},"thumbnailUrl":"https:\/\/krav-maga-on-line.com\/wp-content\/uploads\/2024\/10\/Krav-Maga-online-alain-cohen-guaranty.png","datePublished":"2024-08-29T12:13:09+00:00","dateModified":"2024-10-30T07:04:46+00:00","breadcrumb":{"@id":"https:\/\/krav-maga-on-line.com\/fr\/connexion\/#breadcrumb"},"inLanguage":"fr-FR","potentialAction":[{"@type":"ReadAction","target":["https:\/\/krav-maga-on-line.com\/fr\/connexion\/"]}]},{"@type":"ImageObject","inLanguage":"fr-FR","@id":"https:\/\/krav-maga-on-line.com\/fr\/connexion\/#primaryimage","url":"https:\/\/krav-maga-on-line.com\/wp-content\/uploads\/2024\/10\/Krav-Maga-online-alain-cohen-guaranty.png","contentUrl":"https:\/\/krav-maga-on-line.com\/wp-content\/uploads\/2024\/10\/Krav-Maga-online-alain-cohen-guaranty.png"},{"@type":"BreadcrumbList","@id":"https:\/\/krav-maga-on-line.com\/fr\/connexion\/#breadcrumb","itemListElement":[{"@type":"ListItem","position":1,"name":"Accueil","item":"https:\/\/krav-maga-on-line.com\/fr\/"},{"@type":"ListItem","position":2,"name":"Connexion"}]},{"@type":"WebSite","@id":"https:\/\/krav-maga-on-line.com\/fr\/#website","url":"https:\/\/krav-maga-on-line.com\/fr\/","name":"Krav Maga Online Training Course: Learn Self Defense Online, Obtain Online Krav Maga Instructor Certification, and Earn Your Krav Maga Black Belt Online","description":"Training Self Defense Video Courses","publisher":{"@id":"https:\/\/krav-maga-on-line.com\/fr\/#organization"},"potentialAction":[{"@type":"SearchAction","target":{"@type":"EntryPoint","urlTemplate":"https:\/\/krav-maga-on-line.com\/fr\/?s={search_term_string}"},"query-input":{"@type":"PropertyValueSpecification","valueRequired":true,"valueName":"search_term_string"}}],"inLanguage":"fr-FR"},{"@type":"Organization","@id":"https:\/\/krav-maga-on-line.com\/fr\/#organization","name":"Krav Maga Online Training Course: Learn Self Defense Online, Obtain Online Krav Maga Instructor Certification, and Earn Your Krav Maga Black Belt Online","url":"https:\/\/krav-maga-on-line.com\/fr\/","logo":{"@type":"ImageObject","inLanguage":"fr-FR","@id":"https:\/\/krav-maga-on-line.com\/fr\/#\/schema\/logo\/image\/","url":"https:\/\/krav-maga-on-line.com\/wp-content\/uploads\/2024\/09\/cropped-Krav-Maga-Online-favicon.png","contentUrl":"https:\/\/krav-maga-on-line.com\/wp-content\/uploads\/2024\/09\/cropped-Krav-Maga-Online-favicon.png","width":512,"height":512,"caption":"Krav Maga Online Training Course: Learn Self Defense Online, Obtain Online Krav Maga Instructor Certification, and Earn Your Krav Maga Black Belt Online"},"image":{"@id":"https:\/\/krav-maga-on-line.com\/fr\/#\/schema\/logo\/image\/"},"sameAs":["https:\/\/www.facebook.com\/expert.alain.cohen\/","https:\/\/x.com\/KRAVSECURITY","https:\/\/www.linkedin.com\/in\/kravmaga1","https:\/\/www.instagram.com\/cohen_alain\/","https:\/\/www.youtube.com\/c\/KRAVMAGA1?sub_confirmation=1","https:\/\/www.tiktok.com\/@kravmagacohen","https:\/\/www.snapchat.com\/add\/kravmagaonline"]}]}},"_links":{"self":[{"href":"https:\/\/krav-maga-on-line.com\/fr\/wp-json\/wp\/v2\/pages\/74055","targetHints":{"allow":["GET"]}}],"collection":[{"href":"https:\/\/krav-maga-on-line.com\/fr\/wp-json\/wp\/v2\/pages"}],"about":[{"href":"https:\/\/krav-maga-on-line.com\/fr\/wp-json\/wp\/v2\/types\/page"}],"author":[{"embeddable":true,"href":"https:\/\/krav-maga-on-line.com\/fr\/wp-json\/wp\/v2\/users\/1"}],"replies":[{"embeddable":true,"href":"https:\/\/krav-maga-on-line.com\/fr\/wp-json\/wp\/v2\/comments?post=74055"}],"version-history":[{"count":0,"href":"https:\/\/krav-maga-on-line.com\/fr\/wp-json\/wp\/v2\/pages\/74055\/revisions"}],"wp:attachment":[{"href":"https:\/\/krav-maga-on-line.com\/fr\/wp-json\/wp\/v2\/media?parent=74055"}],"curies":[{"name":"wp","href":"https:\/\/api.w.org\/{rel}","templated":true}]}}