{"id":76111,"date":"2020-05-18T09:48:08","date_gmt":"2020-05-18T07:48:08","guid":{"rendered":"https:\/\/krav-maga-on-line.com\/product\/plan-de-acceso-exclusivo-de-por-vida-conviertete-en-cinturon-negro-de-krav-maga-instructor\/"},"modified":"2025-02-06T19:10:11","modified_gmt":"2025-02-06T18:10:11","slug":"plan-de-acceso-exclusivo-de-por-vida-conviertete-en-cinturon-negro-de-krav-maga-instructor","status":"publish","type":"product","link":"https:\/\/krav-maga-on-line.com\/es\/product\/plan-de-acceso-exclusivo-de-por-vida-conviertete-en-cinturon-negro-de-krav-maga-instructor\/","title":{"rendered":"Plan de Acceso Exclusivo de por Vida: Convi\u00e9rtete en Cintur\u00f3n Negro de Krav Maga &amp; Instructor"},"content":{"rendered":"<p class=\"p1\"><strong><span style=\"color: #000000;\">Nuestra mejor oferta pero por tiempo limitado: Plan de Acceso Exclusivo de por Vida: Acelera tu Camino hacia el Cintur\u00f3n Negro<span class=\"Apple-converted-space\"> <\/span><\/span><\/strong><\/p>\n<p class=\"p1\"><strong><span style=\"color: #000000;\">1 solo pago de $1999 = ahorra m\u00e1s del 60% y obt\u00e9n ACCESO DE POR VIDA<\/span><\/strong><\/p>\n<p class=\"p1\"><strong><span style=\"color: #000000;\">No te lo pierdas. Paga en su totalidad para obtener el m\u00e1ximo ahorro y acceso a todo el programa. <\/span><\/strong><\/p>\n<p class=\"p1\"><strong><span style=\"color: #000000;\">El Pase Universal Cintur\u00f3n Negro: Su llave para el \u00e9xito y el ahorro de por vida<\/span><\/strong><\/p>\n<p class=\"p1\"><strong><span style=\"color: #000000;\">Nuestro Universal Black Belt Pass es su puerta al acceso de por vida, permiti\u00e9ndole embarcarse en un viaje extraordinario Krav Maga sin ninguna limitaci\u00f3n de tiempo. Tanto si eres un principiante en busca de una base s\u00f3lida, como un practicante intermedio deseoso de alcanzar nuevas cotas o un estudiante avanzado listo para superar sus l\u00edmites, este plan se adapta a tus aspiraciones. Al elegir nuestro Plan de Acceso de por Vida, no solo ahorras m\u00e1s del 83%, sino que tambi\u00e9n aseguras tu lugar en nuestro programa de por vida.<\/span><\/strong><\/p>\n<p class=\"p1\"><strong><span style=\"color: #000000;\">Abrace la oportunidad, aproveche los beneficios, y desbloquee una vida de aprendizaje, progreso, y logro en Krav Maga.<\/span><\/strong><\/p>\n<p class=\"p1\"><strong><span style=\"color: #000000;\">Inscr\u00edbase hoy mismo<\/span><\/strong><\/p>\n","protected":false},"excerpt":{"rendered":"<p>Nuestra mejor oferta pero por tiempo limitado: Plan de Acceso Exclusivo de por Vida: Acelera tu Camino hacia el Cintur\u00f3n Negro 1 solo pago de $1999 = ahorra m\u00e1s del 60% y obt\u00e9n ACCESO DE POR VIDA No te lo pierdas. Paga en su totalidad para obtener el m\u00e1ximo ahorro y acceso a todo el [&hellip;]<\/p>\n","protected":false},"featured_media":75270,"template":"","meta":[],"product_brand":[],"product_cat":[173],"product_tag":[],"class_list":{"0":"post-76111","1":"product","2":"type-product","3":"status-publish","4":"has-post-thumbnail","6":"product_cat-sin-categorizar","8":"first","9":"instock","10":"sale","11":"downloadable","12":"virtual","13":"purchasable","14":"product-type-simple"},"yoast_head":"<!-- This site is optimized with the Yoast SEO plugin v27.3 - https:\/\/yoast.com\/product\/yoast-seo-wordpress\/ -->\n<title>Plan de Acceso Exclusivo de por Vida: Convi\u00e9rtete en Cintur\u00f3n Negro de Krav Maga &amp; Instructor - Krav Maga Online Learn Self Defense With Krav Maga And Martial Arts Classes From Your Home<\/title>\n<meta name=\"description\" content=\"Descubra acceso ilimitado a nuestro exhaustivo entrenamiento de Krav Maga con nuestro plan de pago \u00fanico en Krav Maga Online. Domine las t\u00e9cnicas de autodefensa desde niveles principiantes hasta avanzados con orientaci\u00f3n experta. \u00danase hoy y empod\u00e9rese con las habilidades que realmente importan.\" \/>\n<meta name=\"robots\" content=\"index, follow, max-snippet:-1, max-image-preview:large, max-video-preview:-1\" \/>\n<link rel=\"canonical\" href=\"https:\/\/krav-maga-on-line.com\/es\/product\/plan-de-acceso-exclusivo-de-por-vida-conviertete-en-cinturon-negro-de-krav-maga-instructor\/\" \/>\n<meta property=\"og:locale\" content=\"es_ES\" \/>\n<meta property=\"og:type\" content=\"article\" \/>\n<meta property=\"og:title\" content=\"Plan de Acceso Exclusivo de por Vida: Convi\u00e9rtete en Cintur\u00f3n Negro de Krav Maga &amp; Instructor - Krav Maga Online Learn Self Defense With Krav Maga And Martial Arts Classes From Your Home\" \/>\n<meta property=\"og:description\" content=\"Descubra acceso ilimitado a nuestro exhaustivo entrenamiento de Krav Maga con nuestro plan de pago \u00fanico en Krav Maga Online. Domine las t\u00e9cnicas de autodefensa desde niveles principiantes hasta avanzados con orientaci\u00f3n experta. \u00danase hoy y empod\u00e9rese con las habilidades que realmente importan.\" \/>\n<meta property=\"og:url\" content=\"https:\/\/krav-maga-on-line.com\/es\/product\/plan-de-acceso-exclusivo-de-por-vida-conviertete-en-cinturon-negro-de-krav-maga-instructor\/\" \/>\n<meta property=\"og:site_name\" content=\"Krav Maga Online Learn Self Defense With Krav Maga And Martial Arts Classes From Your Home\" \/>\n<meta property=\"article:publisher\" content=\"https:\/\/www.facebook.com\/expert.alain.cohen\/\" \/>\n<meta property=\"article:modified_time\" content=\"2025-02-06T18:10:11+00:00\" \/>\n<meta property=\"og:image\" content=\"https:\/\/krav-maga-on-line.com\/wp-content\/uploads\/2020\/05\/KRAV-MAGA-ONLINE-LIFETIME-ACCESS-1.jpeg\" \/>\n\t<meta property=\"og:image:width\" content=\"2051\" \/>\n\t<meta property=\"og:image:height\" content=\"1511\" \/>\n\t<meta property=\"og:image:type\" content=\"image\/jpeg\" \/>\n<meta name=\"twitter:card\" content=\"summary_large_image\" \/>\n<meta name=\"twitter:site\" content=\"@KRAVSECURITY\" \/>\n<meta name=\"twitter:label1\" content=\"Tiempo de lectura\" \/>\n\t<meta name=\"twitter:data1\" content=\"1 minuto\" \/>\n<script type=\"application\/ld+json\" class=\"yoast-schema-graph\">{\"@context\":\"https:\\\/\\\/schema.org\",\"@graph\":[{\"@type\":\"WebPage\",\"@id\":\"https:\\\/\\\/krav-maga-on-line.com\\\/es\\\/product\\\/plan-de-acceso-exclusivo-de-por-vida-conviertete-en-cinturon-negro-de-krav-maga-instructor\\\/\",\"url\":\"https:\\\/\\\/krav-maga-on-line.com\\\/es\\\/product\\\/plan-de-acceso-exclusivo-de-por-vida-conviertete-en-cinturon-negro-de-krav-maga-instructor\\\/\",\"name\":\"Plan de Acceso Exclusivo de por Vida: Convi\u00e9rtete en Cintur\u00f3n Negro de Krav Maga &amp; Instructor - Krav Maga Online Learn Self Defense With Krav Maga And Martial Arts Classes From Your Home\",\"isPartOf\":{\"@id\":\"https:\\\/\\\/krav-maga-on-line.com\\\/es\\\/#website\"},\"primaryImageOfPage\":{\"@id\":\"https:\\\/\\\/krav-maga-on-line.com\\\/es\\\/product\\\/plan-de-acceso-exclusivo-de-por-vida-conviertete-en-cinturon-negro-de-krav-maga-instructor\\\/#primaryimage\"},\"image\":{\"@id\":\"https:\\\/\\\/krav-maga-on-line.com\\\/es\\\/product\\\/plan-de-acceso-exclusivo-de-por-vida-conviertete-en-cinturon-negro-de-krav-maga-instructor\\\/#primaryimage\"},\"thumbnailUrl\":\"https:\\\/\\\/krav-maga-on-line.com\\\/wp-content\\\/uploads\\\/2020\\\/05\\\/KRAV-MAGA-ONLINE-LIFETIME-ACCESS-1.jpeg\",\"datePublished\":\"2020-05-18T07:48:08+00:00\",\"dateModified\":\"2025-02-06T18:10:11+00:00\",\"description\":\"Descubra acceso ilimitado a nuestro exhaustivo entrenamiento de Krav Maga con nuestro plan de pago \u00fanico en Krav Maga Online. Domine las t\u00e9cnicas de autodefensa desde niveles principiantes hasta avanzados con orientaci\u00f3n experta. \u00danase hoy y empod\u00e9rese con las habilidades que realmente importan.\",\"breadcrumb\":{\"@id\":\"https:\\\/\\\/krav-maga-on-line.com\\\/es\\\/product\\\/plan-de-acceso-exclusivo-de-por-vida-conviertete-en-cinturon-negro-de-krav-maga-instructor\\\/#breadcrumb\"},\"inLanguage\":\"es\",\"potentialAction\":[{\"@type\":\"ReadAction\",\"target\":[\"https:\\\/\\\/krav-maga-on-line.com\\\/es\\\/product\\\/plan-de-acceso-exclusivo-de-por-vida-conviertete-en-cinturon-negro-de-krav-maga-instructor\\\/\"]}]},{\"@type\":\"ImageObject\",\"inLanguage\":\"es\",\"@id\":\"https:\\\/\\\/krav-maga-on-line.com\\\/es\\\/product\\\/plan-de-acceso-exclusivo-de-por-vida-conviertete-en-cinturon-negro-de-krav-maga-instructor\\\/#primaryimage\",\"url\":\"https:\\\/\\\/krav-maga-on-line.com\\\/wp-content\\\/uploads\\\/2020\\\/05\\\/KRAV-MAGA-ONLINE-LIFETIME-ACCESS-1.jpeg\",\"contentUrl\":\"https:\\\/\\\/krav-maga-on-line.com\\\/wp-content\\\/uploads\\\/2020\\\/05\\\/KRAV-MAGA-ONLINE-LIFETIME-ACCESS-1.jpeg\",\"width\":2051,\"height\":1511},{\"@type\":\"BreadcrumbList\",\"@id\":\"https:\\\/\\\/krav-maga-on-line.com\\\/es\\\/product\\\/plan-de-acceso-exclusivo-de-por-vida-conviertete-en-cinturon-negro-de-krav-maga-instructor\\\/#breadcrumb\",\"itemListElement\":[{\"@type\":\"ListItem\",\"position\":1,\"name\":\"Inicio\",\"item\":\"https:\\\/\\\/krav-maga-on-line.com\\\/es\\\/\"},{\"@type\":\"ListItem\",\"position\":2,\"name\":\"Shop\",\"item\":\"https:\\\/\\\/krav-maga-on-line.com\\\/shop\\\/\"},{\"@type\":\"ListItem\",\"position\":3,\"name\":\"Plan de Acceso Exclusivo de por Vida: Convi\u00e9rtete en Cintur\u00f3n Negro de Krav Maga &amp; Instructor\"}]},{\"@type\":\"WebSite\",\"@id\":\"https:\\\/\\\/krav-maga-on-line.com\\\/es\\\/#website\",\"url\":\"https:\\\/\\\/krav-maga-on-line.com\\\/es\\\/\",\"name\":\"Krav Maga Online Training Course: Learn Self Defense Online, Obtain Online Krav Maga Instructor Certification, and Earn Your Krav Maga Black Belt Online\",\"description\":\"Unlock Your Potential with KMF-AC Krav Maga Online University - The #1 Program for Self Defense and Martial Arts Mastery\",\"publisher\":{\"@id\":\"https:\\\/\\\/krav-maga-on-line.com\\\/es\\\/#organization\"},\"potentialAction\":[{\"@type\":\"SearchAction\",\"target\":{\"@type\":\"EntryPoint\",\"urlTemplate\":\"https:\\\/\\\/krav-maga-on-line.com\\\/es\\\/?s={search_term_string}\"},\"query-input\":{\"@type\":\"PropertyValueSpecification\",\"valueRequired\":true,\"valueName\":\"search_term_string\"}}],\"inLanguage\":\"es\"},{\"@type\":\"Organization\",\"@id\":\"https:\\\/\\\/krav-maga-on-line.com\\\/es\\\/#organization\",\"name\":\"Krav Maga Online Training Course: Learn Self Defense Online, Obtain Online Krav Maga Instructor Certification, and Earn Your Krav Maga Black Belt Online\",\"url\":\"https:\\\/\\\/krav-maga-on-line.com\\\/es\\\/\",\"logo\":{\"@type\":\"ImageObject\",\"inLanguage\":\"es\",\"@id\":\"https:\\\/\\\/krav-maga-on-line.com\\\/es\\\/#\\\/schema\\\/logo\\\/image\\\/\",\"url\":\"https:\\\/\\\/krav-maga-on-line.com\\\/wp-content\\\/uploads\\\/2024\\\/09\\\/cropped-Krav-Maga-Online-favicon.png\",\"contentUrl\":\"https:\\\/\\\/krav-maga-on-line.com\\\/wp-content\\\/uploads\\\/2024\\\/09\\\/cropped-Krav-Maga-Online-favicon.png\",\"width\":512,\"height\":512,\"caption\":\"Krav Maga Online Training Course: Learn Self Defense Online, Obtain Online Krav Maga Instructor Certification, and Earn Your Krav Maga Black Belt Online\"},\"image\":{\"@id\":\"https:\\\/\\\/krav-maga-on-line.com\\\/es\\\/#\\\/schema\\\/logo\\\/image\\\/\"},\"sameAs\":[\"https:\\\/\\\/www.facebook.com\\\/expert.alain.cohen\\\/\",\"https:\\\/\\\/x.com\\\/KRAVSECURITY\",\"https:\\\/\\\/www.linkedin.com\\\/in\\\/kravmaga1\",\"https:\\\/\\\/www.instagram.com\\\/cohen_alain\\\/\",\"https:\\\/\\\/www.youtube.com\\\/c\\\/KRAVMAGA1?sub_confirmation=1\",\"https:\\\/\\\/www.tiktok.com\\\/@kravmagacohen\",\"https:\\\/\\\/www.snapchat.com\\\/add\\\/kravmagaonline\"]}]}<\/script>\n<!-- \/ Yoast SEO plugin. -->","yoast_head_json":{"title":"Plan de Acceso Exclusivo de por Vida: Convi\u00e9rtete en Cintur\u00f3n Negro de Krav Maga &amp; Instructor - Krav Maga Online Learn Self Defense With Krav Maga And Martial Arts Classes From Your Home","description":"Descubra acceso ilimitado a nuestro exhaustivo entrenamiento de Krav Maga con nuestro plan de pago \u00fanico en Krav Maga Online. Domine las t\u00e9cnicas de autodefensa desde niveles principiantes hasta avanzados con orientaci\u00f3n experta. \u00danase hoy y empod\u00e9rese con las habilidades que realmente importan.","robots":{"index":"index","follow":"follow","max-snippet":"max-snippet:-1","max-image-preview":"max-image-preview:large","max-video-preview":"max-video-preview:-1"},"canonical":"https:\/\/krav-maga-on-line.com\/es\/product\/plan-de-acceso-exclusivo-de-por-vida-conviertete-en-cinturon-negro-de-krav-maga-instructor\/","og_locale":"es_ES","og_type":"article","og_title":"Plan de Acceso Exclusivo de por Vida: Convi\u00e9rtete en Cintur\u00f3n Negro de Krav Maga &amp; Instructor - Krav Maga Online Learn Self Defense With Krav Maga And Martial Arts Classes From Your Home","og_description":"Descubra acceso ilimitado a nuestro exhaustivo entrenamiento de Krav Maga con nuestro plan de pago \u00fanico en Krav Maga Online. Domine las t\u00e9cnicas de autodefensa desde niveles principiantes hasta avanzados con orientaci\u00f3n experta. \u00danase hoy y empod\u00e9rese con las habilidades que realmente importan.","og_url":"https:\/\/krav-maga-on-line.com\/es\/product\/plan-de-acceso-exclusivo-de-por-vida-conviertete-en-cinturon-negro-de-krav-maga-instructor\/","og_site_name":"Krav Maga Online Learn Self Defense With Krav Maga And Martial Arts Classes From Your Home","article_publisher":"https:\/\/www.facebook.com\/expert.alain.cohen\/","article_modified_time":"2025-02-06T18:10:11+00:00","og_image":[{"width":2051,"height":1511,"url":"https:\/\/krav-maga-on-line.com\/wp-content\/uploads\/2020\/05\/KRAV-MAGA-ONLINE-LIFETIME-ACCESS-1.jpeg","type":"image\/jpeg"}],"twitter_card":"summary_large_image","twitter_site":"@KRAVSECURITY","twitter_misc":{"Tiempo de lectura":"1 minuto"},"schema":{"@context":"https:\/\/schema.org","@graph":[{"@type":"WebPage","@id":"https:\/\/krav-maga-on-line.com\/es\/product\/plan-de-acceso-exclusivo-de-por-vida-conviertete-en-cinturon-negro-de-krav-maga-instructor\/","url":"https:\/\/krav-maga-on-line.com\/es\/product\/plan-de-acceso-exclusivo-de-por-vida-conviertete-en-cinturon-negro-de-krav-maga-instructor\/","name":"Plan de Acceso Exclusivo de por Vida: Convi\u00e9rtete en Cintur\u00f3n Negro de Krav Maga &amp; Instructor - Krav Maga Online Learn Self Defense With Krav Maga And Martial Arts Classes From Your Home","isPartOf":{"@id":"https:\/\/krav-maga-on-line.com\/es\/#website"},"primaryImageOfPage":{"@id":"https:\/\/krav-maga-on-line.com\/es\/product\/plan-de-acceso-exclusivo-de-por-vida-conviertete-en-cinturon-negro-de-krav-maga-instructor\/#primaryimage"},"image":{"@id":"https:\/\/krav-maga-on-line.com\/es\/product\/plan-de-acceso-exclusivo-de-por-vida-conviertete-en-cinturon-negro-de-krav-maga-instructor\/#primaryimage"},"thumbnailUrl":"https:\/\/krav-maga-on-line.com\/wp-content\/uploads\/2020\/05\/KRAV-MAGA-ONLINE-LIFETIME-ACCESS-1.jpeg","datePublished":"2020-05-18T07:48:08+00:00","dateModified":"2025-02-06T18:10:11+00:00","description":"Descubra acceso ilimitado a nuestro exhaustivo entrenamiento de Krav Maga con nuestro plan de pago \u00fanico en Krav Maga Online. Domine las t\u00e9cnicas de autodefensa desde niveles principiantes hasta avanzados con orientaci\u00f3n experta. \u00danase hoy y empod\u00e9rese con las habilidades que realmente importan.","breadcrumb":{"@id":"https:\/\/krav-maga-on-line.com\/es\/product\/plan-de-acceso-exclusivo-de-por-vida-conviertete-en-cinturon-negro-de-krav-maga-instructor\/#breadcrumb"},"inLanguage":"es","potentialAction":[{"@type":"ReadAction","target":["https:\/\/krav-maga-on-line.com\/es\/product\/plan-de-acceso-exclusivo-de-por-vida-conviertete-en-cinturon-negro-de-krav-maga-instructor\/"]}]},{"@type":"ImageObject","inLanguage":"es","@id":"https:\/\/krav-maga-on-line.com\/es\/product\/plan-de-acceso-exclusivo-de-por-vida-conviertete-en-cinturon-negro-de-krav-maga-instructor\/#primaryimage","url":"https:\/\/krav-maga-on-line.com\/wp-content\/uploads\/2020\/05\/KRAV-MAGA-ONLINE-LIFETIME-ACCESS-1.jpeg","contentUrl":"https:\/\/krav-maga-on-line.com\/wp-content\/uploads\/2020\/05\/KRAV-MAGA-ONLINE-LIFETIME-ACCESS-1.jpeg","width":2051,"height":1511},{"@type":"BreadcrumbList","@id":"https:\/\/krav-maga-on-line.com\/es\/product\/plan-de-acceso-exclusivo-de-por-vida-conviertete-en-cinturon-negro-de-krav-maga-instructor\/#breadcrumb","itemListElement":[{"@type":"ListItem","position":1,"name":"Inicio","item":"https:\/\/krav-maga-on-line.com\/es\/"},{"@type":"ListItem","position":2,"name":"Shop","item":"https:\/\/krav-maga-on-line.com\/shop\/"},{"@type":"ListItem","position":3,"name":"Plan de Acceso Exclusivo de por Vida: Convi\u00e9rtete en Cintur\u00f3n Negro de Krav Maga &amp; Instructor"}]},{"@type":"WebSite","@id":"https:\/\/krav-maga-on-line.com\/es\/#website","url":"https:\/\/krav-maga-on-line.com\/es\/","name":"Krav Maga Online Training Course: Learn Self Defense Online, Obtain Online Krav Maga Instructor Certification, and Earn Your Krav Maga Black Belt Online","description":"Unlock Your Potential with KMF-AC Krav Maga Online University - The #1 Program for Self Defense and Martial Arts Mastery","publisher":{"@id":"https:\/\/krav-maga-on-line.com\/es\/#organization"},"potentialAction":[{"@type":"SearchAction","target":{"@type":"EntryPoint","urlTemplate":"https:\/\/krav-maga-on-line.com\/es\/?s={search_term_string}"},"query-input":{"@type":"PropertyValueSpecification","valueRequired":true,"valueName":"search_term_string"}}],"inLanguage":"es"},{"@type":"Organization","@id":"https:\/\/krav-maga-on-line.com\/es\/#organization","name":"Krav Maga Online Training Course: Learn Self Defense Online, Obtain Online Krav Maga Instructor Certification, and Earn Your Krav Maga Black Belt Online","url":"https:\/\/krav-maga-on-line.com\/es\/","logo":{"@type":"ImageObject","inLanguage":"es","@id":"https:\/\/krav-maga-on-line.com\/es\/#\/schema\/logo\/image\/","url":"https:\/\/krav-maga-on-line.com\/wp-content\/uploads\/2024\/09\/cropped-Krav-Maga-Online-favicon.png","contentUrl":"https:\/\/krav-maga-on-line.com\/wp-content\/uploads\/2024\/09\/cropped-Krav-Maga-Online-favicon.png","width":512,"height":512,"caption":"Krav Maga Online Training Course: Learn Self Defense Online, Obtain Online Krav Maga Instructor Certification, and Earn Your Krav Maga Black Belt Online"},"image":{"@id":"https:\/\/krav-maga-on-line.com\/es\/#\/schema\/logo\/image\/"},"sameAs":["https:\/\/www.facebook.com\/expert.alain.cohen\/","https:\/\/x.com\/KRAVSECURITY","https:\/\/www.linkedin.com\/in\/kravmaga1","https:\/\/www.instagram.com\/cohen_alain\/","https:\/\/www.youtube.com\/c\/KRAVMAGA1?sub_confirmation=1","https:\/\/www.tiktok.com\/@kravmagacohen","https:\/\/www.snapchat.com\/add\/kravmagaonline"]}]}},"_links":{"self":[{"href":"https:\/\/krav-maga-on-line.com\/es\/wp-json\/wp\/v2\/product\/76111","targetHints":{"allow":["GET"]}}],"collection":[{"href":"https:\/\/krav-maga-on-line.com\/es\/wp-json\/wp\/v2\/product"}],"about":[{"href":"https:\/\/krav-maga-on-line.com\/es\/wp-json\/wp\/v2\/types\/product"}],"version-history":[{"count":1,"href":"https:\/\/krav-maga-on-line.com\/es\/wp-json\/wp\/v2\/product\/76111\/revisions"}],"predecessor-version":[{"id":76633,"href":"https:\/\/krav-maga-on-line.com\/es\/wp-json\/wp\/v2\/product\/76111\/revisions\/76633"}],"wp:featuredmedia":[{"embeddable":true,"href":"https:\/\/krav-maga-on-line.com\/es\/wp-json\/wp\/v2\/media\/75270"}],"wp:attachment":[{"href":"https:\/\/krav-maga-on-line.com\/es\/wp-json\/wp\/v2\/media?parent=76111"}],"wp:term":[{"taxonomy":"product_brand","embeddable":true,"href":"https:\/\/krav-maga-on-line.com\/es\/wp-json\/wp\/v2\/product_brand?post=76111"},{"taxonomy":"product_cat","embeddable":true,"href":"https:\/\/krav-maga-on-line.com\/es\/wp-json\/wp\/v2\/product_cat?post=76111"},{"taxonomy":"product_tag","embeddable":true,"href":"https:\/\/krav-maga-on-line.com\/es\/wp-json\/wp\/v2\/product_tag?post=76111"}],"curies":[{"name":"wp","href":"https:\/\/api.w.org\/{rel}","templated":true}]}}