{"id":34840,"date":"2020-06-05T15:30:23","date_gmt":"2020-06-05T13:30:23","guid":{"rendered":"https:\/\/krav-maga-on-line.com\/krav-maga-premium\/"},"modified":"2024-10-18T08:52:02","modified_gmt":"2024-10-18T06:52:02","slug":"krav-maga-premium","status":"publish","type":"page","link":"https:\/\/krav-maga-on-line.com\/es\/krav-maga-premium\/","title":{"rendered":"Krav Maga premium"},"content":{"rendered":"\t\t<div data-elementor-type=\"wp-page\" data-elementor-id=\"34840\" class=\"elementor elementor-34840 elementor-12654\" data-elementor-post-type=\"page\">\n\t\t\t\t\t\t<section class=\"elementor-section elementor-top-section elementor-element elementor-element-ef061fd elementor-section-boxed elementor-section-height-default elementor-section-height-default\" data-id=\"ef061fd\" data-element_type=\"section\" data-e-type=\"section\">\n\t\t\t\t\t\t<div class=\"elementor-container elementor-column-gap-default\">\n\t\t\t\t\t<div class=\"elementor-column elementor-col-100 elementor-top-column elementor-element elementor-element-e1eb9fc\" data-id=\"e1eb9fc\" data-element_type=\"column\" data-e-type=\"column\">\n\t\t\t<div class=\"elementor-widget-wrap elementor-element-populated\">\n\t\t\t\t\t\t<div class=\"elementor-element elementor-element-c9d1600 elementor-widget elementor-widget-heading\" data-id=\"c9d1600\" data-element_type=\"widget\" data-e-type=\"widget\" data-widget_type=\"heading.default\">\n\t\t\t\t<div class=\"elementor-widget-container\">\n\t\t\t\t\t<h2 class=\"elementor-heading-title elementor-size-default\">Libere Su Potencial Completo Con Krav Maga En l\u00ednea - \u00a1La Soluci\u00f3n A Sus Frustraciones!<\/h2>\t\t\t\t<\/div>\n\t\t\t\t<\/div>\n\t\t\t\t<div class=\"elementor-element elementor-element-e6016e5 elementor-widget elementor-widget-spacer\" data-id=\"e6016e5\" data-element_type=\"widget\" data-e-type=\"widget\" data-widget_type=\"spacer.default\">\n\t\t\t\t<div class=\"elementor-widget-container\">\n\t\t\t\t\t\t\t<div class=\"elementor-spacer\">\n\t\t\t<div class=\"elementor-spacer-inner\"><\/div>\n\t\t<\/div>\n\t\t\t\t\t\t<\/div>\n\t\t\t\t<\/div>\n\t\t\t\t<div class=\"elementor-element elementor-element-36d3227 elementor-invisible elementor-widget elementor-widget-video\" data-id=\"36d3227\" data-element_type=\"widget\" data-e-type=\"widget\" data-settings=\"{&quot;video_type&quot;:&quot;vimeo&quot;,&quot;autoplay&quot;:&quot;yes&quot;,&quot;_animation&quot;:&quot;zoomInDown&quot;}\" data-widget_type=\"video.default\">\n\t\t\t\t<div class=\"elementor-widget-container\">\n\t\t\t\t\t\t\t<div class=\"elementor-wrapper elementor-open-inline\">\n\t\t\t<iframe class=\"elementor-video-iframe\" allowfullscreen allow=\"autoplay\" title=\"Reproductor de v\u00eddeo vimeo\" src=\"https:\/\/player.vimeo.com\/video\/309070909?autoplay=1&amp;color&amp;autopause=0&amp;loop=0&amp;muted=0&amp;title=1&amp;portrait=1&amp;byline=1#t=\"><\/iframe>\t\t<\/div>\n\t\t\t\t\t\t<\/div>\n\t\t\t\t<\/div>\n\t\t\t\t<div class=\"elementor-element elementor-element-dfa39ba elementor-widget elementor-widget-spacer\" data-id=\"dfa39ba\" data-element_type=\"widget\" data-e-type=\"widget\" data-widget_type=\"spacer.default\">\n\t\t\t\t<div class=\"elementor-widget-container\">\n\t\t\t\t\t\t\t<div class=\"elementor-spacer\">\n\t\t\t<div class=\"elementor-spacer-inner\"><\/div>\n\t\t<\/div>\n\t\t\t\t\t\t<\/div>\n\t\t\t\t<\/div>\n\t\t\t\t<div class=\"elementor-element elementor-element-fe45bff elementor-widget__width-inherit elementor-widget elementor-widget-text-editor\" data-id=\"fe45bff\" data-element_type=\"widget\" data-e-type=\"widget\" data-widget_type=\"text-editor.default\">\n\t\t\t\t<div class=\"elementor-widget-container\">\n\t\t\t\t\t\t\t\t\t<p class=\"p1\">\u00bfEst\u00e1 usted cansado de la lucha constante y sacrificios que usted tiene que hacer s\u00f3lo para perseguir su pasi\u00f3n para Krav Maga? Es hora de liberarse de las limitaciones impuestas por la distancia y abrazar una nueva era de entrenamiento. Tenemos la soluci\u00f3n milagrosa que estaba buscando. Diga adi\u00f3s a las largas horas de conducci\u00f3n, a la frustraci\u00f3n de llegar tarde a clase y al sentimiento de culpa por dejar atr\u00e1s a su familia. Con nuestro programa en l\u00ednea Krav Maga, su sue\u00f1o de llegar a ser una Cinta Negra est\u00e1 al alcance, y usted ya no tiene que comprometer su tiempo precioso con seres queridos. Imagine la comodidad de entrenar cuando le venga bien, sin preocuparse por el tr\u00e1fico o las cancelaciones de clases. Nuestro programa est\u00e1 a su disposici\u00f3n 24 horas al d\u00eda, 7 d\u00edas a la semana, al alcance de su mano. Desde la comodidad de su hogar, ahora puede acceder a la instrucci\u00f3n de expertos, sesiones interactivas y recursos completos que alimentar\u00e1n su progreso y mantendr\u00e1n viva su pasi\u00f3n. No m\u00e1s contratiempos, no m\u00e1s limitaciones. Aproveche la libertad y flexibilidad que le ofrece nuestro programa en l\u00ednea y vea c\u00f3mo sus habilidades alcanzan nuevas cotas. Tu viaje para convertirte en Cintur\u00f3n Negro comienza ahora. No dejes que la distancia se interponga m\u00e1s en tu camino. \u00danase a nosotros y experimente el poder transformador de Krav Maga, todo mientras est\u00e1 presente para los que m\u00e1s importan en su vida. Es hora de reclamar su tiempo, libere su potencial, y reescriba su historia de Krav Maga. \u00a1Inscr\u00edbete en nuestro programa en l\u00ednea hoy y deja que la magia suceda!<\/p>\n\t\t\t\t\t\t\t\t<\/div>\n\t\t\t\t<\/div>\n\t\t\t\t<div class=\"elementor-element elementor-element-0382038 elementor-align-center elementor-tablet-align-center elementor-widget elementor-widget-button\" data-id=\"0382038\" data-element_type=\"widget\" data-e-type=\"widget\" data-widget_type=\"button.default\">\n\t\t\t\t<div class=\"elementor-widget-container\">\n\t\t\t\t\t\t\t\t\t<div class=\"elementor-button-wrapper\">\n\t\t\t\t\t<a class=\"elementor-button elementor-button-link elementor-size-sm\" href=\"https:\/\/krav-maga-on-line.com\/es\/\">\n\t\t\t\t\t\t<span class=\"elementor-button-content-wrapper\">\n\t\t\t\t\t\t<span class=\"elementor-button-icon\">\n\t\t\t\t<svg aria-hidden=\"true\" class=\"e-font-icon-svg e-fas-arrow-right\" viewBox=\"0 0 448 512\" xmlns=\"http:\/\/www.w3.org\/2000\/svg\"><path d=\"M190.5 66.9l22.2-22.2c9.4-9.4 24.6-9.4 33.9 0L441 239c9.4 9.4 9.4 24.6 0 33.9L246.6 467.3c-9.4 9.4-24.6 9.4-33.9 0l-22.2-22.2c-9.5-9.5-9.3-25 .4-34.3L311.4 296H24c-13.3 0-24-10.7-24-24v-32c0-13.3 10.7-24 24-24h287.4L190.9 101.2c-9.8-9.3-10-24.8-.4-34.3z\"><\/path><\/svg>\t\t\t<\/span>\n\t\t\t\t\t\t\t\t\t<span class=\"elementor-button-text\">Inscr\u00edbete<\/span>\n\t\t\t\t\t<\/span>\n\t\t\t\t\t<\/a>\n\t\t\t\t<\/div>\n\t\t\t\t\t\t\t\t<\/div>\n\t\t\t\t<\/div>\n\t\t\t\t<div class=\"elementor-element elementor-element-7118103 elementor-widget__width-inherit elementor-widget elementor-widget-text-editor\" data-id=\"7118103\" data-element_type=\"widget\" data-e-type=\"widget\" data-widget_type=\"text-editor.default\">\n\t\t\t\t<div class=\"elementor-widget-container\">\n\t\t\t\t\t\t\t\t\t<p>\n            <strong>\u00bfEst\u00e1 usted cansado de los desaf\u00edos y frustraciones que vienen con asistir en persona Krav Maga \u00bfclases? Entendemos lo dif\u00edcil que puede ser compaginar una agenda apretada, desplazarse largas distancias y llegar tarde a clase, para luego perderse partes cruciales de la formaci\u00f3n.<\/strong>\n          <\/p>\n<\/p>\n<div class=\"flex-1 overflow-hidden\">\n<div class=\"react-scroll-to-bottom--css-goimj-79elbk h-full dark:bg-gray-800\">\n<div class=\"react-scroll-to-bottom--css-goimj-1n7m0yu\">\n<div class=\"flex flex-col items-center text-sm dark:bg-gray-800\">\n<div class=\"group w-full text-gray-800 dark:text-gray-100 border-b border-black\/10 dark:border-gray-900\/50 bg-gray-50 dark:bg-[#444654]\">\n<div class=\"flex p-4 gap-4 text-base md:gap-6 md:max-w-2xl lg:max-w-xl xl:max-w-3xl md:py-6 lg:px-0 m-auto\">\n<div class=\"relative flex flex-col w-[calc(100%-50px)] gap-1 md:gap-3 lg:w-[calc(100%-115px)]\">\n<div class=\"flex flex-grow flex-col gap-3\">\n<div class=\"min-h-[20px] flex flex-col items-start gap-4 whitespace-pre-wrap break-words\">\n<div class=\"markdown prose w-full break-words dark:prose-invert light\">\n<ol>\n<li>\n<p>\n                                    <strong>La conveniencia: No m\u00e1s horas gastadas conduciendo a una escuela de Krav Maga, dejando a su familia atr\u00e1s, s\u00f3lo para llegar tarde y perder tiempo valioso de entrenamiento. Con nuestro programa en l\u00ednea, puede acceder a v\u00eddeos did\u00e1cticos de alta calidad en cualquier momento y lugar. Ya sea desde la comodidad de su casa o sobre la marcha, tiene la flexibilidad de formarse a su propio ritmo y conveniencia.<\/strong>\n                                  <\/p>\n<\/li>\n<li>\n<p>\n                                    <strong>Plan de estudios comprensivo: Nuestro programa ofrece un plan de estudios comprensivo que cubre todos los aspectos de Krav Maga. Desde t\u00e9cnicas b\u00e1sicas hasta estrategias avanzadas, tendr\u00e1 acceso a una gran cantidad de conocimientos y recursos de formaci\u00f3n. Cada aspecto de su viaje est\u00e1 cuidadosamente dise\u00f1ado para ayudarle a progresar de forma eficiente y eficaz.<\/strong>\n                                  <\/p>\n<\/li>\n<li>\n<p>\n                                    <strong>Progresi\u00f3n m\u00e1s r\u00e1pida: Con nuestro programa online, experimentar\u00e1s una progresi\u00f3n acelerada. Ya no tendr\u00e1 que esperar a un horario de clase concreto ni verse limitado por el ritmo de un grupo. Tienes libertad para centrarte en las \u00e1reas que requieren m\u00e1s atenci\u00f3n, lo que te permite avanzar m\u00e1s r\u00e1pido y alcanzar antes tus objetivos.<\/strong>\n                                  <\/p>\n<\/li>\n<li>\n<p>\n                                    <strong>Rangos de cintur\u00f3n y certificaci\u00f3n: Nos tomamos muy en serio tu progreso. Nuestro programa en l\u00ednea proporciona una ruta de aprendizaje estructurada que le permite obtener rangos de cintur\u00f3n y certificaciones. Tendr\u00e1s la oportunidad de demostrar tus habilidades y recibir un reconocimiento por tu esfuerzo y dedicaci\u00f3n. Tu progreso ser\u00e1 seguido y celebrado en cada paso del camino.<\/strong>\n                                  <\/p>\n<\/li>\n<li>\n<p>\n                                    <strong>Apoyo continuo: Creemos que el \u00e9xito proviene del apoyo y la orientaci\u00f3n continuos. Por eso, nuestro programa proporciona acceso a una comunidad de apoyo formada por compa\u00f1eros e instructores experimentados. Tendr\u00e1s la oportunidad de conectar, compartir experiencias y recibir comentarios para asegurarte de que siempre vas por el buen camino.<\/strong>\n                                  <\/p>\n<\/li>\n<\/ol>\n<p>\n                                <strong>No permita que las limitaciones geogr\u00e1ficas y las restricciones de tiempo lo detengan de lograr sus metas de Krav Maga. Nuestro Krav Maga El programa en l\u00ednea se dise\u00f1a para proporcionarle la \u00faltima experiencia de entrenamiento, trayendo la pericia y el conocimiento de instructores superiores directamente a usted.<\/strong>\n                              <\/p>\n<p>\n                                <strong>Tome el control de su formaci\u00f3n, elimine frustraciones y emprenda un viaje de transformaci\u00f3n y capacitaci\u00f3n. \u00danase a nuestro Krav Maga Online programa hoy y descubra un mundo de posibilidades.<\/strong>\n                              <\/p>\n<p>\n                                <strong>Haga clic en el v\u00ednculo abajo para aprender m\u00e1s y empezar su viaje de Krav Maga con nosotros:<\/strong>\n                              <\/p>\n<p>\n                                <strong>No podemos esperar para verle prosperar y alcanzar nuevas alturas con Krav Maga Online.<\/strong>\n                              <\/p>\n<\/p><\/div>\n<\/p><\/div>\n<\/p><\/div>\n<\/p><\/div>\n<\/p><\/div>\n<\/p><\/div>\n<\/p><\/div>\n<\/p><\/div>\n<\/p><\/div>\n<\/p><\/div>\n\t\t\t\t\t\t\t\t<\/div>\n\t\t\t\t<\/div>\n\t\t\t\t<div class=\"elementor-element elementor-element-6643819 elementor-align-center elementor-tablet-align-center elementor-widget elementor-widget-button\" data-id=\"6643819\" data-element_type=\"widget\" data-e-type=\"widget\" data-widget_type=\"button.default\">\n\t\t\t\t<div class=\"elementor-widget-container\">\n\t\t\t\t\t\t\t\t\t<div class=\"elementor-button-wrapper\">\n\t\t\t\t\t<a class=\"elementor-button elementor-button-link elementor-size-sm\" href=\"https:\/\/krav-maga-on-line.com\/es\/\">\n\t\t\t\t\t\t<span class=\"elementor-button-content-wrapper\">\n\t\t\t\t\t\t<span class=\"elementor-button-icon\">\n\t\t\t\t<svg aria-hidden=\"true\" class=\"e-font-icon-svg e-fas-arrow-right\" viewBox=\"0 0 448 512\" xmlns=\"http:\/\/www.w3.org\/2000\/svg\"><path d=\"M190.5 66.9l22.2-22.2c9.4-9.4 24.6-9.4 33.9 0L441 239c9.4 9.4 9.4 24.6 0 33.9L246.6 467.3c-9.4 9.4-24.6 9.4-33.9 0l-22.2-22.2c-9.5-9.5-9.3-25 .4-34.3L311.4 296H24c-13.3 0-24-10.7-24-24v-32c0-13.3 10.7-24 24-24h287.4L190.9 101.2c-9.8-9.3-10-24.8-.4-34.3z\"><\/path><\/svg>\t\t\t<\/span>\n\t\t\t\t\t\t\t\t\t<span class=\"elementor-button-text\">Haga clic aqu\u00ed<\/span>\n\t\t\t\t\t<\/span>\n\t\t\t\t\t<\/a>\n\t\t\t\t<\/div>\n\t\t\t\t\t\t\t\t<\/div>\n\t\t\t\t<\/div>\n\t\t\t\t\t<\/div>\n\t\t<\/div>\n\t\t\t\t\t<\/div>\n\t\t<\/section>\n\t\t\t\t<\/div>\n\t\t","protected":false},"excerpt":{"rendered":"<p>Libere Su Potencial Completo Con Krav Maga En l\u00ednea &#8211; \u00a1La Soluci\u00f3n A Sus Frustraciones! \u00bfEst\u00e1 usted cansado de la lucha constante y sacrificios que usted tiene que hacer s\u00f3lo para perseguir su pasi\u00f3n para Krav Maga? Es hora de liberarse de las limitaciones impuestas por la distancia y abrazar una nueva era de entrenamiento. [&hellip;]<\/p>\n","protected":false},"author":1,"featured_media":0,"parent":0,"menu_order":0,"comment_status":"closed","ping_status":"closed","template":"","meta":{"footnotes":""},"class_list":["post-34840","page","type-page","status-publish","hentry"],"yoast_head":"<!-- This site is optimized with the Yoast SEO plugin v27.5 - https:\/\/yoast.com\/product\/yoast-seo-wordpress\/ -->\n<title>Krav Maga premium - Krav Maga Online Learn Self Defense With Krav Maga And Martial Arts Classes From Your Home<\/title>\n<meta name=\"robots\" content=\"index, follow, max-snippet:-1, max-image-preview:large, max-video-preview:-1\" \/>\n<link rel=\"canonical\" href=\"https:\/\/krav-maga-on-line.com\/es\/krav-maga-premium\/\" \/>\n<meta property=\"og:locale\" content=\"es_ES\" \/>\n<meta property=\"og:type\" content=\"article\" \/>\n<meta property=\"og:title\" content=\"Krav Maga premium - Krav Maga Online Learn Self Defense With Krav Maga And Martial Arts Classes From Your Home\" \/>\n<meta property=\"og:description\" content=\"Libere Su Potencial Completo Con Krav Maga En l\u00ednea &#8211; \u00a1La Soluci\u00f3n A Sus Frustraciones! \u00bfEst\u00e1 usted cansado de la lucha constante y sacrificios que usted tiene que hacer s\u00f3lo para perseguir su pasi\u00f3n para Krav Maga? Es hora de liberarse de las limitaciones impuestas por la distancia y abrazar una nueva era de entrenamiento. [&hellip;]\" \/>\n<meta property=\"og:url\" content=\"https:\/\/krav-maga-on-line.com\/es\/krav-maga-premium\/\" \/>\n<meta property=\"og:site_name\" content=\"Krav Maga Online Learn Self Defense With Krav Maga And Martial Arts Classes From Your Home\" \/>\n<meta property=\"article:publisher\" content=\"https:\/\/www.facebook.com\/expert.alain.cohen\/\" \/>\n<meta property=\"article:modified_time\" content=\"2024-10-18T06:52:02+00:00\" \/>\n<meta property=\"og:image\" content=\"https:\/\/krav-maga-on-line.com\/wp-content\/uploads\/2023\/05\/PRICES-KM-ONLINE.003-min-1024x768.jpeg\" \/>\n<meta name=\"twitter:card\" content=\"summary_large_image\" \/>\n<meta name=\"twitter:site\" content=\"@KRAVSECURITY\" \/>\n<meta name=\"twitter:label1\" content=\"Tiempo de lectura\" \/>\n\t<meta name=\"twitter:data1\" content=\"4 minutos\" \/>\n<script type=\"application\/ld+json\" class=\"yoast-schema-graph\">{\"@context\":\"https:\\\/\\\/schema.org\",\"@graph\":[{\"@type\":\"WebPage\",\"@id\":\"https:\\\/\\\/krav-maga-on-line.com\\\/es\\\/krav-maga-premium\\\/\",\"url\":\"https:\\\/\\\/krav-maga-on-line.com\\\/es\\\/krav-maga-premium\\\/\",\"name\":\"Krav Maga premium - Krav Maga Online Learn Self Defense With Krav Maga And Martial Arts Classes From Your Home\",\"isPartOf\":{\"@id\":\"https:\\\/\\\/krav-maga-on-line.com\\\/es\\\/#website\"},\"datePublished\":\"2020-06-05T13:30:23+00:00\",\"dateModified\":\"2024-10-18T06:52:02+00:00\",\"breadcrumb\":{\"@id\":\"https:\\\/\\\/krav-maga-on-line.com\\\/es\\\/krav-maga-premium\\\/#breadcrumb\"},\"inLanguage\":\"es\",\"potentialAction\":[{\"@type\":\"ReadAction\",\"target\":[\"https:\\\/\\\/krav-maga-on-line.com\\\/es\\\/krav-maga-premium\\\/\"]}]},{\"@type\":\"BreadcrumbList\",\"@id\":\"https:\\\/\\\/krav-maga-on-line.com\\\/es\\\/krav-maga-premium\\\/#breadcrumb\",\"itemListElement\":[{\"@type\":\"ListItem\",\"position\":1,\"name\":\"Inicio\",\"item\":\"https:\\\/\\\/krav-maga-on-line.com\\\/es\\\/\"},{\"@type\":\"ListItem\",\"position\":2,\"name\":\"Krav Maga premium\"}]},{\"@type\":\"WebSite\",\"@id\":\"https:\\\/\\\/krav-maga-on-line.com\\\/es\\\/#website\",\"url\":\"https:\\\/\\\/krav-maga-on-line.com\\\/es\\\/\",\"name\":\"Krav Maga Online Training Course: Learn Self Defense Online, Obtain Online Krav Maga Instructor Certification, and Earn Your Krav Maga Black Belt Online\",\"description\":\"Unlock Your Potential with KMF-AC Krav Maga Online University - The #1 Program for Self Defense and Martial Arts Mastery\",\"publisher\":{\"@id\":\"https:\\\/\\\/krav-maga-on-line.com\\\/es\\\/#organization\"},\"potentialAction\":[{\"@type\":\"SearchAction\",\"target\":{\"@type\":\"EntryPoint\",\"urlTemplate\":\"https:\\\/\\\/krav-maga-on-line.com\\\/es\\\/?s={search_term_string}\"},\"query-input\":{\"@type\":\"PropertyValueSpecification\",\"valueRequired\":true,\"valueName\":\"search_term_string\"}}],\"inLanguage\":\"es\"},{\"@type\":\"Organization\",\"@id\":\"https:\\\/\\\/krav-maga-on-line.com\\\/es\\\/#organization\",\"name\":\"Krav Maga Online Training Course: Learn Self Defense Online, Obtain Online Krav Maga Instructor Certification, and Earn Your Krav Maga Black Belt Online\",\"url\":\"https:\\\/\\\/krav-maga-on-line.com\\\/es\\\/\",\"logo\":{\"@type\":\"ImageObject\",\"inLanguage\":\"es\",\"@id\":\"https:\\\/\\\/krav-maga-on-line.com\\\/es\\\/#\\\/schema\\\/logo\\\/image\\\/\",\"url\":\"https:\\\/\\\/krav-maga-on-line.com\\\/wp-content\\\/uploads\\\/2024\\\/09\\\/cropped-Krav-Maga-Online-favicon.png\",\"contentUrl\":\"https:\\\/\\\/krav-maga-on-line.com\\\/wp-content\\\/uploads\\\/2024\\\/09\\\/cropped-Krav-Maga-Online-favicon.png\",\"width\":512,\"height\":512,\"caption\":\"Krav Maga Online Training Course: Learn Self Defense Online, Obtain Online Krav Maga Instructor Certification, and Earn Your Krav Maga Black Belt Online\"},\"image\":{\"@id\":\"https:\\\/\\\/krav-maga-on-line.com\\\/es\\\/#\\\/schema\\\/logo\\\/image\\\/\"},\"sameAs\":[\"https:\\\/\\\/www.facebook.com\\\/expert.alain.cohen\\\/\",\"https:\\\/\\\/x.com\\\/KRAVSECURITY\",\"https:\\\/\\\/www.linkedin.com\\\/in\\\/kravmaga1\",\"https:\\\/\\\/www.instagram.com\\\/cohen_alain\\\/\",\"https:\\\/\\\/www.youtube.com\\\/c\\\/KRAVMAGA1?sub_confirmation=1\",\"https:\\\/\\\/www.tiktok.com\\\/@kravmagacohen\",\"https:\\\/\\\/www.snapchat.com\\\/add\\\/kravmagaonline\"]}]}<\/script>\n<!-- \/ Yoast SEO plugin. -->","yoast_head_json":{"title":"Krav Maga premium - Krav Maga Online Learn Self Defense With Krav Maga And Martial Arts Classes From Your Home","robots":{"index":"index","follow":"follow","max-snippet":"max-snippet:-1","max-image-preview":"max-image-preview:large","max-video-preview":"max-video-preview:-1"},"canonical":"https:\/\/krav-maga-on-line.com\/es\/krav-maga-premium\/","og_locale":"es_ES","og_type":"article","og_title":"Krav Maga premium - Krav Maga Online Learn Self Defense With Krav Maga And Martial Arts Classes From Your Home","og_description":"Libere Su Potencial Completo Con Krav Maga En l\u00ednea &#8211; \u00a1La Soluci\u00f3n A Sus Frustraciones! \u00bfEst\u00e1 usted cansado de la lucha constante y sacrificios que usted tiene que hacer s\u00f3lo para perseguir su pasi\u00f3n para Krav Maga? Es hora de liberarse de las limitaciones impuestas por la distancia y abrazar una nueva era de entrenamiento. [&hellip;]","og_url":"https:\/\/krav-maga-on-line.com\/es\/krav-maga-premium\/","og_site_name":"Krav Maga Online Learn Self Defense With Krav Maga And Martial Arts Classes From Your Home","article_publisher":"https:\/\/www.facebook.com\/expert.alain.cohen\/","article_modified_time":"2024-10-18T06:52:02+00:00","og_image":[{"url":"https:\/\/krav-maga-on-line.com\/wp-content\/uploads\/2023\/05\/PRICES-KM-ONLINE.003-min-1024x768.jpeg","type":"","width":"","height":""}],"twitter_card":"summary_large_image","twitter_site":"@KRAVSECURITY","twitter_misc":{"Tiempo de lectura":"4 minutos"},"schema":{"@context":"https:\/\/schema.org","@graph":[{"@type":"WebPage","@id":"https:\/\/krav-maga-on-line.com\/es\/krav-maga-premium\/","url":"https:\/\/krav-maga-on-line.com\/es\/krav-maga-premium\/","name":"Krav Maga premium - Krav Maga Online Learn Self Defense With Krav Maga And Martial Arts Classes From Your Home","isPartOf":{"@id":"https:\/\/krav-maga-on-line.com\/es\/#website"},"datePublished":"2020-06-05T13:30:23+00:00","dateModified":"2024-10-18T06:52:02+00:00","breadcrumb":{"@id":"https:\/\/krav-maga-on-line.com\/es\/krav-maga-premium\/#breadcrumb"},"inLanguage":"es","potentialAction":[{"@type":"ReadAction","target":["https:\/\/krav-maga-on-line.com\/es\/krav-maga-premium\/"]}]},{"@type":"BreadcrumbList","@id":"https:\/\/krav-maga-on-line.com\/es\/krav-maga-premium\/#breadcrumb","itemListElement":[{"@type":"ListItem","position":1,"name":"Inicio","item":"https:\/\/krav-maga-on-line.com\/es\/"},{"@type":"ListItem","position":2,"name":"Krav Maga premium"}]},{"@type":"WebSite","@id":"https:\/\/krav-maga-on-line.com\/es\/#website","url":"https:\/\/krav-maga-on-line.com\/es\/","name":"Krav Maga Online Training Course: Learn Self Defense Online, Obtain Online Krav Maga Instructor Certification, and Earn Your Krav Maga Black Belt Online","description":"Unlock Your Potential with KMF-AC Krav Maga Online University - The #1 Program for Self Defense and Martial Arts Mastery","publisher":{"@id":"https:\/\/krav-maga-on-line.com\/es\/#organization"},"potentialAction":[{"@type":"SearchAction","target":{"@type":"EntryPoint","urlTemplate":"https:\/\/krav-maga-on-line.com\/es\/?s={search_term_string}"},"query-input":{"@type":"PropertyValueSpecification","valueRequired":true,"valueName":"search_term_string"}}],"inLanguage":"es"},{"@type":"Organization","@id":"https:\/\/krav-maga-on-line.com\/es\/#organization","name":"Krav Maga Online Training Course: Learn Self Defense Online, Obtain Online Krav Maga Instructor Certification, and Earn Your Krav Maga Black Belt Online","url":"https:\/\/krav-maga-on-line.com\/es\/","logo":{"@type":"ImageObject","inLanguage":"es","@id":"https:\/\/krav-maga-on-line.com\/es\/#\/schema\/logo\/image\/","url":"https:\/\/krav-maga-on-line.com\/wp-content\/uploads\/2024\/09\/cropped-Krav-Maga-Online-favicon.png","contentUrl":"https:\/\/krav-maga-on-line.com\/wp-content\/uploads\/2024\/09\/cropped-Krav-Maga-Online-favicon.png","width":512,"height":512,"caption":"Krav Maga Online Training Course: Learn Self Defense Online, Obtain Online Krav Maga Instructor Certification, and Earn Your Krav Maga Black Belt Online"},"image":{"@id":"https:\/\/krav-maga-on-line.com\/es\/#\/schema\/logo\/image\/"},"sameAs":["https:\/\/www.facebook.com\/expert.alain.cohen\/","https:\/\/x.com\/KRAVSECURITY","https:\/\/www.linkedin.com\/in\/kravmaga1","https:\/\/www.instagram.com\/cohen_alain\/","https:\/\/www.youtube.com\/c\/KRAVMAGA1?sub_confirmation=1","https:\/\/www.tiktok.com\/@kravmagacohen","https:\/\/www.snapchat.com\/add\/kravmagaonline"]}]}},"_links":{"self":[{"href":"https:\/\/krav-maga-on-line.com\/es\/wp-json\/wp\/v2\/pages\/34840","targetHints":{"allow":["GET"]}}],"collection":[{"href":"https:\/\/krav-maga-on-line.com\/es\/wp-json\/wp\/v2\/pages"}],"about":[{"href":"https:\/\/krav-maga-on-line.com\/es\/wp-json\/wp\/v2\/types\/page"}],"author":[{"embeddable":true,"href":"https:\/\/krav-maga-on-line.com\/es\/wp-json\/wp\/v2\/users\/1"}],"replies":[{"embeddable":true,"href":"https:\/\/krav-maga-on-line.com\/es\/wp-json\/wp\/v2\/comments?post=34840"}],"version-history":[{"count":0,"href":"https:\/\/krav-maga-on-line.com\/es\/wp-json\/wp\/v2\/pages\/34840\/revisions"}],"wp:attachment":[{"href":"https:\/\/krav-maga-on-line.com\/es\/wp-json\/wp\/v2\/media?parent=34840"}],"curies":[{"name":"wp","href":"https:\/\/api.w.org\/{rel}","templated":true}]}}