{"id":33798,"date":"2020-06-05T13:45:05","date_gmt":"2020-06-05T11:45:05","guid":{"rendered":"https:\/\/krav-maga-on-line.com\/nunca-demasiado-tarde-para-empezar-krav-maga\/"},"modified":"2024-10-18T08:52:18","modified_gmt":"2024-10-18T06:52:18","slug":"nunca-demasiado-tarde-para-empezar-krav-maga","status":"publish","type":"page","link":"https:\/\/krav-maga-on-line.com\/es\/nunca-demasiado-tarde-para-empezar-krav-maga\/","title":{"rendered":"Nunca Demasiado Tarde Para Empezar Krav Maga"},"content":{"rendered":"\t\t<div data-elementor-type=\"wp-page\" data-elementor-id=\"33798\" class=\"elementor elementor-33798 elementor-12625\" data-elementor-post-type=\"page\">\n\t\t\t\t\t\t<section class=\"elementor-section elementor-top-section elementor-element elementor-element-4ceb544 elementor-section-boxed elementor-section-height-default elementor-section-height-default\" data-id=\"4ceb544\" data-element_type=\"section\" data-e-type=\"section\">\n\t\t\t\t\t\t<div class=\"elementor-container elementor-column-gap-default\">\n\t\t\t\t\t<div class=\"elementor-column elementor-col-100 elementor-top-column elementor-element elementor-element-f6cc63b\" data-id=\"f6cc63b\" data-element_type=\"column\" data-e-type=\"column\">\n\t\t\t<div class=\"elementor-widget-wrap elementor-element-populated\">\n\t\t\t\t\t\t<div class=\"elementor-element elementor-element-94df765 elementor-widget elementor-widget-video\" data-id=\"94df765\" data-element_type=\"widget\" data-e-type=\"widget\" data-settings=\"{&quot;video_type&quot;:&quot;vimeo&quot;}\" data-widget_type=\"video.default\">\n\t\t\t\t<div class=\"elementor-widget-container\">\n\t\t\t\t\t\t\t<div class=\"elementor-wrapper elementor-open-inline\">\n\t\t\t<iframe class=\"elementor-video-iframe\" allowfullscreen allow=\"clipboard-write\" title=\"Reproductor de v\u00eddeo vimeo\" src=\"https:\/\/player.vimeo.com\/video\/329991371?color&amp;autopause=0&amp;loop=0&amp;muted=0&amp;title=1&amp;portrait=1&amp;byline=1#t=\"><\/iframe>\t\t<\/div>\n\t\t\t\t\t\t<\/div>\n\t\t\t\t<\/div>\n\t\t\t\t<div class=\"elementor-element elementor-element-512742b elementor-widget__width-inherit elementor-widget elementor-widget-text-editor\" data-id=\"512742b\" data-element_type=\"widget\" data-e-type=\"widget\" data-widget_type=\"text-editor.default\">\n\t\t\t\t<div class=\"elementor-widget-container\">\n\t\t\t\t\t\t\t\t\t<p>\u00bfEst\u00e1 cansado de sentir que el tiempo se le escapa y que es demasiado tarde para hacer un cambio en su vida? D\u00e9jame decirte algo: nunca es demasiado tarde. Puede que tengas m\u00e1s de 40 a\u00f1os, pero el potencial que llevas dentro no conoce l\u00edmites de edad. Nuestro programa en l\u00ednea de Krav Maga est\u00e1 aqu\u00ed para encender una chispa en su alma y darle poder para abrazar una vida llena de fuerza, confianza, y prop\u00f3sito. No se trata s\u00f3lo de aprender t\u00e9cnicas de defensa personal; se trata de recuperar la vitalidad, redescubrir la capacidad de recuperaci\u00f3n y liberar una nueva pasi\u00f3n por la vida. Imagine la alegr\u00eda de sentirse f\u00edsicamente capaz, mentalmente agudo y espiritualmente vigorizado. No dejes que las dudas o el miedo te frenen. \u00danete a nuestro programa y demuestra al mundo que la edad es s\u00f3lo un n\u00famero, y que est\u00e1s preparado para prosperar como nunca. Es hora de liberarse de las cadenas de las limitaciones autoimpuestas y abrazar la transformaci\u00f3n que te espera. Su viaje comienza ahora. Abraza lo extraordinario y \u00fanete a nuestro programa en l\u00ednea hoy<\/p>\n\t\t\t\t\t\t\t\t<\/div>\n\t\t\t\t<\/div>\n\t\t\t\t<div class=\"elementor-element elementor-element-2df300d elementor-align-center elementor-tablet-align-center elementor-widget elementor-widget-button\" data-id=\"2df300d\" data-element_type=\"widget\" data-e-type=\"widget\" data-widget_type=\"button.default\">\n\t\t\t\t<div class=\"elementor-widget-container\">\n\t\t\t\t\t\t\t\t\t<div class=\"elementor-button-wrapper\">\n\t\t\t\t\t<a class=\"elementor-button elementor-button-link elementor-size-sm\" href=\"https:\/\/krav-maga-on-line.com\/es\/\">\n\t\t\t\t\t\t<span class=\"elementor-button-content-wrapper\">\n\t\t\t\t\t\t<span class=\"elementor-button-icon\">\n\t\t\t\t<svg aria-hidden=\"true\" class=\"e-font-icon-svg e-fas-arrow-right\" viewBox=\"0 0 448 512\" xmlns=\"http:\/\/www.w3.org\/2000\/svg\"><path d=\"M190.5 66.9l22.2-22.2c9.4-9.4 24.6-9.4 33.9 0L441 239c9.4 9.4 9.4 24.6 0 33.9L246.6 467.3c-9.4 9.4-24.6 9.4-33.9 0l-22.2-22.2c-9.5-9.5-9.3-25 .4-34.3L311.4 296H24c-13.3 0-24-10.7-24-24v-32c0-13.3 10.7-24 24-24h287.4L190.9 101.2c-9.8-9.3-10-24.8-.4-34.3z\"><\/path><\/svg>\t\t\t<\/span>\n\t\t\t\t\t\t\t\t\t<span class=\"elementor-button-text\">Inscr\u00edbete<\/span>\n\t\t\t\t\t<\/span>\n\t\t\t\t\t<\/a>\n\t\t\t\t<\/div>\n\t\t\t\t\t\t\t\t<\/div>\n\t\t\t\t<\/div>\n\t\t\t\t\t<\/div>\n\t\t<\/div>\n\t\t\t\t\t<\/div>\n\t\t<\/section>\n\t\t\t\t<\/div>\n\t\t","protected":false},"excerpt":{"rendered":"<p>https:\/\/vimeo.com\/329991371 \u00bfEst\u00e1 cansado de sentir que el tiempo se le escapa y que es demasiado tarde para hacer un cambio en su vida? D\u00e9jame decirte algo: nunca es demasiado tarde. Puede que tengas m\u00e1s de 40 a\u00f1os, pero el potencial que llevas dentro no conoce l\u00edmites de edad. Nuestro programa en l\u00ednea de Krav Maga [&hellip;]<\/p>\n","protected":false},"author":1,"featured_media":0,"parent":0,"menu_order":0,"comment_status":"closed","ping_status":"closed","template":"","meta":{"footnotes":""},"class_list":["post-33798","page","type-page","status-publish","hentry"],"yoast_head":"<!-- This site is optimized with the Yoast SEO plugin v27.4 - https:\/\/yoast.com\/product\/yoast-seo-wordpress\/ -->\n<title>Nunca Demasiado Tarde Para Empezar Krav Maga - Krav Maga Online Learn Self Defense With Krav Maga And Martial Arts Classes From Your Home<\/title>\n<meta name=\"robots\" content=\"index, follow, max-snippet:-1, max-image-preview:large, max-video-preview:-1\" \/>\n<link rel=\"canonical\" href=\"https:\/\/krav-maga-on-line.com\/es\/nunca-demasiado-tarde-para-empezar-krav-maga\/\" \/>\n<meta property=\"og:locale\" content=\"es_ES\" \/>\n<meta property=\"og:type\" content=\"article\" \/>\n<meta property=\"og:title\" content=\"Nunca Demasiado Tarde Para Empezar Krav Maga - Krav Maga Online Learn Self Defense With Krav Maga And Martial Arts Classes From Your Home\" \/>\n<meta property=\"og:description\" content=\"https:\/\/vimeo.com\/329991371 \u00bfEst\u00e1 cansado de sentir que el tiempo se le escapa y que es demasiado tarde para hacer un cambio en su vida? D\u00e9jame decirte algo: nunca es demasiado tarde. Puede que tengas m\u00e1s de 40 a\u00f1os, pero el potencial que llevas dentro no conoce l\u00edmites de edad. Nuestro programa en l\u00ednea de Krav Maga [&hellip;]\" \/>\n<meta property=\"og:url\" content=\"https:\/\/krav-maga-on-line.com\/es\/nunca-demasiado-tarde-para-empezar-krav-maga\/\" \/>\n<meta property=\"og:site_name\" content=\"Krav Maga Online Learn Self Defense With Krav Maga And Martial Arts Classes From Your Home\" \/>\n<meta property=\"article:publisher\" content=\"https:\/\/www.facebook.com\/expert.alain.cohen\/\" \/>\n<meta property=\"article:modified_time\" content=\"2024-10-18T06:52:18+00:00\" \/>\n<meta property=\"og:image\" content=\"https:\/\/krav-maga-on-line.com\/wp-content\/uploads\/2023\/05\/PRICES-KM-ONLINE.003-min-1024x768.jpeg\" \/>\n<meta name=\"twitter:card\" content=\"summary_large_image\" \/>\n<meta name=\"twitter:site\" content=\"@KRAVSECURITY\" \/>\n<meta name=\"twitter:label1\" content=\"Tiempo de lectura\" \/>\n\t<meta name=\"twitter:data1\" content=\"1 minuto\" \/>\n<script type=\"application\/ld+json\" class=\"yoast-schema-graph\">{\"@context\":\"https:\\\/\\\/schema.org\",\"@graph\":[{\"@type\":\"WebPage\",\"@id\":\"https:\\\/\\\/krav-maga-on-line.com\\\/es\\\/nunca-demasiado-tarde-para-empezar-krav-maga\\\/\",\"url\":\"https:\\\/\\\/krav-maga-on-line.com\\\/es\\\/nunca-demasiado-tarde-para-empezar-krav-maga\\\/\",\"name\":\"Nunca Demasiado Tarde Para Empezar Krav Maga - Krav Maga Online Learn Self Defense With Krav Maga And Martial Arts Classes From Your Home\",\"isPartOf\":{\"@id\":\"https:\\\/\\\/krav-maga-on-line.com\\\/es\\\/#website\"},\"datePublished\":\"2020-06-05T11:45:05+00:00\",\"dateModified\":\"2024-10-18T06:52:18+00:00\",\"breadcrumb\":{\"@id\":\"https:\\\/\\\/krav-maga-on-line.com\\\/es\\\/nunca-demasiado-tarde-para-empezar-krav-maga\\\/#breadcrumb\"},\"inLanguage\":\"es\",\"potentialAction\":[{\"@type\":\"ReadAction\",\"target\":[\"https:\\\/\\\/krav-maga-on-line.com\\\/es\\\/nunca-demasiado-tarde-para-empezar-krav-maga\\\/\"]}]},{\"@type\":\"BreadcrumbList\",\"@id\":\"https:\\\/\\\/krav-maga-on-line.com\\\/es\\\/nunca-demasiado-tarde-para-empezar-krav-maga\\\/#breadcrumb\",\"itemListElement\":[{\"@type\":\"ListItem\",\"position\":1,\"name\":\"Inicio\",\"item\":\"https:\\\/\\\/krav-maga-on-line.com\\\/es\\\/\"},{\"@type\":\"ListItem\",\"position\":2,\"name\":\"Nunca Demasiado Tarde Para Empezar Krav Maga\"}]},{\"@type\":\"WebSite\",\"@id\":\"https:\\\/\\\/krav-maga-on-line.com\\\/es\\\/#website\",\"url\":\"https:\\\/\\\/krav-maga-on-line.com\\\/es\\\/\",\"name\":\"Krav Maga Online Training Course: Learn Self Defense Online, Obtain Online Krav Maga Instructor Certification, and Earn Your Krav Maga Black Belt Online\",\"description\":\"Unlock Your Potential with KMF-AC Krav Maga Online University - The #1 Program for Self Defense and Martial Arts Mastery\",\"publisher\":{\"@id\":\"https:\\\/\\\/krav-maga-on-line.com\\\/es\\\/#organization\"},\"potentialAction\":[{\"@type\":\"SearchAction\",\"target\":{\"@type\":\"EntryPoint\",\"urlTemplate\":\"https:\\\/\\\/krav-maga-on-line.com\\\/es\\\/?s={search_term_string}\"},\"query-input\":{\"@type\":\"PropertyValueSpecification\",\"valueRequired\":true,\"valueName\":\"search_term_string\"}}],\"inLanguage\":\"es\"},{\"@type\":\"Organization\",\"@id\":\"https:\\\/\\\/krav-maga-on-line.com\\\/es\\\/#organization\",\"name\":\"Krav Maga Online Training Course: Learn Self Defense Online, Obtain Online Krav Maga Instructor Certification, and Earn Your Krav Maga Black Belt Online\",\"url\":\"https:\\\/\\\/krav-maga-on-line.com\\\/es\\\/\",\"logo\":{\"@type\":\"ImageObject\",\"inLanguage\":\"es\",\"@id\":\"https:\\\/\\\/krav-maga-on-line.com\\\/es\\\/#\\\/schema\\\/logo\\\/image\\\/\",\"url\":\"https:\\\/\\\/krav-maga-on-line.com\\\/wp-content\\\/uploads\\\/2024\\\/09\\\/cropped-Krav-Maga-Online-favicon.png\",\"contentUrl\":\"https:\\\/\\\/krav-maga-on-line.com\\\/wp-content\\\/uploads\\\/2024\\\/09\\\/cropped-Krav-Maga-Online-favicon.png\",\"width\":512,\"height\":512,\"caption\":\"Krav Maga Online Training Course: Learn Self Defense Online, Obtain Online Krav Maga Instructor Certification, and Earn Your Krav Maga Black Belt Online\"},\"image\":{\"@id\":\"https:\\\/\\\/krav-maga-on-line.com\\\/es\\\/#\\\/schema\\\/logo\\\/image\\\/\"},\"sameAs\":[\"https:\\\/\\\/www.facebook.com\\\/expert.alain.cohen\\\/\",\"https:\\\/\\\/x.com\\\/KRAVSECURITY\",\"https:\\\/\\\/www.linkedin.com\\\/in\\\/kravmaga1\",\"https:\\\/\\\/www.instagram.com\\\/cohen_alain\\\/\",\"https:\\\/\\\/www.youtube.com\\\/c\\\/KRAVMAGA1?sub_confirmation=1\",\"https:\\\/\\\/www.tiktok.com\\\/@kravmagacohen\",\"https:\\\/\\\/www.snapchat.com\\\/add\\\/kravmagaonline\"]}]}<\/script>\n<!-- \/ Yoast SEO plugin. -->","yoast_head_json":{"title":"Nunca Demasiado Tarde Para Empezar Krav Maga - Krav Maga Online Learn Self Defense With Krav Maga And Martial Arts Classes From Your Home","robots":{"index":"index","follow":"follow","max-snippet":"max-snippet:-1","max-image-preview":"max-image-preview:large","max-video-preview":"max-video-preview:-1"},"canonical":"https:\/\/krav-maga-on-line.com\/es\/nunca-demasiado-tarde-para-empezar-krav-maga\/","og_locale":"es_ES","og_type":"article","og_title":"Nunca Demasiado Tarde Para Empezar Krav Maga - Krav Maga Online Learn Self Defense With Krav Maga And Martial Arts Classes From Your Home","og_description":"https:\/\/vimeo.com\/329991371 \u00bfEst\u00e1 cansado de sentir que el tiempo se le escapa y que es demasiado tarde para hacer un cambio en su vida? D\u00e9jame decirte algo: nunca es demasiado tarde. Puede que tengas m\u00e1s de 40 a\u00f1os, pero el potencial que llevas dentro no conoce l\u00edmites de edad. Nuestro programa en l\u00ednea de Krav Maga [&hellip;]","og_url":"https:\/\/krav-maga-on-line.com\/es\/nunca-demasiado-tarde-para-empezar-krav-maga\/","og_site_name":"Krav Maga Online Learn Self Defense With Krav Maga And Martial Arts Classes From Your Home","article_publisher":"https:\/\/www.facebook.com\/expert.alain.cohen\/","article_modified_time":"2024-10-18T06:52:18+00:00","og_image":[{"url":"https:\/\/krav-maga-on-line.com\/wp-content\/uploads\/2023\/05\/PRICES-KM-ONLINE.003-min-1024x768.jpeg","type":"","width":"","height":""}],"twitter_card":"summary_large_image","twitter_site":"@KRAVSECURITY","twitter_misc":{"Tiempo de lectura":"1 minuto"},"schema":{"@context":"https:\/\/schema.org","@graph":[{"@type":"WebPage","@id":"https:\/\/krav-maga-on-line.com\/es\/nunca-demasiado-tarde-para-empezar-krav-maga\/","url":"https:\/\/krav-maga-on-line.com\/es\/nunca-demasiado-tarde-para-empezar-krav-maga\/","name":"Nunca Demasiado Tarde Para Empezar Krav Maga - Krav Maga Online Learn Self Defense With Krav Maga And Martial Arts Classes From Your Home","isPartOf":{"@id":"https:\/\/krav-maga-on-line.com\/es\/#website"},"datePublished":"2020-06-05T11:45:05+00:00","dateModified":"2024-10-18T06:52:18+00:00","breadcrumb":{"@id":"https:\/\/krav-maga-on-line.com\/es\/nunca-demasiado-tarde-para-empezar-krav-maga\/#breadcrumb"},"inLanguage":"es","potentialAction":[{"@type":"ReadAction","target":["https:\/\/krav-maga-on-line.com\/es\/nunca-demasiado-tarde-para-empezar-krav-maga\/"]}]},{"@type":"BreadcrumbList","@id":"https:\/\/krav-maga-on-line.com\/es\/nunca-demasiado-tarde-para-empezar-krav-maga\/#breadcrumb","itemListElement":[{"@type":"ListItem","position":1,"name":"Inicio","item":"https:\/\/krav-maga-on-line.com\/es\/"},{"@type":"ListItem","position":2,"name":"Nunca Demasiado Tarde Para Empezar Krav Maga"}]},{"@type":"WebSite","@id":"https:\/\/krav-maga-on-line.com\/es\/#website","url":"https:\/\/krav-maga-on-line.com\/es\/","name":"Krav Maga Online Training Course: Learn Self Defense Online, Obtain Online Krav Maga Instructor Certification, and Earn Your Krav Maga Black Belt Online","description":"Unlock Your Potential with KMF-AC Krav Maga Online University - The #1 Program for Self Defense and Martial Arts Mastery","publisher":{"@id":"https:\/\/krav-maga-on-line.com\/es\/#organization"},"potentialAction":[{"@type":"SearchAction","target":{"@type":"EntryPoint","urlTemplate":"https:\/\/krav-maga-on-line.com\/es\/?s={search_term_string}"},"query-input":{"@type":"PropertyValueSpecification","valueRequired":true,"valueName":"search_term_string"}}],"inLanguage":"es"},{"@type":"Organization","@id":"https:\/\/krav-maga-on-line.com\/es\/#organization","name":"Krav Maga Online Training Course: Learn Self Defense Online, Obtain Online Krav Maga Instructor Certification, and Earn Your Krav Maga Black Belt Online","url":"https:\/\/krav-maga-on-line.com\/es\/","logo":{"@type":"ImageObject","inLanguage":"es","@id":"https:\/\/krav-maga-on-line.com\/es\/#\/schema\/logo\/image\/","url":"https:\/\/krav-maga-on-line.com\/wp-content\/uploads\/2024\/09\/cropped-Krav-Maga-Online-favicon.png","contentUrl":"https:\/\/krav-maga-on-line.com\/wp-content\/uploads\/2024\/09\/cropped-Krav-Maga-Online-favicon.png","width":512,"height":512,"caption":"Krav Maga Online Training Course: Learn Self Defense Online, Obtain Online Krav Maga Instructor Certification, and Earn Your Krav Maga Black Belt Online"},"image":{"@id":"https:\/\/krav-maga-on-line.com\/es\/#\/schema\/logo\/image\/"},"sameAs":["https:\/\/www.facebook.com\/expert.alain.cohen\/","https:\/\/x.com\/KRAVSECURITY","https:\/\/www.linkedin.com\/in\/kravmaga1","https:\/\/www.instagram.com\/cohen_alain\/","https:\/\/www.youtube.com\/c\/KRAVMAGA1?sub_confirmation=1","https:\/\/www.tiktok.com\/@kravmagacohen","https:\/\/www.snapchat.com\/add\/kravmagaonline"]}]}},"_links":{"self":[{"href":"https:\/\/krav-maga-on-line.com\/es\/wp-json\/wp\/v2\/pages\/33798","targetHints":{"allow":["GET"]}}],"collection":[{"href":"https:\/\/krav-maga-on-line.com\/es\/wp-json\/wp\/v2\/pages"}],"about":[{"href":"https:\/\/krav-maga-on-line.com\/es\/wp-json\/wp\/v2\/types\/page"}],"author":[{"embeddable":true,"href":"https:\/\/krav-maga-on-line.com\/es\/wp-json\/wp\/v2\/users\/1"}],"replies":[{"embeddable":true,"href":"https:\/\/krav-maga-on-line.com\/es\/wp-json\/wp\/v2\/comments?post=33798"}],"version-history":[{"count":0,"href":"https:\/\/krav-maga-on-line.com\/es\/wp-json\/wp\/v2\/pages\/33798\/revisions"}],"wp:attachment":[{"href":"https:\/\/krav-maga-on-line.com\/es\/wp-json\/wp\/v2\/media?parent=33798"}],"curies":[{"name":"wp","href":"https:\/\/api.w.org\/{rel}","templated":true}]}}