{"id":76113,"date":"2020-05-18T09:48:08","date_gmt":"2020-05-18T07:48:08","guid":{"rendered":"https:\/\/krav-maga-on-line.com\/product\/exklusiver-lebenslanger-zugangsplan-werden-sie-krav-maga-schwarzgurt-ausbilder\/"},"modified":"2025-02-06T19:10:11","modified_gmt":"2025-02-06T18:10:11","slug":"exklusiver-lebenslanger-zugangsplan-werden-sie-krav-maga-schwarzgurt-ausbilder","status":"publish","type":"product","link":"https:\/\/krav-maga-on-line.com\/de\/product\/exklusiver-lebenslanger-zugangsplan-werden-sie-krav-maga-schwarzgurt-ausbilder\/","title":{"rendered":"Exklusiver Lebenslanger Zugangsplan: Werden Sie Krav Maga Schwarzgurt &amp; Ausbilder"},"content":{"rendered":"<p class=\"p1\"><strong><span style=\"color: #000000;\">Unser bestes Angebot, aber nur f\u00fcr begrenzte Zeit: Exklusiver Lifetime Access Plan: Beschleunigen Sie Ihre Reise zum schwarzen G\u00fcrtel<span class=\"Apple-converted-space\"> <\/span><\/span><\/strong><\/p>\n<p class=\"p1\"><strong><span style=\"color: #000000;\">1 Einmalzahlung $1999 = sparen Sie mehr als 60% und erhalten Sie LEBENSLANGEN ZUGANG<\/span><\/strong><\/p>\n<p class=\"p1\"><strong><span style=\"color: #000000;\">Verpassen Sie nicht. Zahlen Sie den vollen Betrag f\u00fcr ultimative Einsparungen und Zugang zum gesamten Programm. <\/span><\/strong><\/p>\n<p class=\"p1\"><strong><span style=\"color: #000000;\">Der Universal Black Belt Pass: Ihr Schl\u00fcssel zu lebenslangem Erfolg und Sparen<\/span><\/strong><\/p>\n<p class=\"p1\"><strong><span style=\"color: #000000;\">Unser Universal Black Belt Pass ist Ihr Tor zu einem lebenslangen Zugang, der es Ihnen erm\u00f6glicht, eine au\u00dfergew\u00f6hnliche Krav Maga-Reise ohne zeitliche Begrenzung anzutreten. Egal, ob Sie ein Anf\u00e4nger sind, der eine solide Grundlage sucht, ein Fortgeschrittener, der neue H\u00f6hen erreichen m\u00f6chte, oder ein Fortgeschrittener, der bereit ist, \u00fcber seine Grenzen hinauszuwachsen &#8211; dieser Plan ist auf Ihre W\u00fcnsche zugeschnitten. Indem Sie unseren Lifetime Access Plan w\u00e4hlen, sparen Sie nicht nur \u00fcber 83%, sondern sichern sich auch Ihren Platz in unserem Programm f\u00fcr ein Leben lang.<\/span><\/strong><\/p>\n<p class=\"p1\"><strong><span style=\"color: #000000;\">Ergreifen Sie die Gelegenheit, nutzen Sie die Vorteile und er\u00f6ffnen Sie sich ein Leben des Lernens, des Fortschritts und der Leistung im Krav Maga.<\/span><\/strong><\/p>\n<p class=\"p1\"><strong><span style=\"color: #000000;\">Heute einschreiben!<\/span><\/strong><\/p>\n","protected":false},"excerpt":{"rendered":"<p>Unser bestes Angebot, aber nur f\u00fcr begrenzte Zeit: Exklusiver Lifetime Access Plan: Beschleunigen Sie Ihre Reise zum schwarzen G\u00fcrtel 1 Einmalzahlung $1999 = sparen Sie mehr als 60% und erhalten Sie LEBENSLANGEN ZUGANG Verpassen Sie nicht. Zahlen Sie den vollen Betrag f\u00fcr ultimative Einsparungen und Zugang zum gesamten Programm. Der Universal Black Belt Pass: Ihr [&hellip;]<\/p>\n","protected":false},"featured_media":75265,"template":"","meta":[],"product_brand":[],"product_cat":[163],"product_tag":[],"class_list":{"0":"post-76113","1":"product","2":"type-product","3":"status-publish","4":"has-post-thumbnail","6":"product_cat-unkategorisiert","8":"first","9":"instock","10":"sale","11":"downloadable","12":"virtual","13":"purchasable","14":"product-type-simple"},"yoast_head":"<!-- This site is optimized with the Yoast SEO plugin v27.4 - https:\/\/yoast.com\/product\/yoast-seo-wordpress\/ -->\n<title>Exklusiver Lebenslanger Zugangsplan: Werden Sie Krav Maga Schwarzgurt &amp; Ausbilder - Krav Maga Online<\/title>\n<meta name=\"description\" content=\"Entdecken Sie den unbegrenzten Zugang zu unserer umfassenden Krav-Maga-Ausbildung mit unserem Einmalzahlungsplan bei Krav Maga Online. Meistern Sie Selbstverteidigungstechniken vom Anf\u00e4nger- bis zum Fortgeschrittenenniveau unter fachkundiger Anleitung. Schlie\u00dfen Sie sich noch heute an und st\u00e4rken Sie sich selbst mit den F\u00e4higkeiten, die von Bedeutung sind.\" \/>\n<meta name=\"robots\" content=\"index, follow, max-snippet:-1, max-image-preview:large, max-video-preview:-1\" \/>\n<link rel=\"canonical\" href=\"https:\/\/krav-maga-on-line.com\/de\/product\/exklusiver-lebenslanger-zugangsplan-werden-sie-krav-maga-schwarzgurt-ausbilder\/\" \/>\n<meta property=\"og:locale\" content=\"de_DE\" \/>\n<meta property=\"og:type\" content=\"article\" \/>\n<meta property=\"og:title\" content=\"Exklusiver Lebenslanger Zugangsplan: Werden Sie Krav Maga Schwarzgurt &amp; Ausbilder - Krav Maga Online\" \/>\n<meta property=\"og:description\" content=\"Entdecken Sie den unbegrenzten Zugang zu unserer umfassenden Krav-Maga-Ausbildung mit unserem Einmalzahlungsplan bei Krav Maga Online. Meistern Sie Selbstverteidigungstechniken vom Anf\u00e4nger- bis zum Fortgeschrittenenniveau unter fachkundiger Anleitung. Schlie\u00dfen Sie sich noch heute an und st\u00e4rken Sie sich selbst mit den F\u00e4higkeiten, die von Bedeutung sind.\" \/>\n<meta property=\"og:url\" content=\"https:\/\/krav-maga-on-line.com\/de\/product\/exklusiver-lebenslanger-zugangsplan-werden-sie-krav-maga-schwarzgurt-ausbilder\/\" \/>\n<meta property=\"og:site_name\" content=\"Krav Maga Online\" \/>\n<meta property=\"article:publisher\" content=\"https:\/\/www.facebook.com\/expert.alain.cohen\/\" \/>\n<meta property=\"article:modified_time\" content=\"2025-02-06T18:10:11+00:00\" \/>\n<meta property=\"og:image\" content=\"https:\/\/krav-maga-on-line.com\/wp-content\/uploads\/2020\/05\/KRAV-MAGA-ONLINE-LIFETIME-ACCESS-1.jpeg\" \/>\n\t<meta property=\"og:image:width\" content=\"2051\" \/>\n\t<meta property=\"og:image:height\" content=\"1511\" \/>\n\t<meta property=\"og:image:type\" content=\"image\/jpeg\" \/>\n<meta name=\"twitter:card\" content=\"summary_large_image\" \/>\n<meta name=\"twitter:site\" content=\"@KRAVSECURITY\" \/>\n<meta name=\"twitter:label1\" content=\"Gesch\u00e4tzte Lesezeit\" \/>\n\t<meta name=\"twitter:data1\" content=\"1\u00a0Minute\" \/>\n<script type=\"application\/ld+json\" class=\"yoast-schema-graph\">{\"@context\":\"https:\\\/\\\/schema.org\",\"@graph\":[{\"@type\":\"WebPage\",\"@id\":\"https:\\\/\\\/krav-maga-on-line.com\\\/de\\\/product\\\/exklusiver-lebenslanger-zugangsplan-werden-sie-krav-maga-schwarzgurt-ausbilder\\\/\",\"url\":\"https:\\\/\\\/krav-maga-on-line.com\\\/de\\\/product\\\/exklusiver-lebenslanger-zugangsplan-werden-sie-krav-maga-schwarzgurt-ausbilder\\\/\",\"name\":\"Exklusiver Lebenslanger Zugangsplan: Werden Sie Krav Maga Schwarzgurt &amp; Ausbilder - Krav Maga Online\",\"isPartOf\":{\"@id\":\"https:\\\/\\\/krav-maga-on-line.com\\\/de\\\/#website\"},\"primaryImageOfPage\":{\"@id\":\"https:\\\/\\\/krav-maga-on-line.com\\\/de\\\/product\\\/exklusiver-lebenslanger-zugangsplan-werden-sie-krav-maga-schwarzgurt-ausbilder\\\/#primaryimage\"},\"image\":{\"@id\":\"https:\\\/\\\/krav-maga-on-line.com\\\/de\\\/product\\\/exklusiver-lebenslanger-zugangsplan-werden-sie-krav-maga-schwarzgurt-ausbilder\\\/#primaryimage\"},\"thumbnailUrl\":\"https:\\\/\\\/krav-maga-on-line.com\\\/wp-content\\\/uploads\\\/2020\\\/05\\\/KRAV-MAGA-ONLINE-LIFETIME-ACCESS-1.jpeg\",\"datePublished\":\"2020-05-18T07:48:08+00:00\",\"dateModified\":\"2025-02-06T18:10:11+00:00\",\"description\":\"Entdecken Sie den unbegrenzten Zugang zu unserer umfassenden Krav-Maga-Ausbildung mit unserem Einmalzahlungsplan bei Krav Maga Online. Meistern Sie Selbstverteidigungstechniken vom Anf\u00e4nger- bis zum Fortgeschrittenenniveau unter fachkundiger Anleitung. Schlie\u00dfen Sie sich noch heute an und st\u00e4rken Sie sich selbst mit den F\u00e4higkeiten, die von Bedeutung sind.\",\"breadcrumb\":{\"@id\":\"https:\\\/\\\/krav-maga-on-line.com\\\/de\\\/product\\\/exklusiver-lebenslanger-zugangsplan-werden-sie-krav-maga-schwarzgurt-ausbilder\\\/#breadcrumb\"},\"inLanguage\":\"de\",\"potentialAction\":[{\"@type\":\"ReadAction\",\"target\":[\"https:\\\/\\\/krav-maga-on-line.com\\\/de\\\/product\\\/exklusiver-lebenslanger-zugangsplan-werden-sie-krav-maga-schwarzgurt-ausbilder\\\/\"]}]},{\"@type\":\"ImageObject\",\"inLanguage\":\"de\",\"@id\":\"https:\\\/\\\/krav-maga-on-line.com\\\/de\\\/product\\\/exklusiver-lebenslanger-zugangsplan-werden-sie-krav-maga-schwarzgurt-ausbilder\\\/#primaryimage\",\"url\":\"https:\\\/\\\/krav-maga-on-line.com\\\/wp-content\\\/uploads\\\/2020\\\/05\\\/KRAV-MAGA-ONLINE-LIFETIME-ACCESS-1.jpeg\",\"contentUrl\":\"https:\\\/\\\/krav-maga-on-line.com\\\/wp-content\\\/uploads\\\/2020\\\/05\\\/KRAV-MAGA-ONLINE-LIFETIME-ACCESS-1.jpeg\",\"width\":2051,\"height\":1511},{\"@type\":\"BreadcrumbList\",\"@id\":\"https:\\\/\\\/krav-maga-on-line.com\\\/de\\\/product\\\/exklusiver-lebenslanger-zugangsplan-werden-sie-krav-maga-schwarzgurt-ausbilder\\\/#breadcrumb\",\"itemListElement\":[{\"@type\":\"ListItem\",\"position\":1,\"name\":\"Startseite\",\"item\":\"https:\\\/\\\/krav-maga-on-line.com\\\/de\\\/\"},{\"@type\":\"ListItem\",\"position\":2,\"name\":\"Shop\",\"item\":\"https:\\\/\\\/krav-maga-on-line.com\\\/shop\\\/\"},{\"@type\":\"ListItem\",\"position\":3,\"name\":\"Exklusiver Lebenslanger Zugangsplan: Werden Sie Krav Maga Schwarzgurt &amp; Ausbilder\"}]},{\"@type\":\"WebSite\",\"@id\":\"https:\\\/\\\/krav-maga-on-line.com\\\/de\\\/#website\",\"url\":\"https:\\\/\\\/krav-maga-on-line.com\\\/de\\\/\",\"name\":\"Krav Maga Online Training Course: Learn Self Defense Online, Obtain Online Krav Maga Instructor Certification, and Earn Your Krav Maga Black Belt Online\",\"description\":\"Training Self Defense Video Courses\",\"publisher\":{\"@id\":\"https:\\\/\\\/krav-maga-on-line.com\\\/de\\\/#organization\"},\"potentialAction\":[{\"@type\":\"SearchAction\",\"target\":{\"@type\":\"EntryPoint\",\"urlTemplate\":\"https:\\\/\\\/krav-maga-on-line.com\\\/de\\\/?s={search_term_string}\"},\"query-input\":{\"@type\":\"PropertyValueSpecification\",\"valueRequired\":true,\"valueName\":\"search_term_string\"}}],\"inLanguage\":\"de\"},{\"@type\":\"Organization\",\"@id\":\"https:\\\/\\\/krav-maga-on-line.com\\\/de\\\/#organization\",\"name\":\"Krav Maga Online Training Course: Learn Self Defense Online, Obtain Online Krav Maga Instructor Certification, and Earn Your Krav Maga Black Belt Online\",\"url\":\"https:\\\/\\\/krav-maga-on-line.com\\\/de\\\/\",\"logo\":{\"@type\":\"ImageObject\",\"inLanguage\":\"de\",\"@id\":\"https:\\\/\\\/krav-maga-on-line.com\\\/de\\\/#\\\/schema\\\/logo\\\/image\\\/\",\"url\":\"https:\\\/\\\/krav-maga-on-line.com\\\/wp-content\\\/uploads\\\/2024\\\/09\\\/cropped-Krav-Maga-Online-favicon.png\",\"contentUrl\":\"https:\\\/\\\/krav-maga-on-line.com\\\/wp-content\\\/uploads\\\/2024\\\/09\\\/cropped-Krav-Maga-Online-favicon.png\",\"width\":512,\"height\":512,\"caption\":\"Krav Maga Online Training Course: Learn Self Defense Online, Obtain Online Krav Maga Instructor Certification, and Earn Your Krav Maga Black Belt Online\"},\"image\":{\"@id\":\"https:\\\/\\\/krav-maga-on-line.com\\\/de\\\/#\\\/schema\\\/logo\\\/image\\\/\"},\"sameAs\":[\"https:\\\/\\\/www.facebook.com\\\/expert.alain.cohen\\\/\",\"https:\\\/\\\/x.com\\\/KRAVSECURITY\",\"https:\\\/\\\/www.linkedin.com\\\/in\\\/kravmaga1\",\"https:\\\/\\\/www.instagram.com\\\/cohen_alain\\\/\",\"https:\\\/\\\/www.youtube.com\\\/c\\\/KRAVMAGA1?sub_confirmation=1\",\"https:\\\/\\\/www.tiktok.com\\\/@kravmagacohen\",\"https:\\\/\\\/www.snapchat.com\\\/add\\\/kravmagaonline\"]}]}<\/script>\n<!-- \/ Yoast SEO plugin. -->","yoast_head_json":{"title":"Exklusiver Lebenslanger Zugangsplan: Werden Sie Krav Maga Schwarzgurt &amp; Ausbilder - Krav Maga Online","description":"Entdecken Sie den unbegrenzten Zugang zu unserer umfassenden Krav-Maga-Ausbildung mit unserem Einmalzahlungsplan bei Krav Maga Online. Meistern Sie Selbstverteidigungstechniken vom Anf\u00e4nger- bis zum Fortgeschrittenenniveau unter fachkundiger Anleitung. Schlie\u00dfen Sie sich noch heute an und st\u00e4rken Sie sich selbst mit den F\u00e4higkeiten, die von Bedeutung sind.","robots":{"index":"index","follow":"follow","max-snippet":"max-snippet:-1","max-image-preview":"max-image-preview:large","max-video-preview":"max-video-preview:-1"},"canonical":"https:\/\/krav-maga-on-line.com\/de\/product\/exklusiver-lebenslanger-zugangsplan-werden-sie-krav-maga-schwarzgurt-ausbilder\/","og_locale":"de_DE","og_type":"article","og_title":"Exklusiver Lebenslanger Zugangsplan: Werden Sie Krav Maga Schwarzgurt &amp; Ausbilder - Krav Maga Online","og_description":"Entdecken Sie den unbegrenzten Zugang zu unserer umfassenden Krav-Maga-Ausbildung mit unserem Einmalzahlungsplan bei Krav Maga Online. Meistern Sie Selbstverteidigungstechniken vom Anf\u00e4nger- bis zum Fortgeschrittenenniveau unter fachkundiger Anleitung. Schlie\u00dfen Sie sich noch heute an und st\u00e4rken Sie sich selbst mit den F\u00e4higkeiten, die von Bedeutung sind.","og_url":"https:\/\/krav-maga-on-line.com\/de\/product\/exklusiver-lebenslanger-zugangsplan-werden-sie-krav-maga-schwarzgurt-ausbilder\/","og_site_name":"Krav Maga Online","article_publisher":"https:\/\/www.facebook.com\/expert.alain.cohen\/","article_modified_time":"2025-02-06T18:10:11+00:00","og_image":[{"width":2051,"height":1511,"url":"https:\/\/krav-maga-on-line.com\/wp-content\/uploads\/2020\/05\/KRAV-MAGA-ONLINE-LIFETIME-ACCESS-1.jpeg","type":"image\/jpeg"}],"twitter_card":"summary_large_image","twitter_site":"@KRAVSECURITY","twitter_misc":{"Gesch\u00e4tzte Lesezeit":"1\u00a0Minute"},"schema":{"@context":"https:\/\/schema.org","@graph":[{"@type":"WebPage","@id":"https:\/\/krav-maga-on-line.com\/de\/product\/exklusiver-lebenslanger-zugangsplan-werden-sie-krav-maga-schwarzgurt-ausbilder\/","url":"https:\/\/krav-maga-on-line.com\/de\/product\/exklusiver-lebenslanger-zugangsplan-werden-sie-krav-maga-schwarzgurt-ausbilder\/","name":"Exklusiver Lebenslanger Zugangsplan: Werden Sie Krav Maga Schwarzgurt &amp; Ausbilder - Krav Maga Online","isPartOf":{"@id":"https:\/\/krav-maga-on-line.com\/de\/#website"},"primaryImageOfPage":{"@id":"https:\/\/krav-maga-on-line.com\/de\/product\/exklusiver-lebenslanger-zugangsplan-werden-sie-krav-maga-schwarzgurt-ausbilder\/#primaryimage"},"image":{"@id":"https:\/\/krav-maga-on-line.com\/de\/product\/exklusiver-lebenslanger-zugangsplan-werden-sie-krav-maga-schwarzgurt-ausbilder\/#primaryimage"},"thumbnailUrl":"https:\/\/krav-maga-on-line.com\/wp-content\/uploads\/2020\/05\/KRAV-MAGA-ONLINE-LIFETIME-ACCESS-1.jpeg","datePublished":"2020-05-18T07:48:08+00:00","dateModified":"2025-02-06T18:10:11+00:00","description":"Entdecken Sie den unbegrenzten Zugang zu unserer umfassenden Krav-Maga-Ausbildung mit unserem Einmalzahlungsplan bei Krav Maga Online. Meistern Sie Selbstverteidigungstechniken vom Anf\u00e4nger- bis zum Fortgeschrittenenniveau unter fachkundiger Anleitung. Schlie\u00dfen Sie sich noch heute an und st\u00e4rken Sie sich selbst mit den F\u00e4higkeiten, die von Bedeutung sind.","breadcrumb":{"@id":"https:\/\/krav-maga-on-line.com\/de\/product\/exklusiver-lebenslanger-zugangsplan-werden-sie-krav-maga-schwarzgurt-ausbilder\/#breadcrumb"},"inLanguage":"de","potentialAction":[{"@type":"ReadAction","target":["https:\/\/krav-maga-on-line.com\/de\/product\/exklusiver-lebenslanger-zugangsplan-werden-sie-krav-maga-schwarzgurt-ausbilder\/"]}]},{"@type":"ImageObject","inLanguage":"de","@id":"https:\/\/krav-maga-on-line.com\/de\/product\/exklusiver-lebenslanger-zugangsplan-werden-sie-krav-maga-schwarzgurt-ausbilder\/#primaryimage","url":"https:\/\/krav-maga-on-line.com\/wp-content\/uploads\/2020\/05\/KRAV-MAGA-ONLINE-LIFETIME-ACCESS-1.jpeg","contentUrl":"https:\/\/krav-maga-on-line.com\/wp-content\/uploads\/2020\/05\/KRAV-MAGA-ONLINE-LIFETIME-ACCESS-1.jpeg","width":2051,"height":1511},{"@type":"BreadcrumbList","@id":"https:\/\/krav-maga-on-line.com\/de\/product\/exklusiver-lebenslanger-zugangsplan-werden-sie-krav-maga-schwarzgurt-ausbilder\/#breadcrumb","itemListElement":[{"@type":"ListItem","position":1,"name":"Startseite","item":"https:\/\/krav-maga-on-line.com\/de\/"},{"@type":"ListItem","position":2,"name":"Shop","item":"https:\/\/krav-maga-on-line.com\/shop\/"},{"@type":"ListItem","position":3,"name":"Exklusiver Lebenslanger Zugangsplan: Werden Sie Krav Maga Schwarzgurt &amp; Ausbilder"}]},{"@type":"WebSite","@id":"https:\/\/krav-maga-on-line.com\/de\/#website","url":"https:\/\/krav-maga-on-line.com\/de\/","name":"Krav Maga Online Training Course: Learn Self Defense Online, Obtain Online Krav Maga Instructor Certification, and Earn Your Krav Maga Black Belt Online","description":"Training Self Defense Video Courses","publisher":{"@id":"https:\/\/krav-maga-on-line.com\/de\/#organization"},"potentialAction":[{"@type":"SearchAction","target":{"@type":"EntryPoint","urlTemplate":"https:\/\/krav-maga-on-line.com\/de\/?s={search_term_string}"},"query-input":{"@type":"PropertyValueSpecification","valueRequired":true,"valueName":"search_term_string"}}],"inLanguage":"de"},{"@type":"Organization","@id":"https:\/\/krav-maga-on-line.com\/de\/#organization","name":"Krav Maga Online Training Course: Learn Self Defense Online, Obtain Online Krav Maga Instructor Certification, and Earn Your Krav Maga Black Belt Online","url":"https:\/\/krav-maga-on-line.com\/de\/","logo":{"@type":"ImageObject","inLanguage":"de","@id":"https:\/\/krav-maga-on-line.com\/de\/#\/schema\/logo\/image\/","url":"https:\/\/krav-maga-on-line.com\/wp-content\/uploads\/2024\/09\/cropped-Krav-Maga-Online-favicon.png","contentUrl":"https:\/\/krav-maga-on-line.com\/wp-content\/uploads\/2024\/09\/cropped-Krav-Maga-Online-favicon.png","width":512,"height":512,"caption":"Krav Maga Online Training Course: Learn Self Defense Online, Obtain Online Krav Maga Instructor Certification, and Earn Your Krav Maga Black Belt Online"},"image":{"@id":"https:\/\/krav-maga-on-line.com\/de\/#\/schema\/logo\/image\/"},"sameAs":["https:\/\/www.facebook.com\/expert.alain.cohen\/","https:\/\/x.com\/KRAVSECURITY","https:\/\/www.linkedin.com\/in\/kravmaga1","https:\/\/www.instagram.com\/cohen_alain\/","https:\/\/www.youtube.com\/c\/KRAVMAGA1?sub_confirmation=1","https:\/\/www.tiktok.com\/@kravmagacohen","https:\/\/www.snapchat.com\/add\/kravmagaonline"]}]}},"_links":{"self":[{"href":"https:\/\/krav-maga-on-line.com\/de\/wp-json\/wp\/v2\/product\/76113","targetHints":{"allow":["GET"]}}],"collection":[{"href":"https:\/\/krav-maga-on-line.com\/de\/wp-json\/wp\/v2\/product"}],"about":[{"href":"https:\/\/krav-maga-on-line.com\/de\/wp-json\/wp\/v2\/types\/product"}],"version-history":[{"count":1,"href":"https:\/\/krav-maga-on-line.com\/de\/wp-json\/wp\/v2\/product\/76113\/revisions"}],"predecessor-version":[{"id":76629,"href":"https:\/\/krav-maga-on-line.com\/de\/wp-json\/wp\/v2\/product\/76113\/revisions\/76629"}],"wp:featuredmedia":[{"embeddable":true,"href":"https:\/\/krav-maga-on-line.com\/de\/wp-json\/wp\/v2\/media\/75265"}],"wp:attachment":[{"href":"https:\/\/krav-maga-on-line.com\/de\/wp-json\/wp\/v2\/media?parent=76113"}],"wp:term":[{"taxonomy":"product_brand","embeddable":true,"href":"https:\/\/krav-maga-on-line.com\/de\/wp-json\/wp\/v2\/product_brand?post=76113"},{"taxonomy":"product_cat","embeddable":true,"href":"https:\/\/krav-maga-on-line.com\/de\/wp-json\/wp\/v2\/product_cat?post=76113"},{"taxonomy":"product_tag","embeddable":true,"href":"https:\/\/krav-maga-on-line.com\/de\/wp-json\/wp\/v2\/product_tag?post=76113"}],"curies":[{"name":"wp","href":"https:\/\/api.w.org\/{rel}","templated":true}]}}