{"id":76039,"date":"2019-05-19T00:54:47","date_gmt":"2019-05-18T22:54:47","guid":{"rendered":"https:\/\/krav-maga-on-line.com\/product\/lifetime-access-10-zahlungen\/"},"modified":"2025-05-21T15:47:40","modified_gmt":"2025-05-21T13:47:40","slug":"lifetime-access-10-zahlungen","status":"publish","type":"product","link":"https:\/\/krav-maga-on-line.com\/de\/product\/lifetime-access-10-zahlungen\/","title":{"rendered":"ALLES INKLUSIVE &#8211; 10 ZAHLUNGEN"},"content":{"rendered":"<p class=\"p1\">Erleben Sie unser ALLES INKLUSIVE mit nur 10 monatlichen Zahlungen von 237 $. Dieser Plan erm\u00f6glicht es Ihnen, alle unten aufgef\u00fchrten Vorteile in Ihrem eigenen Tempo zu genie\u00dfen und stellt sicher, dass Sie ausreichend Zeit haben, alle Ihre Krav Maga-Ziele und -Tr\u00e4ume zu verwirklichen. Beginnen Sie noch heute und begeben Sie sich auf eine Reise kontinuierlichen Wachstums und Erfolgs!  <\/p>\n","protected":false},"excerpt":{"rendered":"<p>Erleben Sie unser ALLES INKLUSIVE mit nur 10 monatlichen Zahlungen von 237 $. Dieser Plan erm\u00f6glicht es Ihnen, alle unten aufgef\u00fchrten Vorteile in Ihrem eigenen Tempo zu genie\u00dfen und stellt sicher, dass Sie ausreichend Zeit haben, alle Ihre Krav Maga-Ziele und -Tr\u00e4ume zu verwirklichen. Beginnen Sie noch heute und begeben Sie sich auf eine Reise [&hellip;]<\/p>\n","protected":false},"featured_media":78236,"template":"","meta":[],"product_brand":[],"product_cat":[163],"product_tag":[],"class_list":{"0":"post-76039","1":"product","2":"type-product","3":"status-publish","4":"has-post-thumbnail","6":"product_cat-unkategorisiert","8":"first","9":"instock","10":"sale","11":"downloadable","12":"virtual","13":"sold-individually","14":"purchasable","15":"product-type-simple"},"yoast_head":"<!-- This site is optimized with the Yoast SEO plugin v27.4 - https:\/\/yoast.com\/product\/yoast-seo-wordpress\/ -->\n<title>ALLES INKLUSIVE - 10 ZAHLUNGEN - Krav Maga Online<\/title>\n<meta name=\"description\" content=\"Erleben Sie unser ALLES INKLUSIVE mit nur 10 monatlichen Zahlungen von 237 $. Dieser Plan erm\u00f6glicht es Ihnen, alle unten aufgef\u00fchrten Vorteile in Ihrem eigenen Tempo zu genie\u00dfen und stellt sicher, dass Sie ausreichend Zeit haben, alle Ihre Krav Maga-Ziele und -Tr\u00e4ume zu verwirklichen. Beginnen Sie noch heute und begeben Sie sich auf eine Reise kontinuierlichen Wachstums und Erfolgs!\" \/>\n<meta name=\"robots\" content=\"index, follow, max-snippet:-1, max-image-preview:large, max-video-preview:-1\" \/>\n<link rel=\"canonical\" href=\"https:\/\/krav-maga-on-line.com\/de\/product\/lifetime-access-10-zahlungen\/\" \/>\n<meta property=\"og:locale\" content=\"de_DE\" \/>\n<meta property=\"og:type\" content=\"article\" \/>\n<meta property=\"og:title\" content=\"ALLES INKLUSIVE - 10 ZAHLUNGEN - Krav Maga Online\" \/>\n<meta property=\"og:description\" content=\"Erleben Sie unser ALLES INKLUSIVE mit nur 10 monatlichen Zahlungen von 237 $. Dieser Plan erm\u00f6glicht es Ihnen, alle unten aufgef\u00fchrten Vorteile in Ihrem eigenen Tempo zu genie\u00dfen und stellt sicher, dass Sie ausreichend Zeit haben, alle Ihre Krav Maga-Ziele und -Tr\u00e4ume zu verwirklichen. Beginnen Sie noch heute und begeben Sie sich auf eine Reise kontinuierlichen Wachstums und Erfolgs!\" \/>\n<meta property=\"og:url\" content=\"https:\/\/krav-maga-on-line.com\/de\/product\/lifetime-access-10-zahlungen\/\" \/>\n<meta property=\"og:site_name\" content=\"Krav Maga Online\" \/>\n<meta property=\"article:publisher\" content=\"https:\/\/www.facebook.com\/expert.alain.cohen\/\" \/>\n<meta property=\"article:modified_time\" content=\"2025-05-21T13:47:40+00:00\" \/>\n<meta property=\"og:image\" content=\"https:\/\/krav-maga-on-line.com\/wp-content\/uploads\/2019\/05\/KRAV-MAGA-ONLINE-10.jpg\" \/>\n\t<meta property=\"og:image:width\" content=\"1137\" \/>\n\t<meta property=\"og:image:height\" content=\"828\" \/>\n\t<meta property=\"og:image:type\" content=\"image\/jpeg\" \/>\n<meta name=\"twitter:card\" content=\"summary_large_image\" \/>\n<meta name=\"twitter:site\" content=\"@KRAVSECURITY\" \/>\n<script type=\"application\/ld+json\" class=\"yoast-schema-graph\">{\"@context\":\"https:\\\/\\\/schema.org\",\"@graph\":[{\"@type\":\"WebPage\",\"@id\":\"https:\\\/\\\/krav-maga-on-line.com\\\/de\\\/product\\\/lifetime-access-10-zahlungen\\\/\",\"url\":\"https:\\\/\\\/krav-maga-on-line.com\\\/de\\\/product\\\/lifetime-access-10-zahlungen\\\/\",\"name\":\"ALLES INKLUSIVE - 10 ZAHLUNGEN - Krav Maga Online\",\"isPartOf\":{\"@id\":\"https:\\\/\\\/krav-maga-on-line.com\\\/de\\\/#website\"},\"primaryImageOfPage\":{\"@id\":\"https:\\\/\\\/krav-maga-on-line.com\\\/de\\\/product\\\/lifetime-access-10-zahlungen\\\/#primaryimage\"},\"image\":{\"@id\":\"https:\\\/\\\/krav-maga-on-line.com\\\/de\\\/product\\\/lifetime-access-10-zahlungen\\\/#primaryimage\"},\"thumbnailUrl\":\"https:\\\/\\\/krav-maga-on-line.com\\\/wp-content\\\/uploads\\\/2019\\\/05\\\/KRAV-MAGA-ONLINE-10.jpg\",\"datePublished\":\"2019-05-18T22:54:47+00:00\",\"dateModified\":\"2025-05-21T13:47:40+00:00\",\"description\":\"Erleben Sie unser ALLES INKLUSIVE mit nur 10 monatlichen Zahlungen von 237 $. Dieser Plan erm\u00f6glicht es Ihnen, alle unten aufgef\u00fchrten Vorteile in Ihrem eigenen Tempo zu genie\u00dfen und stellt sicher, dass Sie ausreichend Zeit haben, alle Ihre Krav Maga-Ziele und -Tr\u00e4ume zu verwirklichen. Beginnen Sie noch heute und begeben Sie sich auf eine Reise kontinuierlichen Wachstums und Erfolgs!\",\"breadcrumb\":{\"@id\":\"https:\\\/\\\/krav-maga-on-line.com\\\/de\\\/product\\\/lifetime-access-10-zahlungen\\\/#breadcrumb\"},\"inLanguage\":\"de\",\"potentialAction\":[{\"@type\":\"ReadAction\",\"target\":[\"https:\\\/\\\/krav-maga-on-line.com\\\/de\\\/product\\\/lifetime-access-10-zahlungen\\\/\"]}]},{\"@type\":\"ImageObject\",\"inLanguage\":\"de\",\"@id\":\"https:\\\/\\\/krav-maga-on-line.com\\\/de\\\/product\\\/lifetime-access-10-zahlungen\\\/#primaryimage\",\"url\":\"https:\\\/\\\/krav-maga-on-line.com\\\/wp-content\\\/uploads\\\/2019\\\/05\\\/KRAV-MAGA-ONLINE-10.jpg\",\"contentUrl\":\"https:\\\/\\\/krav-maga-on-line.com\\\/wp-content\\\/uploads\\\/2019\\\/05\\\/KRAV-MAGA-ONLINE-10.jpg\",\"width\":1137,\"height\":828},{\"@type\":\"BreadcrumbList\",\"@id\":\"https:\\\/\\\/krav-maga-on-line.com\\\/de\\\/product\\\/lifetime-access-10-zahlungen\\\/#breadcrumb\",\"itemListElement\":[{\"@type\":\"ListItem\",\"position\":1,\"name\":\"Startseite\",\"item\":\"https:\\\/\\\/krav-maga-on-line.com\\\/de\\\/\"},{\"@type\":\"ListItem\",\"position\":2,\"name\":\"Shop\",\"item\":\"https:\\\/\\\/krav-maga-on-line.com\\\/shop\\\/\"},{\"@type\":\"ListItem\",\"position\":3,\"name\":\"ALLES INKLUSIVE &#8211; 10 ZAHLUNGEN\"}]},{\"@type\":\"WebSite\",\"@id\":\"https:\\\/\\\/krav-maga-on-line.com\\\/de\\\/#website\",\"url\":\"https:\\\/\\\/krav-maga-on-line.com\\\/de\\\/\",\"name\":\"Krav Maga Online Training Course: Learn Self Defense Online, Obtain Online Krav Maga Instructor Certification, and Earn Your Krav Maga Black Belt Online\",\"description\":\"Training Self Defense Video Courses\",\"publisher\":{\"@id\":\"https:\\\/\\\/krav-maga-on-line.com\\\/de\\\/#organization\"},\"potentialAction\":[{\"@type\":\"SearchAction\",\"target\":{\"@type\":\"EntryPoint\",\"urlTemplate\":\"https:\\\/\\\/krav-maga-on-line.com\\\/de\\\/?s={search_term_string}\"},\"query-input\":{\"@type\":\"PropertyValueSpecification\",\"valueRequired\":true,\"valueName\":\"search_term_string\"}}],\"inLanguage\":\"de\"},{\"@type\":\"Organization\",\"@id\":\"https:\\\/\\\/krav-maga-on-line.com\\\/de\\\/#organization\",\"name\":\"Krav Maga Online Training Course: Learn Self Defense Online, Obtain Online Krav Maga Instructor Certification, and Earn Your Krav Maga Black Belt Online\",\"url\":\"https:\\\/\\\/krav-maga-on-line.com\\\/de\\\/\",\"logo\":{\"@type\":\"ImageObject\",\"inLanguage\":\"de\",\"@id\":\"https:\\\/\\\/krav-maga-on-line.com\\\/de\\\/#\\\/schema\\\/logo\\\/image\\\/\",\"url\":\"https:\\\/\\\/krav-maga-on-line.com\\\/wp-content\\\/uploads\\\/2024\\\/09\\\/cropped-Krav-Maga-Online-favicon.png\",\"contentUrl\":\"https:\\\/\\\/krav-maga-on-line.com\\\/wp-content\\\/uploads\\\/2024\\\/09\\\/cropped-Krav-Maga-Online-favicon.png\",\"width\":512,\"height\":512,\"caption\":\"Krav Maga Online Training Course: Learn Self Defense Online, Obtain Online Krav Maga Instructor Certification, and Earn Your Krav Maga Black Belt Online\"},\"image\":{\"@id\":\"https:\\\/\\\/krav-maga-on-line.com\\\/de\\\/#\\\/schema\\\/logo\\\/image\\\/\"},\"sameAs\":[\"https:\\\/\\\/www.facebook.com\\\/expert.alain.cohen\\\/\",\"https:\\\/\\\/x.com\\\/KRAVSECURITY\",\"https:\\\/\\\/www.linkedin.com\\\/in\\\/kravmaga1\",\"https:\\\/\\\/www.instagram.com\\\/cohen_alain\\\/\",\"https:\\\/\\\/www.youtube.com\\\/c\\\/KRAVMAGA1?sub_confirmation=1\",\"https:\\\/\\\/www.tiktok.com\\\/@kravmagacohen\",\"https:\\\/\\\/www.snapchat.com\\\/add\\\/kravmagaonline\"]}]}<\/script>\n<!-- \/ Yoast SEO plugin. -->","yoast_head_json":{"title":"ALLES INKLUSIVE - 10 ZAHLUNGEN - Krav Maga Online","description":"Erleben Sie unser ALLES INKLUSIVE mit nur 10 monatlichen Zahlungen von 237 $. Dieser Plan erm\u00f6glicht es Ihnen, alle unten aufgef\u00fchrten Vorteile in Ihrem eigenen Tempo zu genie\u00dfen und stellt sicher, dass Sie ausreichend Zeit haben, alle Ihre Krav Maga-Ziele und -Tr\u00e4ume zu verwirklichen. Beginnen Sie noch heute und begeben Sie sich auf eine Reise kontinuierlichen Wachstums und Erfolgs!","robots":{"index":"index","follow":"follow","max-snippet":"max-snippet:-1","max-image-preview":"max-image-preview:large","max-video-preview":"max-video-preview:-1"},"canonical":"https:\/\/krav-maga-on-line.com\/de\/product\/lifetime-access-10-zahlungen\/","og_locale":"de_DE","og_type":"article","og_title":"ALLES INKLUSIVE - 10 ZAHLUNGEN - Krav Maga Online","og_description":"Erleben Sie unser ALLES INKLUSIVE mit nur 10 monatlichen Zahlungen von 237 $. Dieser Plan erm\u00f6glicht es Ihnen, alle unten aufgef\u00fchrten Vorteile in Ihrem eigenen Tempo zu genie\u00dfen und stellt sicher, dass Sie ausreichend Zeit haben, alle Ihre Krav Maga-Ziele und -Tr\u00e4ume zu verwirklichen. Beginnen Sie noch heute und begeben Sie sich auf eine Reise kontinuierlichen Wachstums und Erfolgs!","og_url":"https:\/\/krav-maga-on-line.com\/de\/product\/lifetime-access-10-zahlungen\/","og_site_name":"Krav Maga Online","article_publisher":"https:\/\/www.facebook.com\/expert.alain.cohen\/","article_modified_time":"2025-05-21T13:47:40+00:00","og_image":[{"width":1137,"height":828,"url":"https:\/\/krav-maga-on-line.com\/wp-content\/uploads\/2019\/05\/KRAV-MAGA-ONLINE-10.jpg","type":"image\/jpeg"}],"twitter_card":"summary_large_image","twitter_site":"@KRAVSECURITY","schema":{"@context":"https:\/\/schema.org","@graph":[{"@type":"WebPage","@id":"https:\/\/krav-maga-on-line.com\/de\/product\/lifetime-access-10-zahlungen\/","url":"https:\/\/krav-maga-on-line.com\/de\/product\/lifetime-access-10-zahlungen\/","name":"ALLES INKLUSIVE - 10 ZAHLUNGEN - Krav Maga Online","isPartOf":{"@id":"https:\/\/krav-maga-on-line.com\/de\/#website"},"primaryImageOfPage":{"@id":"https:\/\/krav-maga-on-line.com\/de\/product\/lifetime-access-10-zahlungen\/#primaryimage"},"image":{"@id":"https:\/\/krav-maga-on-line.com\/de\/product\/lifetime-access-10-zahlungen\/#primaryimage"},"thumbnailUrl":"https:\/\/krav-maga-on-line.com\/wp-content\/uploads\/2019\/05\/KRAV-MAGA-ONLINE-10.jpg","datePublished":"2019-05-18T22:54:47+00:00","dateModified":"2025-05-21T13:47:40+00:00","description":"Erleben Sie unser ALLES INKLUSIVE mit nur 10 monatlichen Zahlungen von 237 $. Dieser Plan erm\u00f6glicht es Ihnen, alle unten aufgef\u00fchrten Vorteile in Ihrem eigenen Tempo zu genie\u00dfen und stellt sicher, dass Sie ausreichend Zeit haben, alle Ihre Krav Maga-Ziele und -Tr\u00e4ume zu verwirklichen. Beginnen Sie noch heute und begeben Sie sich auf eine Reise kontinuierlichen Wachstums und Erfolgs!","breadcrumb":{"@id":"https:\/\/krav-maga-on-line.com\/de\/product\/lifetime-access-10-zahlungen\/#breadcrumb"},"inLanguage":"de","potentialAction":[{"@type":"ReadAction","target":["https:\/\/krav-maga-on-line.com\/de\/product\/lifetime-access-10-zahlungen\/"]}]},{"@type":"ImageObject","inLanguage":"de","@id":"https:\/\/krav-maga-on-line.com\/de\/product\/lifetime-access-10-zahlungen\/#primaryimage","url":"https:\/\/krav-maga-on-line.com\/wp-content\/uploads\/2019\/05\/KRAV-MAGA-ONLINE-10.jpg","contentUrl":"https:\/\/krav-maga-on-line.com\/wp-content\/uploads\/2019\/05\/KRAV-MAGA-ONLINE-10.jpg","width":1137,"height":828},{"@type":"BreadcrumbList","@id":"https:\/\/krav-maga-on-line.com\/de\/product\/lifetime-access-10-zahlungen\/#breadcrumb","itemListElement":[{"@type":"ListItem","position":1,"name":"Startseite","item":"https:\/\/krav-maga-on-line.com\/de\/"},{"@type":"ListItem","position":2,"name":"Shop","item":"https:\/\/krav-maga-on-line.com\/shop\/"},{"@type":"ListItem","position":3,"name":"ALLES INKLUSIVE &#8211; 10 ZAHLUNGEN"}]},{"@type":"WebSite","@id":"https:\/\/krav-maga-on-line.com\/de\/#website","url":"https:\/\/krav-maga-on-line.com\/de\/","name":"Krav Maga Online Training Course: Learn Self Defense Online, Obtain Online Krav Maga Instructor Certification, and Earn Your Krav Maga Black Belt Online","description":"Training Self Defense Video Courses","publisher":{"@id":"https:\/\/krav-maga-on-line.com\/de\/#organization"},"potentialAction":[{"@type":"SearchAction","target":{"@type":"EntryPoint","urlTemplate":"https:\/\/krav-maga-on-line.com\/de\/?s={search_term_string}"},"query-input":{"@type":"PropertyValueSpecification","valueRequired":true,"valueName":"search_term_string"}}],"inLanguage":"de"},{"@type":"Organization","@id":"https:\/\/krav-maga-on-line.com\/de\/#organization","name":"Krav Maga Online Training Course: Learn Self Defense Online, Obtain Online Krav Maga Instructor Certification, and Earn Your Krav Maga Black Belt Online","url":"https:\/\/krav-maga-on-line.com\/de\/","logo":{"@type":"ImageObject","inLanguage":"de","@id":"https:\/\/krav-maga-on-line.com\/de\/#\/schema\/logo\/image\/","url":"https:\/\/krav-maga-on-line.com\/wp-content\/uploads\/2024\/09\/cropped-Krav-Maga-Online-favicon.png","contentUrl":"https:\/\/krav-maga-on-line.com\/wp-content\/uploads\/2024\/09\/cropped-Krav-Maga-Online-favicon.png","width":512,"height":512,"caption":"Krav Maga Online Training Course: Learn Self Defense Online, Obtain Online Krav Maga Instructor Certification, and Earn Your Krav Maga Black Belt Online"},"image":{"@id":"https:\/\/krav-maga-on-line.com\/de\/#\/schema\/logo\/image\/"},"sameAs":["https:\/\/www.facebook.com\/expert.alain.cohen\/","https:\/\/x.com\/KRAVSECURITY","https:\/\/www.linkedin.com\/in\/kravmaga1","https:\/\/www.instagram.com\/cohen_alain\/","https:\/\/www.youtube.com\/c\/KRAVMAGA1?sub_confirmation=1","https:\/\/www.tiktok.com\/@kravmagacohen","https:\/\/www.snapchat.com\/add\/kravmagaonline"]}]}},"_links":{"self":[{"href":"https:\/\/krav-maga-on-line.com\/de\/wp-json\/wp\/v2\/product\/76039","targetHints":{"allow":["GET"]}}],"collection":[{"href":"https:\/\/krav-maga-on-line.com\/de\/wp-json\/wp\/v2\/product"}],"about":[{"href":"https:\/\/krav-maga-on-line.com\/de\/wp-json\/wp\/v2\/types\/product"}],"version-history":[{"count":2,"href":"https:\/\/krav-maga-on-line.com\/de\/wp-json\/wp\/v2\/product\/76039\/revisions"}],"predecessor-version":[{"id":78363,"href":"https:\/\/krav-maga-on-line.com\/de\/wp-json\/wp\/v2\/product\/76039\/revisions\/78363"}],"wp:featuredmedia":[{"embeddable":true,"href":"https:\/\/krav-maga-on-line.com\/de\/wp-json\/wp\/v2\/media\/78236"}],"wp:attachment":[{"href":"https:\/\/krav-maga-on-line.com\/de\/wp-json\/wp\/v2\/media?parent=76039"}],"wp:term":[{"taxonomy":"product_brand","embeddable":true,"href":"https:\/\/krav-maga-on-line.com\/de\/wp-json\/wp\/v2\/product_brand?post=76039"},{"taxonomy":"product_cat","embeddable":true,"href":"https:\/\/krav-maga-on-line.com\/de\/wp-json\/wp\/v2\/product_cat?post=76039"},{"taxonomy":"product_tag","embeddable":true,"href":"https:\/\/krav-maga-on-line.com\/de\/wp-json\/wp\/v2\/product_tag?post=76039"}],"curies":[{"name":"wp","href":"https:\/\/api.w.org\/{rel}","templated":true}]}}