{"id":75988,"date":"2020-06-05T13:45:45","date_gmt":"2020-06-05T11:45:45","guid":{"rendered":"https:\/\/krav-maga-on-line.com\/krav-maga-amerika\/"},"modified":"2024-10-28T11:26:59","modified_gmt":"2024-10-28T10:26:59","slug":"krav-maga-amerika","status":"publish","type":"page","link":"https:\/\/krav-maga-on-line.com\/de\/krav-maga-amerika\/","title":{"rendered":"KRAV MAGA AMERIKA"},"content":{"rendered":"\t\t<div data-elementor-type=\"wp-page\" data-elementor-id=\"75988\" class=\"elementor elementor-75988 elementor-12626\" data-elementor-post-type=\"page\">\n\t\t\t\t\t\t<section class=\"elementor-section elementor-top-section elementor-element elementor-element-d8ada3c elementor-section-boxed elementor-section-height-default elementor-section-height-default\" data-id=\"d8ada3c\" data-element_type=\"section\" data-e-type=\"section\">\n\t\t\t\t\t\t<div class=\"elementor-container elementor-column-gap-default\">\n\t\t\t\t\t<div class=\"elementor-column elementor-col-100 elementor-top-column elementor-element elementor-element-5e5c77f\" data-id=\"5e5c77f\" data-element_type=\"column\" data-e-type=\"column\">\n\t\t\t<div class=\"elementor-widget-wrap elementor-element-populated\">\n\t\t\t\t\t\t<div class=\"elementor-element elementor-element-c686768 elementor-widget elementor-widget-video\" data-id=\"c686768\" data-element_type=\"widget\" data-e-type=\"widget\" data-settings=\"{&quot;video_type&quot;:&quot;vimeo&quot;}\" data-widget_type=\"video.default\">\n\t\t\t\t<div class=\"elementor-widget-container\">\n\t\t\t\t\t\t\t<div class=\"elementor-wrapper elementor-open-inline\">\n\t\t\t<iframe class=\"elementor-video-iframe\" allowfullscreen allow=\"clipboard-write\" title=\"vimeo Video Player\" src=\"https:\/\/player.vimeo.com\/video\/330231544?color&amp;autopause=0&amp;loop=0&amp;muted=0&amp;title=1&amp;portrait=1&amp;byline=1#t=\"><\/iframe>\t\t<\/div>\n\t\t\t\t\t\t<\/div>\n\t\t\t\t<\/div>\n\t\t\t\t<section class=\"elementor-section elementor-inner-section elementor-element elementor-element-dba6da5 elementor-section-boxed elementor-section-height-default elementor-section-height-default\" data-id=\"dba6da5\" data-element_type=\"section\" data-e-type=\"section\">\n\t\t\t\t\t\t<div class=\"elementor-container elementor-column-gap-default\">\n\t\t\t\t\t<div class=\"elementor-column elementor-col-100 elementor-inner-column elementor-element elementor-element-a3a2410\" data-id=\"a3a2410\" data-element_type=\"column\" data-e-type=\"column\">\n\t\t\t<div class=\"elementor-widget-wrap elementor-element-populated\">\n\t\t\t\t\t\t<div class=\"elementor-element elementor-element-bb94324 elementor-widget__width-inherit elementor-widget elementor-widget-text-editor\" data-id=\"bb94324\" data-element_type=\"widget\" data-e-type=\"widget\" data-widget_type=\"text-editor.default\">\n\t\t\t\t<div class=\"elementor-widget-container\">\n\t\t\t\t\t\t\t\t\t<p class=\"p1\">Haben Sie es satt, sich angreifbar und unvorbereitet zu f\u00fchlen, wenn es um Ihre pers\u00f6nliche Sicherheit geht? Es ist an der Zeit, die Kontrolle \u00fcber Ihr Leben zu \u00fcbernehmen und Ihr volles Potenzial mit unserem revolution\u00e4ren Krav Maga Online-Programm zu entfalten! Unser umfassender Kurs soll Ihnen die F\u00e4higkeiten, das Selbstvertrauen und die Kraft vermitteln, die Sie sich schon immer gew\u00fcnscht haben. Durch interaktive Sitzungen, fachkundigen Unterricht und modernste Ressourcen bringen wir das beste Krav Maga Training direkt zu Ihnen. Verabschieden Sie sich von der Angst und begeben Sie sich auf eine lebensver\u00e4ndernde Reise, die Sie bef\u00e4higt, Ihre Pers\u00f6nlichkeit zu entwickeln. Treten Sie noch heute unserer bl\u00fchenden Gemeinschaft engagierter Mitglieder bei und entdecken Sie die Ver\u00e4nderung, die auf Sie wartet!<\/p>\n\t\t\t\t\t\t\t\t<\/div>\n\t\t\t\t<\/div>\n\t\t\t\t<div class=\"elementor-element elementor-element-d59cab8 elementor-align-center elementor-tablet-align-center elementor-widget elementor-widget-button\" data-id=\"d59cab8\" data-element_type=\"widget\" data-e-type=\"widget\" data-widget_type=\"button.default\">\n\t\t\t\t<div class=\"elementor-widget-container\">\n\t\t\t\t\t\t\t\t\t<div class=\"elementor-button-wrapper\">\n\t\t\t\t\t<a class=\"elementor-button elementor-button-link elementor-size-sm\" href=\"https:\/\/krav-maga-on-line.com\/de\/\">\n\t\t\t\t\t\t<span class=\"elementor-button-content-wrapper\">\n\t\t\t\t\t\t<span class=\"elementor-button-icon\">\n\t\t\t\t<svg aria-hidden=\"true\" class=\"e-font-icon-svg e-fas-arrow-right\" viewBox=\"0 0 448 512\" xmlns=\"http:\/\/www.w3.org\/2000\/svg\"><path d=\"M190.5 66.9l22.2-22.2c9.4-9.4 24.6-9.4 33.9 0L441 239c9.4 9.4 9.4 24.6 0 33.9L246.6 467.3c-9.4 9.4-24.6 9.4-33.9 0l-22.2-22.2c-9.5-9.5-9.3-25 .4-34.3L311.4 296H24c-13.3 0-24-10.7-24-24v-32c0-13.3 10.7-24 24-24h287.4L190.9 101.2c-9.8-9.3-10-24.8-.4-34.3z\"><\/path><\/svg>\t\t\t<\/span>\n\t\t\t\t\t\t\t\t\t<span class=\"elementor-button-text\">Anmeldung<\/span>\n\t\t\t\t\t<\/span>\n\t\t\t\t\t<\/a>\n\t\t\t\t<\/div>\n\t\t\t\t\t\t\t\t<\/div>\n\t\t\t\t<\/div>\n\t\t\t\t\t<\/div>\n\t\t<\/div>\n\t\t\t\t\t<\/div>\n\t\t<\/section>\n\t\t\t\t\t<\/div>\n\t\t<\/div>\n\t\t\t\t\t<\/div>\n\t\t<\/section>\n\t\t\t\t<\/div>\n\t\t","protected":false},"excerpt":{"rendered":"<p>https:\/\/vimeo.com\/330231544 Haben Sie es satt, sich angreifbar und unvorbereitet zu f\u00fchlen, wenn es um Ihre pers\u00f6nliche Sicherheit geht? Es ist an der Zeit, die Kontrolle \u00fcber Ihr Leben zu \u00fcbernehmen und Ihr volles Potenzial mit unserem revolution\u00e4ren Krav Maga Online-Programm zu entfalten! Unser umfassender Kurs soll Ihnen die F\u00e4higkeiten, das Selbstvertrauen und die Kraft vermitteln, [&hellip;]<\/p>\n","protected":false},"author":1,"featured_media":0,"parent":0,"menu_order":0,"comment_status":"closed","ping_status":"closed","template":"","meta":{"footnotes":""},"class_list":["post-75988","page","type-page","status-publish","hentry"],"yoast_head":"<!-- This site is optimized with the Yoast SEO plugin v27.5 - https:\/\/yoast.com\/product\/yoast-seo-wordpress\/ -->\n<title>KRAV MAGA AMERIKA - Krav Maga Online<\/title>\n<meta name=\"robots\" content=\"index, follow, max-snippet:-1, max-image-preview:large, max-video-preview:-1\" \/>\n<link rel=\"canonical\" href=\"https:\/\/krav-maga-on-line.com\/de\/krav-maga-amerika\/\" \/>\n<meta property=\"og:locale\" content=\"de_DE\" \/>\n<meta property=\"og:type\" content=\"article\" \/>\n<meta property=\"og:title\" content=\"KRAV MAGA AMERIKA - Krav Maga Online\" \/>\n<meta property=\"og:description\" content=\"https:\/\/vimeo.com\/330231544 Haben Sie es satt, sich angreifbar und unvorbereitet zu f\u00fchlen, wenn es um Ihre pers\u00f6nliche Sicherheit geht? Es ist an der Zeit, die Kontrolle \u00fcber Ihr Leben zu \u00fcbernehmen und Ihr volles Potenzial mit unserem revolution\u00e4ren Krav Maga Online-Programm zu entfalten! Unser umfassender Kurs soll Ihnen die F\u00e4higkeiten, das Selbstvertrauen und die Kraft vermitteln, [&hellip;]\" \/>\n<meta property=\"og:url\" content=\"https:\/\/krav-maga-on-line.com\/de\/krav-maga-amerika\/\" \/>\n<meta property=\"og:site_name\" content=\"Krav Maga Online\" \/>\n<meta property=\"article:publisher\" content=\"https:\/\/www.facebook.com\/expert.alain.cohen\/\" \/>\n<meta property=\"article:modified_time\" content=\"2024-10-28T10:26:59+00:00\" \/>\n<meta property=\"og:image\" content=\"https:\/\/krav-maga-on-line.com\/wp-content\/uploads\/2024\/10\/IMG_4475-scaled-1.jpeg\" \/>\n\t<meta property=\"og:image:width\" content=\"2560\" \/>\n\t<meta property=\"og:image:height\" content=\"876\" \/>\n\t<meta property=\"og:image:type\" content=\"image\/jpeg\" \/>\n<meta name=\"twitter:card\" content=\"summary_large_image\" \/>\n<meta name=\"twitter:site\" content=\"@KRAVSECURITY\" \/>\n<meta name=\"twitter:label1\" content=\"Gesch\u00e4tzte Lesezeit\" \/>\n\t<meta name=\"twitter:data1\" content=\"1\u00a0Minute\" \/>\n<script type=\"application\/ld+json\" class=\"yoast-schema-graph\">{\"@context\":\"https:\\\/\\\/schema.org\",\"@graph\":[{\"@type\":\"WebPage\",\"@id\":\"https:\\\/\\\/krav-maga-on-line.com\\\/de\\\/krav-maga-amerika\\\/\",\"url\":\"https:\\\/\\\/krav-maga-on-line.com\\\/de\\\/krav-maga-amerika\\\/\",\"name\":\"KRAV MAGA AMERIKA - Krav Maga Online\",\"isPartOf\":{\"@id\":\"https:\\\/\\\/krav-maga-on-line.com\\\/de\\\/#website\"},\"datePublished\":\"2020-06-05T11:45:45+00:00\",\"dateModified\":\"2024-10-28T10:26:59+00:00\",\"breadcrumb\":{\"@id\":\"https:\\\/\\\/krav-maga-on-line.com\\\/de\\\/krav-maga-amerika\\\/#breadcrumb\"},\"inLanguage\":\"de\",\"potentialAction\":[{\"@type\":\"ReadAction\",\"target\":[\"https:\\\/\\\/krav-maga-on-line.com\\\/de\\\/krav-maga-amerika\\\/\"]}]},{\"@type\":\"BreadcrumbList\",\"@id\":\"https:\\\/\\\/krav-maga-on-line.com\\\/de\\\/krav-maga-amerika\\\/#breadcrumb\",\"itemListElement\":[{\"@type\":\"ListItem\",\"position\":1,\"name\":\"Startseite\",\"item\":\"https:\\\/\\\/krav-maga-on-line.com\\\/de\\\/\"},{\"@type\":\"ListItem\",\"position\":2,\"name\":\"KRAV MAGA AMERIKA\"}]},{\"@type\":\"WebSite\",\"@id\":\"https:\\\/\\\/krav-maga-on-line.com\\\/de\\\/#website\",\"url\":\"https:\\\/\\\/krav-maga-on-line.com\\\/de\\\/\",\"name\":\"Krav Maga Online Training Course: Learn Self Defense Online, Obtain Online Krav Maga Instructor Certification, and Earn Your Krav Maga Black Belt Online\",\"description\":\"Training Self Defense Video Courses\",\"publisher\":{\"@id\":\"https:\\\/\\\/krav-maga-on-line.com\\\/de\\\/#organization\"},\"potentialAction\":[{\"@type\":\"SearchAction\",\"target\":{\"@type\":\"EntryPoint\",\"urlTemplate\":\"https:\\\/\\\/krav-maga-on-line.com\\\/de\\\/?s={search_term_string}\"},\"query-input\":{\"@type\":\"PropertyValueSpecification\",\"valueRequired\":true,\"valueName\":\"search_term_string\"}}],\"inLanguage\":\"de\"},{\"@type\":\"Organization\",\"@id\":\"https:\\\/\\\/krav-maga-on-line.com\\\/de\\\/#organization\",\"name\":\"Krav Maga Online Training Course: Learn Self Defense Online, Obtain Online Krav Maga Instructor Certification, and Earn Your Krav Maga Black Belt Online\",\"url\":\"https:\\\/\\\/krav-maga-on-line.com\\\/de\\\/\",\"logo\":{\"@type\":\"ImageObject\",\"inLanguage\":\"de\",\"@id\":\"https:\\\/\\\/krav-maga-on-line.com\\\/de\\\/#\\\/schema\\\/logo\\\/image\\\/\",\"url\":\"https:\\\/\\\/krav-maga-on-line.com\\\/wp-content\\\/uploads\\\/2024\\\/09\\\/cropped-Krav-Maga-Online-favicon.png\",\"contentUrl\":\"https:\\\/\\\/krav-maga-on-line.com\\\/wp-content\\\/uploads\\\/2024\\\/09\\\/cropped-Krav-Maga-Online-favicon.png\",\"width\":512,\"height\":512,\"caption\":\"Krav Maga Online Training Course: Learn Self Defense Online, Obtain Online Krav Maga Instructor Certification, and Earn Your Krav Maga Black Belt Online\"},\"image\":{\"@id\":\"https:\\\/\\\/krav-maga-on-line.com\\\/de\\\/#\\\/schema\\\/logo\\\/image\\\/\"},\"sameAs\":[\"https:\\\/\\\/www.facebook.com\\\/expert.alain.cohen\\\/\",\"https:\\\/\\\/x.com\\\/KRAVSECURITY\",\"https:\\\/\\\/www.linkedin.com\\\/in\\\/kravmaga1\",\"https:\\\/\\\/www.instagram.com\\\/cohen_alain\\\/\",\"https:\\\/\\\/www.youtube.com\\\/c\\\/KRAVMAGA1?sub_confirmation=1\",\"https:\\\/\\\/www.tiktok.com\\\/@kravmagacohen\",\"https:\\\/\\\/www.snapchat.com\\\/add\\\/kravmagaonline\"]}]}<\/script>\n<!-- \/ Yoast SEO plugin. -->","yoast_head_json":{"title":"KRAV MAGA AMERIKA - Krav Maga Online","robots":{"index":"index","follow":"follow","max-snippet":"max-snippet:-1","max-image-preview":"max-image-preview:large","max-video-preview":"max-video-preview:-1"},"canonical":"https:\/\/krav-maga-on-line.com\/de\/krav-maga-amerika\/","og_locale":"de_DE","og_type":"article","og_title":"KRAV MAGA AMERIKA - Krav Maga Online","og_description":"https:\/\/vimeo.com\/330231544 Haben Sie es satt, sich angreifbar und unvorbereitet zu f\u00fchlen, wenn es um Ihre pers\u00f6nliche Sicherheit geht? Es ist an der Zeit, die Kontrolle \u00fcber Ihr Leben zu \u00fcbernehmen und Ihr volles Potenzial mit unserem revolution\u00e4ren Krav Maga Online-Programm zu entfalten! Unser umfassender Kurs soll Ihnen die F\u00e4higkeiten, das Selbstvertrauen und die Kraft vermitteln, [&hellip;]","og_url":"https:\/\/krav-maga-on-line.com\/de\/krav-maga-amerika\/","og_site_name":"Krav Maga Online","article_publisher":"https:\/\/www.facebook.com\/expert.alain.cohen\/","article_modified_time":"2024-10-28T10:26:59+00:00","og_image":[{"width":2560,"height":876,"url":"https:\/\/krav-maga-on-line.com\/wp-content\/uploads\/2024\/10\/IMG_4475-scaled-1.jpeg","type":"image\/jpeg"}],"twitter_card":"summary_large_image","twitter_site":"@KRAVSECURITY","twitter_misc":{"Gesch\u00e4tzte Lesezeit":"1\u00a0Minute"},"schema":{"@context":"https:\/\/schema.org","@graph":[{"@type":"WebPage","@id":"https:\/\/krav-maga-on-line.com\/de\/krav-maga-amerika\/","url":"https:\/\/krav-maga-on-line.com\/de\/krav-maga-amerika\/","name":"KRAV MAGA AMERIKA - Krav Maga Online","isPartOf":{"@id":"https:\/\/krav-maga-on-line.com\/de\/#website"},"datePublished":"2020-06-05T11:45:45+00:00","dateModified":"2024-10-28T10:26:59+00:00","breadcrumb":{"@id":"https:\/\/krav-maga-on-line.com\/de\/krav-maga-amerika\/#breadcrumb"},"inLanguage":"de","potentialAction":[{"@type":"ReadAction","target":["https:\/\/krav-maga-on-line.com\/de\/krav-maga-amerika\/"]}]},{"@type":"BreadcrumbList","@id":"https:\/\/krav-maga-on-line.com\/de\/krav-maga-amerika\/#breadcrumb","itemListElement":[{"@type":"ListItem","position":1,"name":"Startseite","item":"https:\/\/krav-maga-on-line.com\/de\/"},{"@type":"ListItem","position":2,"name":"KRAV MAGA AMERIKA"}]},{"@type":"WebSite","@id":"https:\/\/krav-maga-on-line.com\/de\/#website","url":"https:\/\/krav-maga-on-line.com\/de\/","name":"Krav Maga Online Training Course: Learn Self Defense Online, Obtain Online Krav Maga Instructor Certification, and Earn Your Krav Maga Black Belt Online","description":"Training Self Defense Video Courses","publisher":{"@id":"https:\/\/krav-maga-on-line.com\/de\/#organization"},"potentialAction":[{"@type":"SearchAction","target":{"@type":"EntryPoint","urlTemplate":"https:\/\/krav-maga-on-line.com\/de\/?s={search_term_string}"},"query-input":{"@type":"PropertyValueSpecification","valueRequired":true,"valueName":"search_term_string"}}],"inLanguage":"de"},{"@type":"Organization","@id":"https:\/\/krav-maga-on-line.com\/de\/#organization","name":"Krav Maga Online Training Course: Learn Self Defense Online, Obtain Online Krav Maga Instructor Certification, and Earn Your Krav Maga Black Belt Online","url":"https:\/\/krav-maga-on-line.com\/de\/","logo":{"@type":"ImageObject","inLanguage":"de","@id":"https:\/\/krav-maga-on-line.com\/de\/#\/schema\/logo\/image\/","url":"https:\/\/krav-maga-on-line.com\/wp-content\/uploads\/2024\/09\/cropped-Krav-Maga-Online-favicon.png","contentUrl":"https:\/\/krav-maga-on-line.com\/wp-content\/uploads\/2024\/09\/cropped-Krav-Maga-Online-favicon.png","width":512,"height":512,"caption":"Krav Maga Online Training Course: Learn Self Defense Online, Obtain Online Krav Maga Instructor Certification, and Earn Your Krav Maga Black Belt Online"},"image":{"@id":"https:\/\/krav-maga-on-line.com\/de\/#\/schema\/logo\/image\/"},"sameAs":["https:\/\/www.facebook.com\/expert.alain.cohen\/","https:\/\/x.com\/KRAVSECURITY","https:\/\/www.linkedin.com\/in\/kravmaga1","https:\/\/www.instagram.com\/cohen_alain\/","https:\/\/www.youtube.com\/c\/KRAVMAGA1?sub_confirmation=1","https:\/\/www.tiktok.com\/@kravmagacohen","https:\/\/www.snapchat.com\/add\/kravmagaonline"]}]}},"_links":{"self":[{"href":"https:\/\/krav-maga-on-line.com\/de\/wp-json\/wp\/v2\/pages\/75988","targetHints":{"allow":["GET"]}}],"collection":[{"href":"https:\/\/krav-maga-on-line.com\/de\/wp-json\/wp\/v2\/pages"}],"about":[{"href":"https:\/\/krav-maga-on-line.com\/de\/wp-json\/wp\/v2\/types\/page"}],"author":[{"embeddable":true,"href":"https:\/\/krav-maga-on-line.com\/de\/wp-json\/wp\/v2\/users\/1"}],"replies":[{"embeddable":true,"href":"https:\/\/krav-maga-on-line.com\/de\/wp-json\/wp\/v2\/comments?post=75988"}],"version-history":[{"count":0,"href":"https:\/\/krav-maga-on-line.com\/de\/wp-json\/wp\/v2\/pages\/75988\/revisions"}],"wp:attachment":[{"href":"https:\/\/krav-maga-on-line.com\/de\/wp-json\/wp\/v2\/media?parent=75988"}],"curies":[{"name":"wp","href":"https:\/\/api.w.org\/{rel}","templated":true}]}}