{"id":75986,"date":"2020-06-05T13:49:33","date_gmt":"2020-06-05T11:49:33","guid":{"rendered":"https:\/\/krav-maga-on-line.com\/krav-maga-jetzt-bist-du-dran\/"},"modified":"2024-10-28T11:26:53","modified_gmt":"2024-10-28T10:26:53","slug":"krav-maga-jetzt-bist-du-dran","status":"publish","type":"page","link":"https:\/\/krav-maga-on-line.com\/de\/krav-maga-jetzt-bist-du-dran\/","title":{"rendered":"KRAV MAGA JETZT BIST DU DRAN"},"content":{"rendered":"\t\t<div data-elementor-type=\"wp-page\" data-elementor-id=\"75986\" class=\"elementor elementor-75986 elementor-12639\" data-elementor-post-type=\"page\">\n\t\t\t\t\t\t<section class=\"elementor-section elementor-top-section elementor-element elementor-element-1be0fe9 elementor-section-boxed elementor-section-height-default elementor-section-height-default\" data-id=\"1be0fe9\" data-element_type=\"section\" data-e-type=\"section\">\n\t\t\t\t\t\t<div class=\"elementor-container elementor-column-gap-default\">\n\t\t\t\t\t<div class=\"elementor-column elementor-col-100 elementor-top-column elementor-element elementor-element-66978ad\" data-id=\"66978ad\" data-element_type=\"column\" data-e-type=\"column\">\n\t\t\t<div class=\"elementor-widget-wrap elementor-element-populated\">\n\t\t\t\t\t\t<div class=\"elementor-element elementor-element-e33001c elementor-widget elementor-widget-heading\" data-id=\"e33001c\" data-element_type=\"widget\" data-e-type=\"widget\" data-widget_type=\"heading.default\">\n\t\t\t\t<div class=\"elementor-widget-container\">\n\t\t\t\t\t<h2 class=\"elementor-heading-title elementor-size-default\">Entdecken Sie, was Studenten aus aller Welt \u00fcber unser Programm sagen<\/h2>\t\t\t\t<\/div>\n\t\t\t\t<\/div>\n\t\t\t\t<section class=\"elementor-section elementor-inner-section elementor-element elementor-element-9b7d823 elementor-section-boxed elementor-section-height-default elementor-section-height-default\" data-id=\"9b7d823\" data-element_type=\"section\" data-e-type=\"section\">\n\t\t\t\t\t\t<div class=\"elementor-container elementor-column-gap-default\">\n\t\t\t\t\t<div class=\"elementor-column elementor-col-50 elementor-inner-column elementor-element elementor-element-1feb74f\" data-id=\"1feb74f\" data-element_type=\"column\" data-e-type=\"column\">\n\t\t\t<div class=\"elementor-widget-wrap elementor-element-populated\">\n\t\t\t\t\t\t<div class=\"elementor-element elementor-element-50a15a5 elementor-widget elementor-widget-video\" data-id=\"50a15a5\" data-element_type=\"widget\" data-e-type=\"widget\" data-settings=\"{&quot;video_type&quot;:&quot;vimeo&quot;}\" data-widget_type=\"video.default\">\n\t\t\t\t<div class=\"elementor-widget-container\">\n\t\t\t\t\t\t\t<div class=\"elementor-wrapper elementor-open-inline\">\n\t\t\t<iframe class=\"elementor-video-iframe\" allowfullscreen allow=\"clipboard-write\" title=\"vimeo Video Player\" src=\"https:\/\/player.vimeo.com\/video\/330028536?color&amp;autopause=0&amp;loop=0&amp;muted=0&amp;title=1&amp;portrait=1&amp;byline=1#t=\"><\/iframe>\t\t<\/div>\n\t\t\t\t\t\t<\/div>\n\t\t\t\t<\/div>\n\t\t\t\t\t<\/div>\n\t\t<\/div>\n\t\t\t\t<div class=\"elementor-column elementor-col-50 elementor-inner-column elementor-element elementor-element-759bd32\" data-id=\"759bd32\" data-element_type=\"column\" data-e-type=\"column\">\n\t\t\t<div class=\"elementor-widget-wrap elementor-element-populated\">\n\t\t\t\t\t\t<div class=\"elementor-element elementor-element-33e9eb0 elementor-widget elementor-widget-video\" data-id=\"33e9eb0\" data-element_type=\"widget\" data-e-type=\"widget\" data-settings=\"{&quot;video_type&quot;:&quot;vimeo&quot;}\" data-widget_type=\"video.default\">\n\t\t\t\t<div class=\"elementor-widget-container\">\n\t\t\t\t\t\t\t<div class=\"elementor-wrapper elementor-open-inline\">\n\t\t\t<iframe class=\"elementor-video-iframe\" allowfullscreen allow=\"clipboard-write\" title=\"vimeo Video Player\" src=\"https:\/\/player.vimeo.com\/video\/339850060?color&amp;autopause=0&amp;loop=0&amp;muted=0&amp;title=1&amp;portrait=1&amp;byline=1#t=\"><\/iframe>\t\t<\/div>\n\t\t\t\t\t\t<\/div>\n\t\t\t\t<\/div>\n\t\t\t\t\t<\/div>\n\t\t<\/div>\n\t\t\t\t\t<\/div>\n\t\t<\/section>\n\t\t\t\t<div class=\"elementor-element elementor-element-fc078b9 elementor-widget elementor-widget-spacer\" data-id=\"fc078b9\" data-element_type=\"widget\" data-e-type=\"widget\" data-widget_type=\"spacer.default\">\n\t\t\t\t<div class=\"elementor-widget-container\">\n\t\t\t\t\t\t\t<div class=\"elementor-spacer\">\n\t\t\t<div class=\"elementor-spacer-inner\"><\/div>\n\t\t<\/div>\n\t\t\t\t\t\t<\/div>\n\t\t\t\t<\/div>\n\t\t\t\t<section class=\"elementor-section elementor-inner-section elementor-element elementor-element-6c285ec elementor-section-boxed elementor-section-height-default elementor-section-height-default\" data-id=\"6c285ec\" data-element_type=\"section\" data-e-type=\"section\">\n\t\t\t\t\t\t<div class=\"elementor-container elementor-column-gap-default\">\n\t\t\t\t\t<div class=\"elementor-column elementor-col-50 elementor-inner-column elementor-element elementor-element-547e8f3\" data-id=\"547e8f3\" data-element_type=\"column\" data-e-type=\"column\">\n\t\t\t<div class=\"elementor-widget-wrap elementor-element-populated\">\n\t\t\t\t\t\t<div class=\"elementor-element elementor-element-c3c3753 elementor-widget elementor-widget-video\" data-id=\"c3c3753\" data-element_type=\"widget\" data-e-type=\"widget\" data-settings=\"{&quot;video_type&quot;:&quot;vimeo&quot;}\" data-widget_type=\"video.default\">\n\t\t\t\t<div class=\"elementor-widget-container\">\n\t\t\t\t\t\t\t<div class=\"elementor-wrapper elementor-open-inline\">\n\t\t\t<iframe class=\"elementor-video-iframe\" allowfullscreen allow=\"clipboard-write\" title=\"vimeo Video Player\" src=\"https:\/\/player.vimeo.com\/video\/309284790?color&amp;autopause=0&amp;loop=0&amp;muted=0&amp;title=1&amp;portrait=1&amp;byline=1#t=\"><\/iframe>\t\t<\/div>\n\t\t\t\t\t\t<\/div>\n\t\t\t\t<\/div>\n\t\t\t\t\t<\/div>\n\t\t<\/div>\n\t\t\t\t<div class=\"elementor-column elementor-col-50 elementor-inner-column elementor-element elementor-element-ce0f692\" data-id=\"ce0f692\" data-element_type=\"column\" data-e-type=\"column\">\n\t\t\t<div class=\"elementor-widget-wrap elementor-element-populated\">\n\t\t\t\t\t\t<div class=\"elementor-element elementor-element-5c7b8b2 elementor-widget elementor-widget-video\" data-id=\"5c7b8b2\" data-element_type=\"widget\" data-e-type=\"widget\" data-settings=\"{&quot;video_type&quot;:&quot;vimeo&quot;}\" data-widget_type=\"video.default\">\n\t\t\t\t<div class=\"elementor-widget-container\">\n\t\t\t\t\t\t\t<div class=\"elementor-wrapper elementor-open-inline\">\n\t\t\t<iframe class=\"elementor-video-iframe\" allowfullscreen allow=\"clipboard-write\" title=\"vimeo Video Player\" src=\"https:\/\/player.vimeo.com\/video\/330004401?color&amp;autopause=0&amp;loop=0&amp;muted=0&amp;title=1&amp;portrait=1&amp;byline=1#t=\"><\/iframe>\t\t<\/div>\n\t\t\t\t\t\t<\/div>\n\t\t\t\t<\/div>\n\t\t\t\t\t<\/div>\n\t\t<\/div>\n\t\t\t\t\t<\/div>\n\t\t<\/section>\n\t\t\t\t<div class=\"elementor-element elementor-element-90cd450 elementor-widget elementor-widget-spacer\" data-id=\"90cd450\" data-element_type=\"widget\" data-e-type=\"widget\" data-widget_type=\"spacer.default\">\n\t\t\t\t<div class=\"elementor-widget-container\">\n\t\t\t\t\t\t\t<div class=\"elementor-spacer\">\n\t\t\t<div class=\"elementor-spacer-inner\"><\/div>\n\t\t<\/div>\n\t\t\t\t\t\t<\/div>\n\t\t\t\t<\/div>\n\t\t\t\t<section class=\"elementor-section elementor-inner-section elementor-element elementor-element-86cc8ab elementor-section-boxed elementor-section-height-default elementor-section-height-default\" data-id=\"86cc8ab\" data-element_type=\"section\" data-e-type=\"section\">\n\t\t\t\t\t\t<div class=\"elementor-container elementor-column-gap-default\">\n\t\t\t\t\t<div class=\"elementor-column elementor-col-50 elementor-inner-column elementor-element elementor-element-e59c863\" data-id=\"e59c863\" data-element_type=\"column\" data-e-type=\"column\">\n\t\t\t<div class=\"elementor-widget-wrap elementor-element-populated\">\n\t\t\t\t\t\t<div class=\"elementor-element elementor-element-b9455a1 elementor-widget elementor-widget-video\" data-id=\"b9455a1\" data-element_type=\"widget\" data-e-type=\"widget\" data-settings=\"{&quot;video_type&quot;:&quot;vimeo&quot;}\" data-widget_type=\"video.default\">\n\t\t\t\t<div class=\"elementor-widget-container\">\n\t\t\t\t\t\t\t<div class=\"elementor-wrapper elementor-open-inline\">\n\t\t\t<iframe class=\"elementor-video-iframe\" allowfullscreen allow=\"clipboard-write\" title=\"vimeo Video Player\" src=\"https:\/\/player.vimeo.com\/video\/330234807?color&amp;autopause=0&amp;loop=0&amp;muted=0&amp;title=1&amp;portrait=1&amp;byline=1#t=\"><\/iframe>\t\t<\/div>\n\t\t\t\t\t\t<\/div>\n\t\t\t\t<\/div>\n\t\t\t\t\t<\/div>\n\t\t<\/div>\n\t\t\t\t<div class=\"elementor-column elementor-col-50 elementor-inner-column elementor-element elementor-element-7c2c47e\" data-id=\"7c2c47e\" data-element_type=\"column\" data-e-type=\"column\">\n\t\t\t<div class=\"elementor-widget-wrap elementor-element-populated\">\n\t\t\t\t\t\t<div class=\"elementor-element elementor-element-14a2010 elementor-widget elementor-widget-video\" data-id=\"14a2010\" data-element_type=\"widget\" data-e-type=\"widget\" data-settings=\"{&quot;video_type&quot;:&quot;vimeo&quot;}\" data-widget_type=\"video.default\">\n\t\t\t\t<div class=\"elementor-widget-container\">\n\t\t\t\t\t\t\t<div class=\"elementor-wrapper elementor-open-inline\">\n\t\t\t<iframe class=\"elementor-video-iframe\" allowfullscreen allow=\"clipboard-write\" title=\"vimeo Video Player\" src=\"https:\/\/player.vimeo.com\/video\/330019178?color&amp;autopause=0&amp;loop=0&amp;muted=0&amp;title=1&amp;portrait=1&amp;byline=1#t=\"><\/iframe>\t\t<\/div>\n\t\t\t\t\t\t<\/div>\n\t\t\t\t<\/div>\n\t\t\t\t\t<\/div>\n\t\t<\/div>\n\t\t\t\t\t<\/div>\n\t\t<\/section>\n\t\t\t\t<div class=\"elementor-element elementor-element-531a2ba elementor-widget__width-inherit elementor-widget elementor-widget-text-editor\" data-id=\"531a2ba\" data-element_type=\"widget\" data-e-type=\"widget\" data-widget_type=\"text-editor.default\">\n\t\t\t\t<div class=\"elementor-widget-container\">\n\t\t\t\t\t\t\t\t\t<p class=\"p1\">Sind Sie auf der Suche nach dem fehlenden Teil in Ihrem Leben? Suchen Sie nicht weiter &#8211; unser Krav Maga Online-Programm bietet Ihnen alles, wonach Sie sich gesehnt haben. Unser umfassender Lehrplan deckt alles ab, von k\u00f6rperlicher Fitness bis zur Beherrschung der Selbstverteidigung. Unsere fachkundigen Ausbilder werden Sie bei jedem Schritt begleiten und sicherstellen, dass Sie die F\u00e4higkeiten und Techniken entwickeln, die Sie ben\u00f6tigen, um jede reale Situation zu meistern. Aber es geht nicht nur um K\u00f6rperlichkeit &#8211; unser Programm konzentriert sich auch auf mentale St\u00e4rke, die Ihnen hilft, Hindernisse zu \u00fcberwinden, Widerstandsf\u00e4higkeit aufzubauen und in allen Aspekten des Lebens erfolgreich zu sein. Es ist an der Zeit, dass Sie aufh\u00f6ren zu tr\u00e4umen und anfangen, Ihr bestes Leben zu leben. Nehmen Sie noch heute an unserem Programm teil und erschlie\u00dfen Sie sich eine Welt der unbegrenzten M\u00f6glichkeiten!<\/p>\n\t\t\t\t\t\t\t\t<\/div>\n\t\t\t\t<\/div>\n\t\t\t\t<div class=\"elementor-element elementor-element-0117b46 elementor-align-center elementor-tablet-align-center elementor-widget elementor-widget-button\" data-id=\"0117b46\" data-element_type=\"widget\" data-e-type=\"widget\" data-widget_type=\"button.default\">\n\t\t\t\t<div class=\"elementor-widget-container\">\n\t\t\t\t\t\t\t\t\t<div class=\"elementor-button-wrapper\">\n\t\t\t\t\t<a class=\"elementor-button elementor-button-link elementor-size-sm\" href=\"https:\/\/krav-maga-on-line.com\/de\/\">\n\t\t\t\t\t\t<span class=\"elementor-button-content-wrapper\">\n\t\t\t\t\t\t<span class=\"elementor-button-icon\">\n\t\t\t\t<svg aria-hidden=\"true\" class=\"e-font-icon-svg e-fas-arrow-right\" viewBox=\"0 0 448 512\" xmlns=\"http:\/\/www.w3.org\/2000\/svg\"><path d=\"M190.5 66.9l22.2-22.2c9.4-9.4 24.6-9.4 33.9 0L441 239c9.4 9.4 9.4 24.6 0 33.9L246.6 467.3c-9.4 9.4-24.6 9.4-33.9 0l-22.2-22.2c-9.5-9.5-9.3-25 .4-34.3L311.4 296H24c-13.3 0-24-10.7-24-24v-32c0-13.3 10.7-24 24-24h287.4L190.9 101.2c-9.8-9.3-10-24.8-.4-34.3z\"><\/path><\/svg>\t\t\t<\/span>\n\t\t\t\t\t\t\t\t\t<span class=\"elementor-button-text\">Anmeldung<\/span>\n\t\t\t\t\t<\/span>\n\t\t\t\t\t<\/a>\n\t\t\t\t<\/div>\n\t\t\t\t\t\t\t\t<\/div>\n\t\t\t\t<\/div>\n\t\t\t\t\t<\/div>\n\t\t<\/div>\n\t\t\t\t\t<\/div>\n\t\t<\/section>\n\t\t\t\t<\/div>\n\t\t","protected":false},"excerpt":{"rendered":"<p>Entdecken Sie, was Studenten aus aller Welt \u00fcber unser Programm sagen https:\/\/vimeo.com\/330028536https:\/\/vimeo.com\/339850060?share=copy https:\/\/vimeo.com\/330234807?share=copyhttps:\/\/vimeo.com\/330019178?share=copy Sind Sie auf der Suche nach dem fehlenden Teil in Ihrem Leben? Suchen Sie nicht weiter &#8211; unser Krav Maga Online-Programm bietet Ihnen alles, wonach Sie sich gesehnt haben. Unser umfassender Lehrplan deckt alles ab, von k\u00f6rperlicher Fitness bis zur Beherrschung der [&hellip;]<\/p>\n","protected":false},"author":1,"featured_media":0,"parent":0,"menu_order":0,"comment_status":"closed","ping_status":"closed","template":"","meta":{"footnotes":""},"class_list":["post-75986","page","type-page","status-publish","hentry"],"yoast_head":"<!-- This site is optimized with the Yoast SEO plugin v27.4 - https:\/\/yoast.com\/product\/yoast-seo-wordpress\/ -->\n<title>KRAV MAGA JETZT BIST DU DRAN - Krav Maga Online<\/title>\n<meta name=\"robots\" content=\"index, follow, max-snippet:-1, max-image-preview:large, max-video-preview:-1\" \/>\n<link rel=\"canonical\" href=\"https:\/\/krav-maga-on-line.com\/de\/krav-maga-jetzt-bist-du-dran\/\" \/>\n<meta property=\"og:locale\" content=\"de_DE\" \/>\n<meta property=\"og:type\" content=\"article\" \/>\n<meta property=\"og:title\" content=\"KRAV MAGA JETZT BIST DU DRAN - Krav Maga Online\" \/>\n<meta property=\"og:description\" content=\"Entdecken Sie, was Studenten aus aller Welt \u00fcber unser Programm sagen https:\/\/vimeo.com\/330028536https:\/\/vimeo.com\/339850060?share=copy https:\/\/vimeo.com\/330234807?share=copyhttps:\/\/vimeo.com\/330019178?share=copy Sind Sie auf der Suche nach dem fehlenden Teil in Ihrem Leben? Suchen Sie nicht weiter &#8211; unser Krav Maga Online-Programm bietet Ihnen alles, wonach Sie sich gesehnt haben. Unser umfassender Lehrplan deckt alles ab, von k\u00f6rperlicher Fitness bis zur Beherrschung der [&hellip;]\" \/>\n<meta property=\"og:url\" content=\"https:\/\/krav-maga-on-line.com\/de\/krav-maga-jetzt-bist-du-dran\/\" \/>\n<meta property=\"og:site_name\" content=\"Krav Maga Online\" \/>\n<meta property=\"article:publisher\" content=\"https:\/\/www.facebook.com\/expert.alain.cohen\/\" \/>\n<meta property=\"article:modified_time\" content=\"2024-10-28T10:26:53+00:00\" \/>\n<meta property=\"og:image\" content=\"https:\/\/krav-maga-on-line.com\/wp-content\/uploads\/2024\/10\/IMG_4475-scaled-1.jpeg\" \/>\n\t<meta property=\"og:image:width\" content=\"2560\" \/>\n\t<meta property=\"og:image:height\" content=\"876\" \/>\n\t<meta property=\"og:image:type\" content=\"image\/jpeg\" \/>\n<meta name=\"twitter:card\" content=\"summary_large_image\" \/>\n<meta name=\"twitter:site\" content=\"@KRAVSECURITY\" \/>\n<meta name=\"twitter:label1\" content=\"Gesch\u00e4tzte Lesezeit\" \/>\n\t<meta name=\"twitter:data1\" content=\"1\u00a0Minute\" \/>\n<script type=\"application\/ld+json\" class=\"yoast-schema-graph\">{\"@context\":\"https:\\\/\\\/schema.org\",\"@graph\":[{\"@type\":\"WebPage\",\"@id\":\"https:\\\/\\\/krav-maga-on-line.com\\\/de\\\/krav-maga-jetzt-bist-du-dran\\\/\",\"url\":\"https:\\\/\\\/krav-maga-on-line.com\\\/de\\\/krav-maga-jetzt-bist-du-dran\\\/\",\"name\":\"KRAV MAGA JETZT BIST DU DRAN - Krav Maga Online\",\"isPartOf\":{\"@id\":\"https:\\\/\\\/krav-maga-on-line.com\\\/de\\\/#website\"},\"datePublished\":\"2020-06-05T11:49:33+00:00\",\"dateModified\":\"2024-10-28T10:26:53+00:00\",\"breadcrumb\":{\"@id\":\"https:\\\/\\\/krav-maga-on-line.com\\\/de\\\/krav-maga-jetzt-bist-du-dran\\\/#breadcrumb\"},\"inLanguage\":\"de\",\"potentialAction\":[{\"@type\":\"ReadAction\",\"target\":[\"https:\\\/\\\/krav-maga-on-line.com\\\/de\\\/krav-maga-jetzt-bist-du-dran\\\/\"]}]},{\"@type\":\"BreadcrumbList\",\"@id\":\"https:\\\/\\\/krav-maga-on-line.com\\\/de\\\/krav-maga-jetzt-bist-du-dran\\\/#breadcrumb\",\"itemListElement\":[{\"@type\":\"ListItem\",\"position\":1,\"name\":\"Startseite\",\"item\":\"https:\\\/\\\/krav-maga-on-line.com\\\/de\\\/\"},{\"@type\":\"ListItem\",\"position\":2,\"name\":\"KRAV MAGA JETZT BIST DU DRAN\"}]},{\"@type\":\"WebSite\",\"@id\":\"https:\\\/\\\/krav-maga-on-line.com\\\/de\\\/#website\",\"url\":\"https:\\\/\\\/krav-maga-on-line.com\\\/de\\\/\",\"name\":\"Krav Maga Online Training Course: Learn Self Defense Online, Obtain Online Krav Maga Instructor Certification, and Earn Your Krav Maga Black Belt Online\",\"description\":\"Training Self Defense Video Courses\",\"publisher\":{\"@id\":\"https:\\\/\\\/krav-maga-on-line.com\\\/de\\\/#organization\"},\"potentialAction\":[{\"@type\":\"SearchAction\",\"target\":{\"@type\":\"EntryPoint\",\"urlTemplate\":\"https:\\\/\\\/krav-maga-on-line.com\\\/de\\\/?s={search_term_string}\"},\"query-input\":{\"@type\":\"PropertyValueSpecification\",\"valueRequired\":true,\"valueName\":\"search_term_string\"}}],\"inLanguage\":\"de\"},{\"@type\":\"Organization\",\"@id\":\"https:\\\/\\\/krav-maga-on-line.com\\\/de\\\/#organization\",\"name\":\"Krav Maga Online Training Course: Learn Self Defense Online, Obtain Online Krav Maga Instructor Certification, and Earn Your Krav Maga Black Belt Online\",\"url\":\"https:\\\/\\\/krav-maga-on-line.com\\\/de\\\/\",\"logo\":{\"@type\":\"ImageObject\",\"inLanguage\":\"de\",\"@id\":\"https:\\\/\\\/krav-maga-on-line.com\\\/de\\\/#\\\/schema\\\/logo\\\/image\\\/\",\"url\":\"https:\\\/\\\/krav-maga-on-line.com\\\/wp-content\\\/uploads\\\/2024\\\/09\\\/cropped-Krav-Maga-Online-favicon.png\",\"contentUrl\":\"https:\\\/\\\/krav-maga-on-line.com\\\/wp-content\\\/uploads\\\/2024\\\/09\\\/cropped-Krav-Maga-Online-favicon.png\",\"width\":512,\"height\":512,\"caption\":\"Krav Maga Online Training Course: Learn Self Defense Online, Obtain Online Krav Maga Instructor Certification, and Earn Your Krav Maga Black Belt Online\"},\"image\":{\"@id\":\"https:\\\/\\\/krav-maga-on-line.com\\\/de\\\/#\\\/schema\\\/logo\\\/image\\\/\"},\"sameAs\":[\"https:\\\/\\\/www.facebook.com\\\/expert.alain.cohen\\\/\",\"https:\\\/\\\/x.com\\\/KRAVSECURITY\",\"https:\\\/\\\/www.linkedin.com\\\/in\\\/kravmaga1\",\"https:\\\/\\\/www.instagram.com\\\/cohen_alain\\\/\",\"https:\\\/\\\/www.youtube.com\\\/c\\\/KRAVMAGA1?sub_confirmation=1\",\"https:\\\/\\\/www.tiktok.com\\\/@kravmagacohen\",\"https:\\\/\\\/www.snapchat.com\\\/add\\\/kravmagaonline\"]}]}<\/script>\n<!-- \/ Yoast SEO plugin. -->","yoast_head_json":{"title":"KRAV MAGA JETZT BIST DU DRAN - Krav Maga Online","robots":{"index":"index","follow":"follow","max-snippet":"max-snippet:-1","max-image-preview":"max-image-preview:large","max-video-preview":"max-video-preview:-1"},"canonical":"https:\/\/krav-maga-on-line.com\/de\/krav-maga-jetzt-bist-du-dran\/","og_locale":"de_DE","og_type":"article","og_title":"KRAV MAGA JETZT BIST DU DRAN - Krav Maga Online","og_description":"Entdecken Sie, was Studenten aus aller Welt \u00fcber unser Programm sagen https:\/\/vimeo.com\/330028536https:\/\/vimeo.com\/339850060?share=copy https:\/\/vimeo.com\/330234807?share=copyhttps:\/\/vimeo.com\/330019178?share=copy Sind Sie auf der Suche nach dem fehlenden Teil in Ihrem Leben? Suchen Sie nicht weiter &#8211; unser Krav Maga Online-Programm bietet Ihnen alles, wonach Sie sich gesehnt haben. Unser umfassender Lehrplan deckt alles ab, von k\u00f6rperlicher Fitness bis zur Beherrschung der [&hellip;]","og_url":"https:\/\/krav-maga-on-line.com\/de\/krav-maga-jetzt-bist-du-dran\/","og_site_name":"Krav Maga Online","article_publisher":"https:\/\/www.facebook.com\/expert.alain.cohen\/","article_modified_time":"2024-10-28T10:26:53+00:00","og_image":[{"width":2560,"height":876,"url":"https:\/\/krav-maga-on-line.com\/wp-content\/uploads\/2024\/10\/IMG_4475-scaled-1.jpeg","type":"image\/jpeg"}],"twitter_card":"summary_large_image","twitter_site":"@KRAVSECURITY","twitter_misc":{"Gesch\u00e4tzte Lesezeit":"1\u00a0Minute"},"schema":{"@context":"https:\/\/schema.org","@graph":[{"@type":"WebPage","@id":"https:\/\/krav-maga-on-line.com\/de\/krav-maga-jetzt-bist-du-dran\/","url":"https:\/\/krav-maga-on-line.com\/de\/krav-maga-jetzt-bist-du-dran\/","name":"KRAV MAGA JETZT BIST DU DRAN - Krav Maga Online","isPartOf":{"@id":"https:\/\/krav-maga-on-line.com\/de\/#website"},"datePublished":"2020-06-05T11:49:33+00:00","dateModified":"2024-10-28T10:26:53+00:00","breadcrumb":{"@id":"https:\/\/krav-maga-on-line.com\/de\/krav-maga-jetzt-bist-du-dran\/#breadcrumb"},"inLanguage":"de","potentialAction":[{"@type":"ReadAction","target":["https:\/\/krav-maga-on-line.com\/de\/krav-maga-jetzt-bist-du-dran\/"]}]},{"@type":"BreadcrumbList","@id":"https:\/\/krav-maga-on-line.com\/de\/krav-maga-jetzt-bist-du-dran\/#breadcrumb","itemListElement":[{"@type":"ListItem","position":1,"name":"Startseite","item":"https:\/\/krav-maga-on-line.com\/de\/"},{"@type":"ListItem","position":2,"name":"KRAV MAGA JETZT BIST DU DRAN"}]},{"@type":"WebSite","@id":"https:\/\/krav-maga-on-line.com\/de\/#website","url":"https:\/\/krav-maga-on-line.com\/de\/","name":"Krav Maga Online Training Course: Learn Self Defense Online, Obtain Online Krav Maga Instructor Certification, and Earn Your Krav Maga Black Belt Online","description":"Training Self Defense Video Courses","publisher":{"@id":"https:\/\/krav-maga-on-line.com\/de\/#organization"},"potentialAction":[{"@type":"SearchAction","target":{"@type":"EntryPoint","urlTemplate":"https:\/\/krav-maga-on-line.com\/de\/?s={search_term_string}"},"query-input":{"@type":"PropertyValueSpecification","valueRequired":true,"valueName":"search_term_string"}}],"inLanguage":"de"},{"@type":"Organization","@id":"https:\/\/krav-maga-on-line.com\/de\/#organization","name":"Krav Maga Online Training Course: Learn Self Defense Online, Obtain Online Krav Maga Instructor Certification, and Earn Your Krav Maga Black Belt Online","url":"https:\/\/krav-maga-on-line.com\/de\/","logo":{"@type":"ImageObject","inLanguage":"de","@id":"https:\/\/krav-maga-on-line.com\/de\/#\/schema\/logo\/image\/","url":"https:\/\/krav-maga-on-line.com\/wp-content\/uploads\/2024\/09\/cropped-Krav-Maga-Online-favicon.png","contentUrl":"https:\/\/krav-maga-on-line.com\/wp-content\/uploads\/2024\/09\/cropped-Krav-Maga-Online-favicon.png","width":512,"height":512,"caption":"Krav Maga Online Training Course: Learn Self Defense Online, Obtain Online Krav Maga Instructor Certification, and Earn Your Krav Maga Black Belt Online"},"image":{"@id":"https:\/\/krav-maga-on-line.com\/de\/#\/schema\/logo\/image\/"},"sameAs":["https:\/\/www.facebook.com\/expert.alain.cohen\/","https:\/\/x.com\/KRAVSECURITY","https:\/\/www.linkedin.com\/in\/kravmaga1","https:\/\/www.instagram.com\/cohen_alain\/","https:\/\/www.youtube.com\/c\/KRAVMAGA1?sub_confirmation=1","https:\/\/www.tiktok.com\/@kravmagacohen","https:\/\/www.snapchat.com\/add\/kravmagaonline"]}]}},"_links":{"self":[{"href":"https:\/\/krav-maga-on-line.com\/de\/wp-json\/wp\/v2\/pages\/75986","targetHints":{"allow":["GET"]}}],"collection":[{"href":"https:\/\/krav-maga-on-line.com\/de\/wp-json\/wp\/v2\/pages"}],"about":[{"href":"https:\/\/krav-maga-on-line.com\/de\/wp-json\/wp\/v2\/types\/page"}],"author":[{"embeddable":true,"href":"https:\/\/krav-maga-on-line.com\/de\/wp-json\/wp\/v2\/users\/1"}],"replies":[{"embeddable":true,"href":"https:\/\/krav-maga-on-line.com\/de\/wp-json\/wp\/v2\/comments?post=75986"}],"version-history":[{"count":0,"href":"https:\/\/krav-maga-on-line.com\/de\/wp-json\/wp\/v2\/pages\/75986\/revisions"}],"wp:attachment":[{"href":"https:\/\/krav-maga-on-line.com\/de\/wp-json\/wp\/v2\/media?parent=75986"}],"curies":[{"name":"wp","href":"https:\/\/api.w.org\/{rel}","templated":true}]}}