{"id":75968,"date":"2021-11-10T12:04:07","date_gmt":"2021-11-10T11:04:07","guid":{"rendered":"https:\/\/krav-maga-on-line.com\/es-ist-so-praktisch\/"},"modified":"2024-10-28T11:26:53","modified_gmt":"2024-10-28T10:26:53","slug":"es-ist-so-praktisch","status":"publish","type":"page","link":"https:\/\/krav-maga-on-line.com\/de\/es-ist-so-praktisch\/","title":{"rendered":"ES IST SO PRAKTISCH"},"content":{"rendered":"\t\t<div data-elementor-type=\"wp-page\" data-elementor-id=\"75968\" class=\"elementor elementor-75968 elementor-21898\" data-elementor-post-type=\"page\">\n\t\t\t\t\t\t<section class=\"elementor-section elementor-top-section elementor-element elementor-element-1be0fe9 elementor-section-content-middle elementor-section-stretched elementor-section-boxed elementor-section-height-default elementor-section-height-default\" data-id=\"1be0fe9\" data-element_type=\"section\" data-e-type=\"section\" data-settings=\"{&quot;stretch_section&quot;:&quot;section-stretched&quot;}\">\n\t\t\t\t\t\t<div class=\"elementor-container elementor-column-gap-default\">\n\t\t\t\t\t<div class=\"elementor-column elementor-col-100 elementor-top-column elementor-element elementor-element-66978ad\" data-id=\"66978ad\" data-element_type=\"column\" data-e-type=\"column\">\n\t\t\t<div class=\"elementor-widget-wrap elementor-element-populated\">\n\t\t\t\t\t\t<div class=\"elementor-element elementor-element-50a15a5 elementor-widget elementor-widget-video\" data-id=\"50a15a5\" data-element_type=\"widget\" data-e-type=\"widget\" data-settings=\"{&quot;video_type&quot;:&quot;vimeo&quot;}\" data-widget_type=\"video.default\">\n\t\t\t\t<div class=\"elementor-widget-container\">\n\t\t\t\t\t\t\t<div class=\"elementor-wrapper elementor-open-inline\">\n\t\t\t<iframe class=\"elementor-video-iframe\" allowfullscreen allow=\"clipboard-write\" title=\"vimeo Video Player\" src=\"https:\/\/player.vimeo.com\/video\/644292413?color&amp;autopause=0&amp;loop=0&amp;muted=0&amp;title=1&amp;portrait=1&amp;byline=1#t=\"><\/iframe>\t\t<\/div>\n\t\t\t\t\t\t<\/div>\n\t\t\t\t<\/div>\n\t\t\t\t<div class=\"elementor-element elementor-element-16e1833 elementor-widget__width-inherit elementor-widget elementor-widget-text-editor\" data-id=\"16e1833\" data-element_type=\"widget\" data-e-type=\"widget\" data-widget_type=\"text-editor.default\">\n\t\t\t\t<div class=\"elementor-widget-container\">\n\t\t\t\t\t\t\t\t\t<p>F\u00fcr diejenigen, die die erschreckende Realit\u00e4t von Stra\u00dfenaggressionen erlebt haben, verstehen wir die tiefgreifenden Auswirkungen, die dies auf jeden Aspekt Ihres Lebens haben kann. Die Angst, das Trauma und das Gef\u00fchl der Verwundbarkeit k\u00f6nnen anhalten und Ihr Selbstvertrauen, Ihre Beziehungen und Ihr allgemeines Wohlbefinden beeintr\u00e4chtigen. Aber hier ist die unglaubliche Nachricht: Sie haben die Kraft in sich, Ihr Leben zur\u00fcckzuerobern, sich Ihren \u00c4ngsten direkt zu stellen und st\u00e4rker als je zuvor daraus hervorzugehen.  <\/p>\n<p>Unser Krav Maga Online-Programm ist speziell darauf ausgelegt, Menschen wie Sie zu st\u00e4rken, die echte Aggressionen erlebt haben. Es geht nicht nur darum, Selbstverteidigungstechniken zu erlernen; es geht darum, die Kontrolle zur\u00fcckzugewinnen, Ihr Selbstwertgef\u00fchl wieder aufzubauen und die St\u00e4rke zu finden, Ihr Leben nach Ihren eigenen Vorstellungen zu leben. <\/p>\n<p>Mit unserem Programm werden Sie von erfahrenen Instruktoren angeleitet, die ihr Leben der Unterst\u00fctzung von \u00dcberlebenden wie Ihnen gewidmet haben, um deren Trauma zu \u00fcberwinden. Wir bieten Ihnen eine sichere und unterst\u00fctzende Umgebung, um die effektivsten Selbstverteidigungstechniken zu erlernen, die auf reale Szenarien zugeschnitten sind. Sie werden die F\u00e4higkeiten erlangen, sich zu verteidigen, Selbstvertrauen zu gewinnen und ein Gef\u00fchl der pers\u00f6nlichen Sicherheit zur\u00fcckzugewinnen.  <\/p>\n<p>Aber das ist noch nicht alles. Unser Programm geht \u00fcber das k\u00f6rperliche Training hinaus. Wir verstehen, dass Heilung und Genesung den Geist, den K\u00f6rper und die Seele betreffen. Durch unser umfassendes Curriculum werden Sie wertvolle Strategien zur mentalen Widerstandsf\u00e4higkeit, Selbstpflegetechniken und emotionale Unterst\u00fctzung erlernen, um Ihr Leben wieder aufzubauen und ein erneuertes Gef\u00fchl der Erm\u00e4chtigung zu finden.  <\/p>\n<p>Treten Sie unserer Gemeinschaft von \u00dcberlebenden bei, die durch Krav Maga Trost, St\u00e4rke und Transformation gefunden haben. Gemeinsam werden wir uns Ihren \u00c4ngsten stellen, die Ketten des Opferdaseins sprengen und als starke Individuen hervorgehen, die bereit sind, ihr Leben zur\u00fcckzuerobern. <\/p>\n<p>Denken Sie daran, dass Sie auf dieser Reise nicht allein sind. Unser Programm bietet ein unterst\u00fctzendes Netzwerk von Menschen, die Ihre K\u00e4mpfe verstehen und Sie auf jedem Schritt des Weges unterst\u00fctzen werden. Gemeinsam werden wir die Vergangenheit \u00fcberwinden und eine hellere Zukunft aufbauen.  <\/p>\n<p>Es ist an der Zeit, Ihre Kraft zur\u00fcckzugewinnen, Ihre \u00c4ngste zu \u00fcberwinden und sich selbst zu beweisen, dass Sie st\u00e4rker sind als alles, was das Leben Ihnen entgegenwirft. Unser Krav Maga Online-Programm ist hier, um Sie auf dieser Reise der Genesung, Erm\u00e4chtigung und pers\u00f6nlichen Entwicklung zu unterst\u00fctzen. Melden Sie sich noch heute an und lassen Sie uns Ihnen helfen, Ihre Geschichte neu zu schreiben. Sie verdienen es, ein Leben frei von Angst und voller St\u00e4rke zu leben.   <\/p>\n\t\t\t\t\t\t\t\t<\/div>\n\t\t\t\t<\/div>\n\t\t\t\t<div class=\"elementor-element elementor-element-758dfa7 elementor-align-center elementor-tablet-align-center elementor-widget elementor-widget-button\" data-id=\"758dfa7\" data-element_type=\"widget\" data-e-type=\"widget\" data-widget_type=\"button.default\">\n\t\t\t\t<div class=\"elementor-widget-container\">\n\t\t\t\t\t\t\t\t\t<div class=\"elementor-button-wrapper\">\n\t\t\t\t\t<a class=\"elementor-button elementor-button-link elementor-size-sm\" href=\"https:\/\/krav-maga-on-line.com\/de\/\">\n\t\t\t\t\t\t<span class=\"elementor-button-content-wrapper\">\n\t\t\t\t\t\t<span class=\"elementor-button-icon\">\n\t\t\t\t<svg aria-hidden=\"true\" class=\"e-font-icon-svg e-fas-arrow-right\" viewBox=\"0 0 448 512\" xmlns=\"http:\/\/www.w3.org\/2000\/svg\"><path d=\"M190.5 66.9l22.2-22.2c9.4-9.4 24.6-9.4 33.9 0L441 239c9.4 9.4 9.4 24.6 0 33.9L246.6 467.3c-9.4 9.4-24.6 9.4-33.9 0l-22.2-22.2c-9.5-9.5-9.3-25 .4-34.3L311.4 296H24c-13.3 0-24-10.7-24-24v-32c0-13.3 10.7-24 24-24h287.4L190.9 101.2c-9.8-9.3-10-24.8-.4-34.3z\"><\/path><\/svg>\t\t\t<\/span>\n\t\t\t\t\t\t\t\t\t<span class=\"elementor-button-text\">Anmeldung<\/span>\n\t\t\t\t\t<\/span>\n\t\t\t\t\t<\/a>\n\t\t\t\t<\/div>\n\t\t\t\t\t\t\t\t<\/div>\n\t\t\t\t<\/div>\n\t\t\t\t\t<\/div>\n\t\t<\/div>\n\t\t\t\t\t<\/div>\n\t\t<\/section>\n\t\t\t\t<\/div>\n\t\t","protected":false},"excerpt":{"rendered":"<p>https:\/\/vimeo.com\/644292413 F\u00fcr diejenigen, die die erschreckende Realit\u00e4t von Stra\u00dfenaggressionen erlebt haben, verstehen wir die tiefgreifenden Auswirkungen, die dies auf jeden Aspekt Ihres Lebens haben kann. Die Angst, das Trauma und das Gef\u00fchl der Verwundbarkeit k\u00f6nnen anhalten und Ihr Selbstvertrauen, Ihre Beziehungen und Ihr allgemeines Wohlbefinden beeintr\u00e4chtigen. Aber hier ist die unglaubliche Nachricht: Sie haben die [&hellip;]<\/p>\n","protected":false},"author":1,"featured_media":0,"parent":0,"menu_order":0,"comment_status":"closed","ping_status":"closed","template":"","meta":{"footnotes":""},"class_list":["post-75968","page","type-page","status-publish","hentry"],"yoast_head":"<!-- This site is optimized with the Yoast SEO plugin v27.4 - https:\/\/yoast.com\/product\/yoast-seo-wordpress\/ -->\n<title>ES IST SO PRAKTISCH - Krav Maga Online<\/title>\n<meta name=\"robots\" content=\"index, follow, max-snippet:-1, max-image-preview:large, max-video-preview:-1\" \/>\n<link rel=\"canonical\" href=\"https:\/\/krav-maga-on-line.com\/de\/es-ist-so-praktisch\/\" \/>\n<meta property=\"og:locale\" content=\"de_DE\" \/>\n<meta property=\"og:type\" content=\"article\" \/>\n<meta property=\"og:title\" content=\"ES IST SO PRAKTISCH - Krav Maga Online\" \/>\n<meta property=\"og:description\" content=\"https:\/\/vimeo.com\/644292413 F\u00fcr diejenigen, die die erschreckende Realit\u00e4t von Stra\u00dfenaggressionen erlebt haben, verstehen wir die tiefgreifenden Auswirkungen, die dies auf jeden Aspekt Ihres Lebens haben kann. Die Angst, das Trauma und das Gef\u00fchl der Verwundbarkeit k\u00f6nnen anhalten und Ihr Selbstvertrauen, Ihre Beziehungen und Ihr allgemeines Wohlbefinden beeintr\u00e4chtigen. Aber hier ist die unglaubliche Nachricht: Sie haben die [&hellip;]\" \/>\n<meta property=\"og:url\" content=\"https:\/\/krav-maga-on-line.com\/de\/es-ist-so-praktisch\/\" \/>\n<meta property=\"og:site_name\" content=\"Krav Maga Online\" \/>\n<meta property=\"article:publisher\" content=\"https:\/\/www.facebook.com\/expert.alain.cohen\/\" \/>\n<meta property=\"article:modified_time\" content=\"2024-10-28T10:26:53+00:00\" \/>\n<meta property=\"og:image\" content=\"https:\/\/krav-maga-on-line.com\/wp-content\/uploads\/2024\/10\/IMG_4475-scaled-1.jpeg\" \/>\n\t<meta property=\"og:image:width\" content=\"2560\" \/>\n\t<meta property=\"og:image:height\" content=\"876\" \/>\n\t<meta property=\"og:image:type\" content=\"image\/jpeg\" \/>\n<meta name=\"twitter:card\" content=\"summary_large_image\" \/>\n<meta name=\"twitter:site\" content=\"@KRAVSECURITY\" \/>\n<meta name=\"twitter:label1\" content=\"Gesch\u00e4tzte Lesezeit\" \/>\n\t<meta name=\"twitter:data1\" content=\"2\u00a0Minuten\" \/>\n<script type=\"application\/ld+json\" class=\"yoast-schema-graph\">{\"@context\":\"https:\\\/\\\/schema.org\",\"@graph\":[{\"@type\":\"WebPage\",\"@id\":\"https:\\\/\\\/krav-maga-on-line.com\\\/de\\\/es-ist-so-praktisch\\\/\",\"url\":\"https:\\\/\\\/krav-maga-on-line.com\\\/de\\\/es-ist-so-praktisch\\\/\",\"name\":\"ES IST SO PRAKTISCH - Krav Maga Online\",\"isPartOf\":{\"@id\":\"https:\\\/\\\/krav-maga-on-line.com\\\/de\\\/#website\"},\"datePublished\":\"2021-11-10T11:04:07+00:00\",\"dateModified\":\"2024-10-28T10:26:53+00:00\",\"breadcrumb\":{\"@id\":\"https:\\\/\\\/krav-maga-on-line.com\\\/de\\\/es-ist-so-praktisch\\\/#breadcrumb\"},\"inLanguage\":\"de\",\"potentialAction\":[{\"@type\":\"ReadAction\",\"target\":[\"https:\\\/\\\/krav-maga-on-line.com\\\/de\\\/es-ist-so-praktisch\\\/\"]}]},{\"@type\":\"BreadcrumbList\",\"@id\":\"https:\\\/\\\/krav-maga-on-line.com\\\/de\\\/es-ist-so-praktisch\\\/#breadcrumb\",\"itemListElement\":[{\"@type\":\"ListItem\",\"position\":1,\"name\":\"Startseite\",\"item\":\"https:\\\/\\\/krav-maga-on-line.com\\\/de\\\/\"},{\"@type\":\"ListItem\",\"position\":2,\"name\":\"ES IST SO PRAKTISCH\"}]},{\"@type\":\"WebSite\",\"@id\":\"https:\\\/\\\/krav-maga-on-line.com\\\/de\\\/#website\",\"url\":\"https:\\\/\\\/krav-maga-on-line.com\\\/de\\\/\",\"name\":\"Krav Maga Online Training Course: Learn Self Defense Online, Obtain Online Krav Maga Instructor Certification, and Earn Your Krav Maga Black Belt Online\",\"description\":\"Training Self Defense Video Courses\",\"publisher\":{\"@id\":\"https:\\\/\\\/krav-maga-on-line.com\\\/de\\\/#organization\"},\"potentialAction\":[{\"@type\":\"SearchAction\",\"target\":{\"@type\":\"EntryPoint\",\"urlTemplate\":\"https:\\\/\\\/krav-maga-on-line.com\\\/de\\\/?s={search_term_string}\"},\"query-input\":{\"@type\":\"PropertyValueSpecification\",\"valueRequired\":true,\"valueName\":\"search_term_string\"}}],\"inLanguage\":\"de\"},{\"@type\":\"Organization\",\"@id\":\"https:\\\/\\\/krav-maga-on-line.com\\\/de\\\/#organization\",\"name\":\"Krav Maga Online Training Course: Learn Self Defense Online, Obtain Online Krav Maga Instructor Certification, and Earn Your Krav Maga Black Belt Online\",\"url\":\"https:\\\/\\\/krav-maga-on-line.com\\\/de\\\/\",\"logo\":{\"@type\":\"ImageObject\",\"inLanguage\":\"de\",\"@id\":\"https:\\\/\\\/krav-maga-on-line.com\\\/de\\\/#\\\/schema\\\/logo\\\/image\\\/\",\"url\":\"https:\\\/\\\/krav-maga-on-line.com\\\/wp-content\\\/uploads\\\/2024\\\/09\\\/cropped-Krav-Maga-Online-favicon.png\",\"contentUrl\":\"https:\\\/\\\/krav-maga-on-line.com\\\/wp-content\\\/uploads\\\/2024\\\/09\\\/cropped-Krav-Maga-Online-favicon.png\",\"width\":512,\"height\":512,\"caption\":\"Krav Maga Online Training Course: Learn Self Defense Online, Obtain Online Krav Maga Instructor Certification, and Earn Your Krav Maga Black Belt Online\"},\"image\":{\"@id\":\"https:\\\/\\\/krav-maga-on-line.com\\\/de\\\/#\\\/schema\\\/logo\\\/image\\\/\"},\"sameAs\":[\"https:\\\/\\\/www.facebook.com\\\/expert.alain.cohen\\\/\",\"https:\\\/\\\/x.com\\\/KRAVSECURITY\",\"https:\\\/\\\/www.linkedin.com\\\/in\\\/kravmaga1\",\"https:\\\/\\\/www.instagram.com\\\/cohen_alain\\\/\",\"https:\\\/\\\/www.youtube.com\\\/c\\\/KRAVMAGA1?sub_confirmation=1\",\"https:\\\/\\\/www.tiktok.com\\\/@kravmagacohen\",\"https:\\\/\\\/www.snapchat.com\\\/add\\\/kravmagaonline\"]}]}<\/script>\n<!-- \/ Yoast SEO plugin. -->","yoast_head_json":{"title":"ES IST SO PRAKTISCH - Krav Maga Online","robots":{"index":"index","follow":"follow","max-snippet":"max-snippet:-1","max-image-preview":"max-image-preview:large","max-video-preview":"max-video-preview:-1"},"canonical":"https:\/\/krav-maga-on-line.com\/de\/es-ist-so-praktisch\/","og_locale":"de_DE","og_type":"article","og_title":"ES IST SO PRAKTISCH - Krav Maga Online","og_description":"https:\/\/vimeo.com\/644292413 F\u00fcr diejenigen, die die erschreckende Realit\u00e4t von Stra\u00dfenaggressionen erlebt haben, verstehen wir die tiefgreifenden Auswirkungen, die dies auf jeden Aspekt Ihres Lebens haben kann. Die Angst, das Trauma und das Gef\u00fchl der Verwundbarkeit k\u00f6nnen anhalten und Ihr Selbstvertrauen, Ihre Beziehungen und Ihr allgemeines Wohlbefinden beeintr\u00e4chtigen. Aber hier ist die unglaubliche Nachricht: Sie haben die [&hellip;]","og_url":"https:\/\/krav-maga-on-line.com\/de\/es-ist-so-praktisch\/","og_site_name":"Krav Maga Online","article_publisher":"https:\/\/www.facebook.com\/expert.alain.cohen\/","article_modified_time":"2024-10-28T10:26:53+00:00","og_image":[{"width":2560,"height":876,"url":"https:\/\/krav-maga-on-line.com\/wp-content\/uploads\/2024\/10\/IMG_4475-scaled-1.jpeg","type":"image\/jpeg"}],"twitter_card":"summary_large_image","twitter_site":"@KRAVSECURITY","twitter_misc":{"Gesch\u00e4tzte Lesezeit":"2\u00a0Minuten"},"schema":{"@context":"https:\/\/schema.org","@graph":[{"@type":"WebPage","@id":"https:\/\/krav-maga-on-line.com\/de\/es-ist-so-praktisch\/","url":"https:\/\/krav-maga-on-line.com\/de\/es-ist-so-praktisch\/","name":"ES IST SO PRAKTISCH - Krav Maga Online","isPartOf":{"@id":"https:\/\/krav-maga-on-line.com\/de\/#website"},"datePublished":"2021-11-10T11:04:07+00:00","dateModified":"2024-10-28T10:26:53+00:00","breadcrumb":{"@id":"https:\/\/krav-maga-on-line.com\/de\/es-ist-so-praktisch\/#breadcrumb"},"inLanguage":"de","potentialAction":[{"@type":"ReadAction","target":["https:\/\/krav-maga-on-line.com\/de\/es-ist-so-praktisch\/"]}]},{"@type":"BreadcrumbList","@id":"https:\/\/krav-maga-on-line.com\/de\/es-ist-so-praktisch\/#breadcrumb","itemListElement":[{"@type":"ListItem","position":1,"name":"Startseite","item":"https:\/\/krav-maga-on-line.com\/de\/"},{"@type":"ListItem","position":2,"name":"ES IST SO PRAKTISCH"}]},{"@type":"WebSite","@id":"https:\/\/krav-maga-on-line.com\/de\/#website","url":"https:\/\/krav-maga-on-line.com\/de\/","name":"Krav Maga Online Training Course: Learn Self Defense Online, Obtain Online Krav Maga Instructor Certification, and Earn Your Krav Maga Black Belt Online","description":"Training Self Defense Video Courses","publisher":{"@id":"https:\/\/krav-maga-on-line.com\/de\/#organization"},"potentialAction":[{"@type":"SearchAction","target":{"@type":"EntryPoint","urlTemplate":"https:\/\/krav-maga-on-line.com\/de\/?s={search_term_string}"},"query-input":{"@type":"PropertyValueSpecification","valueRequired":true,"valueName":"search_term_string"}}],"inLanguage":"de"},{"@type":"Organization","@id":"https:\/\/krav-maga-on-line.com\/de\/#organization","name":"Krav Maga Online Training Course: Learn Self Defense Online, Obtain Online Krav Maga Instructor Certification, and Earn Your Krav Maga Black Belt Online","url":"https:\/\/krav-maga-on-line.com\/de\/","logo":{"@type":"ImageObject","inLanguage":"de","@id":"https:\/\/krav-maga-on-line.com\/de\/#\/schema\/logo\/image\/","url":"https:\/\/krav-maga-on-line.com\/wp-content\/uploads\/2024\/09\/cropped-Krav-Maga-Online-favicon.png","contentUrl":"https:\/\/krav-maga-on-line.com\/wp-content\/uploads\/2024\/09\/cropped-Krav-Maga-Online-favicon.png","width":512,"height":512,"caption":"Krav Maga Online Training Course: Learn Self Defense Online, Obtain Online Krav Maga Instructor Certification, and Earn Your Krav Maga Black Belt Online"},"image":{"@id":"https:\/\/krav-maga-on-line.com\/de\/#\/schema\/logo\/image\/"},"sameAs":["https:\/\/www.facebook.com\/expert.alain.cohen\/","https:\/\/x.com\/KRAVSECURITY","https:\/\/www.linkedin.com\/in\/kravmaga1","https:\/\/www.instagram.com\/cohen_alain\/","https:\/\/www.youtube.com\/c\/KRAVMAGA1?sub_confirmation=1","https:\/\/www.tiktok.com\/@kravmagacohen","https:\/\/www.snapchat.com\/add\/kravmagaonline"]}]}},"_links":{"self":[{"href":"https:\/\/krav-maga-on-line.com\/de\/wp-json\/wp\/v2\/pages\/75968","targetHints":{"allow":["GET"]}}],"collection":[{"href":"https:\/\/krav-maga-on-line.com\/de\/wp-json\/wp\/v2\/pages"}],"about":[{"href":"https:\/\/krav-maga-on-line.com\/de\/wp-json\/wp\/v2\/types\/page"}],"author":[{"embeddable":true,"href":"https:\/\/krav-maga-on-line.com\/de\/wp-json\/wp\/v2\/users\/1"}],"replies":[{"embeddable":true,"href":"https:\/\/krav-maga-on-line.com\/de\/wp-json\/wp\/v2\/comments?post=75968"}],"version-history":[{"count":0,"href":"https:\/\/krav-maga-on-line.com\/de\/wp-json\/wp\/v2\/pages\/75968\/revisions"}],"wp:attachment":[{"href":"https:\/\/krav-maga-on-line.com\/de\/wp-json\/wp\/v2\/media?parent=75968"}],"curies":[{"name":"wp","href":"https:\/\/api.w.org\/{rel}","templated":true}]}}